{"id":254,"date":"2019-05-08T00:00:00","date_gmt":"2019-05-08T00:00:00","guid":{"rendered":"http:\/\/test.semmelweis.hu\/kerpel\/150-40109\/"},"modified":"2019-05-08T00:00:00","modified_gmt":"2019-05-08T00:00:00","slug":"150-40109","status":"publish","type":"page","link":"https:\/\/semmelweis.hu\/kerpel\/elismeresek\/150-40109\/","title":{"rendered":"T\u00e1rnoki \u00c1d\u00e1m \u00e9s D\u00e1vid sikerei az SE PhD Tudom\u00e1nyos Napok konferenci\u00e1n."},"content":{"rendered":"<p><strong>T\u00e1rnoki \u00c1d\u00e1m \u00e9s D\u00e1vid szakorvos-jel\u00f6ltek, PhD hallgat\u00f3k 2011-ben elnyert\u00e9k a legjobb el\u0151ad\u00e1s d\u00edjat a Semmelweis Egyetem PhD Tudom\u00e1nyos Napok konferenci\u00e1n.<\/strong><\/p>\n<p>Tov\u00e1bbi sikereik voltak a European Society of Hypertension (ESH) mil\u00e1n\u00f3i konferenci\u00e1j\u00e1n, ahol elnyert\u00e9k az \u201cAlberto Ferrari\u201d poszter d\u00edjat. Ezek mellett \u00f6szt\u00f6nd\u00edjjal MRI gyakorlaton vettek r\u00e9szt Freiburgban. \u00c1d\u00e1m elnyerte a European Society of Radiology European School of Radiology (ESOR) oncologic imaging \u00f6szt\u00f6nd\u00edj\u00e1t, mellyel 3 h\u00f3napot t\u00f6lt\u00f6tt Barcelonaban. D\u00e1vid pedig az Artery Society \u201eBrigitte Laloux\u201d Bursary d\u00edjat kapta meg. Tov\u00e1bb\u00e1 5 cikk\u00fck jelent meg 2011-ben els\u0151sorban ikerkutat\u00e1s t\u00e9m\u00e1ban.<\/p>\n<p>2011. j\u00fanius<br \/>\nTarnoki AD, Tarnoki DL, Stazi MA, Medda E, Cotichini R, Fagnani C, Nistic\u00f2 L, Lucatelli P, Boatta E, Zini C, Fanelli F, Baracchini C, Meneghetti G, Osztovits J, Jermendy G, Pr\u00e9da I, Kiss RG, Littvay L, Metneki J, Horvath T, Karlinger K, Lannert A, Yang EY, Nambi V, Molnar AA, Berczi V, Garami Z. Twins lead to the prevention of atherosclerosis. Preliminary findings of International twin study 2009. Journal for Vascular Ultrasound 2011;35(2):61-71.<\/p>\n<p>2011. \u00e1prilis<br \/>\nMetneki J, Tarnoki AD, Tarnoki DL, Littvay L, Czeizel A. Psychosexual study of communist era Hungarian twins. Twin Res Hum Genet. 2011 Apr;14(2):144-149.<\/p>\n<p>2011. j\u00fanius<br \/>\nTarnoki AD, Tarnoki DL, Karlinger K, Molnar AA, Garami Z, Berczi V. Az art\u00e9ri\u00e1s stiffness-m\u00e9r\u00e9s jelent\u0151s\u00e9ge a megel\u0151z\u00e9sben: ikervizsg\u00e1latok eredm\u00e9nyei. (Importance of arterial stiffness measurement in the prevention: results of twin studies.) Hippocrates. 2011;2:48-50.<\/p>\n<p>2011. okt\u00f3ber<br \/>\nOsztovits J, Horvath T, Littvay L, Steinbach R, Jermendy A, Tarnoki AD, Tarnoki DL, Metneki J, Kollai M, Jermendy G. Effects of genetic versus environmental factors on cardiovascular autonomic function: a twin study. Diabetic Medicine. Diabet Med. 2011;28(10):1241-8.<\/p>\n<p>2011. augusztus<br \/>\nJermendy G, Littvay L, Steinbach R, Jermendy A, T\u00e1rnoki A, T\u00e1rnoki D, M\u00e9tneki J, Osztovits J.Heritability of the risk factors for the metabolic syndrome: a twin study. Orv Hetil. 2011 Aug 7;152(32):1265-71.<\/p>\n<p>2011. november<br \/>\nJermendy G, Horv\u00e1th T, Littvay L, Steinbach R, Jermendy AL, T\u00e1rnoki AD, T\u00e1rnoki DL, M\u00e9tneki J, Osztovits J.<br \/>\nEffect of genetic and environmental influences on cardiometabolic risk factors: a twin study. Cardiovasc Diabetol. 2011;10:96 (IF: 2,72)<\/p>\n<p>2012. janu\u00e1r \u2013 k\u00f6zl\u00e9s alatt l\u00e9v\u0151, elfogadott cikkek:<br \/>\nBata P, Tarnoki DL, Tarnoki AD, Domjan Z, Buzogany I, Berczi V. Essential role of using virtual pyeloscopy in the diagnosis of small satellite renal pelvic tumor in solitary kidney patient. Accepted in Canadian Urological Association Journal. (IF: 1.172)<\/p>\n<p>Bata P, Tarnoki AD, Tarnoki DL, Horvath E, Berczi V, Szalay F. Acute severe thrombocytopenia following non-ionic low osmolarity intravenous radiographic contrast medium. Case report and review of the literature. Accepted in Korean Journal of Radiology. (IF: 1.766)<\/p>\n","protected":false},"excerpt":{"rendered":"<p>T\u00e1rnoki \u00c1d\u00e1m \u00e9s D\u00e1vid szakorvos-jel\u00f6ltek, PhD hallgat\u00f3k 2011-ben elnyert\u00e9k a legjobb el\u0151ad\u00e1s d\u00edjat a Semmelweis Egyetem PhD Tudom\u00e1nyos Napok konferenci\u00e1n. Tov\u00e1bbi sikereik voltak a European Society of Hypertension (ESH) mil\u00e1n\u00f3i konferenci\u00e1j\u00e1n, ahol elnyert\u00e9k az \u201cAlberto Ferrari\u201d poszter d\u00edjat. Ezek mellett \u00f6szt\u00f6nd\u00edjjal MRI gyakorlaton vettek r\u00e9szt Freiburgban. \u00c1d\u00e1m elnyerte a European Society of Radiology European School &hellip;<\/p>\n","protected":false},"author":158,"featured_media":0,"parent":1074,"menu_order":21,"comment_status":"closed","ping_status":"closed","template":"","meta":{"_acf_changed":false,"footnotes":""},"categories":[],"tags":[],"class_list":["post-254","page","type-page","status-publish","hentry"],"acf":[],"_links":{"self":[{"href":"https:\/\/semmelweis.hu\/kerpel\/wp-json\/wp\/v2\/pages\/254","targetHints":{"allow":["GET"]}}],"collection":[{"href":"https:\/\/semmelweis.hu\/kerpel\/wp-json\/wp\/v2\/pages"}],"about":[{"href":"https:\/\/semmelweis.hu\/kerpel\/wp-json\/wp\/v2\/types\/page"}],"author":[{"embeddable":true,"href":"https:\/\/semmelweis.hu\/kerpel\/wp-json\/wp\/v2\/users\/158"}],"replies":[{"embeddable":true,"href":"https:\/\/semmelweis.hu\/kerpel\/wp-json\/wp\/v2\/comments?post=254"}],"version-history":[{"count":0,"href":"https:\/\/semmelweis.hu\/kerpel\/wp-json\/wp\/v2\/pages\/254\/revisions"}],"up":[{"embeddable":true,"href":"https:\/\/semmelweis.hu\/kerpel\/wp-json\/wp\/v2\/pages\/1074"}],"wp:attachment":[{"href":"https:\/\/semmelweis.hu\/kerpel\/wp-json\/wp\/v2\/media?parent=254"}],"wp:term":[{"taxonomy":"category","embeddable":true,"href":"https:\/\/semmelweis.hu\/kerpel\/wp-json\/wp\/v2\/categories?post=254"},{"taxonomy":"post_tag","embeddable":true,"href":"https:\/\/semmelweis.hu\/kerpel\/wp-json\/wp\/v2\/tags?post=254"}],"curies":[{"name":"wp","href":"https:\/\/api.w.org\/{rel}","templated":true}]}}