{"id":253,"date":"2019-05-08T00:00:00","date_gmt":"2019-05-08T00:00:00","guid":{"rendered":"http:\/\/test.semmelweis.hu\/kerpel\/150-40106\/"},"modified":"2019-05-08T00:00:00","modified_gmt":"2019-05-08T00:00:00","slug":"150-40106","status":"publish","type":"page","link":"https:\/\/semmelweis.hu\/kerpel\/elismeresek\/150-40106\/","title":{"rendered":"Sikerek a XXX. Jubileumi OTDK Testnevel\u00e9s- \u00e9s Sporttudom\u00e1nyi Szekci\u00f3j\u00e1ban."},"content":{"rendered":"<p><strong>Marton Orsolya PhD hallgat\u00f3 a 2011. \u00e1prilis 14-16. k\u00f6z\u00f6tt megrendez\u00e9sre ker\u00fcl\u0151 XXX. Jubileumi Orsz\u00e1gos Tudom\u00e1nyos Di\u00e1kk\u00f6ri Konferencia Testnevel\u00e9s- \u00e9s Sporttudom\u00e1nyi Szekci\u00f3j\u00e1ban III. helyez\u00e9st \u00e9rt el. Dolgozat\u00e1nak c\u00edme: A Sirtuin vez\u00e9relt v\u00e1ltoz\u00e1sok \u00f6reged\u00e9sre \u00e9s edz\u00e9sre kisagyban, melyet a Hum\u00e1nkineziol\u00f3giai \u00e9s sportbiol\u00f3giai vizsg\u00e1latok t\u00e9mak\u00f6rben k\u00e9sz\u00edtett.<\/strong><\/p>\n<p>Dolgozat\u00e1nak c\u00edme: A Sirtuin vez\u00e9relt v\u00e1ltoz\u00e1sok \u00f6reged\u00e9sre \u00e9s edz\u00e9sre kisagyban, melyet a Hum\u00e1nkineziol\u00f3giai \u00e9s sportbiol\u00f3giai vizsg\u00e1latok t\u00e9mak\u00f6rben k\u00e9sz\u00edtett.<\/p>\n","protected":false},"excerpt":{"rendered":"<p>Marton Orsolya PhD hallgat\u00f3 a 2011. \u00e1prilis 14-16. k\u00f6z\u00f6tt megrendez\u00e9sre ker\u00fcl\u0151 XXX. Jubileumi Orsz\u00e1gos Tudom\u00e1nyos Di\u00e1kk\u00f6ri Konferencia Testnevel\u00e9s- \u00e9s Sporttudom\u00e1nyi Szekci\u00f3j\u00e1ban III. helyez\u00e9st \u00e9rt el. Dolgozat\u00e1nak c\u00edme: A Sirtuin vez\u00e9relt v\u00e1ltoz\u00e1sok \u00f6reged\u00e9sre \u00e9s edz\u00e9sre kisagyban, melyet a Hum\u00e1nkineziol\u00f3giai \u00e9s sportbiol\u00f3giai vizsg\u00e1latok t\u00e9mak\u00f6rben k\u00e9sz\u00edtett. Dolgozat\u00e1nak c\u00edme: A Sirtuin vez\u00e9relt v\u00e1ltoz\u00e1sok \u00f6reged\u00e9sre \u00e9s edz\u00e9sre kisagyban, melyet a &hellip;<\/p>\n","protected":false},"author":158,"featured_media":0,"parent":1074,"menu_order":20,"comment_status":"closed","ping_status":"closed","template":"","meta":{"_acf_changed":false,"footnotes":""},"categories":[],"tags":[],"class_list":["post-253","page","type-page","status-publish","hentry"],"acf":[],"_links":{"self":[{"href":"https:\/\/semmelweis.hu\/kerpel\/wp-json\/wp\/v2\/pages\/253","targetHints":{"allow":["GET"]}}],"collection":[{"href":"https:\/\/semmelweis.hu\/kerpel\/wp-json\/wp\/v2\/pages"}],"about":[{"href":"https:\/\/semmelweis.hu\/kerpel\/wp-json\/wp\/v2\/types\/page"}],"author":[{"embeddable":true,"href":"https:\/\/semmelweis.hu\/kerpel\/wp-json\/wp\/v2\/users\/158"}],"replies":[{"embeddable":true,"href":"https:\/\/semmelweis.hu\/kerpel\/wp-json\/wp\/v2\/comments?post=253"}],"version-history":[{"count":0,"href":"https:\/\/semmelweis.hu\/kerpel\/wp-json\/wp\/v2\/pages\/253\/revisions"}],"up":[{"embeddable":true,"href":"https:\/\/semmelweis.hu\/kerpel\/wp-json\/wp\/v2\/pages\/1074"}],"wp:attachment":[{"href":"https:\/\/semmelweis.hu\/kerpel\/wp-json\/wp\/v2\/media?parent=253"}],"wp:term":[{"taxonomy":"category","embeddable":true,"href":"https:\/\/semmelweis.hu\/kerpel\/wp-json\/wp\/v2\/categories?post=253"},{"taxonomy":"post_tag","embeddable":true,"href":"https:\/\/semmelweis.hu\/kerpel\/wp-json\/wp\/v2\/tags?post=253"}],"curies":[{"name":"wp","href":"https:\/\/api.w.org\/{rel}","templated":true}]}}