{"id":252,"date":"2019-05-08T00:00:00","date_gmt":"2019-05-08T00:00:00","guid":{"rendered":"http:\/\/test.semmelweis.hu\/kerpel\/150-40204\/"},"modified":"2019-05-08T00:00:00","modified_gmt":"2019-05-08T00:00:00","slug":"150-40204","status":"publish","type":"page","link":"https:\/\/semmelweis.hu\/kerpel\/elismeresek\/150-40204\/","title":{"rendered":"Fr\u00f6hlich Georgina II. helyezett a Magyar Sug\u00e1rter\u00e1pi\u00e1s T\u00e1rsas\u00e1g X. kongresszus\u00e1n."},"content":{"rendered":"<p><strong>Fr\u00f6hlich Georgina a Magyar Sug\u00e1rter\u00e1pi\u00e1s T\u00e1rsas\u00e1g X. kongresszus\u00e1n a Fiatal El\u0151ad\u00f3i D\u00edj II. helyezettje lett a k\u00f6vetkez\u0151 el\u0151ad\u00e1ssal: Fr\u00f6hlich G, Major T, Polg\u00e1r Cs. \u201eDozimetriai param\u00e9terek \u00e9s k\u00e9s\u0151i mell\u00e9khat\u00e1sok k\u00f6z\u00f6tti \u00f6sszef\u00fcgg\u00e9sek vizsg\u00e1lata CT-vez\u00e9relt parci\u00e1lis eml\u0151 brachyter\u00e1pi\u00e1n\u00e1l\u201d.<\/strong><\/p>\n<p>Tov\u00e1bb\u00e1 az al\u00e1bbi publik\u00e1ci\u00f3i jelentek meg:<br \/>\n1. Major T, Polg\u00e1r Cs, Fr\u00f6hlich G. Assessment of dose homogeneity in conformal interstitial breast brachytherapy with special respect to ICRU recommendations. J Contemp Brachyther, 2011;3(3):150-155.<br \/>\n2. \u00c1goston P, Major T, Varjas G, Fr\u00f6hlich G, Baricza K, Szab\u00f3 Z, L\u00f6vey J, K\u00e1sler M, Fodor J, Polg\u00e1r Cs. Permanens implant\u00e1ci\u00f3s prosztata brachyter\u00e1pia korai, szervre lokaliz\u00e1lt prosztatar\u00e1k kezel\u00e9s\u00e9re. A m\u00f3dszer magyarorsz\u00e1gi bevezet\u00e9se \u00e9s els\u0151 tapasztalataink. Magy Onkol, 2011;55(3):170-177.<br \/>\n3. \u00c1goston P, Major T, Fr\u00f6hlich G, L\u00f6vey J, Polg\u00e1r Cs, K\u00e1sler M. Moderate dose escalation with single-fraction high-dose-rate brachytherapy boost for clinically localized intermediate- and high-risk prostate cancer: Five-year outcome of the first 100 consecutively treated patients. Brachytherapy, 2011;10(5):376-384. (IF: 1,964)<br \/>\n4. Major T, Polg\u00e1r Cs, Fr\u00f6hlich G. Dosimetric characteristics of accelerated partial breast irradiation with CT image-based multi-catheter interstitial brachytherapy: A single institution&#8217;s experience. Brachytherapy, 2011;10(5):421-426. (IF: 1,964)<\/p>\n<p>&nbsp;<\/p>\n<p><img decoding=\"async\" src=\"https:\/\/semmelweis.hu\/kerpel\/files\/2019\/05\/dunai_zsuanna.jpg\" alt=\"Dunai Zsuanna\" \/><\/p>\n<p>&nbsp;<\/p>\n<p>A k\u00e9p az ABS World Congress of Brachytherapy-n (brachyter\u00e1pi\u00e1s vil\u00e1gkonferenci\u00e1n) k\u00e9sz\u00fclt 2008. m\u00e1jus\u00e1ban Bostonban, ahol a fiatal r\u00e9sztvev\u0151k \u00e1ltal bek\u00fcld\u00f6tt absztaktok k\u00f6z\u00fcl a 10 legjobb munk\u00e1t a k\u00e9pen l\u00e1that\u00f3 eml\u00e9kplakettel \u00e9s 1.670 doll\u00e1rral d\u00edjazt\u00e1k. E megtisztel\u0151 kit\u00fcntet\u00e9st a b\u00e9csi orvosegyetemen (Medical University of Vienna) t\u00f6lt\u00f6tt 1 h\u00f3napos szakmai gyakorlata alatt v\u00e9gzett munk\u00e1ja elismer\u00e9sek\u00e9nt kapta. A k\u00e9pen balr\u00f3l jobbra: Fr\u00f6hlich Georgina; Christian Kirisits, a b\u00e9csi egyetem brachyter\u00e1pi\u00e1s tansz\u00e9k\u00e9nek r\u00e9szlegvezet\u0151 fizikusa \u00e9s Daniel Berger, a b\u00e9csi egyetem fizikus PhD-hallgat\u00f3ja, szint\u00e9n d\u00edjazott; mindketten nagyon sokat seg\u00edtettek a munk\u00e1j\u00e1ban.<\/p>\n","protected":false},"excerpt":{"rendered":"<p>Fr\u00f6hlich Georgina a Magyar Sug\u00e1rter\u00e1pi\u00e1s T\u00e1rsas\u00e1g X. kongresszus\u00e1n a Fiatal El\u0151ad\u00f3i D\u00edj II. helyezettje lett a k\u00f6vetkez\u0151 el\u0151ad\u00e1ssal: Fr\u00f6hlich G, Major T, Polg\u00e1r Cs. \u201eDozimetriai param\u00e9terek \u00e9s k\u00e9s\u0151i mell\u00e9khat\u00e1sok k\u00f6z\u00f6tti \u00f6sszef\u00fcgg\u00e9sek vizsg\u00e1lata CT-vez\u00e9relt parci\u00e1lis eml\u0151 brachyter\u00e1pi\u00e1n\u00e1l\u201d. Tov\u00e1bb\u00e1 az al\u00e1bbi publik\u00e1ci\u00f3i jelentek meg: 1. Major T, Polg\u00e1r Cs, Fr\u00f6hlich G. Assessment of dose homogeneity in conformal &hellip;<\/p>\n","protected":false},"author":158,"featured_media":0,"parent":1074,"menu_order":19,"comment_status":"closed","ping_status":"closed","template":"","meta":{"_acf_changed":false,"footnotes":""},"categories":[],"tags":[],"class_list":["post-252","page","type-page","status-publish","hentry"],"acf":[],"_links":{"self":[{"href":"https:\/\/semmelweis.hu\/kerpel\/wp-json\/wp\/v2\/pages\/252","targetHints":{"allow":["GET"]}}],"collection":[{"href":"https:\/\/semmelweis.hu\/kerpel\/wp-json\/wp\/v2\/pages"}],"about":[{"href":"https:\/\/semmelweis.hu\/kerpel\/wp-json\/wp\/v2\/types\/page"}],"author":[{"embeddable":true,"href":"https:\/\/semmelweis.hu\/kerpel\/wp-json\/wp\/v2\/users\/158"}],"replies":[{"embeddable":true,"href":"https:\/\/semmelweis.hu\/kerpel\/wp-json\/wp\/v2\/comments?post=252"}],"version-history":[{"count":0,"href":"https:\/\/semmelweis.hu\/kerpel\/wp-json\/wp\/v2\/pages\/252\/revisions"}],"up":[{"embeddable":true,"href":"https:\/\/semmelweis.hu\/kerpel\/wp-json\/wp\/v2\/pages\/1074"}],"wp:attachment":[{"href":"https:\/\/semmelweis.hu\/kerpel\/wp-json\/wp\/v2\/media?parent=252"}],"wp:term":[{"taxonomy":"category","embeddable":true,"href":"https:\/\/semmelweis.hu\/kerpel\/wp-json\/wp\/v2\/categories?post=252"},{"taxonomy":"post_tag","embeddable":true,"href":"https:\/\/semmelweis.hu\/kerpel\/wp-json\/wp\/v2\/tags?post=252"}],"curies":[{"name":"wp","href":"https:\/\/api.w.org\/{rel}","templated":true}]}}