{"id":251,"date":"2019-05-08T00:00:00","date_gmt":"2019-05-08T00:00:00","guid":{"rendered":"http:\/\/test.semmelweis.hu\/kerpel\/150-40110\/"},"modified":"2019-05-08T00:00:00","modified_gmt":"2019-05-08T00:00:00","slug":"150-40110","status":"publish","type":"page","link":"https:\/\/semmelweis.hu\/kerpel\/elismeresek\/150-40110\/","title":{"rendered":"Review megjelen\u00e9se Dunai Zsuzsann\u00e1nak."},"content":{"rendered":"<p><strong> Els\u0151szerz\u0151s review-ja jelent meg Dunai Zsuzsann\u00e1nak a Pathology Oncology Research foly\u00f3iratban \u201eNecroptosis Biochemical, Physiological and Pathological Aspects\u201d c\u00edmmel.<\/strong> <\/p>\n","protected":false},"excerpt":{"rendered":"<p> Els\u0151szerz\u0151s review-ja jelent meg Dunai Zsuzsann\u00e1nak a Pathology Oncology Research foly\u00f3iratban \u201eNecroptosis Biochemical, Physiological and Pathological Aspects\u201d c\u00edmmel. <\/p>\n","protected":false},"author":158,"featured_media":0,"parent":1074,"menu_order":18,"comment_status":"closed","ping_status":"closed","template":"","meta":{"_acf_changed":false,"footnotes":""},"categories":[],"tags":[],"class_list":["post-251","page","type-page","status-publish","hentry"],"acf":[],"_links":{"self":[{"href":"https:\/\/semmelweis.hu\/kerpel\/wp-json\/wp\/v2\/pages\/251","targetHints":{"allow":["GET"]}}],"collection":[{"href":"https:\/\/semmelweis.hu\/kerpel\/wp-json\/wp\/v2\/pages"}],"about":[{"href":"https:\/\/semmelweis.hu\/kerpel\/wp-json\/wp\/v2\/types\/page"}],"author":[{"embeddable":true,"href":"https:\/\/semmelweis.hu\/kerpel\/wp-json\/wp\/v2\/users\/158"}],"replies":[{"embeddable":true,"href":"https:\/\/semmelweis.hu\/kerpel\/wp-json\/wp\/v2\/comments?post=251"}],"version-history":[{"count":0,"href":"https:\/\/semmelweis.hu\/kerpel\/wp-json\/wp\/v2\/pages\/251\/revisions"}],"up":[{"embeddable":true,"href":"https:\/\/semmelweis.hu\/kerpel\/wp-json\/wp\/v2\/pages\/1074"}],"wp:attachment":[{"href":"https:\/\/semmelweis.hu\/kerpel\/wp-json\/wp\/v2\/media?parent=251"}],"wp:term":[{"taxonomy":"category","embeddable":true,"href":"https:\/\/semmelweis.hu\/kerpel\/wp-json\/wp\/v2\/categories?post=251"},{"taxonomy":"post_tag","embeddable":true,"href":"https:\/\/semmelweis.hu\/kerpel\/wp-json\/wp\/v2\/tags?post=251"}],"curies":[{"name":"wp","href":"https:\/\/api.w.org\/{rel}","templated":true}]}}