{"id":250,"date":"2019-05-08T00:00:00","date_gmt":"2019-05-08T00:00:00","guid":{"rendered":"http:\/\/test.semmelweis.hu\/kerpel\/150-40645\/"},"modified":"2019-05-08T00:00:00","modified_gmt":"2019-05-08T00:00:00","slug":"150-40645","status":"publish","type":"page","link":"https:\/\/semmelweis.hu\/kerpel\/elismeresek\/150-40645\/","title":{"rendered":"Kolonics Ferenc az Amerikai Magyar Orvossz\u00f6vets\u00e9g Balatonf\u00fcredi konferenci\u00e1j\u00e1n"},"content":{"rendered":"<p><strong> Kolonics Ferenc sikeres el\u0151ad\u00e1st tartott az Amerikai Magyar Orvossz\u00f6vets\u00e9g Balatonf\u00fcredi konferenci\u00e1j\u00e1n az \u00c9lettan-k\u00f3r\u00e9lettan szekci\u00f3szekci\u00f3ban, \u201eEffect of septic tissue environment on neutrophil granulocytes\u201d c\u00edmmel.<\/strong> <\/p>\n","protected":false},"excerpt":{"rendered":"<p> Kolonics Ferenc sikeres el\u0151ad\u00e1st tartott az Amerikai Magyar Orvossz\u00f6vets\u00e9g Balatonf\u00fcredi konferenci\u00e1j\u00e1n az \u00c9lettan-k\u00f3r\u00e9lettan szekci\u00f3szekci\u00f3ban, \u201eEffect of septic tissue environment on neutrophil granulocytes\u201d c\u00edmmel. <\/p>\n","protected":false},"author":158,"featured_media":0,"parent":1074,"menu_order":17,"comment_status":"closed","ping_status":"closed","template":"","meta":{"_acf_changed":false,"footnotes":""},"categories":[],"tags":[],"class_list":["post-250","page","type-page","status-publish","hentry"],"acf":[],"_links":{"self":[{"href":"https:\/\/semmelweis.hu\/kerpel\/wp-json\/wp\/v2\/pages\/250","targetHints":{"allow":["GET"]}}],"collection":[{"href":"https:\/\/semmelweis.hu\/kerpel\/wp-json\/wp\/v2\/pages"}],"about":[{"href":"https:\/\/semmelweis.hu\/kerpel\/wp-json\/wp\/v2\/types\/page"}],"author":[{"embeddable":true,"href":"https:\/\/semmelweis.hu\/kerpel\/wp-json\/wp\/v2\/users\/158"}],"replies":[{"embeddable":true,"href":"https:\/\/semmelweis.hu\/kerpel\/wp-json\/wp\/v2\/comments?post=250"}],"version-history":[{"count":0,"href":"https:\/\/semmelweis.hu\/kerpel\/wp-json\/wp\/v2\/pages\/250\/revisions"}],"up":[{"embeddable":true,"href":"https:\/\/semmelweis.hu\/kerpel\/wp-json\/wp\/v2\/pages\/1074"}],"wp:attachment":[{"href":"https:\/\/semmelweis.hu\/kerpel\/wp-json\/wp\/v2\/media?parent=250"}],"wp:term":[{"taxonomy":"category","embeddable":true,"href":"https:\/\/semmelweis.hu\/kerpel\/wp-json\/wp\/v2\/categories?post=250"},{"taxonomy":"post_tag","embeddable":true,"href":"https:\/\/semmelweis.hu\/kerpel\/wp-json\/wp\/v2\/tags?post=250"}],"curies":[{"name":"wp","href":"https:\/\/api.w.org\/{rel}","templated":true}]}}