{"id":248,"date":"2019-05-08T00:00:00","date_gmt":"2019-05-08T00:00:00","guid":{"rendered":"http:\/\/test.semmelweis.hu\/kerpel\/150-40113\/"},"modified":"2019-05-08T00:00:00","modified_gmt":"2019-05-08T00:00:00","slug":"150-40113","status":"publish","type":"page","link":"https:\/\/semmelweis.hu\/kerpel\/elismeresek\/150-40113\/","title":{"rendered":"Kerpelesek a Pro Scientia Arany\u00e9rmesek k\u00f6z\u00f6tt."},"content":{"rendered":"\n<p><strong> A 2011. \u00e9v Pro Scientia Arany\u00e9rmes kit\u00fcntetettjei: Marosi Attila SE GYTK V. az Orvos- \u00e9s Eg\u00e9szs\u00e9gtudom\u00e1nyi Szekci\u00f3ban valamint Lasztovicza D\u00f3ra SE TF V. (MSc) \u00e9s N\u00e9gyesi J\u00e1nos SE TF II. (MSc) <\/strong><\/p>\n","protected":false},"excerpt":{"rendered":"<p> A 2011. \u00e9v Pro Scientia Arany\u00e9rmes kit\u00fcntetettjei: Marosi Attila SE GYTK V. az Orvos- \u00e9s Eg\u00e9szs\u00e9gtudom\u00e1nyi Szekci\u00f3ban valamint Lasztovicza D\u00f3ra SE TF V. (MSc) \u00e9s N\u00e9gyesi J\u00e1nos SE TF II. (MSc) <\/p>\n","protected":false},"author":158,"featured_media":0,"parent":1074,"menu_order":15,"comment_status":"closed","ping_status":"closed","template":"","meta":{"_acf_changed":false,"footnotes":""},"categories":[],"tags":[],"class_list":["post-248","page","type-page","status-publish","hentry"],"acf":[],"_links":{"self":[{"href":"https:\/\/semmelweis.hu\/kerpel\/wp-json\/wp\/v2\/pages\/248","targetHints":{"allow":["GET"]}}],"collection":[{"href":"https:\/\/semmelweis.hu\/kerpel\/wp-json\/wp\/v2\/pages"}],"about":[{"href":"https:\/\/semmelweis.hu\/kerpel\/wp-json\/wp\/v2\/types\/page"}],"author":[{"embeddable":true,"href":"https:\/\/semmelweis.hu\/kerpel\/wp-json\/wp\/v2\/users\/158"}],"replies":[{"embeddable":true,"href":"https:\/\/semmelweis.hu\/kerpel\/wp-json\/wp\/v2\/comments?post=248"}],"version-history":[{"count":0,"href":"https:\/\/semmelweis.hu\/kerpel\/wp-json\/wp\/v2\/pages\/248\/revisions"}],"up":[{"embeddable":true,"href":"https:\/\/semmelweis.hu\/kerpel\/wp-json\/wp\/v2\/pages\/1074"}],"wp:attachment":[{"href":"https:\/\/semmelweis.hu\/kerpel\/wp-json\/wp\/v2\/media?parent=248"}],"wp:term":[{"taxonomy":"category","embeddable":true,"href":"https:\/\/semmelweis.hu\/kerpel\/wp-json\/wp\/v2\/categories?post=248"},{"taxonomy":"post_tag","embeddable":true,"href":"https:\/\/semmelweis.hu\/kerpel\/wp-json\/wp\/v2\/tags?post=248"}],"curies":[{"name":"wp","href":"https:\/\/api.w.org\/{rel}","templated":true}]}}