{"id":246,"date":"2019-05-08T00:00:00","date_gmt":"2019-05-08T00:00:00","guid":{"rendered":"http:\/\/test.semmelweis.hu\/kerpel\/150-40646\/"},"modified":"2019-05-08T00:00:00","modified_gmt":"2019-05-08T00:00:00","slug":"150-40646","status":"publish","type":"page","link":"https:\/\/semmelweis.hu\/kerpel\/elismeresek\/150-40646\/","title":{"rendered":"A 2012-es TDK konferenci\u00e1n is sz\u00e1mos d\u00edjat hoztak el Kerpeles hallgat\u00f3k"},"content":{"rendered":"<p><strong>Az idei TDK konferenci\u00e1n sz\u00e1mos d\u00edjjal jutalmaztak t\u00f6bb Kerpeles hallgat\u00f3t. A d\u00edjazottak k\u00f6z\u00f6tt szerepel Trimmel B\u00e1lint, Husz\u00e1r Istv\u00e1n Norbert, Het\u00e9nyi Gergely, Egerv\u00e1ri G\u00e1bor, Horv\u00e1th N. Orsolya, Kolonics Ferenc, Tihanyi Benedek, Gara Edit, Herczeg Kata, Csete D\u00e1niel \u00e9s Pr\u00f3kai Lilla.<\/strong><\/p>\n<p>Trimmel B\u00e1lint \u201eFunkcion\u00e1lis, k\u00e9tdimenzi\u00f3s epithelium l\u00e9trehoz\u00e1sa izol\u00e1lt emberi submandibul\u00e1ris ny\u00e1lmirigysejtekb\u0151l&#8221; c. el\u0151ad\u00e1s\u00e1val a szekci\u00f3 I. d\u00edj\u00e1t kapta meg, valamint OTDK deleg\u00e1lts\u00e1got szerzett.<\/p>\n<p>Husz\u00e1r Istv\u00e1n Norbert \u201eHat\u00e1rfel\u00fcleti v\u00edz biofizikai vizsg\u00e1lata\u201d c. el\u0151ad\u00e1s\u00e1val a Biofizika, bioinformatika szekci\u00f3 II. d\u00edj\u00e1t hozta el.<\/p>\n<p>Het\u00e9nyi Gergely \u201eV\u00edzold\u00e9kony hat\u00f3anyag tartalm\u00fa bukk\u00e1lis hordoz\u00f3rendszerek fejleszt\u00e9se\u201d c. prezent\u00e1ci\u00f3j\u00e1val a Gy\u00f3gyszer\u00e9sztudom\u00e1nyok II. szekci\u00f3j\u00e1n I. d\u00edjat, valamint OTDK-jel\u00f6l\u00e9st kapott.<\/p>\n<p>Egerv\u00e1ri G\u00e1bor Semmelweis Egyetem Kiv\u00e1l\u00f3 Di\u00e1kk\u00f6r\u00f6se c\u00edmet szerezte meg.<\/p>\n<p>Horv\u00e1th N. Orsolya \u201e\u00d6ngyilkoss\u00e1gi k\u00f6rk\u00e9p Miskolcr\u00f3l\u201d c. el\u0151ad\u00e1s\u00e1val a K\u00f6zeg\u00e9szs\u00e9gtan-epidemiol\u00f3gia szekci\u00f3 I. d\u00edj\u00e1t hozta el.<\/p>\n<p>Kolonics Ferenc a K\u00eds\u00e9rletes \u00e9s klinikai immunol\u00f3gia, mikrobiol\u00f3gia szekci\u00f3 I. helyez\u00e9s\u00e9t \u00e9s OTDK deleg\u00e1ci\u00f3t kapott a \u201eSzeptikus \u00e1llapotok hat\u00e1sa hum\u00e1n neutrofil granulocit\u00e1k m\u0171k\u00f6d\u00e9s\u00e9re\u201d c. el\u0151ad\u00e1s\u00e1val.<\/p>\n<p>Tihanyi Benedek a Magatart\u00e1studom\u00e1ny \u00e9s pszichi\u00e1tria szekci\u00f3 I. d\u00edj\u00e1t szerezte meg a \u201eFizikai \u00e9s pszich\u00e9s stressz-adapt\u00e1ci\u00f3s k\u00e9pess\u00e9gek \u00f6sszef\u00fcgg\u00e9s\u00e9nek vizsg\u00e1lata ker\u00e9kp\u00e1r-ergom\u00e9teres terhel\u00e9s hat\u00e1s\u00e1ra\u201d c. prezent\u00e1ci\u00f3j\u00e1val.<\/p>\n<p>Gara Edit a \u201eHum\u00e1n embrion\u00e1lis \u0151ssejt &#8211; eredet\u0171 endothel-sejtek jellemz\u00e9se: \u00faj ter\u00e1pi\u00e1s lehet\u0151s\u00e9g kardiovaszkul\u00e1ris betegs\u00e9gekben?\u201d c. el\u0151ad\u00e1sa a Kering\u00e9si betegs\u00e9gek, kardiol\u00f3gia, pulmonol\u00f3gia I. szekci\u00f3ban II. d\u00edjat nyert.<\/p>\n<p>Herczeg Kata \u201eIzoniazid tartalm\u00fa liposz\u00f3m\u00e1k el\u0151\u00e1ll\u00edt\u00e1sa \u00e9s vizsg\u00e1lata\u201d prezent\u00e1ci\u00f3j\u00e1val a Biofizika, bioinformatika szekci\u00f3 I. helyez\u00e9s\u00e9t hozta el, valamint OTDK deleg\u00e1ci\u00f3t is elnyert.<\/p>\n<p>Pr\u00f3kai Lilla \u201e&#8221;Lend\u00fclet az \u00e9letnek&#8221;- Ciszt\u00e1s fibr\u00f3zisos betegek \u00e1ll\u00f3k\u00e9pess\u00e9g\u00e9nek felm\u00e9r\u00e9se \u00e9s fejleszt\u00e9se\u201d el\u0151ad\u00e1s\u00e1val a Semmelweis Egyetem Eg\u00e9szs\u00e9gtudom\u00e1nyi Kar\u00e1nak XXXIV. Tudom\u00e1nyos Di\u00e1kk\u00f6ri Konferenci\u00e1j\u00e1nak n\u00edv\u00f3d\u00edj\u00e1t \u00e9s a Magyar Gy\u00f3gytorn\u00e1szok T\u00e1rsas\u00e1g\u00e1nak a k\u00fcl\u00f6nd\u00edj\u00e1t hozta el, tov\u00e1bb\u00e1 OTDK deleg\u00e1ci\u00f3t is szerzett.<\/p>\n<p>Csete D\u00e1niel &#8222;A foszfatidilinozitol 3-kin\u00e1z \u03b2 szerepe az oszteoklasztogenezisben \u00e9s az in vivo csonthomeoszt\u00e1zisban&#8221; c\u00edm\u0171 el\u0151ad\u00e1sa az \u00c9lettan, k\u00f3r\u00e9lettan szekci\u00f3ban II. helyez\u00e9st \u00e9rt el.<\/p>\n","protected":false},"excerpt":{"rendered":"<p>Az idei TDK konferenci\u00e1n sz\u00e1mos d\u00edjjal jutalmaztak t\u00f6bb Kerpeles hallgat\u00f3t. A d\u00edjazottak k\u00f6z\u00f6tt szerepel Trimmel B\u00e1lint, Husz\u00e1r Istv\u00e1n Norbert, Het\u00e9nyi Gergely, Egerv\u00e1ri G\u00e1bor, Horv\u00e1th N. Orsolya, Kolonics Ferenc, Tihanyi Benedek, Gara Edit, Herczeg Kata, Csete D\u00e1niel \u00e9s Pr\u00f3kai Lilla. Trimmel B\u00e1lint \u201eFunkcion\u00e1lis, k\u00e9tdimenzi\u00f3s epithelium l\u00e9trehoz\u00e1sa izol\u00e1lt emberi submandibul\u00e1ris ny\u00e1lmirigysejtekb\u0151l&#8221; c. el\u0151ad\u00e1s\u00e1val a szekci\u00f3 I. d\u00edj\u00e1t &hellip;<\/p>\n","protected":false},"author":158,"featured_media":0,"parent":1074,"menu_order":12,"comment_status":"closed","ping_status":"closed","template":"","meta":{"_acf_changed":false,"footnotes":""},"categories":[],"tags":[],"class_list":["post-246","page","type-page","status-publish","hentry"],"acf":[],"_links":{"self":[{"href":"https:\/\/semmelweis.hu\/kerpel\/wp-json\/wp\/v2\/pages\/246","targetHints":{"allow":["GET"]}}],"collection":[{"href":"https:\/\/semmelweis.hu\/kerpel\/wp-json\/wp\/v2\/pages"}],"about":[{"href":"https:\/\/semmelweis.hu\/kerpel\/wp-json\/wp\/v2\/types\/page"}],"author":[{"embeddable":true,"href":"https:\/\/semmelweis.hu\/kerpel\/wp-json\/wp\/v2\/users\/158"}],"replies":[{"embeddable":true,"href":"https:\/\/semmelweis.hu\/kerpel\/wp-json\/wp\/v2\/comments?post=246"}],"version-history":[{"count":0,"href":"https:\/\/semmelweis.hu\/kerpel\/wp-json\/wp\/v2\/pages\/246\/revisions"}],"up":[{"embeddable":true,"href":"https:\/\/semmelweis.hu\/kerpel\/wp-json\/wp\/v2\/pages\/1074"}],"wp:attachment":[{"href":"https:\/\/semmelweis.hu\/kerpel\/wp-json\/wp\/v2\/media?parent=246"}],"wp:term":[{"taxonomy":"category","embeddable":true,"href":"https:\/\/semmelweis.hu\/kerpel\/wp-json\/wp\/v2\/categories?post=246"},{"taxonomy":"post_tag","embeddable":true,"href":"https:\/\/semmelweis.hu\/kerpel\/wp-json\/wp\/v2\/tags?post=246"}],"curies":[{"name":"wp","href":"https:\/\/api.w.org\/{rel}","templated":true}]}}