{"id":1921,"date":"2019-05-22T09:48:12","date_gmt":"2019-05-22T09:48:12","guid":{"rendered":"http:\/\/test.semmelweis.hu\/kerpel\/?page_id=1921"},"modified":"2021-02-05T13:40:11","modified_gmt":"2021-02-05T12:40:11","slug":"prof-dr-ligeti-erzsebet","status":"publish","type":"page","link":"https:\/\/semmelweis.hu\/kerpel\/mentorok\/prof-dr-ligeti-erzsebet\/","title":{"rendered":"Prof. Dr. Ligeti Erzs\u00e9bet"},"content":{"rendered":"<p><strong>Prof. Dr. Ligeti Erzs\u00e9bet<br \/>\n<img loading=\"lazy\" decoding=\"async\" class=\"size-medium wp-image-2948 alignright\" src=\"https:\/\/semmelweis.hu\/kerpel\/files\/2021\/02\/RS24399_KA-20120201-IMG_8409-scr-1-267x400.jpg\" alt=\"\" width=\"267\" height=\"400\" srcset=\"https:\/\/semmelweis.hu\/kerpel\/files\/2021\/02\/RS24399_KA-20120201-IMG_8409-scr-1-267x400.jpg 267w, https:\/\/semmelweis.hu\/kerpel\/files\/2021\/02\/RS24399_KA-20120201-IMG_8409-scr-1.jpg 500w\" sizes=\"auto, (max-width: 267px) 100vw, 267px\" \/><\/strong>professor emeritus<\/p>\n<p>\u00c9lettani Int\u00e9zet<\/p>\n<p>\u00c9lettan professzor, a Magyar Tudom\u00e1nyos Akad\u00e9mia levelez\u0151 tagja<\/p>\n<p>\nV\u00e9gzetts\u00e9g: \u00e1ltal\u00e1nos orvos<\/p>\n<p>\nTanulm\u00e1nyutak: Grenoble-i Nukle\u00e1ris K\u00f6zpont Biok\u00e9miai Oszt\u00e1ly, Heidelbergi Egyetem Farmakol\u00f3gia Int\u00e9zet, Harvard Egyetem R\u00e1kkutat\u00f3 Int\u00e9zete<br \/>\nKutat\u00e1si ter\u00fclet: sejt\u00e9lettan, fagocit\u00e1k m\u0171k\u00f6d\u00e9se, kis G-feh\u00e9rj\u00e9k szab\u00e1lyoz\u00e1sa<\/p>\n<p>&nbsp;<\/p>\n","protected":false},"excerpt":{"rendered":"<p>Prof. Dr. Ligeti Erzs\u00e9bet<br \/>\nprofessor emeritus<br \/>\n\u00c9lettani Int\u00e9zet<br \/>\n\u00c9lettan professzor, a Magyar Tudom\u00e1nyos Akad\u00e9mia levelez\u0151 tagja<\/p>\n<p>V\u00e9gzetts\u00e9g: \u00e1ltal\u00e1nos orvos<\/p>\n<p>Tanulm\u00e1nyutak: Grenoble-i Nukle\u00e1ris K\u00f6zpont Biok\u00e9miai Oszt\u00e1ly, Heidelbergi Egyetem Farmakol\u00f3gia Int\u00e9zet, Harvard Egyetem R\u00e1kkutat\u00f3 Int\u00e9zete<br \/>\nKutat\u00e1si ter\u00fclet: sejt\u00e9lettan, fagocit\u00e1k m\u0171k\u00f6d\u00e9se, kis G-feh\u00e9rj\u00e9k szab\u00e1lyoz\u00e1sa<br \/>\n&nbsp;<\/p>\n","protected":false},"author":158,"featured_media":0,"parent":1028,"menu_order":12,"comment_status":"closed","ping_status":"closed","template":"","meta":{"_acf_changed":false,"footnotes":""},"categories":[],"tags":[],"class_list":["post-1921","page","type-page","status-publish","hentry"],"acf":[],"_links":{"self":[{"href":"https:\/\/semmelweis.hu\/kerpel\/wp-json\/wp\/v2\/pages\/1921","targetHints":{"allow":["GET"]}}],"collection":[{"href":"https:\/\/semmelweis.hu\/kerpel\/wp-json\/wp\/v2\/pages"}],"about":[{"href":"https:\/\/semmelweis.hu\/kerpel\/wp-json\/wp\/v2\/types\/page"}],"author":[{"embeddable":true,"href":"https:\/\/semmelweis.hu\/kerpel\/wp-json\/wp\/v2\/users\/158"}],"replies":[{"embeddable":true,"href":"https:\/\/semmelweis.hu\/kerpel\/wp-json\/wp\/v2\/comments?post=1921"}],"version-history":[{"count":2,"href":"https:\/\/semmelweis.hu\/kerpel\/wp-json\/wp\/v2\/pages\/1921\/revisions"}],"predecessor-version":[{"id":2955,"href":"https:\/\/semmelweis.hu\/kerpel\/wp-json\/wp\/v2\/pages\/1921\/revisions\/2955"}],"up":[{"embeddable":true,"href":"https:\/\/semmelweis.hu\/kerpel\/wp-json\/wp\/v2\/pages\/1028"}],"wp:attachment":[{"href":"https:\/\/semmelweis.hu\/kerpel\/wp-json\/wp\/v2\/media?parent=1921"}],"wp:term":[{"taxonomy":"category","embeddable":true,"href":"https:\/\/semmelweis.hu\/kerpel\/wp-json\/wp\/v2\/categories?post=1921"},{"taxonomy":"post_tag","embeddable":true,"href":"https:\/\/semmelweis.hu\/kerpel\/wp-json\/wp\/v2\/tags?post=1921"}],"curies":[{"name":"wp","href":"https:\/\/api.w.org\/{rel}","templated":true}]}}