{"id":1826,"date":"2019-05-22T06:58:24","date_gmt":"2019-05-22T06:58:24","guid":{"rendered":"http:\/\/test.semmelweis.hu\/kerpel\/?page_id=1826"},"modified":"2024-09-23T08:18:27","modified_gmt":"2024-09-23T06:18:27","slug":"prof-dr-fekete-gyorgy","status":"publish","type":"page","link":"https:\/\/semmelweis.hu\/kerpel\/mentorok\/prof-dr-fekete-gyorgy\/","title":{"rendered":"Prof. Dr. Fekete Gy\u00f6rgy"},"content":{"rendered":"<p><strong>Dr. Fekete Gy\u00f6rgy, A Tehets\u00e9ggondoz\u00f3 Tan\u00e1cs Eln\u00f6ke<img loading=\"lazy\" decoding=\"async\" class=\"size-full wp-image-2930 alignright\" src=\"https:\/\/semmelweis.hu\/kerpel\/files\/2021\/02\/fekete.jpg\" alt=\"\" width=\"183\" height=\"275\" \/><br \/>\n<\/strong>ny.egyetemi tan\u00e1r, MTA doktora, Professor Emeritus<\/p>\n<p><strong>Gyermekgy\u00f3gy\u00e1szati Klinika<\/strong><\/p>\n<p><strong>Szakk\u00e9pes\u00edt\u00e9sei:<\/strong> csecsem\u0151- \u00e9s gyermekgy\u00f3gy\u00e1szat, hum\u00e1ngenetika, klinikai farmakol\u00f3gia.<\/p>\n<p>\n1944-ben sz\u00fcletett Budapesten.<\/p>\n<p>1968-ban Kerpel-Fronius \u00d6d\u00f6n professzor MTA \u00f6szt\u00f6nd\u00edjas \u00e1ll\u00e1s\u00e1n kezdett dolgozni a II. sz. Gyermekklinik\u00e1n. Csatlakozhatott Schuler Dezs\u0151 professzor genetikai kutat\u00f3csoportj\u00e1hoz a velesz\u00fcletett chromosoma-rendelleness\u00e9gek \u00e9s a malignus daganatk\u00e9pz\u0151d\u00e9s \u00f6sszef\u00fcgg\u00e9seinek vizsg\u00e1lat\u00e1val.<\/p>\n<p>1972\/73-ban a Marburgi Gyermekklinik\u00e1n, 1977\/78-ban a M\u00fcnchen-Neuherbergi Sug\u00e1r- \u00e9s K\u00f6rnyezetkutat\u00f3 Int\u00e9zetben, 1987\/88-ban Indianapolisban az Orvosi Genetikai Int\u00e9zetben v\u00e9gzett kutat\u00f3munk\u00e1t.<\/p>\n<p>1990-ig az MTA \u00e1ll\u00e1s\u00e1n dolgozott a II. sz. Gyermekklinik\u00e1n, majd docensi, professzori \u00e9s 1994-ben tansz\u00e9kvezet\u0151 egyetemi tan\u00e1ri kinevez\u00e9st kapott.<br \/>\nAz MTA doktora c\u00edmet 1992-ben, a molekul\u00e1ris genetikai diagnosztika gyermekgy\u00f3gy\u00e1szati alkalmaz\u00e1s\u00e1r\u00f3l \u00edrt \u00e9rtekez\u00e9s\u00e9\u00e9rt kapta.<\/p>\n<p>1993-ban a SOTE Kiv\u00e1l\u00f3 Oktat\u00f3ja c\u00edmmel t\u00fcntett\u00e9k ki. Szerkeszt\u00e9s\u00e9ben val\u00f3sult meg a Nelson Textbook of Pediatrics alaptank\u00f6nyv 1995. \u00e9vi els\u0151 \u00e9s 1998. \u00e9vi \u00e1tdolgozott magyar nyelv\u0171 kiad\u00e1sa.<\/p>\n<p>Az Egyetemi Parlamentnek \u00e9s az Egyetemi Tan\u00e1csnak t\u00f6bb \u00e9ven \u00e1t volt tagja. Egy\u00fcttm\u0171k\u00f6d\u00e9st kezdem\u00e9nyezett az Amerikai Magyar Orvossz\u00f6vets\u00e9ggel, t\u00e1mogat\u00e1sukkal sok hazai orvostanhallgat\u00f3 v\u00e9gezhetett gyakorlatot az Egyes\u00fclt \u00c1llamokban.<\/p>\n<p>A Magyar Gyermekorvosok T\u00e1rsas\u00e1ga eln\u00f6ke, a Magyar Hum\u00e1ngenetikai T\u00e1rsas\u00e1g f\u0151titk\u00e1ra volt, tudom\u00e1nyos \u00e9s egyetemi bizotts\u00e1gok tagja. Az European Society of Paediatric Research \u00e9s a Royal College of Physicians tagjai k\u00f6z\u00e9 v\u00e1lasztott\u00e1k.<\/p>\n","protected":false},"excerpt":{"rendered":"<p>Dr. Fekete Gy\u00f6rgy, A Tehets\u00e9ggondoz\u00f3 Tan\u00e1cs Eln\u00f6ke ny.egyetemi tan\u00e1r, MTA doktora, Professor Emeritus Gyermekgy\u00f3gy\u00e1szati Klinika Szakk\u00e9pes\u00edt\u00e9sei: csecsem\u0151- \u00e9s gyermekgy\u00f3gy\u00e1szat, hum\u00e1ngenetika, klinikai farmakol\u00f3gia. 1944-ben sz\u00fcletett Budapesten. 1968-ban Kerpel-Fronius \u00d6d\u00f6n professzor MTA \u00f6szt\u00f6nd\u00edjas \u00e1ll\u00e1s\u00e1n kezdett dolgozni a II. sz. Gyermekklinik\u00e1n. Csatlakozhatott Schuler Dezs\u0151 professzor genetikai kutat\u00f3csoportj\u00e1hoz a velesz\u00fcletett chromosoma-rendelleness\u00e9gek \u00e9s a malignus daganatk\u00e9pz\u0151d\u00e9s \u00f6sszef\u00fcgg\u00e9seinek vizsg\u00e1lat\u00e1val. 1972\/73-ban a &hellip;<\/p>\n","protected":false},"author":158,"featured_media":0,"parent":1028,"menu_order":1,"comment_status":"closed","ping_status":"closed","template":"","meta":{"_acf_changed":false,"footnotes":""},"categories":[],"tags":[],"class_list":["post-1826","page","type-page","status-publish","hentry"],"acf":[],"_links":{"self":[{"href":"https:\/\/semmelweis.hu\/kerpel\/wp-json\/wp\/v2\/pages\/1826","targetHints":{"allow":["GET"]}}],"collection":[{"href":"https:\/\/semmelweis.hu\/kerpel\/wp-json\/wp\/v2\/pages"}],"about":[{"href":"https:\/\/semmelweis.hu\/kerpel\/wp-json\/wp\/v2\/types\/page"}],"author":[{"embeddable":true,"href":"https:\/\/semmelweis.hu\/kerpel\/wp-json\/wp\/v2\/users\/158"}],"replies":[{"embeddable":true,"href":"https:\/\/semmelweis.hu\/kerpel\/wp-json\/wp\/v2\/comments?post=1826"}],"version-history":[{"count":4,"href":"https:\/\/semmelweis.hu\/kerpel\/wp-json\/wp\/v2\/pages\/1826\/revisions"}],"predecessor-version":[{"id":3456,"href":"https:\/\/semmelweis.hu\/kerpel\/wp-json\/wp\/v2\/pages\/1826\/revisions\/3456"}],"up":[{"embeddable":true,"href":"https:\/\/semmelweis.hu\/kerpel\/wp-json\/wp\/v2\/pages\/1028"}],"wp:attachment":[{"href":"https:\/\/semmelweis.hu\/kerpel\/wp-json\/wp\/v2\/media?parent=1826"}],"wp:term":[{"taxonomy":"category","embeddable":true,"href":"https:\/\/semmelweis.hu\/kerpel\/wp-json\/wp\/v2\/categories?post=1826"},{"taxonomy":"post_tag","embeddable":true,"href":"https:\/\/semmelweis.hu\/kerpel\/wp-json\/wp\/v2\/tags?post=1826"}],"curies":[{"name":"wp","href":"https:\/\/api.w.org\/{rel}","templated":true}]}}