{"id":18,"date":"2019-05-08T00:00:00","date_gmt":"2019-05-07T22:00:00","guid":{"rendered":"http:\/\/test.semmelweis.hu\/kerpel\/impresszum\/"},"modified":"2022-11-04T14:45:58","modified_gmt":"2022-11-04T13:45:58","slug":"impresszum","status":"publish","type":"page","link":"https:\/\/semmelweis.hu\/kerpel\/impresszum\/","title":{"rendered":"Adatv\u00e9delem"},"content":{"rendered":"\n<p>1. A  www.kerpel.sote.hu c\u00edmen el\u00e9rhet\u0151 honlapot a Semmelweis Egyetem Kerpel-Fronius \u00d6d\u00f6n Tehets\u00e9ggondoz\u00f3 Tan\u00e1csa (1089 Budapest, Nagyv\u00e1rad t\u00e9r 4) &#8211; a tov\u00e1bbiakban Tulajdonos- \u00fczemelteti.<\/p>\n<p>2. A honlapon tal\u00e1lhat\u00f3 anyagok kiz\u00e1r\u00f3lag szem\u00e9lyes, nem kereskedelmi c\u00e9l\u00fa tanulm\u00e1nyoz\u00e1s\u00e1t \u00e9s let\u00f6lt\u00e9s\u00e9t enged\u00e9lyezi, azzal a felt\u00e9tellel, hogy \u00d6n az eredeti anyagokat vagy azok m\u00e1solatait \u00e9rint\u0151 szerz\u0151i jogokat \u00e9s a szellemi alkot\u00e1sokhoz f\u0171z\u0151d\u0151 egy\u00e9b jogokat marad\u00e9ktalanul tiszteletben tartja. A honlapon tal\u00e1lhat\u00f3 anyagokat \u00d6n nem jogosult m\u00f3dos\u00edtani, \u00fajra el\u0151\u00e1ll\u00edtani, nyilv\u00e1nosan k\u00f6zz\u00e9tenni, el\u0151adni, terjeszteni, illetve egy\u00e9b m\u00f3don a nyilv\u00e1noss\u00e1got szolg\u00e1l\u00f3 vagy kereskedelmi c\u00e9lzattal felhaszn\u00e1lni. A jelen felt\u00e9telek \u00e9rtelm\u00e9ben ezen anyagok m\u00e1s internetes oldalakon, illetve sz\u00e1m\u00edt\u00f3g\u00e9pes h\u00e1l\u00f3zati rendszerekben val\u00f3 b\u00e1rmilyen c\u00e9l\u00fa m\u00e1sodk\u00f6zl\u00e9se tilos. A honlapon tal\u00e1lhat\u00f3 anyagok (k\u00e9pek, f\u00e9nyk\u00e9pek, cikkek stb.)  szerz\u0151i jogi v\u00e9delem alatt \u00e1llnak \u00e9s azok b\u00e1rmely, enged\u00e9ly n\u00e9lk\u00fcli felhaszn\u00e1l\u00e1sa szerz\u0151i jogi vagy egy\u00e9b jogszab\u00e1lyokba \u00fctk\u00f6zhet.<\/p>\n<p>3. A Tulajdonos kijelenti, hogy a honlapon megjelen\u0151 minden k\u00e9pi, sz\u00f6veges \u00e9s hanganyag k\u00f6zl\u00e9s\u00e9t jogszer\u0171en v\u00e9gzi, rendelkezik az azok felhaszn\u00e1l\u00e1s\u00e1hoz sz\u00fcks\u00e9ges hozz\u00e1j\u00e1rul\u00e1sokkal \u00e9s enged\u00e9lyekkel. A Tulajdonos semmilyen olyan hang, k\u00e9pi vagy sz\u00f6veges anyagot nem ad k\u00f6zre a honlapon, amely jogi v\u00e9delem alatt \u00e1ll vagy felhaszn\u00e1l\u00e1sa egy\u00e9b jogszab\u00e1lyokba \u00fctk\u00f6zik.<\/p>\n<p>4. A Tulajdonos mindent elk\u00f6vet a l\u00e1togat\u00f3k bizalmas \u00e9s szem\u00e9lyes inform\u00e1ci\u00f3inak tiszteletben tart\u00e1sa \u00e9s meg\u0151rz\u00e9se \u00e9rek\u00e9ben. A Tulajdonos egyes szolg\u00e1ltat\u00e1sai \u00e9s a honlap meghat\u00e1rozott r\u00e9szeihez val\u00f3 hozz\u00e1f\u00e9r\u00e9s csak a honlap \u00fczemeltet\u0151inek enged\u00e9ly\u00e9vel lehets\u00e9ges. A Tulajdonos nem adja el, nem adja b\u00e9rbe \u00e9s nem is k\u00f6lcs\u00f6nzi a honlapot l\u00e1togat\u00f3k Tulajdonos r\u00e9sz\u00e9re esetleg megadott szem\u00e9lyes adatokat \u00e9s inform\u00e1ci\u00f3kat m\u00e1s c\u00e9geknek. A Tulajdonos, mint adatkezel\u0151,  a szem\u00e9lyes adatok v\u00e9delm\u00e9r\u0151l \u00e9s a k\u00f6z\u00e9rdek\u0171 adatok nyilv\u00e1noss\u00e1g\u00e1r\u00f3l sz\u00f3l\u00f3 1992. \u00e9vi LIII. t\u00f6rv\u00e9ny el\u0151\u00edr\u00e1sait marad\u00e9ktalanul betartva kezeli \u00e9s tartja nyilv\u00e1n az adatokat, s csak abban a k\u00f6rben, melyhez kifejezett felhatalmaz\u00e1st kapott. <\/p>\n<p>5. A honlap egyes szolg\u00e1ltat\u00e1sainak teljes k\u00f6r\u0171 ig\u00e9nybe v\u00e9tel\u00e9hez enged\u00e9lyezni kell a b\u00f6ng\u00e9sz\u0151ben a &#8222;cookiek&#8221; fogad\u00e1s\u00e1t. A &#8222;cookie&#8221; egy olyan kis sz\u00f6vegr\u00e9szlet, amely szem\u00e9lyre szabott inform\u00e1ci\u00f3kat tartalmaz, \u00e9s amelyet az \u00d6n b\u00f6ng\u00e9sz\u0151je, az \u00d6n sz\u00e1m\u00edt\u00f3g\u00e9p\u00e9n t\u00e1rol el. A cookie-k c\u00e9lja az, hogy seg\u00edtenek sz\u00e1munkra a visszat\u00e9r\u0151 l\u00e1togat\u00f3k felismer\u00e9s\u00e9ben, a testre szabott l\u00e1togat\u00f3i funkci\u00f3k megval\u00f3s\u00edt\u00e1s\u00e1ban illetve a felhaszn\u00e1l\u00f3i bejelentkez\u00e9sek (azonos\u00edt\u00e1s, hiteles\u00edt\u00e9s) lebonyol\u00edt\u00e1s\u00e1ban.<\/p>\n    <!-- Ez a teljes form sima html-ben -->\r\n    <div class=\"exp-col-content-holder\" style=\"border:none;\"><a class=\"expand-cnt-link ecf_closed\" href=\"#\">\u00cdrjon a honlap szerkeszt\u0151inek<\/a><p><\/p>\r\n        <div class=\"hidden-content\" style=\"display: none;\">\r\n            <form action=\"\" method=\"post\" id=\"impressum-form\">\r\n                <div id=\"formContainer\">\r\n                    <!-- Ide \u00edrom ki php-val az oldal nev\u00e9t -->\r\n                    <h4>Kerpel-Fronius \u00d6d\u00f6n |Tehets\u00e9ggondoz\u00f3 Program<\/h4>\r\n                    <div id=\"nameContainer\">\r\n                        <label for=\"nev\">Az \u00d6n neve:<\/label><br>\r\n                        <input type=\"text\" name=\"nev\" id=\"nev\" style=\"max-width:none;\">\r\n                    <\/div>\r\n\r\n                    <div id=\"emailContainer\" class=\"mt-3\">\r\n                        <label for=\"level\">E-mail c\u00edme:<\/label><br>\r\n                        <input type=\"email\" name=\"level\" id=\"level\" style=\"max-width:none;\">\r\n                    <\/div>\r\n\r\n                    <div id=\"subjectContainer\" class=\"mt-3\">\r\n                        <label for=\"targy\">\u00dczenet t\u00e1rgya:<\/label><br>\r\n                        <input type=\"text\" name=\"targy\" id=\"targy\" style=\"max-width:none;\">\r\n                    <\/div>\r\n\r\n                    <div id=\"messageContainer\" class=\"mt-3\">\r\n                        <label for=\"uzenet\">\u00dczenet:<\/label><br>\r\n                        <textarea name=\"uzenet\" id=\"uzenet\" placeholder=\"Ide \u00edrja \u00fczenet\u00e9t\" style=\"max-width:none;\"><\/textarea>\r\n                    <\/div>\r\n                    <div id=\"gdprContainer\" style=\"width:100%;\" class=\"mt-3\">\r\n                        <span style=\"font-size:16px;\">K\u00e9rj\u00fck, az \u00fczenetben ne adjon meg szem\u00e9lyes adatokat. A Semmelweis Egyetem a megadott nevet \u00e9s e-mail c\u00edmet kiz\u00e1r\u00f3lag arra haszn\u00e1lja, hogy a bek\u00fcld\u00f6tt \u00fczenetre v\u00e1laszoljon. Az adatok kezel\u00e9se \u00e9s v\u00e9delme a jogszab\u00e1lyoknak megfelel\u0151en t\u00f6rt\u00e9nik. Az adatkezel\u00e9sr\u0151l b\u0151vebben ezen a fel\u00fcleten t\u00e1j\u00e9koz\u00f3dhat: <a href=\"http:\/\/semmelweis.hu\/adatvedelem\/\" target=\"_blank\">http:\/\/semmelweis.hu\/adatvedelem\/<\/a><\/span> \r\n                        <div class=\"mt-3\">\r\n                            <p style=\"font-size:16px;\"><label><input type=\"checkbox\" name=\"gdpr\" id=\"gdpr\" style=\"margin-right:10px;\" required><em>Az adatv\u00e9delmi t\u00e1j\u00e9koztat\u00f3t megismertem, az \u00fczenetk\u00fcld\u00e9shez bevitt inform\u00e1ci\u00f3kat \u00f6nk\u00e9nt adtam meg \u00e9s kezel\u00e9s\u00fckh\u00f6z hozz\u00e1j\u00e1rulok.<\/em><\/label><\/p>\r\n                        <\/div>\r\n                    <\/div>\r\n                    <!--\r\n                    <div id=\"captchaContainer\">\r\n                            <label for=\"captcha\"><span id=\"tenyezo\" style=\"color:red;\">5<\/span> x 10 = <\/label>\r\n                            <input type=\"number\" id=\"captcha\" name=\"captcha\">\r\n                            <p id=\"message\"><\/p>\r\n                    <\/div>\r\n                    -->\r\n                <\/div> \r\n                <button id=\"btn-submit\" class=\"g-recaptcha\" data-sitekey=\"6LdtjfoqAAAAAKXI2vUrBiwBECYHUBRXZVjO8DmK\" data-callback='onSubmit' data-action='submit' style=\"margin-top:15px;\">\u00dczenetk\u00fcld\u00e9s<\/button>\r\n                \r\n            <\/form>\r\n\r\n            <!-- Google reCaptcha v3 -->\r\n\r\n            <script src=\"https:\/\/www.google.com\/recaptcha\/api.js\"><\/script>\r\n\r\n            <script>\r\n                function onSubmit(token) {\r\n                    document.getElementById(\"impressum-form\").submit();\r\n                }\r\n            <\/script>\r\n\r\n            <!-- end of Google reCaptcha v3 -->\r\n\r\n            <!--\r\n            <script>\r\n            \/\/ captcha k\u00f3d\r\n            jQuery(document).ready(function(){\r\n                \/\/ ez a h\u00e1rom sor l\u00e9trehoz egy random sz\u00e1mot 1 \u00e9s 10 k\u00f6z\u00f6tt \u00e9s a megfelel\u0151 html elembe bele\u00edrja\r\n                var random = Math.floor(Math.random() * 10) + 1;\r\n                var tenyezo = jQuery(\"#tenyezo\");\r\n                tenyezo[0].innerHTML = random;\r\n                \/\/a captcha mez\u0151 inicializ\u00e1l\u00e1sa, \u00e9s a k\u00fcld\u00e9s gomb letilt\u00e1sa\r\n                var captcha = jQuery(\"#captcha\");\r\n                captcha[0].value=0;\r\n                jQuery('#btn-submit').prop('disabled', true);\r\n\r\n                \/\/m\u00e1r belekattint\u00e1sn\u00e1l is ellen\u0151riz, illetve minden billenty\u0171le\u00fct\u00e9sre\r\n                captcha.bind('keyup mouseup',function(){\r\n                    \/\/ha rosszat \u00edrt be, a submit gomb letilt\u00f3dik, \u00e9s piros hiba\u00fczenet jelenik meg\r\n                    if((captcha[0].value) != (tenyezo[0].innerHTML * 10)){\r\n                        jQuery('#message')[0].innerHTML = \"Add meg a helyes v\u00e1laszt.\";\r\n                        jQuery('#message')[0].style.color = \"red\";\r\n                        jQuery('#btn-submit').prop('disabled', true);\r\n                    }else{\r\n                        \/\/ha pedig j\u00f3t, akkor z\u00f6ld \"rendben\" felirat, \u00e9s el\u00e9rhet\u0151 lesz a submit gomb\r\n                        jQuery('#message')[0].innerHTML = \"Rendben.\";\r\n                        jQuery('#message')[0].style.color = \"green\";\r\n                        jQuery('#btn-submit').prop('disabled', false);\r\n                    }\r\n                });\r\n            });\r\n            <\/script>\r\n            -->\r\n        <\/div>\r\n    <\/div>\r\n\r\n    ","protected":false},"excerpt":{"rendered":"<p>1. A www.kerpel.sote.hu c\u00edmen el\u00e9rhet\u0151 honlapot a Semmelweis Egyetem Kerpel-Fronius \u00d6d\u00f6n Tehets\u00e9ggondoz\u00f3 Tan\u00e1csa (1089 Budapest, Nagyv\u00e1rad t\u00e9r 4) &#8211; a tov\u00e1bbiakban Tulajdonos- \u00fczemelteti. 2. A honlapon tal\u00e1lhat\u00f3 anyagok kiz\u00e1r\u00f3lag szem\u00e9lyes, nem kereskedelmi c\u00e9l\u00fa tanulm\u00e1nyoz\u00e1s\u00e1t \u00e9s let\u00f6lt\u00e9s\u00e9t enged\u00e9lyezi, azzal a felt\u00e9tellel, hogy \u00d6n az eredeti anyagokat vagy azok m\u00e1solatait \u00e9rint\u0151 szerz\u0151i jogokat \u00e9s a szellemi alkot\u00e1sokhoz &hellip;<\/p>\n","protected":false},"author":158,"featured_media":0,"parent":0,"menu_order":9,"comment_status":"closed","ping_status":"closed","template":"","meta":{"_acf_changed":false,"footnotes":""},"categories":[],"tags":[],"class_list":["post-18","page","type-page","status-publish","hentry"],"acf":[],"_links":{"self":[{"href":"https:\/\/semmelweis.hu\/kerpel\/wp-json\/wp\/v2\/pages\/18","targetHints":{"allow":["GET"]}}],"collection":[{"href":"https:\/\/semmelweis.hu\/kerpel\/wp-json\/wp\/v2\/pages"}],"about":[{"href":"https:\/\/semmelweis.hu\/kerpel\/wp-json\/wp\/v2\/types\/page"}],"author":[{"embeddable":true,"href":"https:\/\/semmelweis.hu\/kerpel\/wp-json\/wp\/v2\/users\/158"}],"replies":[{"embeddable":true,"href":"https:\/\/semmelweis.hu\/kerpel\/wp-json\/wp\/v2\/comments?post=18"}],"version-history":[{"count":1,"href":"https:\/\/semmelweis.hu\/kerpel\/wp-json\/wp\/v2\/pages\/18\/revisions"}],"predecessor-version":[{"id":3202,"href":"https:\/\/semmelweis.hu\/kerpel\/wp-json\/wp\/v2\/pages\/18\/revisions\/3202"}],"wp:attachment":[{"href":"https:\/\/semmelweis.hu\/kerpel\/wp-json\/wp\/v2\/media?parent=18"}],"wp:term":[{"taxonomy":"category","embeddable":true,"href":"https:\/\/semmelweis.hu\/kerpel\/wp-json\/wp\/v2\/categories?post=18"},{"taxonomy":"post_tag","embeddable":true,"href":"https:\/\/semmelweis.hu\/kerpel\/wp-json\/wp\/v2\/tags?post=18"}],"curies":[{"name":"wp","href":"https:\/\/api.w.org\/{rel}","templated":true}]}}