{"id":17,"date":"2019-05-08T00:00:00","date_gmt":"2019-05-07T22:00:00","guid":{"rendered":"http:\/\/test.semmelweis.hu\/kerpel\/oldalterkep\/"},"modified":"2022-11-04T14:46:07","modified_gmt":"2022-11-04T13:46:07","slug":"oldalterkep","status":"publish","type":"page","link":"https:\/\/semmelweis.hu\/kerpel\/oldalterkep\/","title":{"rendered":"Impresszum"},"content":{"rendered":"<h4><img loading=\"lazy\" decoding=\"async\" class=\"alignleft wp-image-3084 size-thumbnail\" src=\"https:\/\/semmelweis.hu\/kerpel\/files\/2021\/11\/Semmelweis_logo_Latin_COLOR_JPG-150x150.jpg\" alt=\"\" width=\"150\" height=\"150\" srcset=\"https:\/\/semmelweis.hu\/kerpel\/files\/2021\/11\/Semmelweis_logo_Latin_COLOR_JPG-150x150.jpg 150w, https:\/\/semmelweis.hu\/kerpel\/files\/2021\/11\/Semmelweis_logo_Latin_COLOR_JPG-400x400.jpg 400w, https:\/\/semmelweis.hu\/kerpel\/files\/2021\/11\/Semmelweis_logo_Latin_COLOR_JPG-1024x1024.jpg 1024w, https:\/\/semmelweis.hu\/kerpel\/files\/2021\/11\/Semmelweis_logo_Latin_COLOR_JPG-768x768.jpg 768w, https:\/\/semmelweis.hu\/kerpel\/files\/2021\/11\/Semmelweis_logo_Latin_COLOR_JPG-1536x1536.jpg 1536w, https:\/\/semmelweis.hu\/kerpel\/files\/2021\/11\/Semmelweis_logo_Latin_COLOR_JPG-753x753.jpg 753w, https:\/\/semmelweis.hu\/kerpel\/files\/2021\/11\/Semmelweis_logo_Latin_COLOR_JPG.jpg 1920w\" sizes=\"auto, (max-width: 150px) 100vw, 150px\" \/><span style=\"font-size: 14pt\">Kerpel-Fronius \u00d6d\u00f6n Tehets\u00e9ggondoz\u00f3 Program<\/span><\/h4>\n<p><span style=\"font-size: 12pt\"><span style=\"font-weight: bold\">C\u00edm:<\/span> 1089 Budapest, Nagyv\u00e1rad t\u00e9r 4<\/span><br \/>\n<span style=\"font-size: 12pt\">Nagyv\u00e1rad t\u00e9ri Elm\u00e9leti T\u00f6mbben az F4-es iroda.<\/span><br \/>\n<span style=\"font-size: 12pt\"><span style=\"font-weight: bold\">Telefon\/Fax:<\/span> 459-1500\/56352 mell\u00e9k <\/span><br \/>\n<span style=\"font-weight: bold;font-size: 12pt\">Email: <\/span><a href=\"mailto:tehetsegpont.se@gmail.com\"><span style=\"font-size: 12pt\">tehetsegpont.se@gmail.com<\/span><\/a><\/p>\n","protected":false},"excerpt":{"rendered":"<p>Kerpel-Fronius \u00d6d\u00f6n Tehets\u00e9ggondoz\u00f3 Program<br \/>\nC\u00edm: 1089 Budapest, Nagyv\u00e1rad t\u00e9r 4<br \/>\nNagyv\u00e1rad t\u00e9ri Elm\u00e9leti T\u00f6mbben az F4-es iroda.<br \/>\nTelefon\/Fax: 459-1500\/56352 mell\u00e9k<br \/>\nEmail: <a href=\"mailto:tehetsegpont.se@gmail.com\">tehetsegpont.se@gmail.com<\/a><\/p>\n","protected":false},"author":158,"featured_media":0,"parent":0,"menu_order":9,"comment_status":"closed","ping_status":"closed","template":"","meta":{"_acf_changed":false,"footnotes":""},"categories":[],"tags":[],"class_list":["post-17","page","type-page","status-publish","hentry"],"acf":[],"_links":{"self":[{"href":"https:\/\/semmelweis.hu\/kerpel\/wp-json\/wp\/v2\/pages\/17","targetHints":{"allow":["GET"]}}],"collection":[{"href":"https:\/\/semmelweis.hu\/kerpel\/wp-json\/wp\/v2\/pages"}],"about":[{"href":"https:\/\/semmelweis.hu\/kerpel\/wp-json\/wp\/v2\/types\/page"}],"author":[{"embeddable":true,"href":"https:\/\/semmelweis.hu\/kerpel\/wp-json\/wp\/v2\/users\/158"}],"replies":[{"embeddable":true,"href":"https:\/\/semmelweis.hu\/kerpel\/wp-json\/wp\/v2\/comments?post=17"}],"version-history":[{"count":4,"href":"https:\/\/semmelweis.hu\/kerpel\/wp-json\/wp\/v2\/pages\/17\/revisions"}],"predecessor-version":[{"id":3085,"href":"https:\/\/semmelweis.hu\/kerpel\/wp-json\/wp\/v2\/pages\/17\/revisions\/3085"}],"wp:attachment":[{"href":"https:\/\/semmelweis.hu\/kerpel\/wp-json\/wp\/v2\/media?parent=17"}],"wp:term":[{"taxonomy":"category","embeddable":true,"href":"https:\/\/semmelweis.hu\/kerpel\/wp-json\/wp\/v2\/categories?post=17"},{"taxonomy":"post_tag","embeddable":true,"href":"https:\/\/semmelweis.hu\/kerpel\/wp-json\/wp\/v2\/tags?post=17"}],"curies":[{"name":"wp","href":"https:\/\/api.w.org\/{rel}","templated":true}]}}