{"id":1107,"date":"2019-05-10T09:36:44","date_gmt":"2019-05-10T09:36:44","guid":{"rendered":"http:\/\/test.semmelweis.hu\/kerpel\/?page_id=1107"},"modified":"2019-05-10T09:36:44","modified_gmt":"2019-05-10T09:36:44","slug":"kerpel-nap","status":"publish","type":"page","link":"https:\/\/semmelweis.hu\/kerpel\/elismeresek\/kerpel-nap\/","title":{"rendered":"Kerpel Nap"},"content":{"rendered":"<p><strong>2011. december 8-\u00e1n megtartott Kerpel Napon Dr. Pr\u00f3kai \u00c1gnes \u00e9s Mihalik \u00c1goston kapta a Kerpel d\u00edjat.<\/strong><\/p>\n<p><a href=\"https:\/\/semmelweis.hu\/kerpel\/files\/2019\/05\/Kerpel_Djtad_2011.12.08..JPG.jpg\"><img loading=\"lazy\" decoding=\"async\" class=\"size-medium wp-image-516 alignleft\" src=\"https:\/\/semmelweis.hu\/kerpel\/files\/2019\/05\/Kerpel_Djtad_2011.12.08..JPG-300x199.jpg\" alt=\"\" width=\"300\" height=\"199\" srcset=\"https:\/\/semmelweis.hu\/kerpel\/files\/2019\/05\/Kerpel_Djtad_2011.12.08..JPG.jpg 300w, https:\/\/semmelweis.hu\/kerpel\/files\/2019\/05\/Kerpel_Djtad_2011.12.08..JPG-203x135.jpg 203w\" sizes=\"auto, (max-width: 300px) 100vw, 300px\" \/><\/a>A Bar\u00e1ti K\u00f6r \u00e1ltal t\u00e1mogatott elismer\u00e9sben azok r\u00e9szes\u00fclnek, akik a Kerpel-Fronius \u00d6d\u00f6n Tehets\u00e9ggondoz\u00f3 Program di\u00e1kjai \u00e9s kiv\u00e1l\u00f3 tudom\u00e1nyos \u00e9s k\u00f6z\u00e9leti tev\u00e9kenys\u00e9get folytatnak.<br \/>\nAz Igazs\u00e1g\u00fcgyi Orvostan\u00e9rt Alap\u00edtv\u00e1ny t\u00e1mogat\u00e1s\u00e1val a Kerpel-Fronius \u00d6d\u00f6n Tehets\u00e9ggondoz\u00f3 Tan\u00e1cs elismer\u0151 oklevel\u00e9t kiv\u00e1l\u00f3 tanulm\u00e1nyi \u00e9s tudom\u00e1nyos munk\u00e1juk mellett ny\u00fajtott magas sz\u00ednvonal\u00fa kultur\u00e1lis tev\u00e9kenys\u00e9g\u00fck\u00e9rt Dr. M\u00e9sz\u00e1ros Zsolt Szabolcs \u00e9s Orb\u00e1n Judit vehett\u00e9k \u00e1t.<\/p>\n","protected":false},"excerpt":{"rendered":"<p>2011. december 8-\u00e1n megtartott Kerpel Napon Dr. Pr\u00f3kai \u00c1gnes \u00e9s Mihalik \u00c1goston kapta a Kerpel d\u00edjat. <a href=\"https:\/\/semmelweis.hu\/kerpel\/files\/2019\/05\/Kerpel_Djtad_2011.12.08..JPG.jpg\"><\/a> A Bar\u00e1ti K\u00f6r \u00e1ltal t\u00e1mogatott elismer\u00e9sben azok r\u00e9szes\u00fclnek, akik a Kerpel-Fronius \u00d6d\u00f6n Tehets\u00e9ggondoz\u00f3 Program di\u00e1kjai \u00e9s kiv\u00e1l\u00f3 tudom\u00e1nyos \u00e9s k\u00f6z\u00e9leti tev\u00e9kenys\u00e9get folytatnak. Az Igazs\u00e1g\u00fcgyi Orvostan\u00e9rt Alap\u00edtv\u00e1ny t\u00e1mogat\u00e1s\u00e1val a Kerpel-Fronius \u00d6d\u00f6n Tehets\u00e9ggondoz\u00f3 Tan\u00e1cs elismer\u0151 oklevel\u00e9t kiv\u00e1l\u00f3 tanulm\u00e1nyi \u00e9s tudom\u00e1nyos munk\u00e1juk &hellip;<\/p>\n","protected":false},"author":158,"featured_media":0,"parent":1074,"menu_order":13,"comment_status":"closed","ping_status":"closed","template":"","meta":{"_acf_changed":false,"footnotes":""},"categories":[],"tags":[],"class_list":["post-1107","page","type-page","status-publish","hentry"],"acf":[],"_links":{"self":[{"href":"https:\/\/semmelweis.hu\/kerpel\/wp-json\/wp\/v2\/pages\/1107","targetHints":{"allow":["GET"]}}],"collection":[{"href":"https:\/\/semmelweis.hu\/kerpel\/wp-json\/wp\/v2\/pages"}],"about":[{"href":"https:\/\/semmelweis.hu\/kerpel\/wp-json\/wp\/v2\/types\/page"}],"author":[{"embeddable":true,"href":"https:\/\/semmelweis.hu\/kerpel\/wp-json\/wp\/v2\/users\/158"}],"replies":[{"embeddable":true,"href":"https:\/\/semmelweis.hu\/kerpel\/wp-json\/wp\/v2\/comments?post=1107"}],"version-history":[{"count":0,"href":"https:\/\/semmelweis.hu\/kerpel\/wp-json\/wp\/v2\/pages\/1107\/revisions"}],"up":[{"embeddable":true,"href":"https:\/\/semmelweis.hu\/kerpel\/wp-json\/wp\/v2\/pages\/1074"}],"wp:attachment":[{"href":"https:\/\/semmelweis.hu\/kerpel\/wp-json\/wp\/v2\/media?parent=1107"}],"wp:term":[{"taxonomy":"category","embeddable":true,"href":"https:\/\/semmelweis.hu\/kerpel\/wp-json\/wp\/v2\/categories?post=1107"},{"taxonomy":"post_tag","embeddable":true,"href":"https:\/\/semmelweis.hu\/kerpel\/wp-json\/wp\/v2\/tags?post=1107"}],"curies":[{"name":"wp","href":"https:\/\/api.w.org\/{rel}","templated":true}]}}