{"id":11,"date":"2019-05-08T00:00:00","date_gmt":"2019-05-08T00:00:00","guid":{"rendered":"http:\/\/test.semmelweis.hu\/kerpel\/tehetseggondozo_program\/"},"modified":"2025-01-14T15:58:25","modified_gmt":"2025-01-14T14:58:25","slug":"tehetseggondozo_program","status":"publish","type":"page","link":"https:\/\/semmelweis.hu\/kerpel\/kapcsolat\/tehetseggondozo_program\/","title":{"rendered":"El\u00e9rhet\u0151s\u00e9g"},"content":{"rendered":"<p><b>Kerpel-Fronius \u00d6d\u00f6n Tehets\u00e9ggondoz\u00f3 Program<\/b><\/p>\n<p>Tehets\u00e9gpont irod\u00e1ja: 1089. Budapest Nagyv\u00e1rad t\u00e9r 4. Nagyv\u00e1rad t\u00e9ri Elm\u00e9leti T\u00f6mb <b>(NET) Hallgat\u00f3i Centrum.<br \/>\nbels\u0151 mell\u00e9k : 56352<\/b><\/p>\n<p>Eln\u00f6k:<br \/>\nDr. Szab\u00f3 Attila<br \/>\nGyermekgy\u00f3gy\u00e1szati Klinika<\/p>\n<p>Titk\u00e1r:<br \/>\nDr. Kiss Andr\u00e1s<br \/>\nPatol\u00f3giai, Igazs\u00e1g\u00fcgyi \u00e9s Biztos\u00edt\u00e1si Orvostani Int\u00e9zet<\/p>\n<p>Koordin\u00e1tor:<\/p>\n<p>Szluka Be\u00e1ta<br \/>\n<a href=\"mailto:kerpel.iroda@semmelweis.hu\">kerpel.iroda@semmelweis.hu<\/a><br \/>\n<a href=\"mailto:office.kerpel@gmail.com\">office.kerpel@gmail.com<\/a> <br \/>\nmunkahelyi: +36-20\/825-05-22<\/p>\n<p>Titk\u00e1rs\u00e1gi szak\u00e9rt\u0151:<\/p>\n<p>Moln\u00e1rn\u00e9 M\u00f3zsik Erika<br \/>\n<a href=\"mailto:kerpel.iroda@semmelweis.hu\">kerpel.iroda@semmelweis.hu<\/a><br \/>\n<a href=\"mailto:office.kerpel@gmail.com\">office.kerpel@gmail.com<\/a> <br \/>\nmunkahelyi: +36 20\/670-1581<\/p>\n<p>Honlapszerkeszt\u0151 (a Program hallgat\u00f3ja):<br \/>\nKoll\u00e1r Krist\u00f3f<\/p>\n<p>&nbsp;<\/p>\n<p><a href=\"https:\/\/semmelweis.hu\/kerpel\/kapcsolat\/igazolas\/\">Igazol\u00e1s ig\u00e9nyl\u00e9se<\/a><\/p>\n","protected":false},"excerpt":{"rendered":"<p>Kerpel-Fronius \u00d6d\u00f6n Tehets\u00e9ggondoz\u00f3 Program Tehets\u00e9gpont irod\u00e1ja: 1089. Budapest Nagyv\u00e1rad t\u00e9r 4. Nagyv\u00e1rad t\u00e9ri Elm\u00e9leti T\u00f6mb (NET) Hallgat\u00f3i Centrum. bels\u0151 mell\u00e9k : 56352 Eln\u00f6k: Dr. Szab\u00f3 Attila Gyermekgy\u00f3gy\u00e1szati Klinika Titk\u00e1r: Dr. Kiss Andr\u00e1s Patol\u00f3giai, Igazs\u00e1g\u00fcgyi \u00e9s Biztos\u00edt\u00e1si Orvostani Int\u00e9zet Koordin\u00e1tor: Szluka Be\u00e1ta <a href=\"mailto:kerpel.iroda@semmelweis.hu\">kerpel.iroda@semmelweis.hu<\/a> <a href=\"mailto:office.kerpel@gmail.com\">office.kerpel@gmail.com<\/a> munkahelyi: +36-20\/825-05-22 Titk\u00e1rs\u00e1gi szak\u00e9rt\u0151: Moln\u00e1rn\u00e9 M\u00f3zsik Erika <a href=\"mailto:kerpel.iroda@semmelweis.hu\">kerpel.iroda@semmelweis.hu<\/a> <a href=\"mailto:office.kerpel@gmail.com\">office.kerpel@gmail.com<\/a> munkahelyi: +36 20\/670-1581 Honlapszerkeszt\u0151 (a Program hallgat\u00f3ja): &hellip;<\/p>\n","protected":false},"author":158,"featured_media":0,"parent":979,"menu_order":1,"comment_status":"closed","ping_status":"closed","template":"","meta":{"_acf_changed":false,"footnotes":""},"categories":[],"tags":[],"class_list":["post-11","page","type-page","status-publish","hentry"],"acf":[],"_links":{"self":[{"href":"https:\/\/semmelweis.hu\/kerpel\/wp-json\/wp\/v2\/pages\/11","targetHints":{"allow":["GET"]}}],"collection":[{"href":"https:\/\/semmelweis.hu\/kerpel\/wp-json\/wp\/v2\/pages"}],"about":[{"href":"https:\/\/semmelweis.hu\/kerpel\/wp-json\/wp\/v2\/types\/page"}],"author":[{"embeddable":true,"href":"https:\/\/semmelweis.hu\/kerpel\/wp-json\/wp\/v2\/users\/158"}],"replies":[{"embeddable":true,"href":"https:\/\/semmelweis.hu\/kerpel\/wp-json\/wp\/v2\/comments?post=11"}],"version-history":[{"count":10,"href":"https:\/\/semmelweis.hu\/kerpel\/wp-json\/wp\/v2\/pages\/11\/revisions"}],"predecessor-version":[{"id":3511,"href":"https:\/\/semmelweis.hu\/kerpel\/wp-json\/wp\/v2\/pages\/11\/revisions\/3511"}],"up":[{"embeddable":true,"href":"https:\/\/semmelweis.hu\/kerpel\/wp-json\/wp\/v2\/pages\/979"}],"wp:attachment":[{"href":"https:\/\/semmelweis.hu\/kerpel\/wp-json\/wp\/v2\/media?parent=11"}],"wp:term":[{"taxonomy":"category","embeddable":true,"href":"https:\/\/semmelweis.hu\/kerpel\/wp-json\/wp\/v2\/categories?post=11"},{"taxonomy":"post_tag","embeddable":true,"href":"https:\/\/semmelweis.hu\/kerpel\/wp-json\/wp\/v2\/tags?post=11"}],"curies":[{"name":"wp","href":"https:\/\/api.w.org\/{rel}","templated":true}]}}