{"id":1074,"date":"2019-05-10T08:42:26","date_gmt":"2019-05-10T06:42:26","guid":{"rendered":"http:\/\/test.semmelweis.hu\/kerpel\/?page_id=1074"},"modified":"2022-11-04T14:50:08","modified_gmt":"2022-11-04T13:50:08","slug":"elismeresek","status":"publish","type":"page","link":"https:\/\/semmelweis.hu\/kerpel\/elismeresek\/","title":{"rendered":"Elismer\u00e9sek"},"content":{"rendered":"<p><strong>D\u00e9k\u00e1ny Lea hallgat\u00f3nk k\u00fcl\u00f6nd\u00edjat nyert a Felfedezetteink 2019 p\u00e1ly\u00e1zat\u00e1n<\/strong> (2019. m\u00e1rcius 8.)<br \/>\n&#8222;\u201eS\u00e1rospatak ifj\u00fa g\u00e9niusza -a t\u00e1nc, a fest\u00e9szet, term\u00e9szettudom\u00e1nyok virtu\u00f3za\u201d c\u00edmet visel\u0151 aj\u00e1nl\u00e1s\u00e1ban bemutatott D\u00e9k\u00e1ny Lea fiatal eredm\u00e9nyeit kiemelked\u0151en magas sz\u00ednvonal\u00fanak tal\u00e1lta, \u00e9s sz\u00e1m\u00e1ra k\u00fcl\u00f6nd\u00edjat \u00edt\u00e9lt meg. &#8222;<\/p>\n<p><a href=\"https:\/\/semmelweis.hu\/kerpel\/150-479350\/\"><strong>B\u0151vebben \u00bb<\/strong><\/a><\/p>\n<hr \/>\n<p><strong>Benke K\u00e1lm\u00e1nnak cikke jelent meg a Thrombosis and Haemostasis lapban (IF: 5,76) <\/strong>(2015. j\u00falius 12.)<br \/>\nBenke K\u00e1lm\u00e1nnak a Thrombosis and Haemostasis \u00fajs\u00e1gban jelent meg cikke.<\/p>\n<p><a href=\"https:\/\/semmelweis.hu\/kerpel\/150-47138\/\"><strong>B\u0151vebben \u00bb<\/strong><\/a><\/p>\n<hr \/>\n<p><strong>Legfrissebb Kerpeles elismer\u00e9sek<\/strong> (2015. m\u00e1jus 7.)<br \/>\nKellermayer Dalma Lucia, Dr. T\u00f3th-Vajna Gergely \u00e9s az Astellas Pharma Kft. tavaszi sikerei.<\/p>\n<p><a href=\"https:\/\/semmelweis.hu\/kerpel\/150-47054\/\"><strong>B\u0151vebben \u00bb<\/strong><\/a><\/p>\n<hr \/>\n<p><strong>A k\u00f6zelm\u00falt Kerpeles sikerei<\/strong> (2014. 12. 29.)<br \/>\nGara Edit \u00e9s Benke K\u00e1lm\u00e1n eredm\u00e9nyei<\/p>\n<p><a href=\"https:\/\/semmelweis.hu\/kerpel\/150-46772\/\"><strong>B\u0151vebben \u00bb<\/strong><\/a><\/p>\n<hr \/>\n<p><strong>A m\u00e1rcius 15.-i \u00fcnneps\u00e9gen elismer\u00e9st kapott kerpeles hallgat\u00f3k<\/strong> ()<\/p>\n<p><a href=\"https:\/\/semmelweis.hu\/kerpel\/150-44359\/\"><strong>B\u0151vebben \u00bb<\/strong><\/a><\/p>\n<hr \/>\n<p><strong>Kerpelesek eredm\u00e9nyei a 2013. \u00e9vi egyetemi TDK-konferenci\u00e1n<\/strong> ()<\/p>\n<p><a href=\"https:\/\/semmelweis.hu\/kerpel\/150-44358\/\"><strong>B\u0151vebben \u00bb<\/strong><\/a><\/p>\n<hr \/>\n<p><strong>Kerpeles siker a Semmelweis International Student&#8217;s Conference 2013-on<\/strong> (2013. febru\u00e1r 21.)<\/p>\n<p><a href=\"https:\/\/semmelweis.hu\/kerpel\/150-44101\/\"><strong>B\u0151vebben \u00bb<\/strong><\/a><\/p>\n<hr \/>\n<p><strong>Tudom\u00e1nyos Di\u00e1kk\u00f6ri Konferencia sikerei a Kerpelesek k\u00f6r\u00e9ben<\/strong> (2013. febru\u00e1r 14.)<br \/>\nAz idei TDK Konferenci\u00e1t 2013. febru\u00e1r 13-14-\u00e9n rendezt\u00e9k meg a Semmelweis Egyetemen. A rendezv\u00e9nyen hat Kerpeles hallgat\u00f3 kapott &#8222;Semmelweis Egyetem Kiv\u00e1l\u00f3 Di\u00e1kk\u00f6r\u00f6se&#8221; elismer\u00e9st.<\/p>\n<p><a href=\"https:\/\/semmelweis.hu\/kerpel\/150-44047\/\"><strong>B\u0151vebben \u00bb<\/strong><\/a><\/p>\n<hr \/>\n<p><strong>Gy\u00f6rgy Bence a Kerpel-Fronius \u00d6d\u00f6n Tehets\u00e9ggondoz\u00f3 Program di\u00e1kja a Semmelweis Egyetem Bar\u00e1ti K\u00f6r\u00e9nek Doktorandusz Kiv\u00e1l\u00f3s\u00e1gi D\u00edj\u00e1t kapta. Gratul\u00e1lunk!<\/strong> (2012. okt\u00f3ber 30.)<\/p>\n<p><a href=\"https:\/\/semmelweis.hu\/kerpel\/150-43269\/\"><strong>B\u0151vebben \u00bb<\/strong><\/a><\/p>\n<hr \/>\n<p><strong>Cser\u00e9p Csaba a PhD Tudom\u00e1nyos Napokon elismer\u00e9sben r\u00e9szes\u00fclt<\/strong> (2012.04.13.)<br \/>\nA \u201ePhD Tudom\u00e1nyos Napok 2012\u201d \u00e1prilis 12-13-\u00e1n ker\u00fclt megrendez\u00e9sre a Nagyv\u00e1rad t\u00e9ri Elm\u00e9leti T\u00f6mbben. A konferencia keret\u00e9ben ny\u00fajtott kiemelked\u0151 szerepl\u00e9s\u00e9\u00e9rt Cser\u00e9p Csaba, a Szent\u00e1gothai J\u00e1nos Idegtudom\u00e1nyi Doktori Iskola hallgat\u00f3ja&#8230;<\/p>\n<p><a href=\"https:\/\/semmelweis.hu\/kerpel\/150-41920\/\"><strong>B\u0151vebben \u00bb<\/strong><\/a><\/p>\n<hr \/>\n<p><strong>Sch\u00e4fer Betti doktori fokozatot szerzett, majd heidelebergi poszt-doktori \u00f6szt\u00f6nd\u00edjat nyert.<\/strong> (2012.02.17.)<br \/>\nSch\u00e4fer Betti n\u00e9met doktori fokozat\u00e1nak megszerz\u00e9se ut\u00e1n elnyerte a heidelbergi Ruprecht- Karls Egyetem 2 \u00e9ves poszt-doktori \u00f6szt\u00f6nd\u00edj\u00e1t.<\/p>\n<p><a href=\"https:\/\/semmelweis.hu\/kerpel\/150-40111\/\"><strong>B\u0151vebben \u00bb<\/strong><\/a><\/p>\n<hr \/>\n<p><strong>A 2012-es TDK konferenci\u00e1n is sz\u00e1mos d\u00edjat hoztak el Kerpeles hallgat\u00f3k<\/strong> (2012.02.15-17.)<br \/>\nAz idei TDK konferenci\u00e1n sz\u00e1mos d\u00edjjal jutalmaztak t\u00f6bb Kerpeles hallgat\u00f3t. A d\u00edjazottak k\u00f6z\u00f6tt szerepel Trimmel B\u00e1lint, Husz\u00e1r Istv\u00e1n Norbert, Het\u00e9nyi Gergely, Egerv\u00e1ri G\u00e1bor, Horv\u00e1th N. Orsolya, Kolonics Ferenc, Tihanyi Benedek, Gara&#8230;<\/p>\n<p><a href=\"https:\/\/semmelweis.hu\/kerpel\/150-40646\/\"><strong>B\u0151vebben \u00bb<\/strong><\/a><\/p>\n<hr \/>\n<p><strong>Kerpel Nap<\/strong> (2011.12.12.)<br \/>\n2011. december 8-\u00e1n megtartott Kerpel Napon Dr. Pr\u00f3kai \u00c1gnes \u00e9s Mihalik \u00c1goston kapta a Kerpel d\u00edjat.<\/p>\n<p><a href=\"https:\/\/semmelweis.hu\/kerpel\/kerpel-nap\/\"><strong>B\u0151vebben \u00bb<\/strong><\/a><\/p>\n<hr \/>\n<p><strong>N\u00e9gyesi J\u00e1nos d\u00edjazott a moszkvai Students and Young Scientists konferenci\u00e1n.<\/strong> (2011.12.01.)<br \/>\nN\u00e9gyesi J\u00e1nos PhD hallgat\u00f3 a Moszkv\u00e1ban 2011 november\u00e9ben megrendez\u00e9sre ker\u00fclt VI. International Scientific Conference of Students and Young Scientists konferenci\u00e1n els\u0151 helyez\u00e9st \u00e9rt el a Medical and Biological Aspects of Physical&#8230;<\/p>\n<p><a href=\"https:\/\/semmelweis.hu\/kerpel\/150-40108\/\"><strong>B\u0151vebben \u00bb<\/strong><\/a><\/p>\n<hr \/>\n<p><strong>Kerpelesek a Pro Scientia Arany\u00e9rmesek k\u00f6z\u00f6tt.<\/strong> (2011.11.24.)<br \/>\nA 2011. \u00e9v Pro Scientia Arany\u00e9rmes kit\u00fcntetettjei: Marosi Attila SE GYTK V. az Orvos- \u00e9s Eg\u00e9szs\u00e9gtudom\u00e1nyi Szekci\u00f3ban valamint Lasztovicza D\u00f3ra SE TF V. (MSc) \u00e9s N\u00e9gyesi J\u00e1nos SE TF II. (MSc)<\/p>\n<p><a href=\"https:\/\/semmelweis.hu\/kerpel\/150-40113\/\"><strong>B\u0151vebben \u00bb<\/strong><\/a><\/p>\n<hr \/>\n<p><strong>Mihalik \u00c1goston cikke a PLoS Computational Biology foly\u00f3iratban.<\/strong> (2011.10.14.)<br \/>\nMegjelent Mihalik \u00c1goston VI. \u00e9ves \u00c1OK hallgat\u00f3 els\u0151szerz\u0151s cikke a PLoS Computational Biology foly\u00f3iratban \u201eHeat shock partially dissociates the overlapping modules of the yeast protein-protein interaction network: a systems level model of&#8230;<\/p>\n<p><a href=\"https:\/\/semmelweis.hu\/kerpel\/150-40114\/\"><strong>B\u0151vebben \u00bb<\/strong><\/a><\/p>\n<hr \/>\n<p><strong>Kolonics Ferenc az Amerikai Magyar Orvossz\u00f6vets\u00e9g Balatonf\u00fcredi konferenci\u00e1j\u00e1n<\/strong> (2011.08.19-20.)<br \/>\nKolonics Ferenc sikeres el\u0151ad\u00e1st tartott az Amerikai Magyar Orvossz\u00f6vets\u00e9g Balatonf\u00fcredi konferenci\u00e1j\u00e1n az \u00c9lettan-k\u00f3r\u00e9lettan szekci\u00f3szekci\u00f3ban, \u201eEffect of septic tissue environment on neutrophil granulocytes\u201d c\u00edmmel.<\/p>\n<p><a href=\"https:\/\/semmelweis.hu\/kerpel\/150-40645\/\"><strong>B\u0151vebben \u00bb<\/strong><\/a><\/p>\n<hr \/>\n<p><strong>Review megjelen\u00e9se Dunai Zsuzsann\u00e1nak.<\/strong> (2011.07.22. )<br \/>\nEls\u0151szerz\u0151s review-ja jelent meg Dunai Zsuzsann\u00e1nak a Pathology Oncology Research foly\u00f3iratban \u201eNecroptosis Biochemical, Physiological and Pathological Aspects\u201d c\u00edmmel.<\/p>\n<p><a href=\"https:\/\/semmelweis.hu\/kerpel\/150-40110\/\"><strong>B\u0151vebben \u00bb<\/strong><\/a><\/p>\n<hr \/>\n<p><strong>Fr\u00f6hlich Georgina II. helyezett a Magyar Sug\u00e1rter\u00e1pi\u00e1s T\u00e1rsas\u00e1g X. kongresszus\u00e1n.<\/strong> (2011.05.20-22.)<br \/>\nFr\u00f6hlich Georgina a Magyar Sug\u00e1rter\u00e1pi\u00e1s T\u00e1rsas\u00e1g X. kongresszus\u00e1n a Fiatal El\u0151ad\u00f3i D\u00edj II. helyezettje lett a k\u00f6vetkez\u0151 el\u0151ad\u00e1ssal: Fr\u00f6hlich G, Major T, Polg\u00e1r Cs. \u201eDozimetriai param\u00e9terek \u00e9s k\u00e9s\u0151i mell\u00e9khat\u00e1sok k\u00f6z\u00f6tti \u00f6sszef\u00fcgg\u00e9sek&#8230;<\/p>\n<p><a href=\"https:\/\/semmelweis.hu\/kerpel\/150-40204\/\"><strong>B\u0151vebben \u00bb<\/strong><\/a><\/p>\n<hr \/>\n<p><strong>Sikerek a XXX. Jubileumi OTDK Testnevel\u00e9s- \u00e9s Sporttudom\u00e1nyi Szekci\u00f3j\u00e1ban.<\/strong> (2011.04.17.)<br \/>\nMarton Orsolya PhD hallgat\u00f3 a 2011. \u00e1prilis 14-16. k\u00f6z\u00f6tt megrendez\u00e9sre ker\u00fcl\u0151 XXX. Jubileumi Orsz\u00e1gos Tudom\u00e1nyos Di\u00e1kk\u00f6ri Konferencia Testnevel\u00e9s- \u00e9s Sporttudom\u00e1nyi Szekci\u00f3j\u00e1ban III. helyez\u00e9st \u00e9rt el. Dolgozat\u00e1nak c\u00edme: A Sirtuin vez\u00e9relt&#8230;<\/p>\n<p><a href=\"https:\/\/semmelweis.hu\/kerpel\/150-40106\/\"><strong>B\u0151vebben \u00bb<\/strong><\/a><\/p>\n<hr \/>\n<p><strong>T\u00e1rnoki \u00c1d\u00e1m \u00e9s D\u00e1vid sikerei az SE PhD Tudom\u00e1nyos Napok konferenci\u00e1n.<\/strong> (2011.04.14-15.)<br \/>\nT\u00e1rnoki \u00c1d\u00e1m \u00e9s D\u00e1vid szakorvos-jel\u00f6ltek, PhD hallgat\u00f3k 2011-ben elnyert\u00e9k a legjobb el\u0151ad\u00e1s d\u00edjat a Semmelweis Egyetem PhD Tudom\u00e1nyos Napok konferenci\u00e1n.<\/p>\n<p><a href=\"https:\/\/semmelweis.hu\/kerpel\/150-40109\/\"><strong>B\u0151vebben \u00bb<\/strong><\/a><\/p>\n<hr \/>\n<p><strong>Kov\u00e1cs Hajnal Anna 1. helyezett az Orvos-, Fogorvos- \u00e9s Gy\u00f3gyszer\u00e9sztudom\u00e1nyi Di\u00e1kk\u00f6ri Konferenci\u00e1n.<\/strong> (2011.02.16-18.)<br \/>\nKov\u00e1cs Hajnal Anna a 2011-es Orvos-, Fogorvos \u00e9s Gy\u00f3gyszer\u00e9sztudom\u00e1nyi Di\u00e1kk\u00f6ri Konferenci\u00e1n 1. helyez\u00e9st \u00e9rt el \u201eA peroxidazin r\u00f6vid izoform\u00e1j\u00e1nak jellemz\u00e9se\u201d c\u00edm\u0171 el\u0151ad\u00e1s\u00e1val, valamint t\u00e1rsszerz\u0151je volt a Magyar \u00c9lettani T\u00e1rsas\u00e1g LXXV&#8230;.<\/p>\n<p><a href=\"https:\/\/semmelweis.hu\/kerpel\/150-40203\/\"><strong>B\u0151vebben \u00bb<\/strong><\/a><\/p>\n<hr \/>\n<p><strong>Cser\u00e9p Csaba tanulm\u00e1nya a Cerebral Cortex foly\u00f3iratban.<\/strong> (2011.02.01.)<br \/>\nMegjelent a Cerebral Cortex nev\u0171 nemzetk\u00f6zi idegtudom\u00e1nyi foly\u00f3iratban Cser\u00e9p Csaba els\u0151szerz\u0151s\u00e9g\u00e9vel a \u201eNitric oxide signaling modulates synaptic transmission during early postnatal development&#8221; c. tanulm\u00e1ny. A szerz\u0151k kimutatt\u00e1k a&#8230;<\/p>\n<p><a href=\"https:\/\/semmelweis.hu\/kerpel\/150-40112\/\"><strong>B\u0151vebben \u00bb<\/strong><\/a><\/p>\n<hr \/>\n<p><strong>Sikeres p\u00e1ly\u00e1zat<\/strong> (2011.01.04.)<br \/>\n2011. janu\u00e1ri Oktat\u00e1s\u00e9rt K\u00f6zalap\u00edtv\u00e1ny p\u00e1ly\u00e1zat\u00e1n a Kerpel Fronius \u00d6d\u00f6n Tehets\u00e9ggondoz\u00f3 Program keret\u00e9ben hallgat\u00f3ink kutat\u00e1si tervet ny\u00fajtottak be, melyen sikeres elb\u00edr\u00e1l\u00e1sban r\u00e9szes\u00fclt\u00fcnk. Ennek eredm\u00e9nyek\u00e9nt a k\u00f6vetkez\u0151 hallgat\u00f3k&#8230;<\/p>\n<p><a href=\"https:\/\/semmelweis.hu\/kerpel\/elismeres_2012_jan_16\/\"><strong>B\u0151vebben \u00bb<\/strong><\/a><\/p>\n<hr \/>\n<p><strong>Kerpel Eml\u00e9kplakettet kapott k\u00e9t hallgat\u00f3nk<\/strong> (2010.12.10.)<br \/>\n2010-ben Kerpel Eml\u00e9kplakettet kapott hallgat\u00f3ink k\u00f6z\u00fcl Fr\u00f6hlich Georgina \u00e9s Toldi Gergely. A d\u00edj \u00e1tad\u00e1s\u00e1ra 2010. dec. 10-\u00e9n ker\u00fclt sor a Kerpel Nap keret\u00e9ben.<\/p>\n<p><a href=\"https:\/\/semmelweis.hu\/kerpel\/150-39835\/\"><strong>B\u0151vebben \u00bb<\/strong><\/a><\/p>\n<hr \/>\n<p><strong>Kolonics Ferenc a kardiol\u00f3giai tanulm\u00e1nyi verseny els\u0151 helyezettje.<\/strong> (2010.12.06.)<br \/>\nKolonics Ferenc V. \u00e9ves \u00c1OK hallgat\u00f3 a Semmelweis Egyetem Kardiol\u00f3giai Klinika kardiol\u00f3gia tanulm\u00e1nyi verseny\u00e9n els\u0151 helyez\u00e9st \u00e9rt el a 2010\/2011-es tan\u00e9vben!<\/p>\n<p><a href=\"https:\/\/semmelweis.hu\/kerpel\/150-40107\/\"><strong>B\u0151vebben \u00bb<\/strong><\/a><\/p>\n<hr \/>\n<p><strong>Kerpelesek cikke jelent meg a Science magazinban<\/strong> (2009.06.24.)<br \/>\nMegjelent a Science-ben az a cikk, amiben k\u00e9t kerpeles hallgat\u00f3nk is szerepel: Domonkos Andor \u00e9s Hangya Bal\u00e1zs.<\/p>\n<p><a href=\"https:\/\/semmelweis.hu\/kerpel\/kerpelesek_a_science_magazinban\/\"><strong>B\u0151vebben \u00bb<\/strong><\/a><\/p>\n<hr \/>\n<p><strong>Elismer\u00e9s Dunai Zsuzsann\u00e1nak <\/strong>(2009.03.30-31)<br \/>\nA &#8222;PhD Tudom\u00e1nyos Napok 2009&#8221; keret\u00e9ben ny\u00fajtott kiemelked\u0151 szerepl\u00e9s\u00e9\u00e9rt d\u00edcs\u00e9retben \u00e9s jutalomban r\u00e9szes\u00fclt Dunai Zsuzsanna. A bemutatott poster a grazi munk\u00e1ja eredm\u00e9nyeit foglalja \u00f6ssze, melyet Erasmus \u00f6szt\u00f6nd\u00edjask\u00e9nt v\u00e9gezhetett.<\/p>\n<p><a href=\"https:\/\/semmelweis.hu\/kerpel\/elismeres_dunai_zsuzsannanak\/\"><strong>B\u0151vebben \u00bb<\/strong><\/a><\/p>\n<hr \/>\n","protected":false},"excerpt":{"rendered":"<p>D\u00e9k\u00e1ny Lea hallgat\u00f3nk k\u00fcl\u00f6nd\u00edjat nyert a Felfedezetteink 2019 p\u00e1ly\u00e1zat\u00e1n (2019. m\u00e1rcius 8.) &#8222;\u201eS\u00e1rospatak ifj\u00fa g\u00e9niusza -a t\u00e1nc, a fest\u00e9szet, term\u00e9szettudom\u00e1nyok virtu\u00f3za\u201d c\u00edmet visel\u0151 aj\u00e1nl\u00e1s\u00e1ban bemutatott D\u00e9k\u00e1ny Lea fiatal eredm\u00e9nyeit kiemelked\u0151en magas sz\u00ednvonal\u00fanak tal\u00e1lta, \u00e9s sz\u00e1m\u00e1ra k\u00fcl\u00f6nd\u00edjat \u00edt\u00e9lt meg. &#8222; <a href=\"https:\/\/semmelweis.hu\/kerpel\/150-479350\/\">B\u0151vebben \u00bb<\/a> Benke K\u00e1lm\u00e1nnak cikke jelent meg a Thrombosis and Haemostasis lapban (IF: 5,76) (2015. j\u00falius 12.) Benke &hellip;<\/p>\n","protected":false},"author":158,"featured_media":0,"parent":0,"menu_order":5,"comment_status":"closed","ping_status":"closed","template":"","meta":{"_acf_changed":false,"footnotes":""},"categories":[],"tags":[],"class_list":["post-1074","page","type-page","status-publish","hentry"],"acf":[],"_links":{"self":[{"href":"https:\/\/semmelweis.hu\/kerpel\/wp-json\/wp\/v2\/pages\/1074","targetHints":{"allow":["GET"]}}],"collection":[{"href":"https:\/\/semmelweis.hu\/kerpel\/wp-json\/wp\/v2\/pages"}],"about":[{"href":"https:\/\/semmelweis.hu\/kerpel\/wp-json\/wp\/v2\/types\/page"}],"author":[{"embeddable":true,"href":"https:\/\/semmelweis.hu\/kerpel\/wp-json\/wp\/v2\/users\/158"}],"replies":[{"embeddable":true,"href":"https:\/\/semmelweis.hu\/kerpel\/wp-json\/wp\/v2\/comments?post=1074"}],"version-history":[{"count":2,"href":"https:\/\/semmelweis.hu\/kerpel\/wp-json\/wp\/v2\/pages\/1074\/revisions"}],"predecessor-version":[{"id":3204,"href":"https:\/\/semmelweis.hu\/kerpel\/wp-json\/wp\/v2\/pages\/1074\/revisions\/3204"}],"wp:attachment":[{"href":"https:\/\/semmelweis.hu\/kerpel\/wp-json\/wp\/v2\/media?parent=1074"}],"wp:term":[{"taxonomy":"category","embeddable":true,"href":"https:\/\/semmelweis.hu\/kerpel\/wp-json\/wp\/v2\/categories?post=1074"},{"taxonomy":"post_tag","embeddable":true,"href":"https:\/\/semmelweis.hu\/kerpel\/wp-json\/wp\/v2\/tags?post=1074"}],"curies":[{"name":"wp","href":"https:\/\/api.w.org\/{rel}","templated":true}]}}