{"id":10,"date":"2019-05-08T00:00:00","date_gmt":"2019-05-07T22:00:00","guid":{"rendered":"http:\/\/test.semmelweis.hu\/kerpel\/partner_kozepiskolak\/"},"modified":"2022-11-04T14:45:33","modified_gmt":"2022-11-04T13:45:33","slug":"partner_kozepiskolak","status":"publish","type":"page","link":"https:\/\/semmelweis.hu\/kerpel\/partner_kozepiskolak\/","title":{"rendered":"Partner k\u00f6z\u00e9piskol\u00e1k"},"content":{"rendered":"<p style=\"text-align: justify;\">Az egyetemnek a legkiv\u00e1l\u00f3bb hallgat\u00f3it ad\u00f3, illetve legjobb k\u00f6z\u00e9piskol\u00e1kra kiterjed\u0151 \u201eoutreach\u201d tev\u00e9kenys\u00e9ge.<\/p>\n<p style=\"text-align: justify;\">Az egyetem a felv\u00e9teli pontsz\u00e1mok, a tanulm\u00e1nyi eredm\u00e9nyek \u00e9s a TDK munka \u00e9rt\u00e9kel\u00e9s\u00e9vel \u00e9vente felm\u00e9ri, hogy mely k\u00f6z\u00e9piskol\u00e1kb\u00f3l \u00e9rkeznek az egyetemre a legjobb hallgat\u00f3k. Ezen inform\u00e1ci\u00f3 \u00e9s a k\u00f6z\u00e9piskol\u00e1k rangsorai alapj\u00e1n az egyetem szempontj\u00e1b\u00f3l k\u00fcl\u00f6n\u00f6sen figyelemre m\u00e9lt\u00f3 k\u00f6z\u00e9piskol\u00e1kr\u00f3l egy \u201etarget-list\u00e1t\u201d k\u00e9sz\u00edt. Ezen k\u00f6z\u00e9piskol\u00e1kkal az egyetem szervezett kapcsolatot \u00e9p\u00edt ki. Ennek keret\u00e9ben az egyetem mozg\u00f3s\u00edtja legkiv\u00e1l\u00f3bb oktat\u00f3it \u00e9s kutat\u00f3it, hogy e k\u00f6z\u00e9piskol\u00e1kban figyelemfelkelt\u0151, tudom\u00e1nyter\u00fclet\u00fcket \u00e9s az egyetemet n\u00e9pszer\u0171s\u00edt\u0151 el\u0151ad\u00e1sokat tartsanak. A kiv\u00e1lasztott k\u00f6z\u00e9piskol\u00e1kat az egyetem folyamatos inform\u00e1ci\u00f3kkal l\u00e1tja el (egyetemi \u00fajs\u00e1gok, web-oldalak \u00f6sszekapcsol\u00e1sa, \u00e9rdekl\u0151d\u0151 kiv\u00e1l\u00f3 k\u00f6z\u00e9piskol\u00e1s di\u00e1kok azonos\u00edt\u00e1sa, sz\u00e1mukra rendszeres elektronikus h\u00edrlevelek k\u00fcld\u00e9se) \u00e9s sz\u00e1mukra speci\u00e1lis nyitott napokat tart.<\/p>\n","protected":false},"excerpt":{"rendered":"<p>Az egyetemnek a legkiv\u00e1l\u00f3bb hallgat\u00f3it ad\u00f3, illetve legjobb k\u00f6z\u00e9piskol\u00e1kra kiterjed\u0151 \u201eoutreach\u201d tev\u00e9kenys\u00e9ge. Az egyetem a felv\u00e9teli pontsz\u00e1mok, a tanulm\u00e1nyi eredm\u00e9nyek \u00e9s a TDK munka \u00e9rt\u00e9kel\u00e9s\u00e9vel \u00e9vente felm\u00e9ri, hogy mely k\u00f6z\u00e9piskol\u00e1kb\u00f3l \u00e9rkeznek az egyetemre a legjobb hallgat\u00f3k. Ezen inform\u00e1ci\u00f3 \u00e9s a k\u00f6z\u00e9piskol\u00e1k rangsorai alapj\u00e1n az egyetem szempontj\u00e1b\u00f3l k\u00fcl\u00f6n\u00f6sen figyelemre m\u00e9lt\u00f3 k\u00f6z\u00e9piskol\u00e1kr\u00f3l egy \u201etarget-list\u00e1t\u201d k\u00e9sz\u00edt. Ezen k\u00f6z\u00e9piskol\u00e1kkal &hellip;<\/p>\n","protected":false},"author":158,"featured_media":0,"parent":0,"menu_order":3,"comment_status":"closed","ping_status":"closed","template":"","meta":{"_acf_changed":false,"footnotes":""},"categories":[],"tags":[],"class_list":["post-10","page","type-page","status-publish","hentry"],"acf":[],"_links":{"self":[{"href":"https:\/\/semmelweis.hu\/kerpel\/wp-json\/wp\/v2\/pages\/10","targetHints":{"allow":["GET"]}}],"collection":[{"href":"https:\/\/semmelweis.hu\/kerpel\/wp-json\/wp\/v2\/pages"}],"about":[{"href":"https:\/\/semmelweis.hu\/kerpel\/wp-json\/wp\/v2\/types\/page"}],"author":[{"embeddable":true,"href":"https:\/\/semmelweis.hu\/kerpel\/wp-json\/wp\/v2\/users\/158"}],"replies":[{"embeddable":true,"href":"https:\/\/semmelweis.hu\/kerpel\/wp-json\/wp\/v2\/comments?post=10"}],"version-history":[{"count":2,"href":"https:\/\/semmelweis.hu\/kerpel\/wp-json\/wp\/v2\/pages\/10\/revisions"}],"predecessor-version":[{"id":2654,"href":"https:\/\/semmelweis.hu\/kerpel\/wp-json\/wp\/v2\/pages\/10\/revisions\/2654"}],"wp:attachment":[{"href":"https:\/\/semmelweis.hu\/kerpel\/wp-json\/wp\/v2\/media?parent=10"}],"wp:term":[{"taxonomy":"category","embeddable":true,"href":"https:\/\/semmelweis.hu\/kerpel\/wp-json\/wp\/v2\/categories?post=10"},{"taxonomy":"post_tag","embeddable":true,"href":"https:\/\/semmelweis.hu\/kerpel\/wp-json\/wp\/v2\/tags?post=10"}],"curies":[{"name":"wp","href":"https:\/\/api.w.org\/{rel}","templated":true}]}}