{"id":906,"date":"2016-07-29T09:23:08","date_gmt":"2016-07-29T09:23:08","guid":{"rendered":"http:\/\/semmelweis.hu\/radiologia\/?page_id=906"},"modified":"2025-01-17T14:38:48","modified_gmt":"2025-01-17T13:38:48","slug":"klinikankrol","status":"publish","type":"page","link":"https:\/\/semmelweis.hu\/kepalkotas\/klinikankrol\/","title":{"rendered":"Klinik\u00e1nk bemutat\u00e1sa"},"content":{"rendered":"<div class=\"keretes w-100\">\n<p>A <strong>Semmelweis Egyetem Orvosi K\u00e9palkot\u00f3 Klinik\u00e1ja<\/strong> k\u00f6zel sz\u00e1zh\u00fasz \u00e9ves szakmai m\u00faltra tekint vissza \u00e9s a <strong>Radiol\u00f3giai Klinika<\/strong>, a <strong>Nukle\u00e1ris Medicina K\u00f6zpont<\/strong>, valamint az <strong>MR Kutat\u00f3k\u00f6zpont<\/strong>\u00a0jogut\u00f3djak\u00e9nt j\u00f6tt l\u00e9tre a Semmelweis Egyetem Szen\u00e1tus\u00e1nak d\u00f6nt\u00e9se alapj\u00e1n 2019. szeptember 5-\u00e9n. 2020. j\u00fanius 1-t\u0151l, &#8211; a Szent R\u00f3kus Klinikai T\u00f6mb egyetemi integr\u00e1ci\u00f3j\u00e1val &#8211; a R\u00f3kus K\u00e9palkot\u00f3 Diagnosztikai R\u00e9szlege, k\u00e9s\u0151bb 2022. november\u00e9ben a Mer\u00e9nyi T\u00f6mb k\u00e9palkot\u00f3 r\u00e9szlege tov\u00e1bb b\u0151v\u00edtette az Orvosi K\u00e9palkot\u00f3 Klinik\u00e1t.<\/p>\n<p>A nemzetk\u00f6zi sz\u00ednvonal\u00fa, feladatait egys\u00e9gesen \u00e9s hat\u00e9konyan ell\u00e1t\u00f3 \u00faj integr\u00e1lt klinika l\u00e9trej\u00f6tt\u00e9vel az oktat\u00e1s mellett egys\u00e9gesebb\u00e9 v\u00e1lt a betegell\u00e1t\u00e1s szervez\u00e9se, a kutat\u00e1si strat\u00e9gia, \u00e9s optim\u00e1lisabb\u00e1 az egyetem diagnosztikai kapacit\u00e1sainak kihaszn\u00e1l\u00e1sa.\u00a0<\/p>\n<\/div>\n<h2>Betegell\u00e1t\u00e1s &#8211; diagnosztika<\/h2>\n<p>\u00c9vente mintegy 65 ezer beteget l\u00e1t el, k\u00f6z\u00fcl\u00fck 40 ezren fekv\u0151betegk\u00e9nt, 25 ezren j\u00e1r\u00f3beteg-ell\u00e1t\u00e1s keret\u00e9ben l\u00e1togatnak a klinik\u00e1ra. A Radiol\u00f3giai Tansz\u00e9ken a radiol\u00f3giai diagnosztikai \u00e9s intervenci\u00f3s radiol\u00f3giai tev\u00e9kenys\u00e9g sz\u00e9les sk\u00e1l\u00e1ja el\u00e9rhet\u0151, a leg\u00fajabb nemzetk\u00f6zi protokollok figyelembev\u00e9tel\u00e9vel. A klinik\u00e1n<\/p>\n<ul>\n<li><a href=\"https:\/\/semmelweis.hu\/kepalkotas\/a-radiologiai-klinika-osztalyainak-rovid-bemutatasa\/rtg-reszleg\/\">R\u00f6ntgen Diagnosztikai<\/a>,<\/li>\n<li><a href=\"https:\/\/semmelweis.hu\/kepalkotas\/a-radiologiai-klinika-osztalyainak-rovid-bemutatasa\/ultrahang-laboratorium\/\">Ultrahang Diagnosztika<\/a>i,<\/li>\n<li><a href=\"https:\/\/semmelweis.hu\/kepalkotas\/betegeknek\/reszlegek\/radio-sbo\/\">S\u00fcrg\u0151ss\u00e9gi Radiol\u00f3giai<\/a>,<\/li>\n<li><a href=\"https:\/\/semmelweis.hu\/kepalkotas\/a-radiologiai-klinika-osztalyainak-rovid-bemutatasa\/ct-laboratorium\/\">CT Diagnosztikai<\/a>,<\/li>\n<li><a href=\"https:\/\/semmelweis.hu\/kepalkotas\/a-radiologiai-klinika-osztalyainak-rovid-bemutatasa\/mr-laboratorium\/\">MR Diagnosztikai<\/a>,<\/li>\n<li><a href=\"https:\/\/semmelweis.hu\/kepalkotas\/a-radiologiai-klinika-osztalyainak-rovid-bemutatasa\/mammografias-reszleg\/\">Eml\u0151 Diagnosztikai<\/a>,<\/li>\n<li><a href=\"https:\/\/semmelweis.hu\/kepalkotas\/a-radiologiai-klinika-osztalyainak-rovid-bemutatasa\/angiografias-intervencios-radiologiai-laboratorium\/\">Intervenci\u00f3s Radiol\u00f3giai<\/a>,<\/li>\n<li>Informatikai \u00e9s K\u00f6zponti Adminisztr\u00e1ci\u00f3s R\u00e9szlegek m\u0171k\u00f6dnek.<\/li>\n<\/ul>\n<p style=\"text-align: left;\">A vizsg\u00e1latok egy r\u00e9sze alapos el\u0151k\u00e9sz\u00edt\u00e9st ig\u00e9nyel, mely seg\u00edti a vizsg\u00e1lat min\u00e9l jobb kivitelez\u00e9s\u00e9t \u00e9s annak \u00e9rt\u00e9kelhet\u0151s\u00e9g\u00e9t. \u00cdgy a helyes diagn\u00f3zis fel\u00e1ll\u00edt\u00e1s\u00e1hoz a p\u00e1ciensek seg\u00edts\u00e9g\u00e9re, egy\u00fcttm\u0171k\u00f6d\u00e9s\u00e9re is sz\u00e1m\u00edtunk. Oldalunkon r\u00e9szletes t\u00e1j\u00e9koztat\u00f3t olvashatnak betegeink a k\u00fcl\u00f6nb\u00f6z\u0151 vizsg\u00e1latok el\u0151tti teend\u0151kr\u0151l \u00e9s a vizsg\u00e1latok pontos menet\u00e9r\u0151l.<\/p>\n<p style=\"text-align: left;\">A sz\u00e9lesk\u00f6r\u0171 diagnosztikai munka mellett a klinika \u00e9len j\u00e1r a korszer\u0171 invaz\u00edv diagnosztikus \u00e9s intervenci\u00f3s radiol\u00f3giai \u00e9s intervenci\u00f3s onkol\u00f3giai beavatkoz\u00e1sok alkalmaz\u00e1s\u00e1ban. Rendszeresen v\u00e9gz\u00fcnk ultrahang vez\u00e9relt \u00e9s CT-vez\u00e9relt biopszi\u00e1kat. Az orsz\u00e1gban csak a klinik\u00e1n kezelnek \u2013 egyetem\u00fcnk Ortop\u00e9diai Klinik\u00e1j\u00e1val val\u00f3 szoros egy\u00fcttm\u0171k\u00f6d\u00e9sben &#8211; egyes j\u00f3indulat\u00fa csontdaganatok (osteoid osteoma) kezel\u00e9s\u00e9t m\u0171t\u00e9t helyett CT vez\u00e9relt c\u00e9lzott meleg\u00edt\u00e9ssel (radiofrekvenci\u00e1s ablaci\u00f3). Els\u0151k k\u00f6z\u00f6tt vezett\u00e9k be a m\u00e9helt\u00e1vol\u00edt\u00e1s alternat\u00edv\u00e1j\u00e1t jelent\u0151 <a href=\"https:\/\/semmelweis.hu\/hirek\/2013\/12\/20\/meheltavolitas-helyett-mioma-embolizacio\/\">mi\u00f3ma emboliz\u00e1ci\u00f3t<\/a>. Port (b\u0151r al\u00e1 \u00fcltetett centralis v\u00e9n\u00e1s kan\u00fcl) be\u00fcltet\u00e9sre is lehet\u0151s\u00e9g van, mely t\u00f6bbek k\u00f6z\u00f6tt az onkol\u00f3giai betegek sz\u00e1m\u00e1ra.<\/p>\n<h2>Oktat\u00e1s klinik\u00e1nkon<\/h2>\n<p>Klinik\u00e1nkon a gradu\u00e1lis \u00e9s posztgradu\u00e1lis k\u00e9pz\u00e9s egyar\u00e1nt kiemelt szerepet kap, a kutat\u00e1s f\u00f3kusz\u00e1ban pedig egyebek mellett a k\u00e9palkot\u00f3 diagnosztikai \u00e9s intervenci\u00f3s radiol\u00f3giai kutat\u00e1sok \u00e1llnak.<\/p>\n<p>Az Orvosi K\u00e9palkot\u00f3 Klinika hagyom\u00e1nyainak megfelel\u0151en egyar\u00e1nt nagy hangs\u00falyt kap a <a href=\"https:\/\/semmelweis.hu\/kepalkotas\/oktatas\/oktatas-magyar-altalanos-ismeretek\/\">gradu\u00e1lis<\/a> \u00e9s a <a href=\"https:\/\/semmelweis.hu\/kepalkotas\/oktatas\/postgradualis-oktatas\/\">posztgradu\u00e1lis<\/a> oktat\u00e1s. A radiol\u00f3gia t\u00e1rgy keret\u00e9ben magyar, angol \u00e9s n\u00e9met nyelv\u0171 oktat\u00e1s folyik a IV. \u00e9vfolyamon, egy szemeszter id\u0151tartamban. A hallgat\u00f3k tantermi el\u0151ad\u00e1sok \u00e9s gyakorlatok keret\u00e9ben saj\u00e1t\u00edthatj\u00e1k el a radiol\u00f3gia fejl\u0151d\u00e9s\u00e9vel egyre b\u0151v\u00fcl\u0151 tananyagot. A k\u00f6telez\u0151 k\u00e9pz\u00e9si form\u00e1k mellett <a href=\"https:\/\/semmelweis.hu\/kepalkotas\/kutatas\/gradualis\/\">tudom\u00e1nyos di\u00e1kk\u00f6r\u00f6sk\u00e9nt<\/a> is lehet\u0151s\u00e9g van r\u00e9szt venni a klinik\u00e1n foly\u00f3 munk\u00e1ba k\u00fcl\u00f6nb\u00f6z\u0151 ter\u00fcleteken.<\/p>\n<p>A t\u00e1rgy oktat\u00e1sa sor\u00e1n kiv\u00e9teles hangs\u00falyt ford\u00edtunk a leend\u0151, nem-radiol\u00f3gus szakorvosok sz\u00e1m\u00e1ra fontos diagnosztikai \u00e9s ter\u00e1pi\u00e1s m\u00f3dszerek, illetve ismeretek \u00e1tad\u00e1s\u00e1ra, tov\u00e1bb\u00e1 a klinikai diagnosztikai gondolkod\u00e1s komplex rendszer\u00e9nek form\u00e1l\u00e1s\u00e1ra \u00e9s lehet\u0151 legteljesebb megismertet\u00e9s\u00e9re.<\/p>\n<p>A posztgradu\u00e1lis k\u00e9pz\u00e9s mag\u00e1ban foglalja a rezidens- \u00e9s szakorvosk\u00e9pz\u00e9st, szakmai tov\u00e1bbk\u00e9pz\u00e9st, tanfolyam szervez\u00e9seket.<\/p>\n<h3>Kutat\u00e1si tev\u00e9kenys\u00e9g\u00fcnk<\/h3>\n<p>A tansz\u00e9keken foly\u00f3 kutat\u00f3munka f\u00f3kusz\u00e1ban a daganatter\u00e1pi\u00e1val \u00f6sszef\u00fcgg\u0151 klinikai kutat\u00e1sok, az ikerkutat\u00e1s radiol\u00f3giai vonatkoz\u00e1sai, a m\u00e1j- \u00e9s b\u00e9lbetegs\u00e9gekkel kapcsolatos diagnosztikai \u00e9s ter\u00e1pi\u00e1s klinikai kutat\u00e1sok, a virtu\u00e1lis boncol\u00e1s, a vascularis \u00e9s intervenci\u00f3s radiol\u00f3giai kutat\u00e1sok, valamint multimodalit\u00e1s\u00fa k\u00e9palkot\u00f3 rendszerek kialak\u00edt\u00e1sa \u00e1ll.<\/p>\n<p style=\"text-align: center;\">\u00a0<\/p>\n<p>&nbsp;<\/p>\n","protected":false},"excerpt":{"rendered":"<p>Az Orvosi K\u00e9palkot\u00f3 Klinika \u00e9vente mintegy 65 ezer beteget l\u00e1t el, k\u00f6z\u00fcl\u00fck 40 ezren fekv\u0151betegk\u00e9nt, 25 ezren j\u00e1r\u00f3beteg-ell\u00e1t\u00e1s keret\u00e9ben l\u00e1togatnak a klinik\u00e1ra. Klinik\u00e1nkon a gradu\u00e1lis \u00e9s posztgradu\u00e1lis k\u00e9pz\u00e9s egyar\u00e1nt kiemelt szerepet kap, a kutat\u00e1s f\u00f3kusz\u00e1ban pedig egyebek mellett a k\u00e9palkot\u00f3 diagnosztikai \u00e9s intervenci\u00f3s radiol\u00f3giai kutat\u00e1sok \u00e1llnak.<\/p>\n","protected":false},"author":142,"featured_media":1123,"parent":0,"menu_order":0,"comment_status":"closed","ping_status":"closed","template":"","meta":{"_acf_changed":false,"footnotes":""},"categories":[],"tags":[],"class_list":["post-906","page","type-page","status-publish","has-post-thumbnail","hentry"],"acf":[],"_links":{"self":[{"href":"https:\/\/semmelweis.hu\/kepalkotas\/wp-json\/wp\/v2\/pages\/906","targetHints":{"allow":["GET"]}}],"collection":[{"href":"https:\/\/semmelweis.hu\/kepalkotas\/wp-json\/wp\/v2\/pages"}],"about":[{"href":"https:\/\/semmelweis.hu\/kepalkotas\/wp-json\/wp\/v2\/types\/page"}],"author":[{"embeddable":true,"href":"https:\/\/semmelweis.hu\/kepalkotas\/wp-json\/wp\/v2\/users\/142"}],"replies":[{"embeddable":true,"href":"https:\/\/semmelweis.hu\/kepalkotas\/wp-json\/wp\/v2\/comments?post=906"}],"version-history":[{"count":11,"href":"https:\/\/semmelweis.hu\/kepalkotas\/wp-json\/wp\/v2\/pages\/906\/revisions"}],"predecessor-version":[{"id":4339,"href":"https:\/\/semmelweis.hu\/kepalkotas\/wp-json\/wp\/v2\/pages\/906\/revisions\/4339"}],"wp:featuredmedia":[{"embeddable":true,"href":"https:\/\/semmelweis.hu\/kepalkotas\/wp-json\/wp\/v2\/media\/1123"}],"wp:attachment":[{"href":"https:\/\/semmelweis.hu\/kepalkotas\/wp-json\/wp\/v2\/media?parent=906"}],"wp:term":[{"taxonomy":"category","embeddable":true,"href":"https:\/\/semmelweis.hu\/kepalkotas\/wp-json\/wp\/v2\/categories?post=906"},{"taxonomy":"post_tag","embeddable":true,"href":"https:\/\/semmelweis.hu\/kepalkotas\/wp-json\/wp\/v2\/tags?post=906"}],"curies":[{"name":"wp","href":"https:\/\/api.w.org\/{rel}","templated":true}]}}