{"id":638,"date":"2014-12-23T12:43:36","date_gmt":"2014-12-23T12:43:36","guid":{"rendered":"http:\/\/semmelweis.hu\/radiologia\/?page_id=638"},"modified":"2020-07-01T16:29:49","modified_gmt":"2020-07-01T14:29:49","slug":"handouts-deutsch","status":"publish","type":"page","link":"https:\/\/semmelweis.hu\/kepalkotas\/de\/lehre\/handouts-deutsch\/","title":{"rendered":"Handouts (Deutsch)"},"content":{"rendered":"<div>\n<div dir=\"ltr\">\n<div dir=\"ltr\">\n<div dir=\"ltr\">\n<div dir=\"ltr\">\n<div dir=\"ltr\">\n<div>\n<div>Handouts (erreichbar via E-learning der Semmelweis Universit\u00e4t)<\/div>\n<p><a href=\"https:\/\/itc.semmelweis.hu\/moodle\/login\/index.php\">https:\/\/itc.semmelweis.hu\/moodle\/login\/index.php<\/a><\/p>\n<div>\n<p>Log-in mit SEKA username und passwort, Zugriffsanforderung: E-mail: <a href=\"mailto:segitseg@e-learning.semmelweis.hu\">segitseg@e-learning.semmelweis.hu<\/a>, <a href=\"mailto:kozma.katalin@semmelweis-univ.hu\">kozma.katalin@semmelweis-univ.hu<\/a><\/p>\n<p>&nbsp;<\/p>\n<\/div>\n<div>\n<p><a href=\"https:\/\/semmelweis.hu\/kepalkotas\/files\/2019\/09\/Abdomimal-pelvic-emergency-practice-deutsch.pdf\">Abdomimal-pelvic emergency practice (deutsch)<\/a><br \/>\n<a href=\"https:\/\/semmelweis.hu\/kepalkotas\/files\/2019\/09\/Brust-Vorlesung.pdf\">Brust Vorlesung<\/a><br \/>\n<a href=\"https:\/\/semmelweis.hu\/kepalkotas\/files\/2019\/09\/CT_gyakorlat_DE_2019v0907-TODO-\u00dcS.pdf\">CT_gyakorlat_DE_2019v0907 TODO \u00dcS<\/a><br \/>\n<a href=\"https:\/\/semmelweis.hu\/kepalkotas\/files\/2019\/09\/DE_RTG-gyakorlat-ver.0829.pdf\">DE_RTG gyakorlat (ver.0829)<\/a><br \/>\n<a href=\"https:\/\/semmelweis.hu\/kepalkotas\/files\/2019\/09\/DE_surgineuro-mellkas-egyben-A_MELLKAS_MAGYARULVAN_N\u00c9MET.pdf\">DE_surgineuro-mellkas-egyben-A_MELLKAS_MAGYARULVAN_N\u00c9MET<\/a><br \/>\n<a href=\"https:\/\/semmelweis.hu\/kepalkotas\/files\/2019\/09\/UH_szeminariumi_diasor2019_EL\u0150AD\u00c1S-angol-\u00dcS-1.pdf\">UH_szeminariumi_diasor2019_EL\u0150AD\u00c1S angol \u00dcS<\/a><br \/>\n<a href=\"https:\/\/semmelweis.hu\/kepalkotas\/files\/2019\/09\/MRI-cases_deutsch.pdf\">MRI cases_deutsch<\/a><br \/>\n<a href=\"https:\/\/semmelweis.hu\/kepalkotas\/files\/2019\/09\/Notfall-Thorax.pdf\">Notfall Thorax<\/a><br \/>\n<a href=\"https:\/\/semmelweis.hu\/kepalkotas\/files\/2019\/09\/Abdominal-pelvic-Emergency-\u00dcS.pdf\">Abdominal-pelvic Emergency \u00dcS<\/a><br \/>\n<a href=\"https:\/\/semmelweis.hu\/kepalkotas\/files\/2020\/02\/CT_imaging-Vorlesung-DE-1.pdf\">CT_imaging Vorlesung DE<\/a><br \/>\n<a href=\"https:\/\/semmelweis.hu\/kepalkotas\/files\/2019\/09\/DE_MRI_basics_SzA_j\u00f3.pdf\">DE_MRI_basics_SzA_j\u00f3<\/a><br \/>\n<a href=\"https:\/\/semmelweis.hu\/kepalkotas\/files\/2020\/02\/DE_Must-see-images-1.pdf\">DE_Must see images<\/a><br \/>\n<a href=\"https:\/\/semmelweis.hu\/kepalkotas\/files\/2019\/09\/DE_RTG-Elm\u00e9leti-konzult\u00e1ci\u00f3-ver.0830-\u00dcS.pdf\">DE_RTG Elm\u00e9leti konzult\u00e1ci\u00f3 (ver.0830) \u00dcS<\/a><br \/>\n<a href=\"https:\/\/semmelweis.hu\/kepalkotas\/files\/2019\/09\/DE_Skill-ultrasound-practice.pdf\">DE_Skill ultrasound practice<\/a><br \/>\n<a href=\"https:\/\/semmelweis.hu\/kepalkotas\/files\/2019\/09\/Nonvascular-N\u00e9met-gyak-De\u00e1kP\u00c1.pdf\">Nonvascular N\u00e9met gyak De\u00e1kP\u00c1<\/a><br \/>\n<a href=\"https:\/\/semmelweis.hu\/kepalkotas\/files\/2019\/09\/Nuklearmedizin_Vorlesung_vegl_2019.pdf\">Nuklearmedizin_Vorlesung_vegl_2019<\/a><br \/>\n<a href=\"https:\/\/semmelweis.hu\/kepalkotas\/files\/2019\/09\/Praktikum_Nuklearmedizin_2019.pdf\">Praktikum_Nuklearmedizin_2019<\/a><br \/>\n<a href=\"https:\/\/semmelweis.hu\/kepalkotas\/files\/2019\/09\/Taba-G_Sugarvedelem-DE.pdf\">Taba G_Sugarvedelem DE<\/a><br \/>\n<a href=\"https:\/\/semmelweis.hu\/kepalkotas\/files\/2019\/09\/UH_szeminariumi_diasor2019_EL\u0150AD\u00c1S-angol-\u00dcS.pdf\">UH_szeminariumi_diasor2019_EL\u0150AD\u00c1S angol \u00dcS<\/a><br \/>\n<a href=\"https:\/\/semmelweis.hu\/kepalkotas\/files\/2019\/09\/VIR_DE_2019_Sep_egyben.pdf\">VIR_DE_2019_Sep_egyben<\/a><br \/>\n<a href=\"https:\/\/semmelweis.hu\/kepalkotas\/files\/2019\/09\/Vizsg\u00e1latk\u00e9r\u00e9s-strat-teleradiol\u00f3gia-Eng_v2_deutsch.pdf\">Vizsg\u00e1latk\u00e9r\u00e9s strat, teleradiol\u00f3gia Eng_v2_deutsch<\/a><br \/>\n<a href=\"https:\/\/semmelweis.hu\/kepalkotas\/files\/2019\/09\/Vizsg\u00e1latk\u00e9r\u00e9s-strat\u00e9gi\u00e1ja-J-teleradiol\u00f3gia-eng-\u00dcS.pdf\">Vizsg\u00e1latk\u00e9r\u00e9s strat\u00e9gi\u00e1ja J teleradiol\u00f3gia eng \u00dcS<\/a><\/p>\n<\/div>\n<\/div>\n<\/div>\n<\/div>\n<\/div>\n<\/div>\n<\/div>\n<\/div>\n","protected":false},"excerpt":{"rendered":"<p>Handouts (erreichbar via E-learning der Semmelweis Universit\u00e4t)<br \/>\n<a href=\"https:\/\/itc.semmelweis.hu\/moodle\/login\/index.php\">https:\/\/itc.semmelweis.hu\/moodle\/login\/index.php<\/a><\/p>\n<p>Log-in mit SEKA username und passwort, Zugriffsanforderung: E-mail: <a href=\"mailto:segitseg@e-learning.semmelweis.hu\">segitseg@e-learning.semmelweis.hu<\/a>, <a href=\"mailto:kozma.katalin@semmelweis-univ.hu\">kozma.katalin@semmelweis-univ.hu<\/a><br \/>\n&nbsp;<\/p>\n<p><a href=\"https:\/\/semmelweis.hu\/kepalkotas\/files\/2019\/09\/Abdomimal-pelvic-emergency-practice-deutsch.pdf\">Abdomimal-pelvic emergency practice (deutsch)<\/a><br \/>\n<a href=\"https:\/\/semmelweis.hu\/kepalkotas\/files\/2019\/09\/Brust-Vorlesung.pdf\">Brust Vorlesung<\/a><br \/>\n<a href=\"https:\/\/semmelweis.hu\/kepalkotas\/files\/2019\/09\/CT_gyakorlat_DE_2019v0907-TODO-\u00dcS.pdf\">CT_gyakorlat_DE_2019v0907 TODO \u00dcS<\/a><br \/>\n<a href=\"https:\/\/semmelweis.hu\/kepalkotas\/files\/2019\/09\/DE_RTG-gyakorlat-ver.0829.pdf\">DE_RTG gyakorlat (ver.0829)<\/a><br \/>\n<a href=\"https:\/\/semmelweis.hu\/kepalkotas\/files\/2019\/09\/DE_surgineuro-mellkas-egyben-A_MELLKAS_MAGYARULVAN_N\u00c9MET.pdf\">DE_surgineuro-mellkas-egyben-A_MELLKAS_MAGYARULVAN_N\u00c9MET<\/a><br \/>\n<a href=\"https:\/\/semmelweis.hu\/kepalkotas\/files\/2019\/09\/UH_szeminariumi_diasor2019_EL\u0150AD\u00c1S-angol-\u00dcS-1.pdf\">UH_szeminariumi_diasor2019_EL\u0150AD\u00c1S angol \u00dcS<\/a><br \/>\n<a href=\"https:\/\/semmelweis.hu\/kepalkotas\/files\/2019\/09\/MRI-cases_deutsch.pdf\">MRI cases_deutsch<\/a><br \/>\n<a href=\"https:\/\/semmelweis.hu\/kepalkotas\/files\/2019\/09\/Notfall-Thorax.pdf\">Notfall Thorax<\/a><br \/>\n<a href=\"https:\/\/semmelweis.hu\/kepalkotas\/files\/2019\/09\/Abdominal-pelvic-Emergency-\u00dcS.pdf\">Abdominal-pelvic Emergency \u00dcS<\/a><br \/>\n<a href=\"https:\/\/semmelweis.hu\/kepalkotas\/files\/2020\/02\/CT_imaging-Vorlesung-DE-1.pdf\">CT_imaging Vorlesung DE<\/a><br \/>\n<a href=\"https:\/\/semmelweis.hu\/kepalkotas\/files\/2019\/09\/DE_MRI_basics_SzA_j\u00f3.pdf\">DE_MRI_basics_SzA_j\u00f3<\/a><br \/>\n<a href=\"https:\/\/semmelweis.hu\/kepalkotas\/files\/2020\/02\/DE_Must-see-images-1.pdf\">DE_Must see images<\/a><br \/>\n<a href=\"https:\/\/semmelweis.hu\/kepalkotas\/files\/2019\/09\/DE_RTG-Elm\u00e9leti-konzult\u00e1ci\u00f3-ver.0830-\u00dcS.pdf\">DE_RTG Elm\u00e9leti konzult\u00e1ci\u00f3 (ver.0830) \u00dcS<\/a><br \/>\n<a href=\"https:\/\/semmelweis.hu\/kepalkotas\/files\/2019\/09\/DE_Skill-ultrasound-practice.pdf\">DE_Skill ultrasound practice<\/a><br \/>\n<a href=\"https:\/\/semmelweis.hu\/kepalkotas\/files\/2019\/09\/Nonvascular-N\u00e9met-gyak-De\u00e1kP\u00c1.pdf\">Nonvascular N\u00e9met gyak De\u00e1kP\u00c1<\/a><br \/>\n<a href=\"https:\/\/semmelweis.hu\/kepalkotas\/files\/2019\/09\/Nuklearmedizin_Vorlesung_vegl_2019.pdf\">Nuklearmedizin_Vorlesung_vegl_2019<\/a><br \/>\n<a href=\"https:\/\/semmelweis.hu\/kepalkotas\/files\/2019\/09\/Praktikum_Nuklearmedizin_2019.pdf\">Praktikum_Nuklearmedizin_2019<\/a><br \/>\n<a href=\"https:\/\/semmelweis.hu\/kepalkotas\/files\/2019\/09\/Taba-G_Sugarvedelem-DE.pdf\">Taba G_Sugarvedelem DE<\/a><br \/>\n<a href=\"https:\/\/semmelweis.hu\/kepalkotas\/files\/2019\/09\/UH_szeminariumi_diasor2019_EL\u0150AD\u00c1S-angol-\u00dcS.pdf\">UH_szeminariumi_diasor2019_EL\u0150AD\u00c1S angol \u00dcS<\/a><br \/>\n<a href=\"https:\/\/semmelweis.hu\/kepalkotas\/files\/2019\/09\/VIR_DE_2019_Sep_egyben.pdf\">VIR_DE_2019_Sep_egyben<\/a><br \/>\n<a href=\"https:\/\/semmelweis.hu\/kepalkotas\/files\/2019\/09\/Vizsg\u00e1latk\u00e9r\u00e9s-strat-teleradiol\u00f3gia-Eng_v2_deutsch.pdf\">Vizsg\u00e1latk\u00e9r\u00e9s strat, teleradiol\u00f3gia Eng_v2_deutsch<\/a><br \/>\n<a href=\"https:\/\/semmelweis.hu\/kepalkotas\/files\/2019\/09\/Vizsg\u00e1latk\u00e9r\u00e9s-strat\u00e9gi\u00e1ja-J-teleradiol\u00f3gia-eng-\u00dcS.pdf\">Vizsg\u00e1latk\u00e9r\u00e9s strat\u00e9gi\u00e1ja J teleradiol\u00f3gia eng \u00dcS<\/a><\/p>\n","protected":false},"author":142,"featured_media":0,"parent":77,"menu_order":0,"comment_status":"open","ping_status":"closed","template":"","meta":{"_acf_changed":false,"footnotes":""},"categories":[],"tags":[],"class_list":["post-638","page","type-page","status-publish","hentry"],"acf":[],"_links":{"self":[{"href":"https:\/\/semmelweis.hu\/kepalkotas\/wp-json\/wp\/v2\/pages\/638","targetHints":{"allow":["GET"]}}],"collection":[{"href":"https:\/\/semmelweis.hu\/kepalkotas\/wp-json\/wp\/v2\/pages"}],"about":[{"href":"https:\/\/semmelweis.hu\/kepalkotas\/wp-json\/wp\/v2\/types\/page"}],"author":[{"embeddable":true,"href":"https:\/\/semmelweis.hu\/kepalkotas\/wp-json\/wp\/v2\/users\/142"}],"replies":[{"embeddable":true,"href":"https:\/\/semmelweis.hu\/kepalkotas\/wp-json\/wp\/v2\/comments?post=638"}],"version-history":[{"count":1,"href":"https:\/\/semmelweis.hu\/kepalkotas\/wp-json\/wp\/v2\/pages\/638\/revisions"}],"predecessor-version":[{"id":2722,"href":"https:\/\/semmelweis.hu\/kepalkotas\/wp-json\/wp\/v2\/pages\/638\/revisions\/2722"}],"up":[{"embeddable":true,"href":"https:\/\/semmelweis.hu\/kepalkotas\/wp-json\/wp\/v2\/pages\/77"}],"wp:attachment":[{"href":"https:\/\/semmelweis.hu\/kepalkotas\/wp-json\/wp\/v2\/media?parent=638"}],"wp:term":[{"taxonomy":"category","embeddable":true,"href":"https:\/\/semmelweis.hu\/kepalkotas\/wp-json\/wp\/v2\/categories?post=638"},{"taxonomy":"post_tag","embeddable":true,"href":"https:\/\/semmelweis.hu\/kepalkotas\/wp-json\/wp\/v2\/tags?post=638"}],"curies":[{"name":"wp","href":"https:\/\/api.w.org\/{rel}","templated":true}]}}