{"id":4539,"date":"2026-02-11T10:28:50","date_gmt":"2026-02-11T09:28:50","guid":{"rendered":"https:\/\/semmelweis.hu\/kepalkotas\/?page_id=4539"},"modified":"2026-03-10T12:27:49","modified_gmt":"2026-03-10T11:27:49","slug":"kazuisztikai-forum-2026","status":"publish","type":"page","link":"https:\/\/semmelweis.hu\/kepalkotas\/oktatas\/postgradualis-oktatas\/kazuisztikai-forum-2026\/","title":{"rendered":"Kazuisztikai f\u00f3rum 2026"},"content":{"rendered":"<div><b data-olk-copy-source=\"MessageBody\">Nukle\u00e1ris medicina Kazuisztikai f\u00f3rum\u00a0<\/b><\/div>\n<div><b><i>Teranosztika \u00e9s mesters\u00e9ges intelligencia a nukle\u00e1ris medicin\u00e1ban<\/i><\/b><\/div>\n<div><b>2026.09.14 h\u00e9tf\u0151<\/b><\/div>\n<div><b>Helysz\u00edn: Semmelweis Egyetem Sz\u00fcl\u00e9szeti \u00e9s N\u0151gy\u00f3gy\u00e1szati Klinika tanterem<\/b><\/div>\n<div><b>1083 Budapest, Kor\u00e1nyi S\u00e1ndor u. 2. (1082 Budapest, Kor\u00e1nyi S\u00e1ndor u. 2.)<\/b><\/div>\n<div>\u00a0<\/div>\n<div>\n<div><span data-olk-copy-source=\"MessageBody\">A teranosztika \u00e9s a mesters\u00e9ges intelligencia (MI) napjainkban alapvet\u0151en form\u00e1lj\u00e1k \u00e1t a nukle\u00e1ris medicin\u00e1t. A rendezv\u00e9ny\u00a0els\u0151 fel\u00e9ben\u00a0a nukle\u00e1ris medicina aktualit\u00e1sair\u00f3l hallhatunk el\u0151ad\u00e1sokat a n\u00e9gy hazai egyetem tansz\u00e9kvezet\u0151it\u0151l, f\u00f3kusz\u00e1lva a mesters\u00e9ges intelligencia \u00e9s a teranosztika aktualit\u00e1saira. A rendezv\u00e9ny m\u00e1sodik fel\u00e9ben\u00a0kazuisztikai esetbemutat\u00e1sok lesznek, a legjobb el\u0151ad\u00f3k nyerem\u00e9nyekben r\u00e9szes\u00fclnek. Az esetbemutat\u00e1sokhoz el\u0151ad\u00f3k neveit, affili\u00e1ci\u00f3j\u00e1t \u00e9s az esetbemutat\u00e1s\/el\u0151ad\u00e1s c\u00edm\u00e9t az NMT Titk\u00e1rs\u00e1g\u00a0<\/span><u><a id=\"OWA4c0e1bd2-62d1-0c0b-0b8c-750866d1af92\" href=\"mailto:titkarsag.nmt@semmelweis.hu\">titkarsag.nmt@semmelweis.hu<\/a><\/u>\u00a0email c\u00edmre v\u00e1rjuk 2026.06.30-ig.<\/div>\n<div>A f\u00f3rum sor\u00e1n bel\u00e1t\u00e1st nyerhet\u00fcnk a szem\u00e9lyre szabott, prec\u00edzi\u00f3s megk\u00f6zel\u00edt\u00e9sekre, a mesters\u00e9ges intelligencia szerep\u00e9re. A teranosztika \u00e9s a mesters\u00e9ges intelligencia egy\u00fctt a nukle\u00e1ris medicin\u00e1t egyre ink\u00e1bb a szem\u00e9lyre szabott, adatvez\u00e9relt gy\u00f3gy\u00edt\u00e1s ir\u00e1ny\u00e1ba mozd\u00edtj\u00e1k el, jav\u00edtva a betegek \u00e9letkil\u00e1t\u00e1sait \u00e9s az ell\u00e1t\u00e1s hat\u00e9konys\u00e1g\u00e1t.<\/div>\n<div>Tanfolyam c\u00e9lcsoportja: nukle\u00e1ris medicina<\/div>\n<div>Tanfolyam szervez\u0151: SE Orvosi K\u00e9palkot\u00f3 Klinika<\/div>\n<div>Szervez\u00e9s\u00e9rt felel\u0151s: Dr. habil. T\u00e1rnoki D\u00e1vid L\u00e1szl\u00f3, Dr. Gy\u00f6rke Tam\u00e1s<\/div>\n<div>\u00d3rasz\u00e1m \u00f6sszesen: 5 \u00f3ra<\/div>\n<div>Jelentkez\u0151k sz\u00e1ma: minimum 10, maximum 60 f\u0151<\/div>\n<div><b>Regisztr\u00e1ci\u00f3<\/b>: Oftexen kereszt\u00fcl, link:\u00a0<a id=\"OWA3722dd1e-f9d6-3589-75bb-167fa3bca78d\" href=\"https:\/\/oftex.hu\/project_o\/actual_prg\/system\/launch.php?pg=.\/oftex\/TANF_Adatlap.php?msgid=95480&amp;tableid=0\" rel=\"noopener noreferrer\">https:\/\/oftex.hu\/project_o\/actual_prg\/system\/launch.php?pg=.\/oftex\/TANF_Adatlap.php?msgid=95480&amp;tableid=0<\/a><\/div>\n<div>\u00a0<\/div>\n<div>Jelentkez\u00e9si hat\u00e1rid\u0151: 2026.05.31. \u00e9jf\u00e9l<\/div>\n<div>Tanfolyam d\u00edja: 10.000 Ft<\/div>\n<div><b>Egy\u00e9b: Esetbemutat\u00e1sokhoz el\u0151ad\u00f3(k) neveit, el\u0151ad\u00f3(k) affili\u00e1ci\u00f3j\u00e1t \u00e9s esetbemutat\u00e1s c\u00edm\u00e9t az NMT Titk\u00e1rs\u00e1g\u00a0<\/b><b><u><a id=\"OWA8686f706-04e9-3bec-c597-d0e9a9cd2fd0\" href=\"mailto:titkarsag.nmt@semmelweis.hu\">titkarsag.nmt@semmelweis.hu<\/a><\/u><\/b><b>\u00a0email c\u00edmre v\u00e1rjuk 2026.06.30-ig.<\/b><\/div>\n<\/div>\n<p><a href=\"https:\/\/semmelweis.hu\/kepalkotas\/files\/Kazuisztikai-forum-2026.pdf\">Kazuisztikai f\u00f3rum 2026<\/a><\/p>\n<p>&nbsp;<\/p>\n","protected":false},"excerpt":{"rendered":"<p>Nukle\u00e1ris medicina Kazuisztikai f\u00f3rum\u00a0 Teranosztika \u00e9s mesters\u00e9ges intelligencia a nukle\u00e1ris medicin\u00e1ban 2026.09.14 h\u00e9tf\u0151 Helysz\u00edn: Semmelweis Egyetem Sz\u00fcl\u00e9szeti \u00e9s N\u0151gy\u00f3gy\u00e1szati Klinika tanterem 1083 Budapest, Kor\u00e1nyi S\u00e1ndor u. 2. (1082 Budapest, Kor\u00e1nyi S\u00e1ndor u. 2.) \u00a0 A teranosztika \u00e9s a mesters\u00e9ges intelligencia (MI) napjainkban alapvet\u0151en form\u00e1lj\u00e1k \u00e1t a nukle\u00e1ris medicin\u00e1t. A rendezv\u00e9ny\u00a0els\u0151 fel\u00e9ben\u00a0a nukle\u00e1ris medicina aktualit\u00e1sair\u00f3l hallhatunk &hellip;<\/p>\n","protected":false},"author":108,"featured_media":0,"parent":2194,"menu_order":0,"comment_status":"closed","ping_status":"closed","template":"","meta":{"_acf_changed":false,"footnotes":""},"categories":[],"tags":[],"class_list":["post-4539","page","type-page","status-publish","hentry"],"acf":[],"_links":{"self":[{"href":"https:\/\/semmelweis.hu\/kepalkotas\/wp-json\/wp\/v2\/pages\/4539","targetHints":{"allow":["GET"]}}],"collection":[{"href":"https:\/\/semmelweis.hu\/kepalkotas\/wp-json\/wp\/v2\/pages"}],"about":[{"href":"https:\/\/semmelweis.hu\/kepalkotas\/wp-json\/wp\/v2\/types\/page"}],"author":[{"embeddable":true,"href":"https:\/\/semmelweis.hu\/kepalkotas\/wp-json\/wp\/v2\/users\/108"}],"replies":[{"embeddable":true,"href":"https:\/\/semmelweis.hu\/kepalkotas\/wp-json\/wp\/v2\/comments?post=4539"}],"version-history":[{"count":4,"href":"https:\/\/semmelweis.hu\/kepalkotas\/wp-json\/wp\/v2\/pages\/4539\/revisions"}],"predecessor-version":[{"id":4582,"href":"https:\/\/semmelweis.hu\/kepalkotas\/wp-json\/wp\/v2\/pages\/4539\/revisions\/4582"}],"up":[{"embeddable":true,"href":"https:\/\/semmelweis.hu\/kepalkotas\/wp-json\/wp\/v2\/pages\/2194"}],"wp:attachment":[{"href":"https:\/\/semmelweis.hu\/kepalkotas\/wp-json\/wp\/v2\/media?parent=4539"}],"wp:term":[{"taxonomy":"category","embeddable":true,"href":"https:\/\/semmelweis.hu\/kepalkotas\/wp-json\/wp\/v2\/categories?post=4539"},{"taxonomy":"post_tag","embeddable":true,"href":"https:\/\/semmelweis.hu\/kepalkotas\/wp-json\/wp\/v2\/tags?post=4539"}],"curies":[{"name":"wp","href":"https:\/\/api.w.org\/{rel}","templated":true}]}}