{"id":4522,"date":"2026-01-27T10:32:03","date_gmt":"2026-01-27T09:32:03","guid":{"rendered":"https:\/\/semmelweis.hu\/kepalkotas\/?page_id=4522"},"modified":"2026-03-23T10:19:11","modified_gmt":"2026-03-23T09:19:11","slug":"klinikai-vizsgalatok","status":"publish","type":"page","link":"https:\/\/semmelweis.hu\/kepalkotas\/klinikai-vizsgalatok\/","title":{"rendered":"Klinikai vizsg\u00e1latok"},"content":{"rendered":"<h1><span class=\"TextRun SCXW25028418 BCX0\" lang=\"HU\" xml:lang=\"HU\" data-contrast=\"none\"><span class=\"NormalTextRun SCXW25028418 BCX0\">intense vizsg\u00e1lat <\/span><\/span><\/h1>\n<h6><span class=\"TextRun SCXW25028418 BCX0\" lang=\"HU\" xml:lang=\"HU\" data-contrast=\"none\"><span class=\"NormalTextRun SCXW25028418 BCX0\">R\u00f6vid id\u0151tartam\u00fa, intenz\u00edv sztatinkezel\u00e9s koron\u00e1riaplakk-saj\u00e1toss\u00e1gokra kifejtett hat\u00e1s\u00e1nak vizsg\u00e1lata sz\u00edv-CT-ve<\/span><\/span><span class=\"TextRun SCXW25028418 BCX0\" lang=\"HU\" xml:lang=\"HU\" data-contrast=\"none\"><span class=\"NormalTextRun SCXW25028418 BCX0\">l<\/span><\/span><span class=\"EOP SCXW25028418 BCX0\" data-ccp-props=\"{&quot;201341983&quot;:0,&quot;335559739&quot;:0,&quot;335559740&quot;:360}\">\u00a0<\/span><\/h6>\n<div class=\"lead\">Az Orvosi K\u00e9palkot\u00f3 Klinika INTENSE vizsg\u00e1lat\u00e1nak c\u00e9lja, hogy a legmodernebb k\u00e9palkot\u00f3 technol\u00f3gi\u00e1k \u00e9s adatalap\u00fa elemz\u00e9sek r\u00e9v\u00e9n el\u0151seg\u00edts\u00fck a sz\u00edv- \u00e9s \u00e9rrendszeri betegs\u00e9gek megel\u0151z\u00e9s\u00e9t, diagnosztik\u00e1j\u00e1t \u00e9s kezel\u00e9s\u00e9t, hozz\u00e1j\u00e1rulva a betegek hossz\u00fa t\u00e1v\u00fa \u00e9letmin\u0151s\u00e9g\u00e9nek jav\u00edt\u00e1s\u00e1hoz.<\/div>\n<h3>Mi\u00e9rt fontos?<\/h3>\n<p>A sz\u00edv- \u00e9s \u00e9rrendszeri betegs\u00e9gek vil\u00e1gszerte a vezet\u0151 hal\u00e1lokok k\u00f6z\u00e9 tartoznak. Ezek h\u00e1tter\u00e9ben gyakran az \u00fagynevezett \u00e9relmeszesed\u00e9ses lerak\u00f3d\u00e1sok (plakkok) \u00e1llnak, amelyek instabill\u00e1 v\u00e1lhatnak, \u00e9s akut esem\u00e9nyeket, p\u00e9ld\u00e1ul sz\u00edvinfarktust okozhatnak.<\/p>\n<h3>Mi a kutat\u00e1s h\u00e1ttere?<\/h3>\n<p>A koleszterincs\u00f6kkent\u0151 (sztatin) kezel\u00e9s javasolt azoknak, akikn\u00e9l magas a v\u00e9r koleszterinszint, diagnosztiz\u00e1lt koszor\u00fa\u00e9r-betegs\u00e9g\u00fck van, vagy fokozott a kock\u00e1zatuk csal\u00e1di halmoz\u00f3d\u00e1s, elh\u00edz\u00e1s vagy magasv\u00e9rnyom\u00e1s miatt. A sztatinok alkalmaz\u00e1sa seg\u00edt megel\u0151zni a sz\u00edvinfarktust \u00e9s cs\u00f6kkenti a sz\u00edv- \u00e9s \u00e9rrendszeri esem\u00e9nyek kock\u00e1zat\u00e1t.<\/p>\n<p>A hossz\u00fa t\u00e1v\u00fa gy\u00f3gyszerszed\u00e9s azonban nem mindig k\u00f6nny\u0171: mell\u00e9khat\u00e1sok, motiv\u00e1ci\u00f3veszt\u00e9s vagy a ter\u00e1pia hossza miatt sokan nem tartj\u00e1k be pontosan az el\u0151\u00edrt kezel\u00e9st.<\/p>\n<p>Erre a mindennapi probl\u00e9m\u00e1ra keress\u00fck a v\u00e1laszt!<\/p>\n<p>Kutat\u00e1sunkban a r\u00f6vid t\u00e1v\u00fa, intenz\u00edv sztatinkezel\u00e9s hat\u00e1s\u00e1t vizsg\u00e1ljuk. Arra keress\u00fck a v\u00e1laszt, hogy mi t\u00f6rt\u00e9nik, ha a betegek nem hossz\u00fa \u00e9veken \u00e1t, hanem csak h\u00e1rom h\u00f3napig, de magasabb d\u00f3zisban szedik ezt a k\u00e9sz\u00edtm\u00e9nyt \u2013 \u00e9s hogy a r\u00f6vid t\u00e1v\u00fa ter\u00e1pia hat\u00e1sa k\u00e9t \u00e9vvel k\u00e9s\u0151bb is kimutathat\u00f3-e.<\/p>\n<div class=\"fontos_div w-100\">\n<p>A vizsg\u00e1lat fel\u00e9p\u00edt\u00e9se lehet\u0151s\u00e9get ny\u00fajt mindazok sz\u00e1m\u00e1ra, <span class=\"cf0\">akik egyel\u0151re nem szeretn\u00e9nek sztatint szedni<\/span><!--EndFragment -->, de koszor\u00fa\u00e9r-betegs\u00e9g\u00fcket nyomon k\u00f6vetn\u00e9k, valamint azoknak is, akik szeretn\u00e9k kipr\u00f3b\u00e1lni r\u00f6vid t\u00e1von a kezel\u00e9st, miel\u0151tt hosszabb ter\u00e1pi\u00e1ba kezden\u00e9nek. Vizsg\u00e1latunkat a p\u00e1ciensek ig\u00e9nyeihez \u00e9s a kezel\u0151orvosok tapasztalataihoz igaz\u00edtottuk, tov\u00e1bb\u00e1 magas sz\u00ednvonal\u00fa szakmai k\u00f6rnyezet\u00fcnk \u00e9s a gondos el\u0151k\u00e9sz\u00edt\u00e9s biztos\u00edtja a biztons\u00e1gos r\u00e9szv\u00e9telt a kutat\u00e1sban.<\/p>\n<\/div>\n<p>A kutat\u00e1st nem t\u00e1mogatja gy\u00f3gyszerc\u00e9g!<\/p>\n<h3>Mi t\u00f6rt\u00e9nik a vizsg\u00e1lat sor\u00e1n?<\/h3>\n<p>A r\u00e9sztvev\u0151ket v\u00e9letlenszer\u0171en k\u00e9t csoportba osztjuk:<\/p>\n<ul style=\"list-style-type: square\">\n<li>A csoport: intenz\u00edv sztatinkezel\u00e9st kap,<\/li>\n<li>B csoport: placebo kapszul\u00e1t kap (hat\u00f3anyagot nem tartalmaz\u00f3 kapszula)<\/li>\n<\/ul>\n<h3>Mire sz\u00e1m\u00edthat a vizsg\u00e1lat sor\u00e1n?<\/h3>\n<ul style=\"list-style-type: square\">\n<li>H\u00e1rom alkalommal r\u00e9szt vesz kontrasztanyagos sz\u00edv-CT vizsg\u00e1laton (a bevon\u00e1s id\u0151pontj\u00e1ban, 3 h\u00f3nap m\u00falva, majd 24 h\u00f3nap ut\u00e1n).<\/li>\n<li>V\u00e9rv\u00e9tel \u00e9s laborvizsg\u00e1lat t\u00f6rt\u00e9nik mindh\u00e1rom alkalommal.<\/li>\n<li>A 10. napon r\u00f6vid telefonos konzult\u00e1ci\u00f3ra ker\u00fcl sor.<\/li>\n<li>Minden vizsg\u00e1lat \u00e9s orvosi vizit el\u0151re egyeztett id\u0151pontban t\u00f6rt\u00e9nik.<\/li>\n<\/ul>\n<h3>Kik vehetnek r\u00e9szt?<\/h3>\n<p>A r\u00e9szv\u00e9tel \u00f6nk\u00e9ntes, a jelentkez\u00e9st k\u00f6vet\u0151en egy r\u00f6vid k\u00e9rd\u0151\u00edv kit\u00f6lt\u00e9se el\u0151zi meg a bevon\u00e1st.<\/p>\n<p>Alkalmas p\u00e1ciensek:<\/p>\n<ul style=\"list-style-type: square\">\n<li>F\u00e9rfiak: 40\u201375 \u00e9v k\u00f6z\u00f6tt<\/li>\n<li>N\u0151k: 45\u201375 \u00e9v k\u00f6z\u00f6tt<\/li>\n<li>Nem szedtek kor\u00e1bban sztatin vagy egy\u00e9b v\u00e9rzs\u00edrcs\u00f6kkent\u0151 k\u00e9sz\u00edtm\u00e9nyt.<\/li>\n<li>V\u00e1llalj\u00e1k, hogy r\u00e9szt vesznek sz\u00edv-CT-vizsg\u00e1laton.<\/li>\n<li>A sz\u00edv-CT-vizsg\u00e1lat sor\u00e1n enyhe fok\u00fa koszor\u00fa\u00e9r-sz\u0171k\u00fcletet tal\u00e1lunk.<\/li>\n<li>Hajland\u00f3ak 3 h\u00f3napon \u00e1t a vizsg\u00e1lati k\u00e9sz\u00edtm\u00e9nyt (sztatint vagy palceb\u00f3t) szedni.<\/li>\n<\/ul>\n<h3>Biztons\u00e1gos ez a vizsg\u00e1lat?<\/h3>\n<p>Vizsg\u00e1lati k\u00e9sz\u00edtm\u00e9nyekkel kapcsolatos aggodalmak: <br \/>\nA vizsg\u00e1latban alkalmazott rosuvastatin egy vil\u00e1gszerte ismert, \u00e9vtizedek \u00f3ta biztons\u00e1gosan haszn\u00e1lt koleszterincs\u00f6kkent\u0151 gy\u00f3gyszer. Mell\u00e9khat\u00e1sk\u00e9nt 1000 p\u00e1ciensb\u0151l 1-n\u00e9l izom- \u00e9s iz\u00fcleti f\u00e1jdalom, izomgyenges\u00e9g, ideiglenes m\u00e1jenzim-emelked\u00e9s jelenhet meg. Sz\u00fcks\u00e9g eset\u00e9n ellen\u0151rz\u0151 laborvizsg\u00e1latokkal gondoskodunk arr\u00f3l, hogy a kezel\u00e9s biztons\u00e1gosan, a lehet\u0151 legnagyobb odafigyel\u00e9ssel t\u00f6rt\u00e9njen.<\/p>\n<p>H\u00e1tr\u00e1nyom sz\u00e1rmazhat-e abb\u00f3l ha, placebo k\u00e9sz\u00edtm\u00e9nyt kapok? <br \/>\nAmennyiben valaki a placebo-\u00e1gra ker\u00fcl, val\u00f3ban nem kap hat\u00f3anyagot tartalmaz\u00f3 kezel\u00e9st a h\u00e1rom h\u00f3nap alatt. Fontos azonban hangs\u00falyozni, hogy kiz\u00e1r\u00f3lag olyan p\u00e1cienseket vonunk be, akikn\u00e9l nincs s\u00falyos fok\u00fa koszor\u00fa\u00e9r-sz\u0171k\u00fclet. A vizsg\u00e1lat id\u0151tartama (h\u00e1rom h\u00f3nap) megfelel annak az \u00e1tlagos id\u0151nek, ami alatt a betegek \u00e1ltal\u00e1ban kiv\u00e1ltj\u00e1k \u00e9s elkezdik a gy\u00f3gyszer\u00fcket, ez\u00e9rt a placebo szed\u00e9se sem vesz\u00e9lyt, sem h\u00e1tr\u00e1nyt nem jelent az eg\u00e9szs\u00e9gre.<\/p>\n<p>Betegk\u00f6vet\u00e9ssel kapcsolatos aggodalmak: <br \/>\nA r\u00e9sztvev\u0151k biztons\u00e1g\u00e1t a vizsg\u00e1lat teljes id\u0151tartama alatt orvosi csapat fel\u00fcgyeli. Minden beteg 0\u201324 \u00f3r\u00e1s telefonos el\u00e9rhet\u0151s\u00e9get kap, ahol k\u00e9rd\u00e9seiket, \u00e9szrev\u00e9teleiket vagy esetleges mell\u00e9khat\u00e1sokat bejelenthetik. S\u00falyos koszor\u00fa\u00e9r-betegs\u00e9g gyan\u00faja eset\u00e9n a p\u00e1ciens automatikusan kiz\u00e1r\u00e1sra ker\u00fcl a vizsg\u00e1latb\u00f3l, \u00e9s b\u00e1rmilyen panasz vagy mell\u00e9khat\u00e1s eset\u00e9n soron k\u00edv\u00fcl biztos\u00edtunk orvosi vizitet.<\/p>\n<h3>Milyen el\u0151nye sz\u00e1rmazhat a vizsg\u00e1latb\u00f3l?<\/h3>\n<ul style=\"list-style-type: square\">\n<li>Rendszeres orvosi vizitek<\/li>\n<li>K\u00f6zvetlen orvos-beteg kapcsolat<\/li>\n<li>R\u00e9szletes koszor\u00fa\u00e9rplakk-elemz\u00e9s: A klasszikus orvosi lelet mellett a k\u00e9peket tov\u00e1bb elemezz\u00fck \u2013 \u201et\u00e9rk\u00e9pet\u201d adunk a lerak\u00f3dott plakkok t\u00e9rfogat\u00e1r\u00f3l, lokaliz\u00e1ci\u00f3j\u00e1r\u00f3l \u00e9s \u00f6sszet\u00e9tel\u00e9r\u0151l. Szimul\u00e1ljuk a koszor\u00fa\u00e9r-\u00e1raml\u00e1si viszonyokat nem invaz\u00edv k\u00f6r\u00fclm\u00e9nyek k\u00f6z\u00f6tt. Ezek az elemz\u00e9sek kiz\u00e1r\u00f3lag az Orvosi K\u00e9palkot\u00f3 Klinik\u00e1n \u00e9rhet\u0151ek el Magyarorsz\u00e1gon.<\/li>\n<\/ul>\n<p>Ez a korszer\u0171 m\u00f3dszer seg\u00edt a tudatos \u00e9letm\u00f3d fenntart\u00e1s\u00e1ban, a sz\u00fcks\u00e9ges v\u00e1ltoztat\u00e1sok felismer\u00e9s\u00e9ben, ez\u00e1ltal hozz\u00e1j\u00e1rul a v\u00e1rhat\u00f3 \u00e9lettartam \u00e9s az \u00e9letmin\u0151s\u00e9g jav\u00edt\u00e1s\u00e1hoz.<\/p>\n<p>Az Orvosi K\u00e9palkot\u00f3 Klinika INTENSE vizsg\u00e1lat\u00e1nak c\u00e9lja, hogy a legmodernebb k\u00e9palkot\u00f3 technol\u00f3gi\u00e1k \u00e9s adatalap\u00fa elemz\u00e9sek r\u00e9v\u00e9n el\u0151seg\u00edts\u00fck a sz\u00edv- \u00e9s \u00e9rrendszeri betegs\u00e9gek megel\u0151z\u00e9s\u00e9t, diagnosztik\u00e1j\u00e1t \u00e9s kezel\u00e9s\u00e9t, hozz\u00e1j\u00e1rulva a betegek hossz\u00fa t\u00e1v\u00fa \u00e9letmin\u0151s\u00e9g\u00e9nek jav\u00edt\u00e1s\u00e1hoz.<\/p>\n<p>Jelentkezzen sz\u00edv-CT-vizsg\u00e1latra al\u00e1bbi el\u00e9rhet\u0151s\u00e9geink egyik\u00e9n:<br \/>\nEmail: <a href=\"mailto:intense@semmelweis.hu\">intense@semmelweis.hu<\/a><br \/>\nTelefon: +36 30 877 6345<br \/>\nKoordin\u00e1torok: Dr. Sz\u00e1raz Lili, dr. Baksa Barnab\u00e1s, dr. Sebesty\u00e9n-D\u00f3sa R\u00e9ka<\/p>\n<p><a href=\"https:\/\/semmelweis.hu\/kepalkotas\/files\/int01.png\"><img loading=\"lazy\" decoding=\"async\" class=\"aligncenter wp-image-4594 size-full\" src=\"https:\/\/semmelweis.hu\/kepalkotas\/files\/int01.png\" alt=\"\" width=\"1650\" height=\"930\" srcset=\"https:\/\/semmelweis.hu\/kepalkotas\/files\/int01.png 1650w, https:\/\/semmelweis.hu\/kepalkotas\/files\/int01-400x225.png 400w, https:\/\/semmelweis.hu\/kepalkotas\/files\/int01-1024x577.png 1024w, https:\/\/semmelweis.hu\/kepalkotas\/files\/int01-768x433.png 768w, https:\/\/semmelweis.hu\/kepalkotas\/files\/int01-1536x866.png 1536w, https:\/\/semmelweis.hu\/kepalkotas\/files\/int01-753x424.png 753w\" sizes=\"auto, (max-width: 1650px) 100vw, 1650px\" \/><\/a><\/p>\n<p><a href=\"https:\/\/semmelweis.hu\/kepalkotas\/files\/int02.png\"><img loading=\"lazy\" decoding=\"async\" class=\"aligncenter wp-image-4595 size-full\" src=\"https:\/\/semmelweis.hu\/kepalkotas\/files\/int02.png\" alt=\"\" width=\"1677\" height=\"943\" srcset=\"https:\/\/semmelweis.hu\/kepalkotas\/files\/int02.png 1677w, https:\/\/semmelweis.hu\/kepalkotas\/files\/int02-400x225.png 400w, https:\/\/semmelweis.hu\/kepalkotas\/files\/int02-1024x576.png 1024w, https:\/\/semmelweis.hu\/kepalkotas\/files\/int02-768x432.png 768w, https:\/\/semmelweis.hu\/kepalkotas\/files\/int02-1536x864.png 1536w, https:\/\/semmelweis.hu\/kepalkotas\/files\/int02-753x423.png 753w\" sizes=\"auto, (max-width: 1677px) 100vw, 1677px\" \/><\/a><\/p>\n<p>&nbsp;<\/p>\n<p><a href=\"https:\/\/semmelweis.hu\/kepalkotas\/files\/INTENESE-kutatas-ismerteto.pdf\">R\u00e9szletes ismertet\u0151<\/a><\/p>\n","protected":false},"excerpt":{"rendered":"<p>intense vizsg\u00e1lat R\u00f6vid id\u0151tartam\u00fa, intenz\u00edv sztatinkezel\u00e9s koron\u00e1riaplakk-saj\u00e1toss\u00e1gokra kifejtett hat\u00e1s\u00e1nak vizsg\u00e1lata sz\u00edv-CT-vel\u00a0 Az Orvosi K\u00e9palkot\u00f3 Klinika INTENSE vizsg\u00e1lat\u00e1nak c\u00e9lja, hogy a legmodernebb k\u00e9palkot\u00f3 technol\u00f3gi\u00e1k \u00e9s adatalap\u00fa elemz\u00e9sek r\u00e9v\u00e9n el\u0151seg\u00edts\u00fck a sz\u00edv- \u00e9s \u00e9rrendszeri betegs\u00e9gek megel\u0151z\u00e9s\u00e9t, diagnosztik\u00e1j\u00e1t \u00e9s kezel\u00e9s\u00e9t, hozz\u00e1j\u00e1rulva a betegek hossz\u00fa t\u00e1v\u00fa \u00e9letmin\u0151s\u00e9g\u00e9nek jav\u00edt\u00e1s\u00e1hoz. Mi\u00e9rt fontos? A sz\u00edv- \u00e9s \u00e9rrendszeri betegs\u00e9gek vil\u00e1gszerte a vezet\u0151 hal\u00e1lokok &hellip;<\/p>\n","protected":false},"author":102015,"featured_media":0,"parent":0,"menu_order":6,"comment_status":"closed","ping_status":"closed","template":"template-fullwidth.php","meta":{"_acf_changed":false,"footnotes":""},"categories":[],"tags":[],"class_list":["post-4522","page","type-page","status-publish","hentry"],"acf":[],"_links":{"self":[{"href":"https:\/\/semmelweis.hu\/kepalkotas\/wp-json\/wp\/v2\/pages\/4522","targetHints":{"allow":["GET"]}}],"collection":[{"href":"https:\/\/semmelweis.hu\/kepalkotas\/wp-json\/wp\/v2\/pages"}],"about":[{"href":"https:\/\/semmelweis.hu\/kepalkotas\/wp-json\/wp\/v2\/types\/page"}],"author":[{"embeddable":true,"href":"https:\/\/semmelweis.hu\/kepalkotas\/wp-json\/wp\/v2\/users\/102015"}],"replies":[{"embeddable":true,"href":"https:\/\/semmelweis.hu\/kepalkotas\/wp-json\/wp\/v2\/comments?post=4522"}],"version-history":[{"count":10,"href":"https:\/\/semmelweis.hu\/kepalkotas\/wp-json\/wp\/v2\/pages\/4522\/revisions"}],"predecessor-version":[{"id":4589,"href":"https:\/\/semmelweis.hu\/kepalkotas\/wp-json\/wp\/v2\/pages\/4522\/revisions\/4589"}],"wp:attachment":[{"href":"https:\/\/semmelweis.hu\/kepalkotas\/wp-json\/wp\/v2\/media?parent=4522"}],"wp:term":[{"taxonomy":"category","embeddable":true,"href":"https:\/\/semmelweis.hu\/kepalkotas\/wp-json\/wp\/v2\/categories?post=4522"},{"taxonomy":"post_tag","embeddable":true,"href":"https:\/\/semmelweis.hu\/kepalkotas\/wp-json\/wp\/v2\/tags?post=4522"}],"curies":[{"name":"wp","href":"https:\/\/api.w.org\/{rel}","templated":true}]}}