{"id":4329,"date":"2025-01-17T14:22:19","date_gmt":"2025-01-17T13:22:19","guid":{"rendered":"https:\/\/semmelweis.hu\/kepalkotas\/?page_id=4329"},"modified":"2025-01-17T14:22:19","modified_gmt":"2025-01-17T13:22:19","slug":"klinikank-tortenete","status":"publish","type":"page","link":"https:\/\/semmelweis.hu\/kepalkotas\/klinikankrol\/klinikank-tortenete\/","title":{"rendered":"Klinik\u00e1nk t\u00f6rt\u00e9nete"},"content":{"rendered":"<p>A klinika t\u00f6rt\u00e9nete k\u00f6zel 120 \u00e9ve kezd\u0151d\u00f6tt el, 1906-ban Rajzol\u00f3-F\u00e9nyk\u00e9pez\u0151 \u00e9s R\u00f6ntgen laborat\u00f3riumk\u00e9nt, vezet\u0151je a hazai radiol\u00f3gia megalapoz\u00f3ja, Alexander B\u00e9la volt.\u00a0 A laborat\u00f3rium 1914-ben K\u00f6zponti R\u00f6ntgen Int\u00e9zett\u00e9, majd 1947-ben R\u00f6ntgenklinik\u00e1v\u00e1 alakult. 1997-t\u0151l 2016-ig Radiol\u00f3giai \u00e9s Onkoter\u00e1pi\u00e1s Klinika n\u00e9ven, 2016-t\u00f3l Radiol\u00f3giai Klinika n\u00e9ven m\u0171k\u00f6dik.<\/p>\n<figure id=\"attachment_4332\" aria-describedby=\"caption-attachment-4332\" style=\"width: 1200px\" class=\"wp-caption aligncenter\"><a href=\"https:\/\/semmelweis.hu\/kepalkotas\/files\/RS62312_3_belgyogyaszati_klinika_rontgenlabor-scr.jpg\"><img loading=\"lazy\" decoding=\"async\" class=\"wp-image-4332 size-full\" src=\"https:\/\/semmelweis.hu\/kepalkotas\/files\/RS62312_3_belgyogyaszati_klinika_rontgenlabor-scr.jpg\" alt=\"\" width=\"1200\" height=\"797\" srcset=\"https:\/\/semmelweis.hu\/kepalkotas\/files\/RS62312_3_belgyogyaszati_klinika_rontgenlabor-scr.jpg 1200w, https:\/\/semmelweis.hu\/kepalkotas\/files\/RS62312_3_belgyogyaszati_klinika_rontgenlabor-scr-400x266.jpg 400w, https:\/\/semmelweis.hu\/kepalkotas\/files\/RS62312_3_belgyogyaszati_klinika_rontgenlabor-scr-1024x680.jpg 1024w, https:\/\/semmelweis.hu\/kepalkotas\/files\/RS62312_3_belgyogyaszati_klinika_rontgenlabor-scr-768x510.jpg 768w, https:\/\/semmelweis.hu\/kepalkotas\/files\/RS62312_3_belgyogyaszati_klinika_rontgenlabor-scr-753x500.jpg 753w, https:\/\/semmelweis.hu\/kepalkotas\/files\/RS62312_3_belgyogyaszati_klinika_rontgenlabor-scr-203x135.jpg 203w\" sizes=\"auto, (max-width: 1200px) 100vw, 1200px\" \/><\/a><figcaption id=\"caption-attachment-4332\" class=\"wp-caption-text\">r\u00f6ntgenlabor 1922-ben a III. Belklinik\u00e1n Ratk\u00f3czy N\u00e1ndorral a r\u00f6ntgenosz\u00e1ly vezet\u0151j\u00e9vel<\/figcaption><\/figure>\n","protected":false},"excerpt":{"rendered":"<p>A klinika t\u00f6rt\u00e9nete k\u00f6zel 120 \u00e9ve kezd\u0151d\u00f6tt el, 1906-ban Rajzol\u00f3-F\u00e9nyk\u00e9pez\u0151 \u00e9s R\u00f6ntgen laborat\u00f3riumk\u00e9nt, vezet\u0151je a hazai radiol\u00f3gia megalapoz\u00f3ja, Alexander B\u00e9la volt.\u00a0 A laborat\u00f3rium 1914-ben K\u00f6zponti R\u00f6ntgen Int\u00e9zett\u00e9, majd 1947-ben R\u00f6ntgenklinik\u00e1v\u00e1 alakult. 1997-t\u0151l 2016-ig Radiol\u00f3giai \u00e9s Onkoter\u00e1pi\u00e1s Klinika n\u00e9ven, 2016-t\u00f3l Radiol\u00f3giai Klinika n\u00e9ven m\u0171k\u00f6dik.<\/p>\n","protected":false},"author":12,"featured_media":0,"parent":906,"menu_order":1,"comment_status":"closed","ping_status":"closed","template":"","meta":{"_acf_changed":false,"footnotes":""},"categories":[],"tags":[],"class_list":["post-4329","page","type-page","status-publish","hentry"],"acf":[],"_links":{"self":[{"href":"https:\/\/semmelweis.hu\/kepalkotas\/wp-json\/wp\/v2\/pages\/4329","targetHints":{"allow":["GET"]}}],"collection":[{"href":"https:\/\/semmelweis.hu\/kepalkotas\/wp-json\/wp\/v2\/pages"}],"about":[{"href":"https:\/\/semmelweis.hu\/kepalkotas\/wp-json\/wp\/v2\/types\/page"}],"author":[{"embeddable":true,"href":"https:\/\/semmelweis.hu\/kepalkotas\/wp-json\/wp\/v2\/users\/12"}],"replies":[{"embeddable":true,"href":"https:\/\/semmelweis.hu\/kepalkotas\/wp-json\/wp\/v2\/comments?post=4329"}],"version-history":[{"count":2,"href":"https:\/\/semmelweis.hu\/kepalkotas\/wp-json\/wp\/v2\/pages\/4329\/revisions"}],"predecessor-version":[{"id":4333,"href":"https:\/\/semmelweis.hu\/kepalkotas\/wp-json\/wp\/v2\/pages\/4329\/revisions\/4333"}],"up":[{"embeddable":true,"href":"https:\/\/semmelweis.hu\/kepalkotas\/wp-json\/wp\/v2\/pages\/906"}],"wp:attachment":[{"href":"https:\/\/semmelweis.hu\/kepalkotas\/wp-json\/wp\/v2\/media?parent=4329"}],"wp:term":[{"taxonomy":"category","embeddable":true,"href":"https:\/\/semmelweis.hu\/kepalkotas\/wp-json\/wp\/v2\/categories?post=4329"},{"taxonomy":"post_tag","embeddable":true,"href":"https:\/\/semmelweis.hu\/kepalkotas\/wp-json\/wp\/v2\/tags?post=4329"}],"curies":[{"name":"wp","href":"https:\/\/api.w.org\/{rel}","templated":true}]}}