{"id":3805,"date":"2023-05-15T14:53:14","date_gmt":"2023-05-15T12:53:14","guid":{"rendered":"https:\/\/semmelweis.hu\/kepalkotas\/?page_id=3805"},"modified":"2025-01-18T07:27:56","modified_gmt":"2025-01-18T06:27:56","slug":"betegtajekoztatok","status":"publish","type":"page","link":"https:\/\/semmelweis.hu\/kepalkotas\/betegeknek\/betegtajekoztatok\/","title":{"rendered":"Betegt\u00e1j\u00e9koztat\u00f3k"},"content":{"rendered":"<p style=\"text-align: center\"><strong><span style=\"font-size: 18pt\">Betegt\u00e1j\u00e9koztat\u00f3k<\/span><\/strong><\/p>\n            <div class=\"qae-faqs-container qae-faqs-toggle-container\">\n\t\t\t\t\t\t\t<ul class=\"qe-faqs-filters-container\">\n\t\t\t\t<li class=\"active\"><a class=\"qe-faqs-filter all-faqs\" href=\"#\" data-filter=\"*\">All<\/a><\/li>\n\t\t\t\t<li><a class=\"qe-faqs-filter\" href=\"#rontgen-betegtajekoztato\" data-filter=\".rontgen-betegtajekoztato\">R\u00f6ntgen betegt\u00e1j\u00e9koztat\u00f3<\/a><\/li>\t\t\t<\/ul>\n\t\t\t\t\t<div id=\"qaef-4349\" class=\"qe-faq-toggle rontgen-betegtajekoztato\">\n\t\t\t<div class=\"qe-toggle-title\">\n\t\t\t\t<h4>\n\t\t\t\t\t<i class=\"fa fa-minus-circle\"><\/i> R\u00f6ntgen betegt\u00e1j\u00e9koztat\u00f3 dokumentumok\t\t\t\t<\/h4>\n\t\t\t<\/div>\n\t\t\t<div class=\"qe-toggle-content\">\n\t\t\t\t<ul>\n<li><a href=\"https:\/\/semmelweis.hu\/kepalkotas\/files\/RTG-BETEGT-KONTRASZTANYAGOS-UROGRAPHIAS-RTG-SE-OKK-RTG-3.1.pdf\">RTG BETEGT-KONTRASZTANYAGOS UROGRAPHI\u00c1S RTG-SE OKK-RTG 3.1<\/a><\/li>\n<li><a href=\"https:\/\/semmelweis.hu\/kepalkotas\/files\/RTG-BETEGT-KONTRASZTANYAGOS-IZULET-ARTHROGRAPHIA-FELTOLTESES-V.-SE-OKK-RTG-1.1.pdf\">RTG BETEGT-KONTRASZTANYAGOS IZ\u00dcLET (ARTHROGRAPHIA) FELT\u00d6LT\u00c9SES V.-SE OKK-RTG 1.1<\/a><\/li>\n<li><a href=\"https:\/\/semmelweis.hu\/kepalkotas\/files\/RTG-BETEGT-KONTRASZTANYAGOS-HYSTEROGRAPHIAS-SE-OKK-RTG-2.1.pdf\">RTG BETEGT-KONTRASZTANYAGOS HYSTEROGRAPHIAS-SE OKK-RTG 2.1<\/a><\/li>\n<li><a href=\"https:\/\/semmelweis.hu\/kepalkotas\/files\/RTG-BETEGT-KONTRASZTANYAGOS-DRAIN-FELTOLTESES-VIZSG-SE-OKK-RTG-4.1.pdf\">RTG BETEGT-KONTRASZTANYAGOS DRAIN FELT\u00d6LT\u00c9SES VIZSG-SE OKK-RTG 4.1<\/a><\/li>\n<\/ul>\n\t\t\t<\/div>\n\t\t<\/div>\n\t\t            <\/div>\n\t\t\n            <div class=\"qae-faqs-container qae-faqs-toggle-container\">\n\t\t\t\t\t\t\t<ul class=\"qe-faqs-filters-container\">\n\t\t\t\t<li class=\"active\"><a class=\"qe-faqs-filter all-faqs\" href=\"#\" data-filter=\"*\">All<\/a><\/li>\n\t\t\t\t<li><a class=\"qe-faqs-filter\" href=\"#uh-betegtajekoztato\" data-filter=\".uh-betegtajekoztato\">UH betegt\u00e1j\u00e9koztat\u00f3<\/a><\/li>\t\t\t<\/ul>\n\t\t\t\t\t<div id=\"qaef-4370\" class=\"qe-faq-toggle uh-betegtajekoztato\">\n\t\t\t<div class=\"qe-toggle-title\">\n\t\t\t\t<h4>\n\t\t\t\t\t<i class=\"fa fa-minus-circle\"><\/i> UH betegt\u00e1j\u00e9koztat\u00f3 dokumentumok\t\t\t\t<\/h4>\n\t\t\t<\/div>\n\t\t\t<div class=\"qe-toggle-content\">\n\t\t\t\t<p>&nbsp;<\/p>\n<p><a href=\"https:\/\/semmelweis.hu\/kepalkotas\/files\/UH-BETEGT-Ultrahangos-zsirmaj-meres-SE-OKK-UH-14.1.pdf\">UH BETEGT-Ultrahangos zs\u00edrm\u00e1j m\u00e9r\u00e9s-SE-OKK-UH 14.1<\/a> <br \/>\n<a href=\"https:\/\/semmelweis.hu\/kepalkotas\/files\/UH-BETEGT-Testuregi-tartos-vacuum-asszisztalt-folyadeklebocsajtas-drainage-SE-OKK-UH-5.1.pdf\">UH BETEGT-Test\u00fcregi tart\u00f3s v\u00e1cuum assziszt\u00e1lt folyad\u00e9klebocs\u00e1jt\u00e1s-drainage-SE OKK-UH 5.1<\/a> <br \/>\n<a href=\"https:\/\/semmelweis.hu\/kepalkotas\/files\/UH-BETEGT-Percutan-transhepatikus-drainage-stent-vizsgalathoz-SE-OKK-UH-6.1.pdf\">UH BETEGT-Percutan transhepatikus drainage-stent vizsg\u00e1lathoz-SE-OKK-UH 6.1<\/a> <br \/>\n<a href=\"https:\/\/semmelweis.hu\/kepalkotas\/files\/UH-BETEGT-Percutan-radiofrekvencias-alkoholos-daganatroncsolas-SE-OKK-UH-7.1.pdf\">UH BETEGT-Percutan r\u00e1di\u00f3frekvenci\u00e1s-alkoholos daganatroncsol\u00e1s-SE-OKK-UH 7.1<\/a> <br \/>\n<a href=\"https:\/\/semmelweis.hu\/kepalkotas\/files\/UH-BETEGT-Parenchymas-hasi-szervek-core-biopszia-SE-OKK-UH-1.1.pdf\">UH BETEGT-Parenchym\u00e1s hasi szervek core biopszia-SE OKK-UH 1.1<\/a> <br \/>\n<a href=\"https:\/\/semmelweis.hu\/kepalkotas\/files\/UH-BETEGT-Parenchymas-hasi-szervek-aspiracios-biopszia-SE-OKK-UH-2.1.pdf\">UH BETEGT-Parenchym\u00e1s hasi szervek aspir\u00e1ci\u00f3s biopszia-SE OKK-UH 2.1<\/a> <br \/>\n<a href=\"https:\/\/semmelweis.hu\/kepalkotas\/files\/UH-BETEGT-Nyirasi-szonoelasztografias-SE-OKK-UH-12.1.pdf\">UH BETEGT-Ny\u00edr\u00e1si szonoelasztogr\u00e1fi\u00e1s-SE-OKK-UH 12.1<\/a> <br \/>\n<a href=\"https:\/\/semmelweis.hu\/kepalkotas\/files\/UH-BETEGT-Mellkasi-szervek-core-biopszia-SE-OKK-UH-3.1.pdf\">UH BETEGT-Mellkasi szervek core biopszia-SE OKK-UH 3.1<\/a> <br \/>\n<a href=\"https:\/\/semmelweis.hu\/kepalkotas\/files\/UH-BETEGT-Mellkasi-szervek-aspiracios-biopszia-SE-OKK-UH-4.1.pdf\">UH BETEGT-Mellkasi szervek aspir\u00e1ci\u00f3s biopszia-SE OKK-UH 4.1<\/a> <br \/>\n<a href=\"https:\/\/semmelweis.hu\/kepalkotas\/files\/UH-BETEGT-Kontrasztanyagos-UH-SE-OKK-UH-10.01.pdf\">UH BETEGT-Kontrasztanyagos <br \/>\nUH-SE-OKK-UH 10.01<\/a> <br \/>\n<a href=\"https:\/\/semmelweis.hu\/kepalkotas\/files\/UH-BETEGT-Feluletes-lagyreszek-aspiracios-biopszia-SE-OKK-UH-11.1.pdf\">UH BETEGT-Fel\u00fcletes l\u00e1gyr\u00e9szek aspir\u00e1ci\u00f3s biopszia-SE-OKK-UH 11.1<\/a> <br \/>\n<a href=\"https:\/\/semmelweis.hu\/kepalkotas\/files\/UH-BETEGT-A-maj-3-dimenzios-UH-vizsgalatahoz-SE-OKK-UH-13.1.pdf\">UH BETEGT-A m\u00e1j 3 dimenzi\u00f3s UH vizsg\u00e1lat\u00e1hoz-SE-OKK-UH 13.1<\/a><\/p>\n\t\t\t<\/div>\n\t\t<\/div>\n\t\t            <\/div>\n\t\t\n            <div class=\"qae-faqs-container qae-faqs-toggle-container\">\n\t\t\t\t\t\t\t<ul class=\"qe-faqs-filters-container\">\n\t\t\t\t<li class=\"active\"><a class=\"qe-faqs-filter all-faqs\" href=\"#\" data-filter=\"*\">All<\/a><\/li>\n\t\t\t\t<li><a class=\"qe-faqs-filter\" href=\"#mammografia-betegtajekoztato\" data-filter=\".mammografia-betegtajekoztato\">Mammogr\u00e1fia betegt\u00e1j\u00e9koztat\u00f3<\/a><\/li>\t\t\t<\/ul>\n\t\t\t\t\t<div id=\"qaef-4373\" class=\"qe-faq-toggle mammografia-betegtajekoztato\">\n\t\t\t<div class=\"qe-toggle-title\">\n\t\t\t\t<h4>\n\t\t\t\t\t<i class=\"fa fa-minus-circle\"><\/i> Mammogr\u00e1fia betegt\u00e1j\u00e9koztat\u00f3 dokumentumok\t\t\t\t<\/h4>\n\t\t\t<\/div>\n\t\t\t<div class=\"qe-toggle-content\">\n\t\t\t\t<p><a href=\"https:\/\/semmelweis.hu\/kepalkotas\/files\/MA-BETEGT-EMLO-VAKUUM-CORE-BIOPSZIA-UTANI-TEENDOK-SE-OKK-MA-7.2-1.pdf\">MA BETEGT-EML\u0150 V\u00c1KUUM CORE BIOPSZIA UT\u00c1NI TEEND\u0150K-SE OKK-MA-7.2<\/a><br \/>\n<a href=\"https:\/\/semmelweis.hu\/kepalkotas\/files\/MA-BETEGT-TUDNIVALOK-EMLO-VAKUUM-ASSZISZTALT-CORE-BIOPSZIA-SE_OKK-MA-9.1.pdf\">MA BETEGT-TUDNIVAL\u00d3K EML\u0150 V\u00c1KUUM ASSZISZT\u00c1LT CORE BIOPSZIA SE_OKK-MA 9.1<\/a> <br \/>\n<a href=\"https:\/\/semmelweis.hu\/kepalkotas\/files\/MA-BETEGT-ROLL-JELOLES-SE-OKK-MA-5.1.pdf\">MA BETEGT-ROLL JEL\u00d6L\u00c9S-SE OKK-MA 5.1<\/a> <br \/>\n<a href=\"https:\/\/semmelweis.hu\/kepalkotas\/files\/MA-BETEGT-MAMMOGRAFIAS-VIZSGALAT-SE-OKK-MA-1.1.pdf\">MA BETEGT-MAMMOGR\u00c1FI\u00c1S VIZSG\u00c1LAT-SE OKK-MA 1.1<\/a> <br \/>\n<a href=\"https:\/\/semmelweis.hu\/kepalkotas\/files\/MA-BETEGT-KLIPJELOLESHEZ-SE-OK-MA-8.1.pdf\">MA BETEGT-KLIPJEL\u00d6L\u00c9SHEZ -SE OK-MA 8.1<\/a> <br \/>\n<a href=\"https:\/\/semmelweis.hu\/kepalkotas\/files\/MA-BETEGT-GALAKTOGRAFIAS-SE-OKK-MA-2.1.pdf\">MA BETEGT-GALAKTOGR\u00c1FI\u00c1S-SE OKK MA 2.1<\/a><br \/>\n<a href=\"https:\/\/semmelweis.hu\/kepalkotas\/files\/MA-BETEGT-EMLO-VAKUUM-CORE-BIOPSZIA-SE-OKK-MA-7.1v2-1.pdf\">MA BETEGT-EML\u0150 V\u00c1KUUM CORE BIOPSZIA-SE OKK-MA 7.1<\/a><br \/>\n<a href=\"https:\/\/semmelweis.hu\/kepalkotas\/files\/MA-BETEGT-EMLO-DROTJELOLESHEZ-SE-OKK-MA-6.1.pdf\">MA BETEGT-EML\u0150 DR\u00d3TJEL\u00d6L\u00c9SHEZ-SE OKK-MA 6.1<\/a> <br \/>\n<a href=\"https:\/\/semmelweis.hu\/kepalkotas\/files\/MA-BETEGT-EMLO-CORE-BIOPSZIA-SE-OKK-MA-3.1.pdf\">MA BETEGT-EML\u0150 CORE BIOPSZIA-SE OKK-MA 3.1<\/a> <br \/>\n<a href=\"https:\/\/semmelweis.hu\/kepalkotas\/files\/MA-BETEGT-ASPIRACIOS-BIOPSZIA-SE-OKK-MA-4.1.pdf\">MA BETEGT-ASPIR\u00c1CI\u00d3S BIOPSZIA-SE OKK-MA 4.1<\/a><\/p>\n\t\t\t<\/div>\n\t\t<\/div>\n\t\t            <\/div>\n\t\t\n            <div class=\"qae-faqs-container qae-faqs-toggle-container\">\n\t\t\t\t\t\t\t<ul class=\"qe-faqs-filters-container\">\n\t\t\t\t<li class=\"active\"><a class=\"qe-faqs-filter all-faqs\" href=\"#\" data-filter=\"*\">All<\/a><\/li>\n\t\t\t\t<li><a class=\"qe-faqs-filter\" href=\"#ct-betegtajekoztato\" data-filter=\".ct-betegtajekoztato\">CT betegt\u00e1j\u00e9koztat\u00f3<\/a><\/li>\t\t\t<\/ul>\n\t\t\t\t\t<div id=\"qaef-4372\" class=\"qe-faq-toggle ct-betegtajekoztato\">\n\t\t\t<div class=\"qe-toggle-title\">\n\t\t\t\t<h4>\n\t\t\t\t\t<i class=\"fa fa-minus-circle\"><\/i> CT betegt\u00e1j\u00e9koztat\u00f3 dokumentumok\t\t\t\t<\/h4>\n\t\t\t<\/div>\n\t\t\t<div class=\"qe-toggle-content\">\n\t\t\t\t<p><a href=\"https:\/\/semmelweis.hu\/kepalkotas\/files\/CT-BETEGT-CT-V.-SE-OKK-CT-3.1.pdf\">CT BETEGT-CT V.-SE OKK-CT 3.1<\/a><br \/>\n<a href=\"https:\/\/semmelweis.hu\/kepalkotas\/files\/CT-BETEGT-CT-ENTEROGRAFIAS-V.-SE-OKK-CT-1.1.pdf\">CT BETEGT-CT ENTEROGR\u00c1FI\u00c1S V.-SE OKK-CT 1.1<\/a><br \/>\n<a href=\"https:\/\/semmelweis.hu\/kepalkotas\/files\/CT-BETEGT-CT-COLONOSCOPIAS-SE-OKK-CT-2.1.pdf\">CT BETEGT-CT COLONOSCOPI\u00c1S-SE OKK-CT 2.1<\/a><\/p>\n\t\t\t<\/div>\n\t\t<\/div>\n\t\t            <\/div>\n\t\t\n            <div class=\"qae-faqs-container qae-faqs-toggle-container\">\n\t\t\t\t\t\t\t<ul class=\"qe-faqs-filters-container\">\n\t\t\t\t<li class=\"active\"><a class=\"qe-faqs-filter all-faqs\" href=\"#\" data-filter=\"*\">All<\/a><\/li>\n\t\t\t\t<li><a class=\"qe-faqs-filter\" href=\"#mr-betegtajekoztato\" data-filter=\".mr-betegtajekoztato\">MR betegt\u00e1j\u00e9koztat\u00f3<\/a><\/li>\t\t\t<\/ul>\n\t\t\t\t\t<div id=\"qaef-4371\" class=\"qe-faq-toggle mr-betegtajekoztato\">\n\t\t\t<div class=\"qe-toggle-title\">\n\t\t\t\t<h4>\n\t\t\t\t\t<i class=\"fa fa-minus-circle\"><\/i> MR betegt\u00e1j\u00e9koztat\u00f3 dokumentumok\t\t\t\t<\/h4>\n\t\t\t<\/div>\n\t\t\t<div class=\"qe-toggle-content\">\n\t\t\t\t<p><a href=\"https:\/\/semmelweis.hu\/kepalkotas\/files\/MR-BETEGTAJEKOZTATO-SE_OKK_MR-1.1.pdf\">MR BETEGT\u00c1J\u00c9KOZTAT\u00d3 SE_OKK_MR 1.1<\/a><\/p>\n\t\t\t<\/div>\n\t\t<\/div>\n\t\t            <\/div>\n\t\t\n            <div class=\"qae-faqs-container qae-faqs-toggle-container\">\n\t\t\t\t\t\t\t<ul class=\"qe-faqs-filters-container\">\n\t\t\t\t<li class=\"active\"><a class=\"qe-faqs-filter all-faqs\" href=\"#\" data-filter=\"*\">All<\/a><\/li>\n\t\t\t\t<li><a class=\"qe-faqs-filter\" href=\"#nuklearis-medicina-betegtajekoztatok\" data-filter=\".nuklearis-medicina-betegtajekoztatok\">Nukle\u00e1ris Medic\u00edna betegt\u00e1j\u00e9koztat\u00f3k<\/a><\/li>\t\t\t<\/ul>\n\t\t\t\t\t<div id=\"qaef-4374\" class=\"qe-faq-toggle nuklearis-medicina-betegtajekoztatok\">\n\t\t\t<div class=\"qe-toggle-title\">\n\t\t\t\t<h4>\n\t\t\t\t\t<i class=\"fa fa-minus-circle\"><\/i> Nukle\u00e1ris Medic\u00edna betegt\u00e1j\u00e9koztat\u00f3 dokumentumok\t\t\t\t<\/h4>\n\t\t\t<\/div>\n\t\t\t<div class=\"qe-toggle-content\">\n\t\t\t\t<p><a href=\"https:\/\/semmelweis.hu\/kepalkotas\/files\/BETEGT-VESE-STATIKUS-SZCINTIGRAFIA-SE-OKK-NMED-19.1.pdf\">BETEGT-VESE STATIKUS SZCINTIGR\u00c1FIA-SE-OKK-NMED-19.1<\/a><br \/>\n<a href=\"https:\/\/semmelweis.hu\/kepalkotas\/files\/BETEGT-VESE-CLEARENCE-SE-OKK-NMED-27.1.pdf\">BETEGT-VESE CLEARENCE- SE-OKK-NMED-27.1<\/a><br \/>\n<a href=\"https:\/\/semmelweis.hu\/kepalkotas\/files\/BETEGT-TERHELESES-SZIVIZOM-PERFUZIO-SPECT-SE-OKK-NMD-20.1.pdf\">BETEGT-TERHEL\u00c9SES SZ\u00cdVIZOM PERF\u00daZI\u00d3 SPECT &#8211; SE-OKK-NMD-20.1<\/a><br \/>\n<a href=\"https:\/\/semmelweis.hu\/kepalkotas\/files\/BETEGT-SZOMATOSZTATIN-RECEPTOR-VIZSGALATHOZ-SE-OKK-NMED-21.1.pdf\">BETEGT-SZOMATOSZTATIN RECEPTOR VIZSG\u00c1LATHOZ- SE OKK-NMED 21.1<\/a><br \/>\n<a href=\"https:\/\/semmelweis.hu\/kepalkotas\/files\/BETEGT-SENTINEL-NYIROKCSOMO-VIZSGALATHOZ-SE-OKK-NMED-24.1.pdf\">BETEGT-SENTINEL NYIROKCSOM\u00d3 VIZSG\u00c1LATHOZ-SE OKK-NMED-24.1<\/a> <br \/>\n<a href=\"https:\/\/semmelweis.hu\/kepalkotas\/files\/BETEGT-PERFUZIOS-TUDOCINTIGRAFIA-SE-OKK-NMED-17.1.pdf\">BETEGT-PERF\u00daZI\u00d3S T\u00dcD\u0150CINTIGR\u00c1FIA- SE-OKK-NMED-17.1<\/a> <br \/>\n<a href=\"https:\/\/semmelweis.hu\/kepalkotas\/files\/BETEGT-PAJZSMIRIGYCINTIGRAFIA-SE-OKK-NMED-16.1.pdf\">BETEGT-PAJZSMIRIGYCINTIGR\u00c1FIA- SE-OKK-NMED-16.1<\/a><br \/>\n<a href=\"https:\/\/semmelweis.hu\/kepalkotas\/files\/BETEGT-NYELES-GYOMORURULES-VIZSGALATHOZ-SE-OKK-NMED-25.1.pdf\">BETEGT-NYEL\u00c9S GYOMOR\u00dcR\u00dcL\u00c9S VIZSG\u00c1LATHOZ-SE OKK-NMED 25.1<\/a> <br \/>\n<a href=\"https:\/\/semmelweis.hu\/kepalkotas\/files\/BETEGT-MELLEKVESEVELO-SZCINTIGRAFIA-SE-OKK-NMED-15.1.pdf\">BETEGT-MELL\u00c9KVESEVEL\u0150-SZCINTIGR\u00c1FIA- SE-OKK-NMED-15.1<\/a><br \/>\n<a href=\"https:\/\/semmelweis.hu\/kepalkotas\/files\/BETEGT-MELLEKPAJZSMIRIGY-SZCINTIGRAFIA-SE-OKK-NMED-14.1.pdf\">BETEGT-MELL\u00c9KPAJZSMIRIGY-SZCINTIGR\u00c1FIA- SE-OKK-NMED-14.1<\/a><br \/>\n<a href=\"https:\/\/semmelweis.hu\/kepalkotas\/files\/BETEGT-MECKEL-DIVERTICULUM-LOKALIZALASSAE-IZOTOPPAL-SE-OKK-NMED-13.1.pdf\">BETEGT-MECKEL DIVERTICULUM LOKALIZ\u00c1L\u00c1SSA\u00c9 IZOT\u00d3PPAL-SE-OKK-NMED-13.1<\/a><br \/>\n<a href=\"https:\/\/semmelweis.hu\/kepalkotas\/files\/BETEGT-MAJ-LEPSZCINTIGRAFIA-VIZSGALATHOZ-SE-OKK-NMED-12.1.pdf\">BETEGT-M\u00c1J-L\u00c9PSZCINTIGR\u00c1FIA VIZSG\u00c1LATHOZ-SE OKK-NMED 12.1<\/a> <br \/>\n<a href=\"https:\/\/semmelweis.hu\/kepalkotas\/files\/BETEGT-LYMPHOSZCINTIGRAFI-VIZSGALATHOZ-SE-OKK-NMED-18.1.pdf\">BETEGT-LYMPHOSZCINTIGR\u00c1FI VIZSG\u00c1LATHOZ-SE OKK-NMED 18.1<\/a> <br \/>\n<a href=\"https:\/\/semmelweis.hu\/kepalkotas\/files\/BETEGT-LIQUORKERINGES-VIZSGALATHOZ-SE-OKK-NMED-22.1.pdf\">BETEGT-LIQUORKERING\u00c9S VIZSG\u00c1LATHOZ-SE OKK-NMED-22.1<\/a><br \/>\n<a href=\"https:\/\/semmelweis.hu\/kepalkotas\/files\/BETEGT-LEUKOCYTA-JELOLES-VIZSGALATHOZ-SE-OKK-NMED-11.1.pdf\">BETEGT-LEUKOCYTA JEL\u00d6L\u00c9S VIZSG\u00c1LATHOZ-SE OKK-NMED-11.1<\/a> <br \/>\n<a href=\"https:\/\/semmelweis.hu\/kepalkotas\/files\/BETEGT-I131-EGESZTEST-SE-NMED-15.1-2.pdf\">BETEGT-I131 EG\u00c9SZTEST&#8211;SE-NMED-15.1-2<\/a><br \/>\n<a href=\"https:\/\/semmelweis.hu\/kepalkotas\/files\/BETEGT-GA67-SZCINTIGRAFIA-SE-OKK-NMED-10.1.pdf\">BETEGT-GA67-SZCINTIGR\u00c1FIA- SE-OKK-NMED-10.1<\/a> <br \/>\n<a href=\"https:\/\/semmelweis.hu\/kepalkotas\/files\/BETEGT-FLUOROKONILLAL-VEGZETT-PET-CT-SE-OKK-NMED-5.1-docx.pdf\">BETEGT-FLUOROKONILLAL V\u00c9GZETT PET CT-SE-OKK-NMED-5.1-docx<\/a> <br \/>\n<a href=\"https:\/\/semmelweis.hu\/kepalkotas\/files\/BETEGT-FDG-VEL-VEGZETT-PET-CT-SE-OKK-NMED-6.1.pdf\">BETEGT-FDG-VEL V\u00c9GZETT PET-CT SE-OKK-NMED-6.1<\/a> <br \/>\n<a href=\"https:\/\/semmelweis.hu\/kepalkotas\/files\/BETEGT-DOPA-_PET_CT-VIZSGALATHOZ-SE-OKK-NMED-4.1.pdf\">BETEGT-DOPA _PET_CT VIZSG\u00c1LATHOZ- SE OKK-NMED 4.1<\/a> <br \/>\n<a href=\"https:\/\/semmelweis.hu\/kepalkotas\/files\/BETEGT-DINAMIKUS-VESE-SZCINTIGRAFIA-VIZSGALATHOZ-SE-OKK-NMED-3.1.pdf\">BETEGT-DINAMIKUS VESE SZCINTIGR\u00c1FIA VIZSG\u00c1LATHOZ-SE OKK-NMED 3.1<\/a> <br \/>\n<a href=\"https:\/\/semmelweis.hu\/kepalkotas\/files\/BETEGT-DINAMIKUS-NYALMIRIGYSZCINTIGRAFIA-VIZSGALATHOZ-SE-OKK-NMED-28.1.pdf\">BETEGT-DINAMIKUS NY\u00c1LMIRIGYSZCINTIGR\u00c1FIA VIZSG\u00c1LATHOZ-SE OKK-NMED-28.1<\/a><br \/>\n<a href=\"https:\/\/semmelweis.hu\/kepalkotas\/files\/BETEGT-DINAMIKUS-NYALMIRIGY-SZCINTIGRAFIA-SE-OKK-NMED-28.1.pdf\">BETEGT-DINAMIKUS NY\u00c1LMIRIGY SZCINTIGR\u00c1FIA- SE-OKK-NMED-28.1<\/a> <br \/>\n<a href=\"https:\/\/semmelweis.hu\/kepalkotas\/files\/BETEGT-DINAMIKUS-CHOLESZCINTIGRAFIA-VIZSGALATHOZ-SE-OKK-NMED-8.1.pdf\">BETEGT-DINAMIKUS CHOLESZCINTIGR\u00c1FIA VIZSG\u00c1LATHOZ-SE OKK-NMED-8.1<\/a> <br \/>\n<a href=\"https:\/\/semmelweis.hu\/kepalkotas\/files\/BETEGT-CHOLE-SZCINTIGRAFIA-SE-OKK-NMED-7.1.pdf\">BETEGT-CHOLE-SZCINTIGR\u00c1FIA- SE-OKK-NMED-7.1<\/a> <br \/>\n<a href=\"https:\/\/semmelweis.hu\/kepalkotas\/files\/BETEGT-Belverzes-lokalizalasa-izotoppal-SE-OKK-NMED-26.1.pdf\">BETEGT-B\u00e9lv\u00e9rz\u00e9s lokaliz\u00e1l\u00e1sa izot\u00f3ppal -SE-OKK-NMED-26.1<\/a> <br \/>\n<a href=\"https:\/\/semmelweis.hu\/kepalkotas\/files\/BETEGT-ATTEKINTO-CSONTCINTIGRAFIAI-VIZSGALATHOZ-SE-OKK-NMED-9.1.pdf\">BETEGT-\u00c1TTEKINT\u0150 CSONTCINTIGR\u00c1FIAI VIZSG\u00c1LATHOZ-SE OKK-NMED 9.1<\/a> <br \/>\n<a href=\"https:\/\/semmelweis.hu\/kepalkotas\/files\/BETEGT-AGYI-RECEPTOR-SPECT-SE-OKK-NMED-23.1-docx.pdf\">BETEGT-AGYI RECEPTOR SPECT- SE-OKK-NMED-23.1-docx<\/a> <br \/>\n<a href=\"https:\/\/semmelweis.hu\/kepalkotas\/files\/BETEGT-3-FAZISU-CSONTSZCINTIGRAFIAS-V-SE-OKK-NMED-2.1.pdf\">BETEGT-3 F\u00c1ZIS\u00da CSONTSZCINTIGR\u00c1FI\u00c1S V-SE OKK-NMED 2.1<\/a><\/p>\n\t\t\t<\/div>\n\t\t<\/div>\n\t\t            <\/div>\n\t\t\n<p>&nbsp;<\/p>\n","protected":false},"excerpt":{"rendered":"<p><a href=\"https:\/\/semmelweis.hu\/kepalkotas\/files\/BETEGT-VESE-STATIKUS-SZCINTIGRAFIA-SE-OKK-NMED-19.1.pdf\">BETEGT-VESE STATIKUS SZCINTIGR\u00c1FIA-SE-OKK-NMED-19.1<\/a><br \/>\n<a href=\"https:\/\/semmelweis.hu\/kepalkotas\/files\/BETEGT-VESE-CLEARENCE-SE-OKK-NMED-27.1.pdf\">BETEGT-VESE CLEARENCE- SE-OKK-NMED-27.1<\/a><br \/>\n<a href=\"https:\/\/semmelweis.hu\/kepalkotas\/files\/BETEGT-TERHELESES-SZIVIZOM-PERFUZIO-SPECT-SE-OKK-NMD-20.1.pdf\">BETEGT-TERHEL\u00c9SES SZ\u00cdVIZOM PERF\u00daZI\u00d3 SPECT &#8211; SE-OKK-NMD-20.1<\/a><br \/>\n<a href=\"https:\/\/semmelweis.hu\/kepalkotas\/files\/BETEGT-SZOMATOSZTATIN-RECEPTOR-VIZSGALATHOZ-SE-OKK-NMED-21.1.pdf\">BETEGT-SZOMATOSZTATIN RECEPTOR VIZSG\u00c1LATHOZ- SE OKK-NMED 21.1<\/a><br \/>\n<a href=\"https:\/\/semmelweis.hu\/kepalkotas\/files\/BETEGT-SENTINEL-NYIROKCSOMO-VIZSGALATHOZ-SE-OKK-NMED-24.1.pdf\">BETEGT-SENTINEL NYIROKCSOM\u00d3 VIZSG\u00c1LATHOZ-SE OKK-NMED-24.1<\/a><br \/>\n<a href=\"https:\/\/semmelweis.hu\/kepalkotas\/files\/BETEGT-PERFUZIOS-TUDOCINTIGRAFIA-SE-OKK-NMED-17.1.pdf\">BETEGT-PERF\u00daZI\u00d3S T\u00dcD\u0150CINTIGR\u00c1FIA- SE-OKK-NMED-17.1<\/a><br \/>\n<a href=\"https:\/\/semmelweis.hu\/kepalkotas\/files\/BETEGT-PAJZSMIRIGYCINTIGRAFIA-SE-OKK-NMED-16.1.pdf\">BETEGT-PAJZSMIRIGYCINTIGR\u00c1FIA- SE-OKK-NMED-16.1<\/a><br \/>\n<a href=\"https:\/\/semmelweis.hu\/kepalkotas\/files\/BETEGT-NYELES-GYOMORURULES-VIZSGALATHOZ-SE-OKK-NMED-25.1.pdf\">BETEGT-NYEL\u00c9S GYOMOR\u00dcR\u00dcL\u00c9S VIZSG\u00c1LATHOZ-SE OKK-NMED 25.1<\/a><br \/>\n<a href=\"https:\/\/semmelweis.hu\/kepalkotas\/files\/BETEGT-MELLEKVESEVELO-SZCINTIGRAFIA-SE-OKK-NMED-15.1.pdf\">BETEGT-MELL\u00c9KVESEVEL\u0150-SZCINTIGR\u00c1FIA- SE-OKK-NMED-15.1<\/a><br \/>\n<a href=\"https:\/\/semmelweis.hu\/kepalkotas\/files\/BETEGT-MELLEKPAJZSMIRIGY-SZCINTIGRAFIA-SE-OKK-NMED-14.1.pdf\">BETEGT-MELL\u00c9KPAJZSMIRIGY-SZCINTIGR\u00c1FIA- SE-OKK-NMED-14.1<\/a><br \/>\n<a href=\"https:\/\/semmelweis.hu\/kepalkotas\/files\/BETEGT-MECKEL-DIVERTICULUM-LOKALIZALASSAE-IZOTOPPAL-SE-OKK-NMED-13.1.pdf\">BETEGT-MECKEL DIVERTICULUM LOKALIZ\u00c1L\u00c1SSA\u00c9 IZOT\u00d3PPAL-SE-OKK-NMED-13.1<\/a><br \/>\n<a href=\"https:\/\/semmelweis.hu\/kepalkotas\/files\/BETEGT-MAJ-LEPSZCINTIGRAFIA-VIZSGALATHOZ-SE-OKK-NMED-12.1.pdf\">BETEGT-M\u00c1J-L\u00c9PSZCINTIGR\u00c1FIA VIZSG\u00c1LATHOZ-SE OKK-NMED 12.1<\/a><br \/>\n<a href=\"https:\/\/semmelweis.hu\/kepalkotas\/files\/BETEGT-LYMPHOSZCINTIGRAFI-VIZSGALATHOZ-SE-OKK-NMED-18.1.pdf\">BETEGT-LYMPHOSZCINTIGR\u00c1FI VIZSG\u00c1LATHOZ-SE OKK-NMED 18.1<\/a><br \/>\n<a href=\"https:\/\/semmelweis.hu\/kepalkotas\/files\/BETEGT-LIQUORKERINGES-VIZSGALATHOZ-SE-OKK-NMED-22.1.pdf\">BETEGT-LIQUORKERING\u00c9S VIZSG\u00c1LATHOZ-SE OKK-NMED-22.1<\/a><br \/>\n<a href=\"https:\/\/semmelweis.hu\/kepalkotas\/files\/BETEGT-LEUKOCYTA-JELOLES-VIZSGALATHOZ-SE-OKK-NMED-11.1.pdf\">BETEGT-LEUKOCYTA JEL\u00d6L\u00c9S VIZSG\u00c1LATHOZ-SE OKK-NMED-11.1<\/a><br \/>\n<a href=\"https:\/\/semmelweis.hu\/kepalkotas\/files\/BETEGT-I131-EGESZTEST-SE-NMED-15.1-2.pdf\">BETEGT-I131 EG\u00c9SZTEST&#8211;SE-NMED-15.1-2<\/a><br \/>\n<a href=\"https:\/\/semmelweis.hu\/kepalkotas\/files\/BETEGT-GA67-SZCINTIGRAFIA-SE-OKK-NMED-10.1.pdf\">BETEGT-GA67-SZCINTIGR\u00c1FIA- SE-OKK-NMED-10.1<\/a><br \/>\n<a href=\"https:\/\/semmelweis.hu\/kepalkotas\/files\/BETEGT-FLUOROKONILLAL-VEGZETT-PET-CT-SE-OKK-NMED-5.1-docx.pdf\">BETEGT-FLUOROKONILLAL V\u00c9GZETT PET CT-SE-OKK-NMED-5.1-docx<\/a><br \/>\n<a href=\"https:\/\/semmelweis.hu\/kepalkotas\/files\/BETEGT-FDG-VEL-VEGZETT-PET-CT-SE-OKK-NMED-6.1.pdf\">BETEGT-FDG-VEL V\u00c9GZETT PET-CT SE-OKK-NMED-6.1<\/a><br \/>\n<a href=\"https:\/\/semmelweis.hu\/kepalkotas\/files\/BETEGT-DOPA-_PET_CT-VIZSGALATHOZ-SE-OKK-NMED-4.1.pdf\">BETEGT-DOPA _PET_CT VIZSG\u00c1LATHOZ- SE OKK-NMED 4.1<\/a><br \/>\n<a href=\"https:\/\/semmelweis.hu\/kepalkotas\/files\/BETEGT-DINAMIKUS-VESE-SZCINTIGRAFIA-VIZSGALATHOZ-SE-OKK-NMED-3.1.pdf\">BETEGT-DINAMIKUS VESE SZCINTIGR\u00c1FIA VIZSG\u00c1LATHOZ-SE OKK-NMED 3.1<\/a><br \/>\n<a href=\"https:\/\/semmelweis.hu\/kepalkotas\/files\/BETEGT-DINAMIKUS-NYALMIRIGYSZCINTIGRAFIA-VIZSGALATHOZ-SE-OKK-NMED-28.1.pdf\">BETEGT-DINAMIKUS NY\u00c1LMIRIGYSZCINTIGR\u00c1FIA VIZSG\u00c1LATHOZ-SE OKK-NMED-28.1<\/a><br \/>\n<a href=\"https:\/\/semmelweis.hu\/kepalkotas\/files\/BETEGT-DINAMIKUS-NYALMIRIGY-SZCINTIGRAFIA-SE-OKK-NMED-28.1.pdf\">BETEGT-DINAMIKUS NY\u00c1LMIRIGY SZCINTIGR\u00c1FIA- SE-OKK-NMED-28.1<\/a><br \/>\n<a href=\"https:\/\/semmelweis.hu\/kepalkotas\/files\/BETEGT-DINAMIKUS-CHOLESZCINTIGRAFIA-VIZSGALATHOZ-SE-OKK-NMED-8.1.pdf\">BETEGT-DINAMIKUS CHOLESZCINTIGR\u00c1FIA VIZSG\u00c1LATHOZ-SE OKK-NMED-8.1<\/a><br \/>\n<a href=\"https:\/\/semmelweis.hu\/kepalkotas\/files\/BETEGT-CHOLE-SZCINTIGRAFIA-SE-OKK-NMED-7.1.pdf\">BETEGT-CHOLE-SZCINTIGR\u00c1FIA- SE-OKK-NMED-7.1<\/a><br \/>\n<a href=\"https:\/\/semmelweis.hu\/kepalkotas\/files\/BETEGT-Belverzes-lokalizalasa-izotoppal-SE-OKK-NMED-26.1.pdf\">BETEGT-B\u00e9lv\u00e9rz\u00e9s lokaliz\u00e1l\u00e1sa izot\u00f3ppal -SE-OKK-NMED-26.1<\/a><br \/>\n<a href=\"https:\/\/semmelweis.hu\/kepalkotas\/files\/BETEGT-ATTEKINTO-CSONTCINTIGRAFIAI-VIZSGALATHOZ-SE-OKK-NMED-9.1.pdf\">BETEGT-\u00c1TTEKINT\u0150 CSONTCINTIGR\u00c1FIAI VIZSG\u00c1LATHOZ-SE OKK-NMED 9.1<\/a><br \/>\n<a href=\"https:\/\/semmelweis.hu\/kepalkotas\/files\/BETEGT-AGYI-RECEPTOR-SPECT-SE-OKK-NMED-23.1-docx.pdf\">BETEGT-AGYI RECEPTOR SPECT- SE-OKK-NMED-23.1-docx<\/a><br \/>\n<a href=\"https:\/\/semmelweis.hu\/kepalkotas\/files\/BETEGT-3-FAZISU-CSONTSZCINTIGRAFIAS-V-SE-OKK-NMED-2.1.pdf\">BETEGT-3 F\u00c1ZIS\u00da CSONTSZCINTIGR\u00c1FI\u00c1S V-SE OKK-NMED 2.1<\/a><\/p>\n","protected":false},"author":108,"featured_media":0,"parent":206,"menu_order":0,"comment_status":"closed","ping_status":"closed","template":"","meta":{"_acf_changed":false,"footnotes":""},"categories":[],"tags":[],"class_list":["post-3805","page","type-page","status-publish","hentry"],"acf":[],"_links":{"self":[{"href":"https:\/\/semmelweis.hu\/kepalkotas\/wp-json\/wp\/v2\/pages\/3805","targetHints":{"allow":["GET"]}}],"collection":[{"href":"https:\/\/semmelweis.hu\/kepalkotas\/wp-json\/wp\/v2\/pages"}],"about":[{"href":"https:\/\/semmelweis.hu\/kepalkotas\/wp-json\/wp\/v2\/types\/page"}],"author":[{"embeddable":true,"href":"https:\/\/semmelweis.hu\/kepalkotas\/wp-json\/wp\/v2\/users\/108"}],"replies":[{"embeddable":true,"href":"https:\/\/semmelweis.hu\/kepalkotas\/wp-json\/wp\/v2\/comments?post=3805"}],"version-history":[{"count":10,"href":"https:\/\/semmelweis.hu\/kepalkotas\/wp-json\/wp\/v2\/pages\/3805\/revisions"}],"predecessor-version":[{"id":4375,"href":"https:\/\/semmelweis.hu\/kepalkotas\/wp-json\/wp\/v2\/pages\/3805\/revisions\/4375"}],"up":[{"embeddable":true,"href":"https:\/\/semmelweis.hu\/kepalkotas\/wp-json\/wp\/v2\/pages\/206"}],"wp:attachment":[{"href":"https:\/\/semmelweis.hu\/kepalkotas\/wp-json\/wp\/v2\/media?parent=3805"}],"wp:term":[{"taxonomy":"category","embeddable":true,"href":"https:\/\/semmelweis.hu\/kepalkotas\/wp-json\/wp\/v2\/categories?post=3805"},{"taxonomy":"post_tag","embeddable":true,"href":"https:\/\/semmelweis.hu\/kepalkotas\/wp-json\/wp\/v2\/tags?post=3805"}],"curies":[{"name":"wp","href":"https:\/\/api.w.org\/{rel}","templated":true}]}}