{"id":3658,"date":"2022-11-24T09:09:47","date_gmt":"2022-11-24T08:09:47","guid":{"rendered":"https:\/\/semmelweis.hu\/kepalkotas\/?page_id=3658"},"modified":"2025-01-27T09:13:34","modified_gmt":"2025-01-27T08:13:34","slug":"budapest-onkoprojekt","status":"publish","type":"page","link":"https:\/\/semmelweis.hu\/kepalkotas\/betegeknek\/budapest-onkoprojekt\/","title":{"rendered":"Budapest Onkoprojekt &#8211; lez\u00e1rult"},"content":{"rendered":"<div><strong>A Budapest Onko Projekt Klinik\u00e1nkon 2024.12.31-\u00e9n lez\u00e1rult. Amennyiben a k\u00e9s\u0151bbiekben \u00fajra el\u00e9rhet\u0151ek lesznek vizsg\u00e1latok Bp Onko Projekt keret\u00e9ben, arr\u00f3l t\u00e1j\u00e9koztat\u00e1st adunk.<\/strong><\/div>\n<div>\u00a0<\/div>\n<p>Tov\u00e1bbi j\u00f3 eg\u00e9szs\u00e9gben t\u00f6lt\u00f6tt \u00e9veket k\u00edv\u00e1nunk!<\/p>\n","protected":false},"excerpt":{"rendered":"<p>A Budapest Onko Projekt Klinik\u00e1nkon 2024.12.31-\u00e9n lez\u00e1rult. Amennyiben a k\u00e9s\u0151bbiekben \u00fajra el\u00e9rhet\u0151ek lesznek vizsg\u00e1latok Bp Onko Projekt keret\u00e9ben, arr\u00f3l t\u00e1j\u00e9koztat\u00e1st adunk.<br \/>\n\u00a0<br \/>\nTov\u00e1bbi j\u00f3 eg\u00e9szs\u00e9gben t\u00f6lt\u00f6tt \u00e9veket k\u00edv\u00e1nunk!<\/p>\n","protected":false},"author":142,"featured_media":0,"parent":206,"menu_order":7,"comment_status":"closed","ping_status":"closed","template":"","meta":{"_acf_changed":false,"footnotes":""},"categories":[],"tags":[],"class_list":["post-3658","page","type-page","status-publish","hentry"],"acf":[],"_links":{"self":[{"href":"https:\/\/semmelweis.hu\/kepalkotas\/wp-json\/wp\/v2\/pages\/3658","targetHints":{"allow":["GET"]}}],"collection":[{"href":"https:\/\/semmelweis.hu\/kepalkotas\/wp-json\/wp\/v2\/pages"}],"about":[{"href":"https:\/\/semmelweis.hu\/kepalkotas\/wp-json\/wp\/v2\/types\/page"}],"author":[{"embeddable":true,"href":"https:\/\/semmelweis.hu\/kepalkotas\/wp-json\/wp\/v2\/users\/142"}],"replies":[{"embeddable":true,"href":"https:\/\/semmelweis.hu\/kepalkotas\/wp-json\/wp\/v2\/comments?post=3658"}],"version-history":[{"count":10,"href":"https:\/\/semmelweis.hu\/kepalkotas\/wp-json\/wp\/v2\/pages\/3658\/revisions"}],"predecessor-version":[{"id":4398,"href":"https:\/\/semmelweis.hu\/kepalkotas\/wp-json\/wp\/v2\/pages\/3658\/revisions\/4398"}],"up":[{"embeddable":true,"href":"https:\/\/semmelweis.hu\/kepalkotas\/wp-json\/wp\/v2\/pages\/206"}],"wp:attachment":[{"href":"https:\/\/semmelweis.hu\/kepalkotas\/wp-json\/wp\/v2\/media?parent=3658"}],"wp:term":[{"taxonomy":"category","embeddable":true,"href":"https:\/\/semmelweis.hu\/kepalkotas\/wp-json\/wp\/v2\/categories?post=3658"},{"taxonomy":"post_tag","embeddable":true,"href":"https:\/\/semmelweis.hu\/kepalkotas\/wp-json\/wp\/v2\/tags?post=3658"}],"curies":[{"name":"wp","href":"https:\/\/api.w.org\/{rel}","templated":true}]}}