{"id":3092,"date":"2021-04-09T07:55:50","date_gmt":"2021-04-09T05:55:50","guid":{"rendered":"https:\/\/semmelweis.hu\/kepalkotas\/?page_id=3092"},"modified":"2026-03-10T12:32:55","modified_gmt":"2026-03-10T11:32:55","slug":"kapcsolat","status":"publish","type":"page","link":"https:\/\/semmelweis.hu\/kepalkotas\/oktatas\/kapcsolat\/","title":{"rendered":"Oktat\u00e1si felel\u0151s\u00f6k"},"content":{"rendered":"<div class=\"keretes w-100\">\n<p><strong>\u00c1ltal\u00e1nos oktat\u00e1si \u00fcgyek, e-mail: <\/strong><a href=\"okk.oktatas@semmelweis.hu\">okk.oktatas@semmelweis.hu<\/a><\/p>\n<\/div>\n<p><strong>\u00c1ltal\u00e1nos oktat\u00e1si felel\u0151s:<\/strong> <br \/>\n<strong>Dr. L\u00e9n\u00e1rd Zsuzsanna<\/strong>, egyetemi docens,<br \/>\n+36 20 825 9215<\/p>\n<p><strong>N\u00e9met nyelv\u0171 oktat\u00e1si felel\u0151s:<\/strong> <br \/>\n<strong>Dr. Juharosi Gy\u00f6ngyi<\/strong>, f\u0151orvos, <br \/>\n+ 36 20 666 3908<\/p>\n<p><strong>Moodle technikai k\u00e9rd\u00e9sek, email:<\/strong> <a href=\"mailto:kozak.lajos@semmelweis.hu\">kozak.lajos@semmelweis.hu<\/a><\/p>\n<p>&nbsp;<\/p>\n<p><strong>Tanulm\u00e1nyi szak\u00e9rt\u0151:<\/strong><\/p>\n<p><strong>Ma\u00e1r-Sipos Edina<\/strong>,\u00a0<br \/>\ne-mail: <a href=\"mailto:okk.oktatas@semmelweis.hu\"><span data-olk-copy-source=\"MessageBody\">okk.oktatas@semmelweis.hu<\/span><\/a><\/p>\n<p><strong>Tanulm\u00e1nyi \u00fcgyint\u00e9z\u0151:<\/strong><\/p>\n<p><strong>Szele-Ma\u00e1r T\u00fcnde<\/strong>,\u00a0<br \/>\ne-mail: <a href=\"mailto:okk.oktatas@semmelweis.hu\"><span data-olk-copy-source=\"MessageBody\">okk.oktatas@semmelweis.hu<\/span><\/a><\/p>\n<p>&nbsp;<\/p>\n<p><strong>\u00dcgyf\u00e9lfogad\u00e1s\/<\/strong> <strong>Opening hours<\/strong><\/p>\n<p>H\u00c9TF\u0150\/MONDAY: 09:00-11:00, 13:00-15:00<\/p>\n<p>KEDD\/TUESDAY: 09:00-12:00<\/p>\n<p>SZERDA\/WEDNESDAY: 09:00-11:00, 13:00-15:00<\/p>\n<p>CS\u00dcT\u00d6RT\u00d6K\/THURSDAY: 09:00-12:00<\/p>\n<p>P\u00e9nteken az \u00fcgyf\u00e9lfogad\u00e1s sz\u00fcnetel!<\/p>\n<p>Opening hours are closed on Friday!<\/p>\n<p>&nbsp;<\/p>\n","protected":false},"excerpt":{"rendered":"<p>\u00c1ltal\u00e1nos oktat\u00e1si \u00fcgyek, e-mail: <a href=\"okk.oktatas@semmelweis.hu\">okk.oktatas@semmelweis.hu<\/a> \u00c1ltal\u00e1nos oktat\u00e1si felel\u0151s: Dr. L\u00e9n\u00e1rd Zsuzsanna, egyetemi docens, +36 20 825 9215 N\u00e9met nyelv\u0171 oktat\u00e1si felel\u0151s: Dr. Juharosi Gy\u00f6ngyi, f\u0151orvos, + 36 20 666 3908 Moodle technikai k\u00e9rd\u00e9sek, email: <a href=\"mailto:kozak.lajos@semmelweis.hu\">kozak.lajos@semmelweis.hu<\/a> &nbsp; Tanulm\u00e1nyi szak\u00e9rt\u0151: Ma\u00e1r-Sipos Edina,\u00a0 e-mail: <a href=\"mailto:okk.oktatas@semmelweis.hu\">okk.oktatas@semmelweis.hu<\/a> Tanulm\u00e1nyi \u00fcgyint\u00e9z\u0151: Szele-Ma\u00e1r T\u00fcnde,\u00a0 e-mail: <a href=\"mailto:okk.oktatas@semmelweis.hu\">okk.oktatas@semmelweis.hu<\/a> &nbsp; \u00dcgyf\u00e9lfogad\u00e1s\/ Opening hours H\u00c9TF\u0150\/MONDAY: 09:00-11:00, 13:00-15:00 KEDD\/TUESDAY: 09:00-12:00 SZERDA\/WEDNESDAY: 09:00-11:00, &hellip;<\/p>\n","protected":false},"author":108,"featured_media":0,"parent":70,"menu_order":3,"comment_status":"closed","ping_status":"closed","template":"","meta":{"_acf_changed":false,"footnotes":""},"categories":[],"tags":[],"class_list":["post-3092","page","type-page","status-publish","hentry"],"acf":[],"_links":{"self":[{"href":"https:\/\/semmelweis.hu\/kepalkotas\/wp-json\/wp\/v2\/pages\/3092","targetHints":{"allow":["GET"]}}],"collection":[{"href":"https:\/\/semmelweis.hu\/kepalkotas\/wp-json\/wp\/v2\/pages"}],"about":[{"href":"https:\/\/semmelweis.hu\/kepalkotas\/wp-json\/wp\/v2\/types\/page"}],"author":[{"embeddable":true,"href":"https:\/\/semmelweis.hu\/kepalkotas\/wp-json\/wp\/v2\/users\/108"}],"replies":[{"embeddable":true,"href":"https:\/\/semmelweis.hu\/kepalkotas\/wp-json\/wp\/v2\/comments?post=3092"}],"version-history":[{"count":12,"href":"https:\/\/semmelweis.hu\/kepalkotas\/wp-json\/wp\/v2\/pages\/3092\/revisions"}],"predecessor-version":[{"id":4585,"href":"https:\/\/semmelweis.hu\/kepalkotas\/wp-json\/wp\/v2\/pages\/3092\/revisions\/4585"}],"up":[{"embeddable":true,"href":"https:\/\/semmelweis.hu\/kepalkotas\/wp-json\/wp\/v2\/pages\/70"}],"wp:attachment":[{"href":"https:\/\/semmelweis.hu\/kepalkotas\/wp-json\/wp\/v2\/media?parent=3092"}],"wp:term":[{"taxonomy":"category","embeddable":true,"href":"https:\/\/semmelweis.hu\/kepalkotas\/wp-json\/wp\/v2\/categories?post=3092"},{"taxonomy":"post_tag","embeddable":true,"href":"https:\/\/semmelweis.hu\/kepalkotas\/wp-json\/wp\/v2\/tags?post=3092"}],"curies":[{"name":"wp","href":"https:\/\/api.w.org\/{rel}","templated":true}]}}