{"id":3010,"date":"2021-01-06T11:24:58","date_gmt":"2021-01-06T10:24:58","guid":{"rendered":"https:\/\/semmelweis.hu\/kepalkotas\/?page_id=3010"},"modified":"2024-10-08T08:42:16","modified_gmt":"2024-10-08T06:42:16","slug":"rezidenskepzes","status":"publish","type":"page","link":"https:\/\/semmelweis.hu\/kepalkotas\/oktatas\/postgradualis-oktatas\/rezidenskepzes\/","title":{"rendered":"Rezidensk\u00e9pz\u00e9s"},"content":{"rendered":"<div dir=\"ltr\">\n<div dir=\"ltr\">\n<div class=\"gmail_default\">\n<blockquote>\n<p>1 t\u00e9ma, 1 h\u00e9t, 1 el\u0151ad\u00f3 &#8211; ONLINE el\u0151ad\u00e1ssorozat<\/p>\n<\/blockquote>\n<h4><strong>2024\/25. \u0151szi program<\/strong><\/h4>\n<p>Az Orvosi K\u00e9palkot\u00f3 Klinika c\u00e9lja, hogy az el\u0151ad\u00e1ssorozattal egy\u00e9ves id\u0151tartam alatt lefedje <strong>az Eur\u00f3pai Radiol\u00f3gus T\u00e1rsas\u00e1g posztgradu\u00e1lis k\u00e9pz\u00e9si kurrikulum\u00e1t<\/strong>.<\/p>\n<p>A Zoom-on k\u00f6zvet\u00edtett 20-25 perces el\u0151ad\u00e1sok <strong>keddt\u0151l p\u00e9ntekig 8:10-kor kezd\u0151dnek<\/strong>. A kezd\u00e9s refer\u00e1l\u00f3nk hossz\u00e1t\u00f3l f\u00fcgg, \u00edgy n\u00e9h\u00e1ny perc k\u00e9s\u00e9s el\u0151fordulhat.<\/p>\n<p>A Zoom-linkhez a hozz\u00e1f\u00e9r\u00e9st az al\u00e1bbi email c\u00edmen tudj\u00e1k megk\u00e9rni: okk.oktatas@semmelweis.hu, k\u00e9rj\u00fck az emailben a teljes nev\u00fck mellett a munkahely\u00fcket \u00e9s a pecs\u00e9tsz\u00e1mukat is t\u00fcntess\u00e9k fel.<\/p>\n<\/div>\n<\/div>\n<\/div>\n<ul style=\"list-style-type: square\">\n<li><a href=\"https:\/\/semmelweis.hu\/kepalkotas\/oktatas\/postgradualis-oktatas\/rezidenskepzes\/korabbi-eloadasok-felvetelei\/\">Kor\u00e1bbi el\u0151ad\u00e1sok felv\u00e9telei (jelsz\u00f3v\u00e9dett)<\/a><\/li>\n<li><a href=\"https:\/\/semmelweis.hu\/kepalkotas\/oktatas\/postgradualis-oktatas\/rezidenskepzes\/utravalok\">\u00datraval\u00f3k (jelsz\u00f3v\u00e9dett)<\/a><\/li>\n<li><a href=\"https:\/\/semmelweis.hu\/kepalkotas\/oktatas\/postgradualis-oktatas\/rezidenskepzes\/transzplant-gyorstalpalo\/\">Transzplant El\u0151ad\u00e1sok<\/a><\/li>\n<\/ul>\n","protected":false},"excerpt":{"rendered":"<p>1 t\u00e9ma, 1 h\u00e9t, 1 el\u0151ad\u00f3 &#8211; ONLINE el\u0151ad\u00e1ssorozat 2024\/25. \u0151szi program Az Orvosi K\u00e9palkot\u00f3 Klinika c\u00e9lja, hogy az el\u0151ad\u00e1ssorozattal egy\u00e9ves id\u0151tartam alatt lefedje az Eur\u00f3pai Radiol\u00f3gus T\u00e1rsas\u00e1g posztgradu\u00e1lis k\u00e9pz\u00e9si kurrikulum\u00e1t. A Zoom-on k\u00f6zvet\u00edtett 20-25 perces el\u0151ad\u00e1sok keddt\u0151l p\u00e9ntekig 8:10-kor kezd\u0151dnek. A kezd\u00e9s refer\u00e1l\u00f3nk hossz\u00e1t\u00f3l f\u00fcgg, \u00edgy n\u00e9h\u00e1ny perc k\u00e9s\u00e9s el\u0151fordulhat. A Zoom-linkhez a hozz\u00e1f\u00e9r\u00e9st &hellip;<\/p>\n","protected":false},"author":108,"featured_media":0,"parent":2194,"menu_order":0,"comment_status":"closed","ping_status":"closed","template":"","meta":{"_acf_changed":false,"footnotes":""},"categories":[],"tags":[],"class_list":["post-3010","page","type-page","status-publish","hentry"],"acf":[],"_links":{"self":[{"href":"https:\/\/semmelweis.hu\/kepalkotas\/wp-json\/wp\/v2\/pages\/3010","targetHints":{"allow":["GET"]}}],"collection":[{"href":"https:\/\/semmelweis.hu\/kepalkotas\/wp-json\/wp\/v2\/pages"}],"about":[{"href":"https:\/\/semmelweis.hu\/kepalkotas\/wp-json\/wp\/v2\/types\/page"}],"author":[{"embeddable":true,"href":"https:\/\/semmelweis.hu\/kepalkotas\/wp-json\/wp\/v2\/users\/108"}],"replies":[{"embeddable":true,"href":"https:\/\/semmelweis.hu\/kepalkotas\/wp-json\/wp\/v2\/comments?post=3010"}],"version-history":[{"count":11,"href":"https:\/\/semmelweis.hu\/kepalkotas\/wp-json\/wp\/v2\/pages\/3010\/revisions"}],"predecessor-version":[{"id":4257,"href":"https:\/\/semmelweis.hu\/kepalkotas\/wp-json\/wp\/v2\/pages\/3010\/revisions\/4257"}],"up":[{"embeddable":true,"href":"https:\/\/semmelweis.hu\/kepalkotas\/wp-json\/wp\/v2\/pages\/2194"}],"wp:attachment":[{"href":"https:\/\/semmelweis.hu\/kepalkotas\/wp-json\/wp\/v2\/media?parent=3010"}],"wp:term":[{"taxonomy":"category","embeddable":true,"href":"https:\/\/semmelweis.hu\/kepalkotas\/wp-json\/wp\/v2\/categories?post=3010"},{"taxonomy":"post_tag","embeddable":true,"href":"https:\/\/semmelweis.hu\/kepalkotas\/wp-json\/wp\/v2\/tags?post=3010"}],"curies":[{"name":"wp","href":"https:\/\/api.w.org\/{rel}","templated":true}]}}