{"id":2560,"date":"2020-06-26T07:13:18","date_gmt":"2020-06-26T07:13:18","guid":{"rendered":"http:\/\/test.semmelweis.hu\/kepalkotas\/?page_id=2560"},"modified":"2020-06-26T07:13:18","modified_gmt":"2020-06-26T07:13:18","slug":"phd-at-imaging-centre","status":"publish","type":"page","link":"https:\/\/semmelweis.hu\/kepalkotas\/en\/oktatas-education-english\/phd-at-imaging-centre\/","title":{"rendered":"PhD at Imaging Centre"},"content":{"rendered":"<h5>PhD research topics<\/h5>\n<p>The lecturers of Department of Radiology, Semmelweis University take part in the education of the School of Ph.D. Studies of Semmelweis University (<a href=\"http:\/\/phd.semmelweis.hu\/en\/doktori-iskolak\/doktori-iskolak-temai\">link<\/a>).<\/p>\n<p>Actual PhD topics and mentors:<\/p>\n<ul>\n<li>Prof. Dr. Viktor B\u00e9rczi: Interventional radiology in the treatment and followup<br \/>\nof patients with vascular diseases<br \/>\nSchool of Ph.D. Studies of Semmelweis University, Basic Medicine School, Physiology and clinics of the heart and coronary diseases (1\/1)<\/li>\n<li>\u00c1d\u00e1m Domonkos T\u00e1rnoki, MD, PhD: Imaging related cardiovascular and other twin studies<br \/>\nSchool of Ph.D. Studies of Semmelweis University, Basic Medicine School, Physiology and clinics of the heart and coronary diseases (1\/1)<\/li>\n<li>D\u00e1vid L\u00e1szl\u00f3 T\u00e1rnoki, MD, PhD: Imaging related respiratory and other twin studies School of Ph.D. Studies of Semmelweis University, Basic Medicine School, Physiology and clinics of the heart and coronary diseases (1\/1)<\/li>\n<li>Attitional topics in radiology is also possible.<\/li>\n<\/ul>\n<h5>PhD course<\/h5>\n<p>As part of the PhD education, we hold PhD courses at our department. Actual course:<br \/>\nTwin research, epigenetics and radiogenomics (Lecturers: Adam Domonkos Tarnoki MD, PhD, David Laszlo Tarnoki MD, PhD)<br \/>\nCourse code: 1130<br \/>\nMore information about PhD education: titkarsag.radi@med.semmelweisuniv.hu<\/p>\n<p>\u00d3rarend:\u00a0<a href=\"https:\/\/semmelweis.hu\/kepalkotas\/files\/2018\/04\/SE-PhD-kurzus-orarenddel-2018-v2.pdf\">SE PhD course<\/a><\/p>\n<div dir=\"ltr\">\n<div>Update in Genetics and Genomics, Precision Medicine and Twin Studies<\/div>\n<div>\n<div>\u00a0<\/div>\n<h5>Day 1<\/h5>\n<div>Time Topic: Basic Genomics and Genetic Theory<\/div>\n<div>9:45 \u2013 10:00 0. Introduction (Dr. T\u00e1rnoki \u00c1d\u00e1m Domonkos, Dr. T\u00e1rnoki D\u00e1vid L\u00e1szl\u00f3)<\/div>\n<div>10:00 \u2013 10:50 1. Program Installation Guide and Icebreaker: Linux Basic (Dr. Joohon Sung)<\/div>\n<div>11:00 &#8211; 11:50 2. Introduction to Human Genome and Genome Variation (Dr. Joohon Sung)<\/div>\n<div>1:00 pm -2:30 3. Biometrics and Genetic Theory and Twin-Family Study (Dr. Joohon Sung)<\/div>\n<div>Q&amp;A and break<\/div>\n<div>3:00 pm -4:00 4. Practice: Estimating Heritability and Shared Environments using SOLAR (Dr. Joohon Sung)<\/div>\n<div>\u00a0<\/div>\n<h5>Day 2<\/h5>\n<div>Gene Mapping Genetic Association Studies (GWAS standard practice)<\/div>\n<div>10:00 \u2013 10:30 5. Icebreaker: R program intro (Dr. Joohon Sung)<\/div>\n<div>10:30 &#8211; 11:50 6. Introduction to Gene Mapping Studies and Genetic Association Study (GWAS) (Dr. Joohon Sung)<\/div>\n<div>1:00 \u2013 2:30 7. Meta-analysis and Visualization of GWAS results (Manhattan plot, QQ-plot, regional plot and LD block) (Dr. Joohon Sung)<\/div>\n<div>Q&amp;A and break<\/div>\n<div>3:00 pm -4:00 8. Practice: GWAS using Plink (Dr. Joohon Sung)<\/div>\n<div>\u00a0<\/div>\n<h5>Day 3<\/h5>\n<div>Precision Medicine, Omics-based Causal Analysis<\/div>\n<div>10:30 \u2013 11:50 9. Introduction to Precision Medicine and Cancer Target Therapies (Dr. Joohon Sung)<\/div>\n<div>1:00 \u2013 2:30 10. Causal Association Analysis using Mendelian Randomization (Dr. Joohon Sung)<\/div>\n<div>Q&amp;A and break<\/div>\n<div>3:00 \u2013 4:00 11. Epigenetics Short intro and watching BBC documentary, Overall Discussion (Dr. Joohon Sung)<\/div>\n<div>4:15 \u2013 5:00 12. Test exam. (Dr. T\u00e1rnoki \u00c1d\u00e1m Domonkos, Dr. T\u00e1rnoki D\u00e1vid L\u00e1szl\u00f3)<\/div>\n<\/div>\n<div>\n<a href=\"https:\/\/semmelweis.hu\/kepalkotas\/files\/2017\/01\/Sung-PhD-kurzus-orarenddel-2017.pdf\">Sung PhD course<\/a><\/div>\n<\/div>\n<p><a href=\"https:\/\/semmelweis.hu\/kepalkotas\/files\/2016\/09\/SE-PhD-kurzus-orarenddel-2017-final.pdf\">SE PhD course<\/a><\/p>\n<p>&nbsp;<\/p>\n","protected":false},"excerpt":{"rendered":"<p>PhD research topics The lecturers of Department of Radiology, Semmelweis University take part in the education of the School of Ph.D. Studies of Semmelweis University ( <a href=\"http:\/\/phd.semmelweis.hu\/en\/doktori-iskolak\/doktori-iskolak-temai\">link<\/a> ). Actual PhD topics and mentors: Prof. Dr. Viktor B\u00e9rczi: Interventional radiology in the treatment and followup of patients with vascular diseases School of Ph.D. Studies of Semmelweis University, &hellip;<\/p>\n","protected":false},"author":142,"featured_media":0,"parent":75,"menu_order":2,"comment_status":"closed","ping_status":"closed","template":"","meta":{"_acf_changed":false,"footnotes":""},"categories":[],"tags":[],"class_list":["post-2560","page","type-page","status-publish","hentry"],"acf":[],"_links":{"self":[{"href":"https:\/\/semmelweis.hu\/kepalkotas\/wp-json\/wp\/v2\/pages\/2560","targetHints":{"allow":["GET"]}}],"collection":[{"href":"https:\/\/semmelweis.hu\/kepalkotas\/wp-json\/wp\/v2\/pages"}],"about":[{"href":"https:\/\/semmelweis.hu\/kepalkotas\/wp-json\/wp\/v2\/types\/page"}],"author":[{"embeddable":true,"href":"https:\/\/semmelweis.hu\/kepalkotas\/wp-json\/wp\/v2\/users\/142"}],"replies":[{"embeddable":true,"href":"https:\/\/semmelweis.hu\/kepalkotas\/wp-json\/wp\/v2\/comments?post=2560"}],"version-history":[{"count":0,"href":"https:\/\/semmelweis.hu\/kepalkotas\/wp-json\/wp\/v2\/pages\/2560\/revisions"}],"up":[{"embeddable":true,"href":"https:\/\/semmelweis.hu\/kepalkotas\/wp-json\/wp\/v2\/pages\/75"}],"wp:attachment":[{"href":"https:\/\/semmelweis.hu\/kepalkotas\/wp-json\/wp\/v2\/media?parent=2560"}],"wp:term":[{"taxonomy":"category","embeddable":true,"href":"https:\/\/semmelweis.hu\/kepalkotas\/wp-json\/wp\/v2\/categories?post=2560"},{"taxonomy":"post_tag","embeddable":true,"href":"https:\/\/semmelweis.hu\/kepalkotas\/wp-json\/wp\/v2\/tags?post=2560"}],"curies":[{"name":"wp","href":"https:\/\/api.w.org\/{rel}","templated":true}]}}