{"id":2540,"date":"2020-06-25T12:13:57","date_gmt":"2020-06-25T12:13:57","guid":{"rendered":"http:\/\/test.semmelweis.hu\/kepalkotas\/?page_id=2540"},"modified":"2025-12-05T11:39:14","modified_gmt":"2025-12-05T10:39:14","slug":"mesterseges-intelligencia-tantargy","status":"publish","type":"page","link":"https:\/\/semmelweis.hu\/kepalkotas\/oktatas\/oktatas-magyar-altalanos-ismeretek\/mesterseges-intelligencia-tantargy\/","title":{"rendered":"Mesters\u00e9ges Intelligencia Tant\u00e1rgy"},"content":{"rendered":"<p><strong>M. I. Tant\u00e1rgy el\u0151ad\u00e1sai:<\/strong><\/p>\n<p><a href=\"https:\/\/semmelweis.hu\/kepalkotas\/files\/AI-kardiologia_MHP-1.pdf\">AI kardiol\u00f3gia_MHP (1)<\/a><\/p>\n<p><a href=\"https:\/\/semmelweis.hu\/kepalkotas\/files\/Fazekas_Sz_AI_rad_szemmel.pdf\">Fazekas_Sz_AI_rad_szemmel<\/a><\/p>\n<p><a href=\"https:\/\/semmelweis.hu\/kepalkotas\/files\/Budai_B_radiomika.pdf\">Budai_B_radiomika<\/a><\/p>\n<p><a href=\"https:\/\/semmelweis.hu\/kepalkotas\/files\/BenyoB_AI-in-Medicine.pdf\">BenyoB_AI in Medicine<\/a><\/p>\n<p><a href=\"https:\/\/semmelweis.hu\/kepalkotas\/files\/BenyoB_ANN_.pdf\">BenyoB_ANN_<\/a><\/p>\n<p><a href=\"https:\/\/semmelweis.hu\/kepalkotas\/files\/BenyoB_CNN.pdf\">BenyoB_CNN<\/a><\/p>\n<p><a href=\"https:\/\/semmelweis.hu\/kepalkotas\/files\/Berczi_V_AI_IR.pdf\">Berczi_V_AI_IR<\/a><\/p>\n<p><a href=\"https:\/\/semmelweis.hu\/kepalkotas\/files\/Gal_Viktor_AI_handout.pdf\">G\u00e1l_Viktor_AI_handout<\/a><\/p>\n<p><a href=\"https:\/\/semmelweis.hu\/kepalkotas\/files\/NemethG_Beszedtechn_AI-1.pdf\">N\u00e9methG_Beszedtechn_AI<\/a><\/p>\n<p><a href=\"https:\/\/semmelweis.hu\/kepalkotas\/files\/Tudorak_AI_RadvanyiM-1.pdf\">Tudorak_AI_RadvanyiM (1)<\/a><\/p>\n<p><a href=\"https:\/\/semmelweis.hu\/kepalkotas\/files\/AI_Osszefogl_diak_2025_HALLG.pdf\">AI_Osszefogl_diak_2025_HALLG<\/a><\/p>\n<p>&nbsp;<\/p>\n","protected":false},"excerpt":{"rendered":"<p>M. I. Tant\u00e1rgy el\u0151ad\u00e1sai:<br \/>\n<a href=\"https:\/\/semmelweis.hu\/kepalkotas\/files\/AI-kardiologia_MHP-1.pdf\">AI kardiol\u00f3gia_MHP (1)<\/a><br \/>\n<a href=\"https:\/\/semmelweis.hu\/kepalkotas\/files\/Fazekas_Sz_AI_rad_szemmel.pdf\">Fazekas_Sz_AI_rad_szemmel<\/a><br \/>\n<a href=\"https:\/\/semmelweis.hu\/kepalkotas\/files\/Budai_B_radiomika.pdf\">Budai_B_radiomika<\/a><br \/>\n<a href=\"https:\/\/semmelweis.hu\/kepalkotas\/files\/BenyoB_AI-in-Medicine.pdf\">BenyoB_AI in Medicine<\/a><br \/>\n<a href=\"https:\/\/semmelweis.hu\/kepalkotas\/files\/BenyoB_ANN_.pdf\">BenyoB_ANN_<\/a><br \/>\n<a href=\"https:\/\/semmelweis.hu\/kepalkotas\/files\/BenyoB_CNN.pdf\">BenyoB_CNN<\/a><br \/>\n<a href=\"https:\/\/semmelweis.hu\/kepalkotas\/files\/Berczi_V_AI_IR.pdf\">Berczi_V_AI_IR<\/a><br \/>\n<a href=\"https:\/\/semmelweis.hu\/kepalkotas\/files\/Gal_Viktor_AI_handout.pdf\">G\u00e1l_Viktor_AI_handout<\/a><br \/>\n<a href=\"https:\/\/semmelweis.hu\/kepalkotas\/files\/NemethG_Beszedtechn_AI-1.pdf\">N\u00e9methG_Beszedtechn_AI<\/a><br \/>\n<a href=\"https:\/\/semmelweis.hu\/kepalkotas\/files\/Tudorak_AI_RadvanyiM-1.pdf\">Tudorak_AI_RadvanyiM (1)<\/a><br \/>\n<a href=\"https:\/\/semmelweis.hu\/kepalkotas\/files\/AI_Osszefogl_diak_2025_HALLG.pdf\">AI_Osszefogl_diak_2025_HALLG<\/a><br \/>\n&nbsp;<\/p>\n","protected":false},"author":142,"featured_media":0,"parent":84,"menu_order":8,"comment_status":"closed","ping_status":"closed","template":"","meta":{"_acf_changed":false,"footnotes":""},"categories":[],"tags":[],"class_list":["post-2540","page","type-page","status-publish","hentry"],"acf":[],"_links":{"self":[{"href":"https:\/\/semmelweis.hu\/kepalkotas\/wp-json\/wp\/v2\/pages\/2540","targetHints":{"allow":["GET"]}}],"collection":[{"href":"https:\/\/semmelweis.hu\/kepalkotas\/wp-json\/wp\/v2\/pages"}],"about":[{"href":"https:\/\/semmelweis.hu\/kepalkotas\/wp-json\/wp\/v2\/types\/page"}],"author":[{"embeddable":true,"href":"https:\/\/semmelweis.hu\/kepalkotas\/wp-json\/wp\/v2\/users\/142"}],"replies":[{"embeddable":true,"href":"https:\/\/semmelweis.hu\/kepalkotas\/wp-json\/wp\/v2\/comments?post=2540"}],"version-history":[{"count":10,"href":"https:\/\/semmelweis.hu\/kepalkotas\/wp-json\/wp\/v2\/pages\/2540\/revisions"}],"predecessor-version":[{"id":4517,"href":"https:\/\/semmelweis.hu\/kepalkotas\/wp-json\/wp\/v2\/pages\/2540\/revisions\/4517"}],"up":[{"embeddable":true,"href":"https:\/\/semmelweis.hu\/kepalkotas\/wp-json\/wp\/v2\/pages\/84"}],"wp:attachment":[{"href":"https:\/\/semmelweis.hu\/kepalkotas\/wp-json\/wp\/v2\/media?parent=2540"}],"wp:term":[{"taxonomy":"category","embeddable":true,"href":"https:\/\/semmelweis.hu\/kepalkotas\/wp-json\/wp\/v2\/categories?post=2540"},{"taxonomy":"post_tag","embeddable":true,"href":"https:\/\/semmelweis.hu\/kepalkotas\/wp-json\/wp\/v2\/tags?post=2540"}],"curies":[{"name":"wp","href":"https:\/\/api.w.org\/{rel}","templated":true}]}}