{"id":2518,"date":"2020-06-25T10:03:56","date_gmt":"2020-06-25T10:03:56","guid":{"rendered":"http:\/\/test.semmelweis.hu\/kepalkotas\/?page_id=2518"},"modified":"2024-07-15T06:56:06","modified_gmt":"2024-07-15T04:56:06","slug":"phd","status":"publish","type":"page","link":"https:\/\/semmelweis.hu\/kepalkotas\/kutatas\/phd\/","title":{"rendered":"PhD kutat\u00e1si t\u00e9m\u00e1k"},"content":{"rendered":"<p><span style=\"font-size: 18pt\"><strong>PhD kutat\u00e1si t\u00e9m\u00e1k<\/strong><\/span><\/p>\n<p>Az Orvosi K\u00e9palkot\u00f3 Klinika a <strong><a href=\"https:\/\/semmelweis.hu\/phd\/\" target=\"_blank\" rel=\"noopener noreferrer\">Semmelweis Egyetem Doktori Iskola PhD k\u00e9pz\u00e9s\u00e9ben<\/a><\/strong> is r\u00e9szt vesz. A meghirdetett PhD t\u00e9m\u00e1k \u00e9s oktat\u00f3ink nappali \u00e9s levelez\u0151s k\u00e9pz\u00e9sben:<\/p>\n<ul>\n<li><strong>Prof. Dr. B\u00e9rczi Viktor: \u00c9rbetegs\u00e9gek kezel\u00e9se \u00e9s ut\u00e1nk\u00f6vet\u00e9se intervenci\u00f3s radiol\u00f3giai m\u00f3dszerekkel<\/strong><br \/>\nElm\u00e9leti orvostudom\u00e1nyok Doktori Iskola, Sz\u00edv \u00e9s \u00e9rrendszeri betegs\u00e9gek \u00e9lettana \u00e9s klinikuma <br \/>\n(1\/1. Dr. Merkely B\u00e9la)<br \/>\nAdatlap: <a href=\"http:\/\/www.doktori.hu\/index.php?menuid=192&amp;lang=HU&amp;sz_ID=5227\">http:\/\/www.doktori.hu\/index.php?menuid=192&amp;lang=HU&amp;sz_ID=5227<\/a><\/li>\n<li><strong>Dr. T\u00e1rnoki \u00c1d\u00e1m Domonkos, PhD: Radiol\u00f3giai vonatkoz\u00e1s\u00fa, sz\u00edv\u00ad\u00e9rrendszeri \u00e9s egy\u00e9b ikervizsg\u00e1latok<\/strong><br \/>\nElm\u00e9leti orvostudom\u00e1nyok Doktori Iskola, Sz\u00edv \u00e9s \u00e9rrendszeri betegs\u00e9gek \u00e9lettana \u00e9s klinikuma <br \/>\n(1\/1. Dr. Merkely B\u00e9la)<br \/>\nAdatlap: <a href=\"http:\/\/www.doktori.hu\/index.php?menuid=192&amp;lang=HU&amp;sz_ID=20135\">http:\/\/www.doktori.hu\/index.php?menuid=192&amp;lang=HU&amp;sz_ID=20135<\/a><\/li>\n<li><strong>Dr. T\u00e1rnoki D\u00e1vid L\u00e1szl\u00f3 PhD: K\u00e9palkot\u00e1ssal kapcsolatos, l\u00e9gz\u0151rendszeri \u00e9s egy\u00e9b ikervizsg\u00e1latok<\/strong><br \/>\nElm\u00e9leti orvostudom\u00e1nyok Doktori Iskola, Sz\u00edv \u00e9s \u00e9rrendszeri betegs\u00e9gek \u00e9lettana \u00e9s klinikuma <br \/>\n(1\/1. Dr. Merkely B\u00e9la)<br \/>\nAdatlap: <a href=\"http:\/\/www.doktori.hu\/index.php?menuid=192&amp;lang=HU&amp;sz_ID=20136\">http:\/\/www.doktori.hu\/index.php?menuid=192&amp;lang=HU&amp;sz_ID=20136<\/a><\/li>\n<\/ul>\n<p><strong>A fent ki\u00edrt t\u00e9m\u00e1kon k\u00edv\u00fcl egy\u00e9ni t\u00e9ma ki\u00edr\u00e1s\u00e1ra is van lehet\u0151s\u00e9g.<\/strong><\/p>\n<hr \/>\n<p><span style=\"font-size: 18pt\"><strong>PhD kurzusok<\/strong><\/span><\/p>\n<p>Klinik\u00e1nkon a doktori k\u00e9pz\u00e9s sor\u00e1n tartott PhD kurzus:<\/p>\n<ul>\n<li><strong>Ikerkutat\u00e1s, epigenetika \u00e9s radiogenomika<\/strong> (A kurzus vezet\u0151i: Dr. T\u00e1rnoki \u00c1d\u00e1m Domonkos,<br \/>\nDr. T\u00e1rnoki D\u00e1vid L\u00e1szl\u00f3)<br \/>\nHelysz\u00edn: SE Elm\u00e9leti Orvostudom\u00e1nyi K\u00f6zpont (EOK), 6. szemin\u00e1riumi terem, 1094 Budapest, T\u0171zolt\u00f3 u. 37-43.<br \/>\nKurzusk\u00f3d: 1A41<br \/>\n<a href=\"https:\/\/semmelweis.hu\/kepalkotas\/files\/SE-PhD-kurzus-orarenddel-2024-osz-elfogadott-mod-v2.pdf\">\u00d3rarend, t\u00e1rgytematika<\/a>\u00a0<\/li>\n<\/ul>\n<hr \/>\n<h4>Tov\u00e1bbi Inform\u00e1ci\u00f3k:<\/h4>\n<ul>\n<li><a href=\"https:\/\/semmelweis.hu\/kepalkotas\/files\/2019\/03\/EthicsCommiteeApproval_37948.pdf\">&#8222;A m\u00e1j sonoelastographi\u00e1s vizsg\u00e1lata&#8221; c\u00edm\u0171 kutat\u00e1s TUKEB enged\u00e9lye<\/a><\/li>\n<\/ul>\n","protected":false},"excerpt":{"rendered":"<p>PhD kutat\u00e1si t\u00e9m\u00e1k Az Orvosi K\u00e9palkot\u00f3 Klinika a <a href=\"https:\/\/semmelweis.hu\/phd\/\" target=\"_blank\" rel=\"noopener noreferrer\">Semmelweis Egyetem Doktori Iskola PhD k\u00e9pz\u00e9s\u00e9ben<\/a> is r\u00e9szt vesz. A meghirdetett PhD t\u00e9m\u00e1k \u00e9s oktat\u00f3ink nappali \u00e9s levelez\u0151s k\u00e9pz\u00e9sben: Prof. Dr. B\u00e9rczi Viktor: \u00c9rbetegs\u00e9gek kezel\u00e9se \u00e9s ut\u00e1nk\u00f6vet\u00e9se intervenci\u00f3s radiol\u00f3giai m\u00f3dszerekkel Elm\u00e9leti orvostudom\u00e1nyok Doktori Iskola, Sz\u00edv \u00e9s \u00e9rrendszeri betegs\u00e9gek \u00e9lettana \u00e9s klinikuma (1\/1. Dr. Merkely B\u00e9la) Adatlap: <a href=\"http:\/\/www.doktori.hu\/index.php?menuid=192&amp;lang=HU&amp;sz_ID=5227\">http:\/\/www.doktori.hu\/index.php?menuid=192&amp;lang=HU&amp;sz_ID=5227<\/a> Dr. T\u00e1rnoki \u00c1d\u00e1m Domonkos, PhD: Radiol\u00f3giai vonatkoz\u00e1s\u00fa, &hellip;<\/p>\n","protected":false},"author":142,"featured_media":0,"parent":2006,"menu_order":0,"comment_status":"closed","ping_status":"closed","template":"","meta":{"_acf_changed":false,"footnotes":""},"categories":[],"tags":[],"class_list":["post-2518","page","type-page","status-publish","hentry"],"acf":[],"_links":{"self":[{"href":"https:\/\/semmelweis.hu\/kepalkotas\/wp-json\/wp\/v2\/pages\/2518","targetHints":{"allow":["GET"]}}],"collection":[{"href":"https:\/\/semmelweis.hu\/kepalkotas\/wp-json\/wp\/v2\/pages"}],"about":[{"href":"https:\/\/semmelweis.hu\/kepalkotas\/wp-json\/wp\/v2\/types\/page"}],"author":[{"embeddable":true,"href":"https:\/\/semmelweis.hu\/kepalkotas\/wp-json\/wp\/v2\/users\/142"}],"replies":[{"embeddable":true,"href":"https:\/\/semmelweis.hu\/kepalkotas\/wp-json\/wp\/v2\/comments?post=2518"}],"version-history":[{"count":6,"href":"https:\/\/semmelweis.hu\/kepalkotas\/wp-json\/wp\/v2\/pages\/2518\/revisions"}],"predecessor-version":[{"id":4212,"href":"https:\/\/semmelweis.hu\/kepalkotas\/wp-json\/wp\/v2\/pages\/2518\/revisions\/4212"}],"up":[{"embeddable":true,"href":"https:\/\/semmelweis.hu\/kepalkotas\/wp-json\/wp\/v2\/pages\/2006"}],"wp:attachment":[{"href":"https:\/\/semmelweis.hu\/kepalkotas\/wp-json\/wp\/v2\/media?parent=2518"}],"wp:term":[{"taxonomy":"category","embeddable":true,"href":"https:\/\/semmelweis.hu\/kepalkotas\/wp-json\/wp\/v2\/categories?post=2518"},{"taxonomy":"post_tag","embeddable":true,"href":"https:\/\/semmelweis.hu\/kepalkotas\/wp-json\/wp\/v2\/tags?post=2518"}],"curies":[{"name":"wp","href":"https:\/\/api.w.org\/{rel}","templated":true}]}}