{"id":245,"date":"2013-08-13T13:03:09","date_gmt":"2013-08-13T13:03:09","guid":{"rendered":"http:\/\/semmelweis-egyetem.hu\/radiologia\/?page_id=245"},"modified":"2025-05-14T16:42:58","modified_gmt":"2025-05-14T14:42:58","slug":"gyakorlati-neuroradiologia","status":"publish","type":"page","link":"https:\/\/semmelweis.hu\/kepalkotas\/oktatas\/oktatas-magyar-altalanos-ismeretek\/gyakorlati-neuroradiologia\/","title":{"rendered":"Gyakorlati Neuroradiol\u00f3gia tanfolyam"},"content":{"rendered":"<p><strong>Gyarkolati neuroradiol\u00f3gia let\u00f6lthet\u0151 anyagok:<\/strong><\/p>\n<p><a href=\"https:\/\/semmelweis.hu\/kepalkotas\/files\/2013\/08\/GyakorlatiNeuroradiologialeiras.pdf\">Gyakorlati Neuroradiol\u00f3gia le\u00edr\u00e1s<\/a><\/p>\n<ol>\n<li><a href=\"https:\/\/semmelweis.hu\/kepalkotas\/files\/Martos-Modszerek-2022.pdf\">Dr. Martos J\u00e1nos-M\u00f3dszerek-2022<\/a><\/li>\n<li><a href=\"https:\/\/semmelweis.hu\/kepalkotas\/files\/2020\/05\/Bevezeto-algoritmus-protokoll-Barsi.pdf\">Dr. Barsi P\u00e9ter &#8211; A neuroradiol\u00f3gia feladata, vizsg\u00e1lati algoritmusok, protokollok, \u00e9rt\u00e9kel\u00e9s, leletez\u00e9s<\/a><\/li>\n<li><a href=\"https:\/\/semmelweis.hu\/kepalkotas\/files\/03-Barsi-Epilepszia-Gyakori-fejlodesi-rendellenessegek-2025.pdf\">03 Barsi Epilepszia Gyakori fejl\u0151d\u00e9si rendelleness\u00e9gek 2025<\/a><\/li>\n<li><a href=\"https:\/\/semmelweis.hu\/kepalkotas\/files\/Barsi-Peter-Stroke.-Vascularis-myelopathia.-Vascularis-malformatiok-2022.pdf\">Barsi P\u00e9ter &#8211; Stroke &#8211; Vascularis myelopathia. Vascularis malformati\u00f3k 2022<\/a><\/li>\n<li><a href=\"https:\/\/semmelweis.hu\/kepalkotas\/files\/Barsi-Peter-Feherallomany.-Dementia-mozgasbetegseg.-Liquor-2022.pdf\">Barsi P\u00e9ter &#8211; \u00d6r\u00f6kletes \u00e9s szerzett feh\u00e9r\u00e1llom\u00e1nyi k\u00f3rk\u00e9pek \/ Neurodegenerat\u00edv k\u00f3rk\u00e9pek &#8211; Dementia. Liquor kering\u00e9si zavarok.<\/a><\/li>\n<li><a href=\"https:\/\/semmelweis.hu\/kepalkotas\/files\/2013\/11\/05_neurointervencio.pdf\">Dr. Szikora Istv\u00e1n &#8211; Neurointervenci\u00f3<\/a><\/li>\n<li><a href=\"https:\/\/semmelweis.hu\/kepalkotas\/files\/2020\/05\/Agydaganatok-Word-Osztie.pdf\">Dr. Osztie \u00c9va &#8211; A koponya\u0171r daganatos megbeteged\u00e9sei<\/a><\/li>\n<li><a href=\"https:\/\/semmelweis.hu\/kepalkotas\/files\/2020\/05\/Agydaganatok-Osztie.pdf\">Dr. Osztie \u00c9va &#8211; Koponya\u0171ri daganatok radiol\u00f3giai vizsg\u00e1latai<\/a><\/li>\n<li><a href=\"https:\/\/semmelweis.hu\/kepalkotas\/files\/Dr.-Varallyay-Peter-A-gerincoszlop-es-gerincvelo-daganatai-2022.pdf\">Dr. V\u00e1rallyay P\u00e9ter &#8211; A gerincoszlop \u00e9s gerincvel\u00f6 daganatai 2022<\/a><\/li>\n<li><a href=\"https:\/\/semmelweis.hu\/kepalkotas\/files\/2013\/12\/09-Rudas-infectiok.pdf\">Dr. Rudas G\u00e1bor &#8211; A k\u00f6zponti idegrendszer infectioi<\/a><\/li>\n<li><a href=\"https:\/\/semmelweis.hu\/kepalkotas\/files\/2017\/05\/12_Varallyay_belso_ful_SOTE_20170428.pdf\">Dr. V\u00e1rallyay P\u00e9ter &#8211; Bels\u0151 f\u00fcl<\/a><\/li>\n<li><a href=\"https:\/\/semmelweis.hu\/kepalkotas\/files\/Az-orbita-es-a-belso-ful-MR-vizsgalatai_Biro-Istvan.pdf\">Az orbita \u00e9s a bels\u0151 f\u00fcl MR vizsg\u00e1latai_Bir\u00f3 Istv\u00e1n<\/a><\/li>\n<li><a href=\"https:\/\/semmelweis.hu\/kepalkotas\/files\/Sella-hypophysis-Nyilas-Nora.pdf\">Sella hypophysis Nyilas N\u00f3ra<\/a><\/li>\n<li><a href=\"https:\/\/semmelweis.hu\/kepalkotas\/files\/Barsi-P\u00e9ter-Degenerat\u00edv-gerinc-spondyloarthropathi\u00e1k.pdf\">Barsi P\u00e9ter &#8211; Degenerat\u00edv gerinc spondyloarthropathi\u00e1k<\/a><\/li>\n<li><a href=\"https:\/\/semmelweis.hu\/kepalkotas\/files\/Mit-var-a-neurologus-a-radiologustol-2023.pdf\">Bereczki D\u00e1niel &#8211; Mit v\u00e1r a neurol\u00f3gus a radiol\u00f3gust\u00f3l &#8211; 2023<\/a><\/li>\n<li><a href=\"https:\/\/semmelweis.hu\/kepalkotas\/files\/10-Koponya-gerinc-trauma-Csizmadia-Sandor.pdf\">10 Koponya gerinc trauma Csizmadia S\u00e1ndor<\/a><\/li>\n<li><a href=\"https:\/\/semmelweis.hu\/kepalkotas\/files\/NR-tanfolyam-kerdesek-valaszokkal-uj.pdf\">NR tanfolyam k\u00e9rd\u00e9sek v\u00e1laszokkal \u00faj<\/a><\/li>\n<\/ol>\n<p>&nbsp;<\/p>\n<p>&nbsp;<\/p>\n","protected":false},"excerpt":{"rendered":"<p>Gyarkolati neuroradiol\u00f3gia let\u00f6lthet\u0151 anyagok:<br \/>\n<a href=\"https:\/\/semmelweis.hu\/kepalkotas\/files\/2013\/08\/GyakorlatiNeuroradiologialeiras.pdf\">Gyakorlati Neuroradiol\u00f3gia le\u00edr\u00e1s<\/a><\/p>\n<p><a href=\"https:\/\/semmelweis.hu\/kepalkotas\/files\/Martos-Modszerek-2022.pdf\">Dr. Martos J\u00e1nos-M\u00f3dszerek-2022<\/a><br \/>\n<a href=\"https:\/\/semmelweis.hu\/kepalkotas\/files\/2020\/05\/Bevezeto-algoritmus-protokoll-Barsi.pdf\">Dr. Barsi P\u00e9ter &#8211; A neuroradiol\u00f3gia feladata, vizsg\u00e1lati algoritmusok, protokollok, \u00e9rt\u00e9kel\u00e9s, leletez\u00e9s<\/a><br \/>\n<a href=\"https:\/\/semmelweis.hu\/kepalkotas\/files\/03-Barsi-Epilepszia-Gyakori-fejlodesi-rendellenessegek-2025.pdf\">03 Barsi Epilepszia Gyakori fejl\u0151d\u00e9si rendelleness\u00e9gek 2025<\/a><br \/>\n<a href=\"https:\/\/semmelweis.hu\/kepalkotas\/files\/Barsi-Peter-Stroke.-Vascularis-myelopathia.-Vascularis-malformatiok-2022.pdf\">Barsi P\u00e9ter &#8211; Stroke &#8211; Vascularis myelopathia. Vascularis malformati\u00f3k 2022<\/a><br \/>\n<a href=\"https:\/\/semmelweis.hu\/kepalkotas\/files\/Barsi-Peter-Feherallomany.-Dementia-mozgasbetegseg.-Liquor-2022.pdf\">Barsi P\u00e9ter &#8211; \u00d6r\u00f6kletes \u00e9s szerzett feh\u00e9r\u00e1llom\u00e1nyi k\u00f3rk\u00e9pek \/ Neurodegenerat\u00edv k\u00f3rk\u00e9pek &#8211; Dementia. Liquor kering\u00e9si zavarok.<\/a><br \/>\n<a href=\"https:\/\/semmelweis.hu\/kepalkotas\/files\/2013\/11\/05_neurointervencio.pdf\">Dr. Szikora Istv\u00e1n &#8211; Neurointervenci\u00f3<\/a><br \/>\n<a href=\"https:\/\/semmelweis.hu\/kepalkotas\/files\/2020\/05\/Agydaganatok-Word-Osztie.pdf\">Dr. Osztie \u00c9va &#8211; A koponya\u0171r daganatos megbeteged\u00e9sei<\/a><br \/>\n<a href=\"https:\/\/semmelweis.hu\/kepalkotas\/files\/2020\/05\/Agydaganatok-Osztie.pdf\">Dr. Osztie \u00c9va &#8211; Koponya\u0171ri daganatok radiol\u00f3giai vizsg\u00e1latai<\/a><br \/>\n<a href=\"https:\/\/semmelweis.hu\/kepalkotas\/files\/Dr.-Varallyay-Peter-A-gerincoszlop-es-gerincvelo-daganatai-2022.pdf\">Dr. V\u00e1rallyay P\u00e9ter &#8211; A gerincoszlop \u00e9s gerincvel\u00f6 daganatai 2022<\/a><br \/>\n<a href=\"https:\/\/semmelweis.hu\/kepalkotas\/files\/2013\/12\/09-Rudas-infectiok.pdf\">Dr. Rudas G\u00e1bor &#8211; A k\u00f6zponti idegrendszer infectioi<\/a><br \/>\n<a href=\"https:\/\/semmelweis.hu\/kepalkotas\/files\/2017\/05\/12_Varallyay_belso_ful_SOTE_20170428.pdf\">Dr. V\u00e1rallyay P\u00e9ter &#8211; Bels\u0151 f\u00fcl<\/a><br \/>\n<a href=\"https:\/\/semmelweis.hu\/kepalkotas\/files\/Az-orbita-es-a-belso-ful-MR-vizsgalatai_Biro-Istvan.pdf\">Az orbita \u00e9s a bels\u0151 f\u00fcl MR vizsg\u00e1latai_Bir\u00f3 Istv\u00e1n<\/a><br \/>\n<a href=\"https:\/\/semmelweis.hu\/kepalkotas\/files\/Sella-hypophysis-Nyilas-Nora.pdf\">Sella hypophysis Nyilas N\u00f3ra<\/a><br \/>\n<a href=\"https:\/\/semmelweis.hu\/kepalkotas\/files\/Barsi-P\u00e9ter-Degenerat\u00edv-gerinc-spondyloarthropathi\u00e1k.pdf\">Barsi P\u00e9ter &#8211; Degenerat\u00edv gerinc spondyloarthropathi\u00e1k<\/a><br \/>\n<a href=\"https:\/\/semmelweis.hu\/kepalkotas\/files\/Mit-var-a-neurologus-a-radiologustol-2023.pdf\">Bereczki D\u00e1niel &#8211; Mit v\u00e1r a neurol\u00f3gus a radiol\u00f3gust\u00f3l &#8211; 2023<\/a><br \/>\n<a href=\"https:\/\/semmelweis.hu\/kepalkotas\/files\/10-Koponya-gerinc-trauma-Csizmadia-Sandor.pdf\">10 Koponya gerinc trauma Csizmadia S\u00e1ndor<\/a><br \/>\n<a href=\"https:\/\/semmelweis.hu\/kepalkotas\/files\/NR-tanfolyam-kerdesek-valaszokkal-uj.pdf\">NR tanfolyam k\u00e9rd\u00e9sek v\u00e1laszokkal \u00faj<\/a><\/p>\n<p>&nbsp;<br \/>\n&nbsp;<\/p>\n","protected":false},"author":142,"featured_media":0,"parent":84,"menu_order":6,"comment_status":"closed","ping_status":"closed","template":"","meta":{"_acf_changed":false,"footnotes":""},"categories":[],"tags":[],"class_list":["post-245","page","type-page","status-publish","hentry"],"acf":[],"_links":{"self":[{"href":"https:\/\/semmelweis.hu\/kepalkotas\/wp-json\/wp\/v2\/pages\/245","targetHints":{"allow":["GET"]}}],"collection":[{"href":"https:\/\/semmelweis.hu\/kepalkotas\/wp-json\/wp\/v2\/pages"}],"about":[{"href":"https:\/\/semmelweis.hu\/kepalkotas\/wp-json\/wp\/v2\/types\/page"}],"author":[{"embeddable":true,"href":"https:\/\/semmelweis.hu\/kepalkotas\/wp-json\/wp\/v2\/users\/142"}],"replies":[{"embeddable":true,"href":"https:\/\/semmelweis.hu\/kepalkotas\/wp-json\/wp\/v2\/comments?post=245"}],"version-history":[{"count":10,"href":"https:\/\/semmelweis.hu\/kepalkotas\/wp-json\/wp\/v2\/pages\/245\/revisions"}],"predecessor-version":[{"id":4431,"href":"https:\/\/semmelweis.hu\/kepalkotas\/wp-json\/wp\/v2\/pages\/245\/revisions\/4431"}],"up":[{"embeddable":true,"href":"https:\/\/semmelweis.hu\/kepalkotas\/wp-json\/wp\/v2\/pages\/84"}],"wp:attachment":[{"href":"https:\/\/semmelweis.hu\/kepalkotas\/wp-json\/wp\/v2\/media?parent=245"}],"wp:term":[{"taxonomy":"category","embeddable":true,"href":"https:\/\/semmelweis.hu\/kepalkotas\/wp-json\/wp\/v2\/categories?post=245"},{"taxonomy":"post_tag","embeddable":true,"href":"https:\/\/semmelweis.hu\/kepalkotas\/wp-json\/wp\/v2\/tags?post=245"}],"curies":[{"name":"wp","href":"https:\/\/api.w.org\/{rel}","templated":true}]}}