{"id":2421,"date":"2020-06-17T09:35:19","date_gmt":"2020-06-17T09:35:19","guid":{"rendered":"http:\/\/test.semmelweis.hu\/kepalkotas\/?page_id=2421"},"modified":"2026-03-31T14:06:11","modified_gmt":"2026-03-31T12:06:11","slug":"privat-ellatas","status":"publish","type":"page","link":"https:\/\/semmelweis.hu\/kepalkotas\/betegeknek\/privat-ellatas\/","title":{"rendered":"Priv\u00e1t ell\u00e1t\u00e1s"},"content":{"rendered":"<div class=\"keretes w-100\">\n<h6><a href=\"https:\/\/semmelweispremium.hu\/\" target=\"_blank\" rel=\"noopener\"><img loading=\"lazy\" decoding=\"async\" class=\"alignright wp-image-4365 size-full\" src=\"https:\/\/semmelweis.hu\/kepalkotas\/files\/se-premium-logo.png\" alt=\"\" width=\"331\" height=\"118\" \/><\/a>Klinik\u00e1nkon sz\u00e9les radiol\u00f3giai szolg\u00e1ltat\u00e1si paletta \u00e9rhet\u0151 el priv\u00e1t ell\u00e1t\u00e1sk\u00e9nt, melyben a Semmelweis Pr\u00e9mium a partner\u00fcnk<\/h6>\n<h6><strong>Tov\u00e1bbi inform\u00e1ci\u00f3k\u00e9rt h\u00edvja a Semmelweis Pr\u00e9mium call center\u00e9t:<\/strong><\/h6>\n<h6><a href=\"tel:+3615507007\">+36 1 550 7007<\/a><\/h6>\n<\/div>\n<h6><strong>Az \u00e1rakr\u00f3l \u00e9s tov\u00e1bbi r\u00e9szletekr\u0151l az al\u00e1bbi oldalakon t\u00e1j\u00e9koz\u00f3dhat:<\/strong><\/h6>\n<ul>\n<li>\n<h6><a href=\"https:\/\/semmelweispremium.hu\/araink\/rontgen-felnott\">R\u00f6ntgen diagnosztika<\/a><\/h6>\n<\/li>\n<li>\n<h6><a href=\"https:\/\/semmelweispremium.hu\/araink\/ultrahang-vizsgalatok\">Ultrahang diagnosztika<\/a><\/h6>\n<\/li>\n<li>\n<h6><a href=\"https:\/\/semmelweispremium.hu\/araink\/ct-diagnosztika\">CT diagnosztika<\/a><\/h6>\n<\/li>\n<li>\n<h6><a href=\"https:\/\/semmelweispremium.hu\/araink\/mr-diagnosztika\">MR diagnosztika<\/a><\/h6>\n<\/li>\n<li>\n<h6><a href=\"https:\/\/semmelweispremium.hu\/araink\/mammografia\">Mammogr\u00e1fia<\/a><\/h6>\n<\/li>\n<li>\n<h6><a href=\"https:\/\/semmelweispremium.hu\/araink\/pet-ct\">PET-CT<\/a><\/h6>\n<\/li>\n<\/ul>\n","protected":false},"excerpt":{"rendered":"<p><a href=\"https:\/\/semmelweispremium.hu\/\" target=\"_blank\" rel=\"noopener\"><\/a>Klinik\u00e1nkon sz\u00e9les radiol\u00f3giai szolg\u00e1ltat\u00e1si paletta \u00e9rhet\u0151 el priv\u00e1t ell\u00e1t\u00e1sk\u00e9nt, melyben a Semmelweis Pr\u00e9mium a partner\u00fcnk<br \/>\nTov\u00e1bbi inform\u00e1ci\u00f3k\u00e9rt h\u00edvja a Semmelweis Pr\u00e9mium call center\u00e9t:<br \/>\n<a href=\"tel:+3615507007\">+36 1 550 7007<\/a><\/p>\n<p>Az \u00e1rakr\u00f3l \u00e9s tov\u00e1bbi r\u00e9szletekr\u0151l az al\u00e1bbi oldalakon t\u00e1j\u00e9koz\u00f3dhat:<\/p>\n<p><a href=\"https:\/\/semmelweispremium.hu\/araink\/rontgen-felnott\">R\u00f6ntgen diagnosztika<\/a><\/p>\n<p><a href=\"https:\/\/semmelweispremium.hu\/araink\/ultrahang-vizsgalatok\">Ultrahang diagnosztika<\/a><\/p>\n<p><a href=\"https:\/\/semmelweispremium.hu\/araink\/ct-diagnosztika\">CT diagnosztika<\/a><\/p>\n<p><a href=\"https:\/\/semmelweispremium.hu\/araink\/mr-diagnosztika\">MR diagnosztika<\/a><\/p>\n<p><a href=\"https:\/\/semmelweispremium.hu\/araink\/mammografia\">Mammogr\u00e1fia<\/a><\/p>\n<p><a href=\"https:\/\/semmelweispremium.hu\/araink\/pet-ct\">PET-CT<\/a><\/p>\n","protected":false},"author":142,"featured_media":0,"parent":206,"menu_order":7,"comment_status":"closed","ping_status":"closed","template":"template-fullwidth.php","meta":{"_acf_changed":false,"footnotes":""},"categories":[],"tags":[],"class_list":["post-2421","page","type-page","status-publish","hentry"],"acf":[],"_links":{"self":[{"href":"https:\/\/semmelweis.hu\/kepalkotas\/wp-json\/wp\/v2\/pages\/2421","targetHints":{"allow":["GET"]}}],"collection":[{"href":"https:\/\/semmelweis.hu\/kepalkotas\/wp-json\/wp\/v2\/pages"}],"about":[{"href":"https:\/\/semmelweis.hu\/kepalkotas\/wp-json\/wp\/v2\/types\/page"}],"author":[{"embeddable":true,"href":"https:\/\/semmelweis.hu\/kepalkotas\/wp-json\/wp\/v2\/users\/142"}],"replies":[{"embeddable":true,"href":"https:\/\/semmelweis.hu\/kepalkotas\/wp-json\/wp\/v2\/comments?post=2421"}],"version-history":[{"count":11,"href":"https:\/\/semmelweis.hu\/kepalkotas\/wp-json\/wp\/v2\/pages\/2421\/revisions"}],"predecessor-version":[{"id":4631,"href":"https:\/\/semmelweis.hu\/kepalkotas\/wp-json\/wp\/v2\/pages\/2421\/revisions\/4631"}],"up":[{"embeddable":true,"href":"https:\/\/semmelweis.hu\/kepalkotas\/wp-json\/wp\/v2\/pages\/206"}],"wp:attachment":[{"href":"https:\/\/semmelweis.hu\/kepalkotas\/wp-json\/wp\/v2\/media?parent=2421"}],"wp:term":[{"taxonomy":"category","embeddable":true,"href":"https:\/\/semmelweis.hu\/kepalkotas\/wp-json\/wp\/v2\/categories?post=2421"},{"taxonomy":"post_tag","embeddable":true,"href":"https:\/\/semmelweis.hu\/kepalkotas\/wp-json\/wp\/v2\/tags?post=2421"}],"curies":[{"name":"wp","href":"https:\/\/api.w.org\/{rel}","templated":true}]}}