{"id":2090,"date":"2019-09-12T09:36:49","date_gmt":"2019-09-12T07:36:49","guid":{"rendered":"http:\/\/test.semmelweis.hu\/kepalkotas\/?page_id=2090"},"modified":"2025-01-17T14:45:41","modified_gmt":"2025-01-17T13:45:41","slug":"radiologia-tanszek","status":"publish","type":"page","link":"https:\/\/semmelweis.hu\/kepalkotas\/klinikankrol\/radiologia-tanszek\/","title":{"rendered":"Radiol\u00f3gia Tansz\u00e9k"},"content":{"rendered":"<p>A Radiol\u00f3gia Tansz\u00e9ken a radiol\u00f3giai diagnosztikai tev\u00e9kenys\u00e9gek sz\u00e9les sk\u00e1l\u00e1ja el\u00e9rhet\u0151, a leg\u00fajabb nemzetk\u00f6zi protokollok figyelembev\u00e9tel\u00e9vel. A klinik\u00e1n <a href=\"https:\/\/semmelweis.hu\/kepalkotas\/a-radiologiai-klinika-osztalyainak-rovid-bemutatasa\/rtg-reszleg\/\">R\u00f6ntgen Diagnosztikai<\/a>,\u00a0<a href=\"https:\/\/semmelweis.hu\/kepalkotas\/a-radiologiai-klinika-osztalyainak-rovid-bemutatasa\/ultrahang-laboratorium\/\">Ultrahang Diagnosztika<\/a>i,\u00a0<a href=\"https:\/\/semmelweis.hu\/kepalkotas\/betegeknek\/reszlegek\/radio-sbo\/\">S\u00fcrg\u0151ss\u00e9gi Radiol\u00f3giai<\/a>,\u00a0<a href=\"https:\/\/semmelweis.hu\/kepalkotas\/a-radiologiai-klinika-osztalyainak-rovid-bemutatasa\/ct-laboratorium\/\">CT Diagnosztikai<\/a>,\u00a0<a href=\"https:\/\/semmelweis.hu\/kepalkotas\/a-radiologiai-klinika-osztalyainak-rovid-bemutatasa\/mr-laboratorium\/\">MR Diagnosztikai<\/a>,\u00a0<a href=\"https:\/\/semmelweis.hu\/kepalkotas\/a-radiologiai-klinika-osztalyainak-rovid-bemutatasa\/mammografias-reszleg\/\">Eml\u0151 Diagnosztikai<\/a>, Informatikai \u00e9s K\u00f6zponti Adminisztr\u00e1ci\u00f3s R\u00e9szlegek m\u0171k\u00f6dnek.<\/p>\n<p><a href=\"https:\/\/semmelweis.hu\/kepalkotas\/files\/RS144590_C19A5529-scr.jpg\"><img loading=\"lazy\" decoding=\"async\" class=\"alignright wp-image-4320 size-medium\" src=\"https:\/\/semmelweis.hu\/kepalkotas\/files\/RS144590_C19A5529-scr-400x267.jpg\" alt=\"\" width=\"400\" height=\"267\" srcset=\"https:\/\/semmelweis.hu\/kepalkotas\/files\/RS144590_C19A5529-scr-400x267.jpg 400w, https:\/\/semmelweis.hu\/kepalkotas\/files\/RS144590_C19A5529-scr-1024x683.jpg 1024w, https:\/\/semmelweis.hu\/kepalkotas\/files\/RS144590_C19A5529-scr-768x512.jpg 768w, https:\/\/semmelweis.hu\/kepalkotas\/files\/RS144590_C19A5529-scr-753x502.jpg 753w, https:\/\/semmelweis.hu\/kepalkotas\/files\/RS144590_C19A5529-scr-203x135.jpg 203w, https:\/\/semmelweis.hu\/kepalkotas\/files\/RS144590_C19A5529-scr.jpg 1200w\" sizes=\"auto, (max-width: 400px) 100vw, 400px\" \/><\/a>A Radiol\u00f3gia Tansz\u00e9k hagyom\u00e1nyainak megfelel\u0151en egyar\u00e1nt nagy hangs\u00falyt kap a gradu\u00e1lis \u00e9s a posztgradu\u00e1lis oktat\u00e1s. A radiol\u00f3gia t\u00e1rgy keret\u00e9ben magyar, angol \u00e9s n\u00e9met nyelv\u0171 oktat\u00e1s folyik a IV. \u00e9vfolyamon, egy szemeszter id\u0151tartamban. A hallgat\u00f3k tantermi el\u0151ad\u00e1sok \u00e9s gyakorlatok keret\u00e9ben saj\u00e1t\u00edthatj\u00e1k el a radiol\u00f3gia fejl\u0151d\u00e9s\u00e9vel egyre b\u0151v\u00fcl\u0151 tananyagot. A k\u00f6telez\u0151 k\u00e9pz\u00e9si form\u00e1k mellett <a href=\"https:\/\/semmelweis.hu\/kepalkotas\/kutatas\/gradualis\/\">tudom\u00e1nyos di\u00e1kk\u00f6r\u00f6sk\u00e9nt<\/a>\u00a0is lehet\u0151s\u00e9g van r\u00e9szt venni a klinik\u00e1n foly\u00f3 munk\u00e1ba k\u00fcl\u00f6nb\u00f6z\u0151 ter\u00fcleteken.<\/p>\n<p>A t\u00e1rgy oktat\u00e1sa sor\u00e1n kiv\u00e9teles hangs\u00falyt ford\u00edtunk a leend\u0151, nem-radiol\u00f3gus szakorvosok sz\u00e1m\u00e1ra fontos diagnosztikai \u00e9s ter\u00e1pi\u00e1s m\u00f3dszerek, illetve ismeretek \u00e1tad\u00e1s\u00e1ra, tov\u00e1bb\u00e1 a klinikai diagnosztikai gondolkod\u00e1s komplex rendszer\u00e9nek form\u00e1l\u00e1s\u00e1ra \u00e9s lehet\u0151 legteljesebb megismertet\u00e9s\u00e9re.<\/p>\n<p>A posztgradu\u00e1lis k\u00e9pz\u00e9s mag\u00e1ban foglalja a rezidens- \u00e9s szakorvosk\u00e9pz\u00e9st, szakmai tov\u00e1bbk\u00e9pz\u00e9st, tanfolyamszervez\u00e9seket.<\/p>\n<p>A Radiol\u00f3gia Tansz\u00e9ken foly\u00f3 kutat\u00f3munka f\u00f3kusz\u00e1ban a daganatter\u00e1pi\u00e1val \u00f6sszef\u00fcgg\u0151 klinikai kutat\u00e1sok, az ikerkutat\u00e1s radiol\u00f3giai vonatkoz\u00e1sai, a m\u00e1j- \u00e9s b\u00e9lbetegs\u00e9gekkel kapcsolatos diagnosztikai \u00e9s ter\u00e1pi\u00e1s klinikai kutat\u00e1sok, a virtu\u00e1lis boncol\u00e1s, a vascularis \u00e9s intervenci\u00f3s radiol\u00f3giai kutat\u00e1sok, valamint multimodalit\u00e1s\u00fa k\u00e9palkot\u00f3 rendszerek kialak\u00edt\u00e1sa \u00e1ll.<\/p>\n","protected":false},"excerpt":{"rendered":"<p>A Radiol\u00f3gia Tansz\u00e9ken a radiol\u00f3giai diagnosztikai tev\u00e9kenys\u00e9gek sz\u00e9les sk\u00e1l\u00e1ja el\u00e9rhet\u0151, a leg\u00fajabb nemzetk\u00f6zi protokollok figyelembev\u00e9tel\u00e9vel. A klinik\u00e1n <a href=\"https:\/\/semmelweis.hu\/kepalkotas\/a-radiologiai-klinika-osztalyainak-rovid-bemutatasa\/rtg-reszleg\/\">R\u00f6ntgen Diagnosztikai<\/a> ,\u00a0 <a href=\"https:\/\/semmelweis.hu\/kepalkotas\/a-radiologiai-klinika-osztalyainak-rovid-bemutatasa\/ultrahang-laboratorium\/\">Ultrahang Diagnosztika<\/a> i,\u00a0 <a href=\"https:\/\/semmelweis.hu\/kepalkotas\/betegeknek\/reszlegek\/radio-sbo\/\">S\u00fcrg\u0151ss\u00e9gi Radiol\u00f3giai<\/a> ,\u00a0 <a href=\"https:\/\/semmelweis.hu\/kepalkotas\/a-radiologiai-klinika-osztalyainak-rovid-bemutatasa\/ct-laboratorium\/\">CT Diagnosztikai<\/a> ,\u00a0 <a href=\"https:\/\/semmelweis.hu\/kepalkotas\/a-radiologiai-klinika-osztalyainak-rovid-bemutatasa\/mr-laboratorium\/\">MR Diagnosztikai<\/a> ,\u00a0 <a href=\"https:\/\/semmelweis.hu\/kepalkotas\/a-radiologiai-klinika-osztalyainak-rovid-bemutatasa\/mammografias-reszleg\/\">Eml\u0151 Diagnosztikai<\/a> , Informatikai \u00e9s K\u00f6zponti Adminisztr\u00e1ci\u00f3s R\u00e9szlegek m\u0171k\u00f6dnek. <a href=\"https:\/\/semmelweis.hu\/kepalkotas\/files\/RS144590_C19A5529-scr.jpg\"><\/a> A Radiol\u00f3gia Tansz\u00e9k hagyom\u00e1nyainak megfelel\u0151en egyar\u00e1nt nagy hangs\u00falyt kap a gradu\u00e1lis \u00e9s a posztgradu\u00e1lis oktat\u00e1s. A radiol\u00f3gia t\u00e1rgy keret\u00e9ben magyar, angol \u00e9s n\u00e9met nyelv\u0171 oktat\u00e1s folyik &hellip;<\/p>\n","protected":false},"author":12,"featured_media":0,"parent":906,"menu_order":2,"comment_status":"closed","ping_status":"closed","template":"","meta":{"_acf_changed":false,"footnotes":""},"categories":[],"tags":[],"class_list":["post-2090","page","type-page","status-publish","hentry"],"acf":[],"_links":{"self":[{"href":"https:\/\/semmelweis.hu\/kepalkotas\/wp-json\/wp\/v2\/pages\/2090","targetHints":{"allow":["GET"]}}],"collection":[{"href":"https:\/\/semmelweis.hu\/kepalkotas\/wp-json\/wp\/v2\/pages"}],"about":[{"href":"https:\/\/semmelweis.hu\/kepalkotas\/wp-json\/wp\/v2\/types\/page"}],"author":[{"embeddable":true,"href":"https:\/\/semmelweis.hu\/kepalkotas\/wp-json\/wp\/v2\/users\/12"}],"replies":[{"embeddable":true,"href":"https:\/\/semmelweis.hu\/kepalkotas\/wp-json\/wp\/v2\/comments?post=2090"}],"version-history":[{"count":9,"href":"https:\/\/semmelweis.hu\/kepalkotas\/wp-json\/wp\/v2\/pages\/2090\/revisions"}],"predecessor-version":[{"id":4342,"href":"https:\/\/semmelweis.hu\/kepalkotas\/wp-json\/wp\/v2\/pages\/2090\/revisions\/4342"}],"up":[{"embeddable":true,"href":"https:\/\/semmelweis.hu\/kepalkotas\/wp-json\/wp\/v2\/pages\/906"}],"wp:attachment":[{"href":"https:\/\/semmelweis.hu\/kepalkotas\/wp-json\/wp\/v2\/media?parent=2090"}],"wp:term":[{"taxonomy":"category","embeddable":true,"href":"https:\/\/semmelweis.hu\/kepalkotas\/wp-json\/wp\/v2\/categories?post=2090"},{"taxonomy":"post_tag","embeddable":true,"href":"https:\/\/semmelweis.hu\/kepalkotas\/wp-json\/wp\/v2\/tags?post=2090"}],"curies":[{"name":"wp","href":"https:\/\/api.w.org\/{rel}","templated":true}]}}