{"id":2001,"date":"2019-09-12T06:41:57","date_gmt":"2019-09-12T06:41:57","guid":{"rendered":"http:\/\/test.semmelweis.hu\/kepalkotas\/?page_id=2001"},"modified":"2025-01-27T09:12:44","modified_gmt":"2025-01-27T08:12:44","slug":"hazirend","status":"publish","type":"page","link":"https:\/\/semmelweis.hu\/kepalkotas\/betegeknek\/hazirend\/","title":{"rendered":"H\u00e1zirend"},"content":{"rendered":"<p>A Klinika h\u00e1zirendj\u00e9nek kivonat\u00e1val szeretn\u00e9nk \u00d6nt t\u00e1j\u00e9koztatni az Int\u00e9zm\u00e9ny alapvet\u0151 m\u0171k\u00f6d\u00e9si saj\u00e1toss\u00e1gair\u00f3l a bel\u00e9p\u00e9s \u00e9s az ott tart\u00f3zkod\u00e1s szab\u00e1lyair\u00f3l. A teljes h\u00e1zirendet megtal\u00e1lhatja a port\u00e1n, a Radiol\u00f3giai Recepci\u00f3n, illetve <a href=\"https:\/\/semmelweis.hu\/kepalkotas\/files\/2018\/05\/T\u00e1j\u00e9koztat\u00f3_final_radklin-bz01.pdf\"><strong>let\u00f6lthet\u0151 innen pdf form\u00e1tumban<\/strong><\/a>.<\/p>\n<p>T\u00e1j\u00e9koztatjuk, hogy Int\u00e9zm\u00e9ny\u00fcnk ter\u00fclet\u00e9n<strong> megfigyel\u0151 rendszer<\/strong> m\u0171k\u00f6dik. Ezzel kapcsolatban b\u0151vebb inform\u00e1ci\u00f3t a port\u00e1n elhelyezett t\u00e1j\u00e9koztat\u00f3b\u00f3l kaphat.<\/p>\n<h2>I. Alapelvek<\/h2>\n<p>A j\u00e1r\u00f3 eg\u00e9szs\u00e9g\u00fcgyi ell\u00e1t\u00e1st ig\u00e9nybe vev\u0151, a beteg hozz\u00e1tartoz\u00f3ja \u00e9s b\u00e1rmely az Int\u00e9zm\u00e9ny ter\u00fclet\u00e9re bel\u00e9p\u0151 szem\u00e9ly (a tov\u00e1bbiakban: Beteg) az eg\u00e9szs\u00e9g\u00fcgyi szolg\u00e1ltat\u00e1s ig\u00e9nybev\u00e9telekor k\u00f6teles tiszteletben tartani a vonatkoz\u00f3 jogszab\u00e1lyokat \u00e9s a h\u00e1zirendet az Int\u00e9zm\u00e9ny teljes ter\u00fclet\u00e9n. A beteg \u2013 k\u00e9pess\u00e9gei \u00e9s ismeretei szerint \u2013 k\u00f6teles az ell\u00e1t\u00e1s\u00e1ban k\u00f6zrem\u0171k\u00f6d\u0151 eg\u00e9szs\u00e9g\u00fcgyi dolgoz\u00f3kkal egy\u00fcttm\u0171k\u00f6dni. A beteg \u00e9s hozz\u00e1tartoz\u00f3i k\u00f6telesek tiszteletben tartani m\u00e1s betegek jogait saj\u00e1t jogaik gyakorl\u00e1sa sor\u00e1n.<\/p>\n<p>Az Int\u00e9zm\u00e9ny ter\u00fclet\u00e9n a Kommunik\u00e1ci\u00f3s \u00e9s Rendezv\u00e9nyszervez\u00e9si Igazgat\u00f3s\u00e1g enged\u00e9ly\u00e9hez k\u00f6t\u00f6tt a k\u00e9p- \u00e9s hangr\u00f6gz\u00edt\u00e9s. Az Int\u00e9zm\u00e9ny ter\u00fclet\u00e9re tilos \u00e9l\u0151 \u00e1llatot behozni. Az \u00e9p\u00fcletben tilos g\u00f6rkorcsoly\u00e1val, g\u00f6rdeszk\u00e1val, ker\u00e9kp\u00e1rral \u00e9s egy\u00e9b hasonl\u00f3 eszk\u00f6zzel k\u00f6zlekedni.<\/p>\n<h2>II. A bel\u00e9p\u00e9s \u00e9s az ott tart\u00f3zkod\u00e1s rendje<\/h2>\n<p>Amennyiben ambul\u00e1ns\/j\u00e1r\u00f3beteg ell\u00e1t\u00e1sra \u00e9rkezett k\u00e9rj\u00fck, jelentkezzen a Radiol\u00f3giai Recepci\u00f3n (K\u00f6zponti Betegell\u00e1t\u00f3 \u00c9p\u00fclet 1. emelet\u00e9n tal\u00e1lhat\u00f3), ahol minden tov\u00e1bbi inform\u00e1ci\u00f3t megkap a szolg\u00e1ltat\u00e1saink ig\u00e9nybev\u00e9tel\u00e9nek m\u00f3dj\u00e1r\u00f3l \u00e9s felt\u00e9teleir\u0151l. Amennyiben \u00d6n fekv\u0151 beteg, a beutal\u00f3 int\u00e9zm\u00e9ny betegk\u00eds\u00e9r\u0151je k\u00eds\u00e9ri vizsg\u00e1latra \u00e9s seg\u00edti a szolg\u00e1ltat\u00e1s ig\u00e9nybev\u00e9tel\u00e9ben. K\u00e9rj\u00fck, csak a kezel\u00e9se, vizsg\u00e1lata c\u00e9lj\u00e1b\u00f3l meghat\u00e1rozott ter\u00fcleten tart\u00f3zkodjon.<\/p>\n<h2>III. \u00c9rt\u00e9kek meg\u0151rz\u00e9se:<\/h2>\n<p>K\u00e9rj\u00fck, hogy lehet\u0151s\u00e9g szerint a diagnosztikus vizsg\u00e1latra \u00e9rt\u00e9kt\u00e1rgyat\/nagy \u00f6sszeg\u0171 k\u00e9szp\u00e9nzt ne hozzon mag\u00e1val! A vizsg\u00e1latok egy r\u00e9sz\u00e9n\u00e9l szem\u00e9lyes t\u00e1rgyait mag\u00e1n\u00e1l tarthatja. CT \u00e9s MR vizsg\u00e1lat eset\u00e9n lehet\u0151s\u00e9ge van a vizsg\u00e1lat idej\u00e9re \u00e9rt\u00e9kt\u00e1rgyait z\u00e1rhat\u00f3 szekr\u00e9nyben elhelyezni, melynek kulcs\u00e1t mag\u00e1n\u00e1l tarthatja. A Klinika k\u00e9szp\u00e9nz\u00e9rt\/\u00e9rt\u00e9kt\u00e1rgy\u00e9rt nem v\u00e1llal felel\u0151ss\u00e9get.<\/p>\n<h2>IV. Doh\u00e1nyz\u00e1s<\/h2>\n<p>Doh\u00e1nyz\u00e1sra kiz\u00e1r\u00f3lag a bej\u00e1ratt\u00f3l sz\u00e1m\u00edtott 5 m\u00e9teres k\u00f6rzeten k\u00edv\u00fcl, illetve a klinika udvar\u00e1n kijel\u00f6lt helyen van lehet\u0151s\u00e9ge!<\/p>\n<h2>V. Egy\u00e9b rendelkez\u00e9sek<\/h2>\n<p>K\u00e9rj\u00fck, hogy az Int\u00e9zm\u00e9ny csendj\u00e9t \u0151rizze meg, ne zavarja betegt\u00e1rsai nyugalm\u00e1t. K\u00e9rj\u00fck, \u00fcgyeljen a k\u00f3rh\u00e1z rendj\u00e9re, tisztas\u00e1g\u00e1ra saj\u00e1t \u00e9s betegt\u00e1rsai vizsg\u00e1lata \u00e9rdek\u00e9ben. A klinika berendez\u00e9seinek nem megfelel\u0151 kezel\u00e9se, haszn\u00e1lata, rong\u00e1l\u00e1sa eset\u00e9n az int\u00e9zet k\u00e1rt\u00e9r\u00edt\u00e9si ig\u00e9nnyel \u00e9l.<\/p>\n<p>A k\u00f3rh\u00e1z ter\u00fclet\u00e9n szeszesitalt tartani \u00e9s fogyasztani TILOS!<\/p>\n<div class=\"keretes w-100\">\n<p>Amennyiben vizsg\u00e1lat\u00e1val kapcsolatban seg\u00edts\u00e9gre van sz\u00fcks\u00e9ge k\u00e9rj\u00fck, jelezze a vizsg\u00e1latot v\u00e9gz\u0151 asszisztensnek\/orvosnak vagy a Klinika b\u00e1rmely munkat\u00e1rs\u00e1nak. Amennyiben rendk\u00edv\u00fcli esem\u00e9nyt \u00e9szlel, jelezze a Klinika munkat\u00e1rsainak, a portaszolg\u00e1ltnak, vagy h\u00edvja a nap 24 \u00f3r\u00e1j\u00e1ban az Egyetem K\u00f6zponti Diszp\u00e9cser- \u00e9s J\u00e1r\u0151rszolg\u00e1lat\u00e1t a 06-20\/663-2000-es telefonsz\u00e1mon!<\/p>\n<\/div>\n","protected":false},"excerpt":{"rendered":"<p>A Klinika h\u00e1zirendj\u00e9nek kivonat\u00e1val szeretn\u00e9nk \u00d6nt t\u00e1j\u00e9koztatni az Int\u00e9zm\u00e9ny alapvet\u0151 m\u0171k\u00f6d\u00e9si saj\u00e1toss\u00e1gair\u00f3l a bel\u00e9p\u00e9s \u00e9s az ott tart\u00f3zkod\u00e1s szab\u00e1lyair\u00f3l. A teljes h\u00e1zirendet megtal\u00e1lhatja a port\u00e1n, a Radiol\u00f3giai Recepci\u00f3n, illetve <a href=\"https:\/\/semmelweis.hu\/kepalkotas\/files\/2018\/05\/T\u00e1j\u00e9koztat\u00f3_final_radklin-bz01.pdf\">let\u00f6lthet\u0151 innen pdf form\u00e1tumban<\/a> . T\u00e1j\u00e9koztatjuk, hogy Int\u00e9zm\u00e9ny\u00fcnk ter\u00fclet\u00e9n megfigyel\u0151 rendszer m\u0171k\u00f6dik. Ezzel kapcsolatban b\u0151vebb inform\u00e1ci\u00f3t a port\u00e1n elhelyezett t\u00e1j\u00e9koztat\u00f3b\u00f3l kaphat. I. Alapelvek A j\u00e1r\u00f3 eg\u00e9szs\u00e9g\u00fcgyi ell\u00e1t\u00e1st ig\u00e9nybe vev\u0151, a &hellip;<\/p>\n","protected":false},"author":12,"featured_media":0,"parent":206,"menu_order":4,"comment_status":"closed","ping_status":"closed","template":"","meta":{"_acf_changed":false,"footnotes":""},"categories":[],"tags":[],"class_list":["post-2001","page","type-page","status-publish","hentry"],"acf":[],"_links":{"self":[{"href":"https:\/\/semmelweis.hu\/kepalkotas\/wp-json\/wp\/v2\/pages\/2001","targetHints":{"allow":["GET"]}}],"collection":[{"href":"https:\/\/semmelweis.hu\/kepalkotas\/wp-json\/wp\/v2\/pages"}],"about":[{"href":"https:\/\/semmelweis.hu\/kepalkotas\/wp-json\/wp\/v2\/types\/page"}],"author":[{"embeddable":true,"href":"https:\/\/semmelweis.hu\/kepalkotas\/wp-json\/wp\/v2\/users\/12"}],"replies":[{"embeddable":true,"href":"https:\/\/semmelweis.hu\/kepalkotas\/wp-json\/wp\/v2\/comments?post=2001"}],"version-history":[{"count":2,"href":"https:\/\/semmelweis.hu\/kepalkotas\/wp-json\/wp\/v2\/pages\/2001\/revisions"}],"predecessor-version":[{"id":4397,"href":"https:\/\/semmelweis.hu\/kepalkotas\/wp-json\/wp\/v2\/pages\/2001\/revisions\/4397"}],"up":[{"embeddable":true,"href":"https:\/\/semmelweis.hu\/kepalkotas\/wp-json\/wp\/v2\/pages\/206"}],"wp:attachment":[{"href":"https:\/\/semmelweis.hu\/kepalkotas\/wp-json\/wp\/v2\/media?parent=2001"}],"wp:term":[{"taxonomy":"category","embeddable":true,"href":"https:\/\/semmelweis.hu\/kepalkotas\/wp-json\/wp\/v2\/categories?post=2001"},{"taxonomy":"post_tag","embeddable":true,"href":"https:\/\/semmelweis.hu\/kepalkotas\/wp-json\/wp\/v2\/tags?post=2001"}],"curies":[{"name":"wp","href":"https:\/\/api.w.org\/{rel}","templated":true}]}}