{"id":1945,"date":"2012-02-03T13:47:18","date_gmt":"2012-02-03T13:47:18","guid":{"rendered":"http:\/\/semmelweis-egyetem.hu\/radiologia\/?page_id=5"},"modified":"2026-03-11T13:48:33","modified_gmt":"2026-03-11T12:48:33","slug":"elerhetoseg","status":"publish","type":"page","link":"https:\/\/semmelweis.hu\/kepalkotas\/elerhetoseg\/","title":{"rendered":"El\u00e9rhet\u0151s\u00e9g"},"content":{"rendered":"<p><strong>C\u00edm: 1083 Budapest, VIII. Kor\u00e1nyi S\u00e1ndor utca 2.<br \/>\n<\/strong>Bej\u00e1rat a Kor\u00e1nyi \u00c9p\u00fclett\u00f6mb f\u0151bej\u00e1rat\u00e1n, <br \/>\na Sz\u00fcl\u00e9szeti \u00e9s N\u0151gy\u00f3gy\u00e1szati Klinika fel\u0151l.<\/p>\n<h4><strong>El\u0151jegyz\u00e9s:<\/strong><\/h4>\n<div class=\"keretes w-100\">\n<ul style=\"list-style-type: square\">\n<li><strong>CT, MR 1,5T, UH, <span data-olk-copy-source=\"MessageBody\">Mammogr\u00e1fia, eml\u0151 UH<\/span> el\u0151jegyz\u00e9s (8-15 \u00f3r\u00e1ig):<\/strong> <a href=\"tel:+3615533500\">+36 1 55-33-500<\/a><\/li>\n<li><strong>Mammogr\u00e1fia, eml\u0151 UH el\u0151jegyz\u00e9s (8-15 \u00f3ra k\u00f6z\u00f6tt):<\/strong> \u00a0+36 1 55-33-500\u00a0<\/li>\n<li><strong>MR 3T el\u0151jegyz\u00e9s (09-14 \u00f3ra k\u00f6z\u00f6tt):<\/strong> <a href=\"tel:+3615533502\">+36 1 55-33-502<\/a><\/li>\n<li><strong>PET CT el\u0151jegyz\u00e9s:<\/strong> <a href=\"tel:+3614591500\">+36 1 459 1500<\/a> \/61800<\/li>\n<li><strong>Izot\u00f3p vizsg\u00e1lat el\u0151jegyz\u00e9s:\u00a0<\/strong><a href=\"tel:+3614591500\">+36 1 459 1500<\/a>\u00a0\/61969<\/li>\n<\/ul>\n<\/div>\n<h4><strong>Lelet Ut\u00e1ni \u00e9rdekl\u0151d\u00e9s:<\/strong><\/h4>\n<div class=\"keretes w-100\">\n<ul style=\"list-style-type: square\">\n<li><strong>Mammogr\u00e1fia, eml\u0151 UH, <span data-olk-copy-source=\"MessageBody\">CT, MR 1,5T, UH <\/span>lelet:<\/strong> +36 1 55-33-500<\/li>\n<li><strong>MR 3T lelet<\/strong><strong style=\"font-size: 1rem\">(9-14 \u00f3ra k\u00f6z\u00f6tt):<\/strong> <a href=\"tel:+3615533502\">+36 1 55-33-502<\/a><\/li>\n<li><strong>PET CT lelet:<\/strong> <a href=\"tel:+3614591500\">+36 1 459 1500<\/a> \/61800<\/li>\n<li><strong>Izot\u00f3p vizsg\u00e1lat lelet:<\/strong> <a href=\"tel:+3614591500\">+36 1 459 1500<\/a> \/61969<\/li>\n<\/ul>\n<\/div>\n<p><strong>Igazgat\u00f3i Titk\u00e1rs\u00e1g el\u00e9rhet\u0151s\u00e9ge:<br \/>\n<\/strong><em>Figyelem, a titk\u00e1rs\u00e1g munkat\u00e1rsai konkr\u00e9t betegesetekkel kapcsolatban nem tudnak felvil\u00e1gos\u00edt\u00e1st adni!<\/em><br \/>\ne-mail: <a href=\"okk.titkarsag@semmelweis.hu\">okk.titkarsag@semmelweis.hu<\/a><\/p>\n<p><strong><a href=\"https:\/\/semmelweis.hu\/kepalkotas\/betegeknek\/reszlegek\/\">J\u00e1r\u00f3beteg szakrendel\u00e9sek \u2192<\/a><\/strong><\/p>\n\n<!-- iframe plugin v.4.9 wordpress.org\/plugins\/iframe\/ -->\n<iframe loading=\"lazy\" src=\"https:\/\/www.google.com\/maps\/embed?pb=!1m18!1m12!1m3!1d2696.393836815765!2d19.07953731586853!3d47.48224060455332!2m3!1f0!2f0!3f0!3m2!1i1024!2i768!4f13.1!3m3!1m2!1s0x4741dcfaec58fc89%3A0xf42e8194c6960690!2zQnVkYXBlc3QsIMOcbGzFkWkgw7p0IDc4YSwgMTA4Mg!5e0!3m2!1sen!2shu!4v1593089239228!5m2!1sen!2shu\" width=\"100%\" height=\"300\" scrolling=\"yes\" class=\"iframe-class\" frameborder=\"0\"><\/iframe>\n\n","protected":false},"excerpt":{"rendered":"<p>C\u00edm: 1083 Budapest, VIII. Kor\u00e1nyi S\u00e1ndor utca 2. Bej\u00e1rat a Kor\u00e1nyi \u00c9p\u00fclett\u00f6mb f\u0151bej\u00e1rat\u00e1n, a Sz\u00fcl\u00e9szeti \u00e9s N\u0151gy\u00f3gy\u00e1szati Klinika fel\u0151l. El\u0151jegyz\u00e9s: CT, MR 1,5T, UH, Mammogr\u00e1fia, eml\u0151 UH el\u0151jegyz\u00e9s (8-15 \u00f3r\u00e1ig): <a href=\"tel:+3615533500\">+36 1 55-33-500<\/a> Mammogr\u00e1fia, eml\u0151 UH el\u0151jegyz\u00e9s (8-15 \u00f3ra k\u00f6z\u00f6tt): \u00a0+36 1 55-33-500\u00a0 MR 3T el\u0151jegyz\u00e9s (09-14 \u00f3ra k\u00f6z\u00f6tt): <a href=\"tel:+3615533502\">+36 1 55-33-502<\/a> PET CT el\u0151jegyz\u00e9s: <a href=\"tel:+3614591500\">+36 1 459 1500<\/a> \/61800 Izot\u00f3p vizsg\u00e1lat el\u0151jegyz\u00e9s:\u00a0 <a href=\"tel:+3614591500\">+36 1 459 1500<\/a> \u00a0\/61969 Lelet &hellip;<\/p>\n","protected":false},"author":142,"featured_media":0,"parent":0,"menu_order":6,"comment_status":"closed","ping_status":"closed","template":"","meta":{"_acf_changed":false,"footnotes":""},"categories":[],"tags":[],"class_list":["post-1945","page","type-page","status-publish","hentry"],"acf":[],"_links":{"self":[{"href":"https:\/\/semmelweis.hu\/kepalkotas\/wp-json\/wp\/v2\/pages\/1945","targetHints":{"allow":["GET"]}}],"collection":[{"href":"https:\/\/semmelweis.hu\/kepalkotas\/wp-json\/wp\/v2\/pages"}],"about":[{"href":"https:\/\/semmelweis.hu\/kepalkotas\/wp-json\/wp\/v2\/types\/page"}],"author":[{"embeddable":true,"href":"https:\/\/semmelweis.hu\/kepalkotas\/wp-json\/wp\/v2\/users\/142"}],"replies":[{"embeddable":true,"href":"https:\/\/semmelweis.hu\/kepalkotas\/wp-json\/wp\/v2\/comments?post=1945"}],"version-history":[{"count":11,"href":"https:\/\/semmelweis.hu\/kepalkotas\/wp-json\/wp\/v2\/pages\/1945\/revisions"}],"predecessor-version":[{"id":4586,"href":"https:\/\/semmelweis.hu\/kepalkotas\/wp-json\/wp\/v2\/pages\/1945\/revisions\/4586"}],"wp:attachment":[{"href":"https:\/\/semmelweis.hu\/kepalkotas\/wp-json\/wp\/v2\/media?parent=1945"}],"wp:term":[{"taxonomy":"category","embeddable":true,"href":"https:\/\/semmelweis.hu\/kepalkotas\/wp-json\/wp\/v2\/categories?post=1945"},{"taxonomy":"post_tag","embeddable":true,"href":"https:\/\/semmelweis.hu\/kepalkotas\/wp-json\/wp\/v2\/tags?post=1945"}],"curies":[{"name":"wp","href":"https:\/\/api.w.org\/{rel}","templated":true}]}}