{"id":1702,"date":"2018-09-24T10:20:26","date_gmt":"2018-09-24T10:20:26","guid":{"rendered":"http:\/\/semmelweis.hu\/radiologia\/?page_id=1702"},"modified":"2018-09-24T10:20:26","modified_gmt":"2018-09-24T10:20:26","slug":"thorax-radiologie-kurs","status":"publish","type":"page","link":"https:\/\/semmelweis.hu\/kepalkotas\/de\/lehre\/thorax-radiologie-kurs\/","title":{"rendered":"Thorax Radiologie Kurs"},"content":{"rendered":"<div dir=\"ltr\">\n<div>\n<p>Klinik f\u00fcr Medizinische Bildgebung organisiert ein Refresherkurs f\u00fcr deutsche Studenten (nur 4., 5. oder 6. J\u00e4hrige Studenten).<\/p>\n<p>Eingeladener ausgezeichneter Dozent:<\/p>\n<p>Ass. Prof. Dr. med. Dr. Helmut Prosch<br \/>\nKlinik f\u00fcr Radiodiagnostik, Medizinische Universit\u00e4t Wien<br \/>\nAbteilung f\u00fcr Biomedizinische Bildgebung und bildgef\u00fchrte Therapie<br \/>\nAbteilungsleiter der Thoraxbildgebung<\/p>\n<p>17 Februar 2020, Montag, ab 16:30<br \/>\nOrt: H\u00f6rsaal, III. Stock, II. Klinik f\u00fcr Geburtshilfe und Gyn\u00e4kologie<\/p>\n<\/div>\n<div>78 \u00dcll\u0151i Strasse, Budapest, 1083<\/div>\n<div>\n<p>Workshop Plan:<br \/>\nInteraktive \u201ccase-based\u201d Unterrichtssitzung auf der Thoraxbildgebung (R\u00f6ntgen, CT) f\u00fcr Medizinstudenten.<\/p>\n<\/div>\n<div>\n<div dir=\"ltr\">\n<div>Melden Sie bei Deutschsprachige Studentenvertretung Semmelweis \u2013 DSVS unter Google Docs Link: <a href=\"https:\/\/forms.gle\/QuAUbTyACQFHDq4C8\" target=\"_blank\" rel=\"noopener noreferrer\">https:\/\/forms.gle\/QuAUbTyACQFHDq4C8<\/a> oder mit Fragen unten kontakt(at)<a href=\"http:\/\/dsvs-semmelweis.de\/\" target=\"_blank\" rel=\"noopener noreferrer\">dsvs-semmelweis.de<\/a> bis Februar 16, 2020.<\/div>\n<\/div>\n<\/div>\n<div>\u00a0<\/div>\n<div>Weitere Informationen f\u00fcr den Kursveranstalter: Dr. med. habil. Adam D. Tarnoki PhD, email: <a href=\"mailto:tarnoki2@gmail.com\">tarnoki2@gmail.com<\/a><\/div>\n<\/div>\n","protected":false},"excerpt":{"rendered":"<p>Klinik f\u00fcr Medizinische Bildgebung organisiert ein Refresherkurs f\u00fcr deutsche Studenten (nur 4., 5. oder 6. J\u00e4hrige Studenten). Eingeladener ausgezeichneter Dozent: Ass. Prof. Dr. med. Dr. Helmut Prosch Klinik f\u00fcr Radiodiagnostik, Medizinische Universit\u00e4t Wien Abteilung f\u00fcr Biomedizinische Bildgebung und bildgef\u00fchrte Therapie Abteilungsleiter der Thoraxbildgebung 17 Februar 2020, Montag, ab 16:30 Ort: H\u00f6rsaal, III. Stock, II. Klinik &hellip;<\/p>\n","protected":false},"author":142,"featured_media":0,"parent":77,"menu_order":0,"comment_status":"closed","ping_status":"closed","template":"","meta":{"_acf_changed":false,"footnotes":""},"categories":[],"tags":[],"class_list":["post-1702","page","type-page","status-publish","hentry"],"acf":[],"_links":{"self":[{"href":"https:\/\/semmelweis.hu\/kepalkotas\/wp-json\/wp\/v2\/pages\/1702","targetHints":{"allow":["GET"]}}],"collection":[{"href":"https:\/\/semmelweis.hu\/kepalkotas\/wp-json\/wp\/v2\/pages"}],"about":[{"href":"https:\/\/semmelweis.hu\/kepalkotas\/wp-json\/wp\/v2\/types\/page"}],"author":[{"embeddable":true,"href":"https:\/\/semmelweis.hu\/kepalkotas\/wp-json\/wp\/v2\/users\/142"}],"replies":[{"embeddable":true,"href":"https:\/\/semmelweis.hu\/kepalkotas\/wp-json\/wp\/v2\/comments?post=1702"}],"version-history":[{"count":0,"href":"https:\/\/semmelweis.hu\/kepalkotas\/wp-json\/wp\/v2\/pages\/1702\/revisions"}],"up":[{"embeddable":true,"href":"https:\/\/semmelweis.hu\/kepalkotas\/wp-json\/wp\/v2\/pages\/77"}],"wp:attachment":[{"href":"https:\/\/semmelweis.hu\/kepalkotas\/wp-json\/wp\/v2\/media?parent=1702"}],"wp:term":[{"taxonomy":"category","embeddable":true,"href":"https:\/\/semmelweis.hu\/kepalkotas\/wp-json\/wp\/v2\/categories?post=1702"},{"taxonomy":"post_tag","embeddable":true,"href":"https:\/\/semmelweis.hu\/kepalkotas\/wp-json\/wp\/v2\/tags?post=1702"}],"curies":[{"name":"wp","href":"https:\/\/api.w.org\/{rel}","templated":true}]}}