{"id":1222,"date":"2017-02-07T12:52:02","date_gmt":"2017-02-07T12:52:02","guid":{"rendered":"http:\/\/semmelweis.hu\/radiologia\/?page_id=1222"},"modified":"2025-03-03T15:06:08","modified_gmt":"2025-03-03T14:06:08","slug":"klinikai-munka","status":"publish","type":"page","link":"https:\/\/semmelweis.hu\/kepalkotas\/oktatas\/oktatas-magyar-altalanos-ismeretek\/klinikai-munka\/","title":{"rendered":"Klinikai Munka"},"content":{"rendered":"<h4><strong>KLINIKAI MUNKA<\/strong><\/h4>\n<p>A klinikai (betegell\u00e1t\u00e1si) kredit.<\/p>\n<p>F\u00e9l\u00e9venk\u00e9nt 1 kreditpont szerezhet\u0151, heti rendszeress\u00e9ggel kb. 2-3 \u00f3r\u00e1t kitev\u0151, <br \/>\neredm\u00e9nyes klinikai munk\u00e1val.<\/p>\n<p>El\u0151zetes jelentkez\u00e9s a Neptun-rendszeren kereszt\u00fcl sz\u00fcks\u00e9ges.<\/p>\n<p><strong>Oktat\u00e1si anyag<\/strong><\/p>\n<ul>\n<li>Ultrahang vizsg\u00e1latra val\u00f3 el\u0151k\u00e9sz\u00edt\u00e9s ismerete<\/li>\n<li>Ultrahang-g\u00e9p szoftverhaszn\u00e1lat\u00e1nak elsaj\u00e1t\u00edt\u00e1sa, transducerek ismerete<\/li>\n<li>eFAST (Extended Focused Assessment with Sonography in Trauma) \u00e9sRUSH (Rapid Ultrasound for Shock and Hypotension) ultrahang elv\u00e9gz\u00e9se<\/li>\n<li>F\u0151bb hasi szervek (m\u00e1j, epeh\u00f3lyag, ves\u00e9k, l\u00e9p, h\u00fagyh\u00f3lyag) \u00e9s a hasi nagy erek felismer\u00e9se, akut elt\u00e9r\u00e9sek felismer\u00e9se (pl. aorta aneurysma, hydronephrosis, akut cholecystitis)<\/li>\n<li>Az ultrahang-vizsg\u00e1latok alapfok\u00fa elsaj\u00e1t\u00edt\u00e1s\u00e1n r\u00e9szv\u00e9tel az \u00fcgyeletes radiol\u00f3gusi munk\u00e1ban (CT \u00e9s r\u00f6ntgendiagnosztika).<\/li>\n<\/ul>\n","protected":false},"excerpt":{"rendered":"<p>KLINIKAI MUNKA A klinikai (betegell\u00e1t\u00e1si) kredit. F\u00e9l\u00e9venk\u00e9nt 1 kreditpont szerezhet\u0151, heti rendszeress\u00e9ggel kb. 2-3 \u00f3r\u00e1t kitev\u0151, eredm\u00e9nyes klinikai munk\u00e1val. El\u0151zetes jelentkez\u00e9s a Neptun-rendszeren kereszt\u00fcl sz\u00fcks\u00e9ges. Oktat\u00e1si anyag Ultrahang vizsg\u00e1latra val\u00f3 el\u0151k\u00e9sz\u00edt\u00e9s ismerete Ultrahang-g\u00e9p szoftverhaszn\u00e1lat\u00e1nak elsaj\u00e1t\u00edt\u00e1sa, transducerek ismerete eFAST (Extended Focused Assessment with Sonography in Trauma) \u00e9sRUSH (Rapid Ultrasound for Shock and Hypotension) ultrahang elv\u00e9gz\u00e9se F\u0151bb &hellip;<\/p>\n","protected":false},"author":142,"featured_media":0,"parent":84,"menu_order":2,"comment_status":"closed","ping_status":"closed","template":"","meta":{"_acf_changed":false,"footnotes":""},"categories":[],"tags":[],"class_list":["post-1222","page","type-page","status-publish","hentry"],"acf":[],"_links":{"self":[{"href":"https:\/\/semmelweis.hu\/kepalkotas\/wp-json\/wp\/v2\/pages\/1222","targetHints":{"allow":["GET"]}}],"collection":[{"href":"https:\/\/semmelweis.hu\/kepalkotas\/wp-json\/wp\/v2\/pages"}],"about":[{"href":"https:\/\/semmelweis.hu\/kepalkotas\/wp-json\/wp\/v2\/types\/page"}],"author":[{"embeddable":true,"href":"https:\/\/semmelweis.hu\/kepalkotas\/wp-json\/wp\/v2\/users\/142"}],"replies":[{"embeddable":true,"href":"https:\/\/semmelweis.hu\/kepalkotas\/wp-json\/wp\/v2\/comments?post=1222"}],"version-history":[{"count":4,"href":"https:\/\/semmelweis.hu\/kepalkotas\/wp-json\/wp\/v2\/pages\/1222\/revisions"}],"predecessor-version":[{"id":4410,"href":"https:\/\/semmelweis.hu\/kepalkotas\/wp-json\/wp\/v2\/pages\/1222\/revisions\/4410"}],"up":[{"embeddable":true,"href":"https:\/\/semmelweis.hu\/kepalkotas\/wp-json\/wp\/v2\/pages\/84"}],"wp:attachment":[{"href":"https:\/\/semmelweis.hu\/kepalkotas\/wp-json\/wp\/v2\/media?parent=1222"}],"wp:term":[{"taxonomy":"category","embeddable":true,"href":"https:\/\/semmelweis.hu\/kepalkotas\/wp-json\/wp\/v2\/categories?post=1222"},{"taxonomy":"post_tag","embeddable":true,"href":"https:\/\/semmelweis.hu\/kepalkotas\/wp-json\/wp\/v2\/tags?post=1222"}],"curies":[{"name":"wp","href":"https:\/\/api.w.org\/{rel}","templated":true}]}}