{"id":1214,"date":"2017-02-06T09:49:24","date_gmt":"2017-02-06T09:49:24","guid":{"rendered":"http:\/\/semmelweis.hu\/radiologia\/?page_id=1214"},"modified":"2020-07-02T09:29:17","modified_gmt":"2020-07-02T07:29:17","slug":"radiologie-refresherkurs","status":"publish","type":"page","link":"https:\/\/semmelweis.hu\/kepalkotas\/de\/lehre\/radiologie-refresherkurs\/","title":{"rendered":"Radiologie Refresherkurs"},"content":{"rendered":"<p>Radiologie Refresherkurs<br \/>Samstag, 14.09.2019,\u00a0, ab 11:00 bis 14:00<\/p>\n<p>Radiologieklinik organisiert ein Refresherkurs f\u00fcr maximum 20 deutsche Studenten (nur in 5. und 6. Jahrige Studenten).\u00a0<\/p>\n<p>Dozenten:\u00a0<\/p>\n<p>Prof. Dr. med. habil. Dr. h. c. mult. Dirk Pickuth<br \/>\u00c4rztlicher Direktor, Chefarzt des Instituts f\u00fcr Diagnostische und Interventionelle Radiologie<br \/>CaritasKlinikum Saarbr\u00fccken<br \/>Akademisches Lehrkrankenhaus der Universit\u00e4t des Saarlandes<br \/>Saarbr\u00fccken, Deutschland<\/p>\n<p>Dr. med. Susanne Ohlmann-Knafo<\/p>\n<p>Leitende Ober\u00e4rztin des Instituts f\u00fcr Diagnostische und Interventionelle Radiologie<br \/>CaritasKlinikum Saarbr\u00fccken<br \/>Saarbr\u00fccken, Deutschland<\/p>\n<p>Ort: H\u00f6\u00f6rsaal, Abteliung f\u00fcr II. Gynekologie und Geburtshilfe (78\/a \u00dcll\u0151i strasse, 1082, Budapest, 2.Stock)Semmelweis Universit\u00e4t Budapest<\/p>\n<p>Workshop Plan:<\/p>\n<ul>\n<li>Teil 1: Radiographie, Mammographie, Angiographie<\/li>\n<li>Teil 2: Sonographie<\/li>\n<li>Teil 3: Computertomographie, Magnetresonanztomographie<\/li>\n<\/ul>\n<p>Melden Sie bei Deutschsprachige Studentenvertretung Semmelweis \u2013 DSVS unter kontakt(at)<a href=\"http:\/\/dsvs-semmelweis.de\/\">dsvs-semmelweis.de<\/a><\/p>\n","protected":false},"excerpt":{"rendered":"<p>Radiologie RefresherkursSamstag, 14.09.2019,\u00a0, ab 11:00 bis 14:00 Radiologieklinik organisiert ein Refresherkurs f\u00fcr maximum 20 deutsche Studenten (nur in 5. und 6. Jahrige Studenten).\u00a0 Dozenten:\u00a0 Prof. Dr. med. habil. Dr. h. c. mult. Dirk Pickuth\u00c4rztlicher Direktor, Chefarzt des Instituts f\u00fcr Diagnostische und Interventionelle RadiologieCaritasKlinikum Saarbr\u00fcckenAkademisches Lehrkrankenhaus der Universit\u00e4t des SaarlandesSaarbr\u00fccken, Deutschland Dr. med. Susanne Ohlmann-Knafo Leitende &hellip;<\/p>\n","protected":false},"author":142,"featured_media":0,"parent":77,"menu_order":0,"comment_status":"closed","ping_status":"closed","template":"","meta":{"_acf_changed":false,"footnotes":""},"categories":[],"tags":[],"class_list":["post-1214","page","type-page","status-publish","hentry"],"acf":[],"_links":{"self":[{"href":"https:\/\/semmelweis.hu\/kepalkotas\/wp-json\/wp\/v2\/pages\/1214","targetHints":{"allow":["GET"]}}],"collection":[{"href":"https:\/\/semmelweis.hu\/kepalkotas\/wp-json\/wp\/v2\/pages"}],"about":[{"href":"https:\/\/semmelweis.hu\/kepalkotas\/wp-json\/wp\/v2\/types\/page"}],"author":[{"embeddable":true,"href":"https:\/\/semmelweis.hu\/kepalkotas\/wp-json\/wp\/v2\/users\/142"}],"replies":[{"embeddable":true,"href":"https:\/\/semmelweis.hu\/kepalkotas\/wp-json\/wp\/v2\/comments?post=1214"}],"version-history":[{"count":3,"href":"https:\/\/semmelweis.hu\/kepalkotas\/wp-json\/wp\/v2\/pages\/1214\/revisions"}],"predecessor-version":[{"id":2770,"href":"https:\/\/semmelweis.hu\/kepalkotas\/wp-json\/wp\/v2\/pages\/1214\/revisions\/2770"}],"up":[{"embeddable":true,"href":"https:\/\/semmelweis.hu\/kepalkotas\/wp-json\/wp\/v2\/pages\/77"}],"wp:attachment":[{"href":"https:\/\/semmelweis.hu\/kepalkotas\/wp-json\/wp\/v2\/media?parent=1214"}],"wp:term":[{"taxonomy":"category","embeddable":true,"href":"https:\/\/semmelweis.hu\/kepalkotas\/wp-json\/wp\/v2\/categories?post=1214"},{"taxonomy":"post_tag","embeddable":true,"href":"https:\/\/semmelweis.hu\/kepalkotas\/wp-json\/wp\/v2\/tags?post=1214"}],"curies":[{"name":"wp","href":"https:\/\/api.w.org\/{rel}","templated":true}]}}