{"id":1206,"date":"2017-02-03T13:20:05","date_gmt":"2017-02-03T13:20:05","guid":{"rendered":"http:\/\/semmelweis.hu\/radiologia\/?page_id=1206"},"modified":"2020-07-02T09:46:58","modified_gmt":"2020-07-02T07:46:58","slug":"klinische-arbeit","status":"publish","type":"page","link":"https:\/\/semmelweis.hu\/kepalkotas\/de\/lehre\/klinische-arbeit\/","title":{"rendered":"Klinische Arbeit"},"content":{"rendered":"<p>Klinische (Patientenversorgung) Arbeit f\u00fcr 1 Kreditpunkt\/Semester, Studenten m\u00fcssen mindestens erfolgreische Klinische Arbeit in 3 Stunden gelegentlich auf m\u00f6glicherweise w\u00f6chentlicher Basis machen.<a href=\"https:\/\/semmelweis.hu\/kepalkotas\/files\/2017\/09\/IMG_3198b.jpg\"><img loading=\"lazy\" decoding=\"async\" class=\"size-medium wp-image-1371 alignright\" src=\"https:\/\/semmelweis.hu\/kepalkotas\/files\/2017\/09\/IMG_3198b-225x300.jpg\" alt=\"\" width=\"225\" height=\"300\" \/><\/a><\/p>\n<p>Zertifikat und Bewertung ist bei der Klinikleiter, der Student muss \u00fcber den erworbenen F\u00e4higkeiten berichten.<\/p>\n<p>Fachleiter: Prof. Dr. Kinga Karlinger med. habil.<\/p>\n<p>Lehrern: Dr. med. \u00c1d\u00e1m D. T\u00e1rnoki PhD, Dr. med. D\u00e1vid L. T\u00e1rnoki PhD, Dr. med. Mikl\u00f3s Krepuska PhD<\/p>\n<p>Termine: nach Bespreschung mit den verantwortlichen Lehrern in Dienstzeit.<\/p>\n<p>Applikation in Neptun. Terminbuch am Doodle.<\/p>\n<p>Ort: Sonografie Abteilung, Radiologieklinik (Neues Gebaude, 1. Stock) 78\/a Ulloi strasse, 1082 Budapest<\/p>\n<p>Bitte Kittel mitnehmen und am Sonografie Abteilung warten.<\/p>\n<p>In Abwesenheit von Ultraschallf\u00e4llen kann man Sonografie aufeinander \u00fcben, oder in R\u00f6ntgen Notversorgung beitreten (CT, R\u00f6ntgen).<\/p>\n<p>Vorbedingungen:<\/p>\n<ul>\n<li>Dreimalige Abwesenheit von den Praktika wird toleriert (max. 10 Pr\u00e4senz)<\/li>\n<li>Pr\u00e4senz: maximum 2 Pr\u00e4senz\/Monat\/ Student<\/li>\n<li>Termin: max. 3 Studenten \/ 3 Stunden in Dienstzeit<\/li>\n<\/ul>\n<p>Anforderungen:<\/p>\n<ul>\n<li>Kenntnis der Vorbereitung der Ultraschalluntersuchungen<\/li>\n<li>Erfahrung in Ultraschall-Maschine-Software, Kenntnis der Sonografie Transducern (wann benutzen wir welchen Schallkopf usw.)<\/li>\n<li>Kenntnis der FAST (Focused Assessment with Sonography in Trauma) Ultraschall<\/li>\n<li>Kenntnis der eFAST (Extended Focused Assessment with Sonography in Trauma) Ultraschall<\/li>\n<li>Kenntnis der RUSH (Rapid Ultrasound for Shock and Hypotension) Ultraschall<\/li>\n<li>Anerkennung der freien Bauchfl\u00fcssigkeitssp\u00fcren<\/li>\n<li>Erkennung der Pneumothorax, alveol\u00e4re und interstitielle \u00d6demen und Pleurafl\u00fcssigkeiten<\/li>\n<li>Anerkennung der gro\u00dfen Bauchorganne (Leber, Gallenblase, Nieren, Milz, Blase) und der gro\u00dfen Gef\u00e4\u00dfen, Erkennung von akuten Unterschiede (Aortenaneurysma, Hydronephrose, akute Cholezystitis)<\/li>\n<\/ul>\n<p>Am Ende des Kurses Stundenten m\u00fcssen die folgende Kenntnisse erwerben:<\/p>\n<ul>\n<li>Durchf\u00fchrung FAST, eFAST und RUSH Ultraschall<\/li>\n<li>Durchf\u00fchrung einer Abdomen Sonografie und akute Unterschiede in Grundstufe<\/li>\n<li>Ein Medizinstudent am Ende des Kurses sollte sollte die rechte Entscheidung haben, zu welcher Abtelung \/ Radiologie sollte er\/sie die F\u00e4lle weiterleiten.<\/li>\n<\/ul>\n<p><span style=\"color: #ff0000;\">F\u00fcr ein erfolgreiches Semester laden Sie bitte das Auswertungsformular herunter und f\u00fcllen es bis zum<i><b> 30. December 2018<\/b><\/i>\u00a0aus. Bitte senden Sie es im Anhang zu<\/span>\u00a0<a href=\"mailto:tarnoki2@gmail.com\">tarnoki2@gmail.com\u00a0<\/a><span style=\"color: #ff0000;\">zur\u00fcck. Diejenigen Studenten, die dieses Formular nicht ausf\u00fcllen, bekommen keine Unterschrift f\u00fcr diesen Kurs.<\/span><a href=\"https:\/\/semmelweis.hu\/kepalkotas\/files\/2017\/12\/KLINISCHE-ARBEIT-Auswertungformular.pdf\">Auswetungsformular (pdf)<\/a><a href=\"https:\/\/semmelweis.hu\/kepalkotas\/files\/2017\/12\/KLINISCHE-ARBEIT-Auswertungformular.doc\">KLINISCHE ARBEIT &#8211; Auswertungformular (.doc format)<\/a><\/p>\n<p>Weitere Kursinformation: <a href=\"mailto:tarnoki2@gmail.com\">tarnoki2@gmail.com<\/a><\/p>\n","protected":false},"excerpt":{"rendered":"<p>Klinische (Patientenversorgung) Arbeit f\u00fcr 1 Kreditpunkt\/Semester, Studenten m\u00fcssen mindestens erfolgreische Klinische Arbeit in 3 Stunden gelegentlich auf m\u00f6glicherweise w\u00f6chentlicher Basis machen. <a href=\"https:\/\/semmelweis.hu\/kepalkotas\/files\/2017\/09\/IMG_3198b.jpg\"><\/a> Zertifikat und Bewertung ist bei der Klinikleiter, der Student muss \u00fcber den erworbenen F\u00e4higkeiten berichten. Fachleiter: Prof. Dr. Kinga Karlinger med. habil. Lehrern: Dr. med. \u00c1d\u00e1m D. T\u00e1rnoki PhD, Dr. med. D\u00e1vid L. T\u00e1rnoki &hellip;<\/p>\n","protected":false},"author":142,"featured_media":0,"parent":77,"menu_order":1,"comment_status":"closed","ping_status":"closed","template":"","meta":{"_acf_changed":false,"footnotes":""},"categories":[],"tags":[],"class_list":["post-1206","page","type-page","status-publish","hentry"],"acf":[],"_links":{"self":[{"href":"https:\/\/semmelweis.hu\/kepalkotas\/wp-json\/wp\/v2\/pages\/1206","targetHints":{"allow":["GET"]}}],"collection":[{"href":"https:\/\/semmelweis.hu\/kepalkotas\/wp-json\/wp\/v2\/pages"}],"about":[{"href":"https:\/\/semmelweis.hu\/kepalkotas\/wp-json\/wp\/v2\/types\/page"}],"author":[{"embeddable":true,"href":"https:\/\/semmelweis.hu\/kepalkotas\/wp-json\/wp\/v2\/users\/142"}],"replies":[{"embeddable":true,"href":"https:\/\/semmelweis.hu\/kepalkotas\/wp-json\/wp\/v2\/comments?post=1206"}],"version-history":[{"count":3,"href":"https:\/\/semmelweis.hu\/kepalkotas\/wp-json\/wp\/v2\/pages\/1206\/revisions"}],"predecessor-version":[{"id":2776,"href":"https:\/\/semmelweis.hu\/kepalkotas\/wp-json\/wp\/v2\/pages\/1206\/revisions\/2776"}],"up":[{"embeddable":true,"href":"https:\/\/semmelweis.hu\/kepalkotas\/wp-json\/wp\/v2\/pages\/77"}],"wp:attachment":[{"href":"https:\/\/semmelweis.hu\/kepalkotas\/wp-json\/wp\/v2\/media?parent=1206"}],"wp:term":[{"taxonomy":"category","embeddable":true,"href":"https:\/\/semmelweis.hu\/kepalkotas\/wp-json\/wp\/v2\/categories?post=1206"},{"taxonomy":"post_tag","embeddable":true,"href":"https:\/\/semmelweis.hu\/kepalkotas\/wp-json\/wp\/v2\/tags?post=1206"}],"curies":[{"name":"wp","href":"https:\/\/api.w.org\/{rel}","templated":true}]}}