{"id":1086,"date":"2019-10-14T08:00:04","date_gmt":"2019-10-14T08:00:04","guid":{"rendered":"http:\/\/semmelweis.hu\/radiologia\/?page_id=1086"},"modified":"2025-01-27T14:24:48","modified_gmt":"2025-01-27T13:24:48","slug":"idopontkeres","status":"publish","type":"page","link":"https:\/\/semmelweis.hu\/kepalkotas\/betegeknek\/idopontkeres\/","title":{"rendered":"Id\u0151pontk\u00e9r\u00e9s"},"content":{"rendered":"<div class=\"keretes w-100\">\n<p style=\"text-align: left\"><strong>Rendel\u00e9si id\u0151 <\/strong>ambul\u00e1ns betegek sz\u00e1m\u00e1ra <strong>(el\u0151jegyz\u00e9s alapj\u00e1n): <br \/>\nh\u00e9tk\u00f6znap 9.00-16.00<\/strong><\/p>\n<p>Valamennyi szakrendel\u00e9s\u00fcnk<strong> beutal\u00f3 k\u00f6teles<\/strong>, <strong>el\u0151zetes id\u0151pont egyeztet\u00e9s<\/strong> sz\u00fcks\u00e9ges.<\/p>\n<\/div>\n<h3>CT, MR 1,5T, UH el\u0151jegyz\u00e9s<\/h3>\n<p>08-15 \u00f3ra k\u00f6z\u00f6tt: +36 <span data-olk-copy-source=\"MessageBody\">1 55-33-500<\/span><\/p>\n<h3>Mammogr\u00e1fia, eml\u0151 UH el\u0151jegyz\u00e9s<\/h3>\n<p>08-15 \u00f3ra k\u00f6z\u00f6tt: +36 1 55-33-500<\/p>\n<h3>MR 3T el\u0151jegyz\u00e9s<\/h3>\n<p>09-14 \u00f3ra k\u00f6z\u00f6tt: +36 <span data-olk-copy-source=\"MessageBody\">1 55-33 502<\/span><\/p>\n<h3>PET CT el\u0151jegyz\u00e9s:<\/h3>\n<p>+36 1 459 1500\/61800<\/p>\n<h3>Izot\u00f3p vizsg\u00e1lat el\u0151jegyz\u00e9s:<\/h3>\n<p>+36 1 459 1500\/61969<\/p>\n<h2>LELET UT\u00c1NI \u00c9RDEKL\u0150D\u00c9S:<\/h2>\n<div class=\"keretes w-100\">\n<p><strong>MR 3T lelet (09-14 \u00f3ra k\u00f6z\u00f6tt):<\/strong>\u00a0<a href=\"tel:+36208250626\">+36 1 55-33 502<\/a><br \/>\n<strong>PET CT lelet:<\/strong>\u00a0<a href=\"tel:+3614591500\">+36 1 459 1500<\/a>\u00a0\/61800<br \/>\n<strong>Izot\u00f3p vizsg\u00e1lat lelet:<\/strong>\u00a0<a href=\"tel:+3614591500\">+36 1 459 1500<\/a> \/61969<\/p>\n<\/div>\n<p style=\"text-align: left\"><em>Akut vizsg\u00e1latokat az egyetem\u00fcnk fekv\u0151 betegei sz\u00e1m\u00e1ra 365 napon kereszt\u00fcl 24 \u00f3r\u00e1ban v\u00e9gz\u00fcnk.<\/em><\/p>\n","protected":false},"excerpt":{"rendered":"<p>Rendel\u00e9si id\u0151 ambul\u00e1ns betegek sz\u00e1m\u00e1ra (el\u0151jegyz\u00e9s alapj\u00e1n): h\u00e9tk\u00f6znap 9.00-16.00 Valamennyi szakrendel\u00e9s\u00fcnk beutal\u00f3 k\u00f6teles, el\u0151zetes id\u0151pont egyeztet\u00e9s sz\u00fcks\u00e9ges. CT, MR 1,5T, UH el\u0151jegyz\u00e9s 08-15 \u00f3ra k\u00f6z\u00f6tt: +36 1 55-33-500 Mammogr\u00e1fia, eml\u0151 UH el\u0151jegyz\u00e9s 08-15 \u00f3ra k\u00f6z\u00f6tt: +36 1 55-33-500 MR 3T el\u0151jegyz\u00e9s 09-14 \u00f3ra k\u00f6z\u00f6tt: +36 1 55-33 502 PET CT el\u0151jegyz\u00e9s: +36 1 459 1500\/61800 &hellip;<\/p>\n","protected":false},"author":142,"featured_media":0,"parent":206,"menu_order":0,"comment_status":"closed","ping_status":"closed","template":"","meta":{"_acf_changed":false,"footnotes":""},"categories":[],"tags":[],"class_list":["post-1086","page","type-page","status-publish","hentry"],"acf":[],"_links":{"self":[{"href":"https:\/\/semmelweis.hu\/kepalkotas\/wp-json\/wp\/v2\/pages\/1086","targetHints":{"allow":["GET"]}}],"collection":[{"href":"https:\/\/semmelweis.hu\/kepalkotas\/wp-json\/wp\/v2\/pages"}],"about":[{"href":"https:\/\/semmelweis.hu\/kepalkotas\/wp-json\/wp\/v2\/types\/page"}],"author":[{"embeddable":true,"href":"https:\/\/semmelweis.hu\/kepalkotas\/wp-json\/wp\/v2\/users\/142"}],"replies":[{"embeddable":true,"href":"https:\/\/semmelweis.hu\/kepalkotas\/wp-json\/wp\/v2\/comments?post=1086"}],"version-history":[{"count":11,"href":"https:\/\/semmelweis.hu\/kepalkotas\/wp-json\/wp\/v2\/pages\/1086\/revisions"}],"predecessor-version":[{"id":4405,"href":"https:\/\/semmelweis.hu\/kepalkotas\/wp-json\/wp\/v2\/pages\/1086\/revisions\/4405"}],"up":[{"embeddable":true,"href":"https:\/\/semmelweis.hu\/kepalkotas\/wp-json\/wp\/v2\/pages\/206"}],"wp:attachment":[{"href":"https:\/\/semmelweis.hu\/kepalkotas\/wp-json\/wp\/v2\/media?parent=1086"}],"wp:term":[{"taxonomy":"category","embeddable":true,"href":"https:\/\/semmelweis.hu\/kepalkotas\/wp-json\/wp\/v2\/categories?post=1086"},{"taxonomy":"post_tag","embeddable":true,"href":"https:\/\/semmelweis.hu\/kepalkotas\/wp-json\/wp\/v2\/tags?post=1086"}],"curies":[{"name":"wp","href":"https:\/\/api.w.org\/{rel}","templated":true}]}}