{"id":1062,"date":"2016-11-07T15:05:35","date_gmt":"2016-11-07T14:05:35","guid":{"rendered":"http:\/\/semmelweis.hu\/radiologia\/?page_id=1062"},"modified":"2025-11-04T10:46:33","modified_gmt":"2025-11-04T09:46:33","slug":"mr-laboratorium","status":"publish","type":"page","link":"https:\/\/semmelweis.hu\/kepalkotas\/betegeknek\/reszlegek\/mr-laboratorium\/","title":{"rendered":"MR Diagnosztikai R\u00e9szleg"},"content":{"rendered":"<div>\n<h4><strong>R\u00e9szlegvezet\u0151: Dr. Kalina Ildik\u00f3, klinikai f\u0151orvos<\/strong><\/h4>\n<div class=\"keretes w-100\">\n<p>SE \u00c1OK OKK Radiol\u00f3giai Tansz\u00e9k 1,5 T MR laborat\u00f3rium<br \/>\n<strong>Megk\u00f6zel\u00edthet\u0151s\u00e9g:<\/strong> 1082 Budapest, \u00dcll\u0151i \u00fat 78\/A (Kor\u00e1nyi \u00e9p\u00fclet f\u0151bej\u00e1rat), <br \/>\nvizsg\u00e1latra bejelentkez\u00e9s az 1. emelet Radiol\u00f3giai recepci\u00f3j\u00e1n<br \/>\n<strong>El\u0151jegyz\u00e9s (8-15 \u00f3r\u00e1ig) : +36 1 5533500<br \/>\nMR laborat\u00f3rium telefon:<\/strong> 06-1-459-1500 \/62147<strong><br \/>\nRendel\u00e9si id\u0151:<\/strong> h\u00e9tk\u00f6znap 7:00-21:00, h\u00e9tv\u00e9g\u00e9n 10:00-21:00<br \/>\n<strong>Az MR vizsg\u00e1lathoz szakorvosi beutal\u00f3 sz\u00fcks\u00e9ges!<\/strong><\/p>\n<\/div>\n<\/div>\n<div><a href=\"https:\/\/semmelweis.hu\/kepalkotas\/files\/2020\/06\/MRI-t\u00e1j\u00e9koztat\u00f3.pdf\" target=\"_blank\" rel=\"noopener\">MR vizsg\u00e1lat t\u00e1j\u00e9koztat\u00f3 (pdf)<\/a><\/div>\n<div>\u00a0<\/div>\n<div>\n<p>Int\u00e9zet\u00fcnkben 2016. m\u00e1jus 1-j\u00e9n kezdte meg m\u0171k\u00f6d\u00e9s\u00e9t egy 1,5 T Philips Ingenia MR (m\u00e1gneses rezonancia) berendez\u00e9s. Az MR egy k\u00fcl\u00f6nleges \u00e9s bonyolult k\u00e9palkot\u00f3 elj\u00e1r\u00e1s, amellyel egyes testt\u00e1j\u00e9kok, sz\u00e1mos esetben egyes szervek c\u00e9lzott vizsg\u00e1lat\u00e1t v\u00e9gezz\u00fck, legt\u00f6bbsz\u00f6r m\u00e1s radiol\u00f3giai vizsg\u00e1latok ut\u00e1n. Kiv\u00e1l\u00f3an alkalmas a koponya, a gerinc, az \u00edz\u00fcletek, a nyaki l\u00e1gyr\u00e9szek, a mellkas, az eml\u0151, a has \u00e9s a kismedence vizsg\u00e1lat\u00e1ra. Az erek \u00e1llapot\u00e1r\u00f3l MRA-val (m\u00e1gneses rezonancia angiogr\u00e1fi\u00e1val) kaphatunk inform\u00e1ci\u00f3t. Egyes szervekn\u00e9l (pl. prosztata) spektroszk\u00f3pi\u00e1s kieg\u00e9sz\u00edt\u0151 vizsg\u00e1lat is v\u00e9gezhet\u0151, amikor az anyagcsere-folyamatok k\u00f3ros eltol\u00f3d\u00e1s\u00e1nak m\u00e9r\u00e9s\u00e9vel tudunk k\u00f6vetkeztetni bizonyos elv\u00e1ltoz\u00e1sokra.<\/p>\n<p>MR vizsg\u00e1lat javasolt fejf\u00e1j\u00e1s, sz\u00e9d\u00fcl\u00e9s, agyi t\u00f6rt\u00e9n\u00e9s, daganatos \u00e1tt\u00e9tkeres\u00e9s, s\u00e9r\u00fcl\u00e9sek, gerinc vagy \u00edz\u00fcleti probl\u00e9m\u00e1k eset\u00e9n. Hasi, kismedencei vagy eml\u0151 MR vizsg\u00e1latra akkor van sz\u00fcks\u00e9g, ha egy\u00e9b k\u00e9palkot\u00f3 vizsg\u00e1latokkal (UH, CT, mammogr\u00e1fia) nem lehetett egy\u00e9rtelm\u0171 v\u00e9lem\u00e9nyt mondani. Az eml\u0151 MR vizsg\u00e1lat alkalmas plasztikai m\u0171t\u00e9t sor\u00e1n behelyezett implant\u00e1tum \u00e9ps\u00e9g\u00e9nek meg\u00edt\u00e9l\u00e9s\u00e9re is.<\/p>\n<p>A vizsg\u00e1lat megkezd\u00e9se el\u0151tt minden betegnek egy t\u00e1j\u00e9koztat\u00f3t kell elolvasni \u00e9s az abban feltett k\u00e9rd\u00e9sekre v\u00e1laszolni.<\/p>\n<p>A vizsg\u00e1lati helyis\u00e9gben \u00e1lland\u00f3 er\u0151s m\u00e1gneses t\u00e9r van. Miel\u0151tt a beteg bel\u00e9p ebbe a t\u00e9rbe, meg kell gy\u0151z\u0151dni r\u00f3la, hogy semmilyen m\u00e1gnesezhet\u0151 anyag, f\u00e9m nincs a beteg ruh\u00e1zat\u00e1ban vagy szervezet\u00e9ben (sz\u00edvritmus szab\u00e1lyoz\u00f3, m\u0171v\u00e9gtag, stent, m\u0171fogsor, f\u00e9mkapocs, apr\u00f3p\u00e9nz). Az MR vizsg\u00e1lat m\u00e1gneses t\u00e9rben t\u00f6rt\u00e9nik, ez\u00e9rt azokn\u00e1l a betegekn\u00e9l, akiknek sz\u00edvritmus szab\u00e1lyoz\u00f3t (pacemakert) \u00fcltettek be nem v\u00e9gezhet\u0151 el. A f\u00e9mt\u00e1rgyak a m\u00e1gneses t\u00e9rben elmozdulhatnak, felforr\u00f3sodhatnak, m\u0171k\u00f6d\u00e9s\u00fck k\u00e1rosodhat vagy elmozdul\u00e1sukkal a p\u00e1cienst vagy a berendez\u00e9st k\u00e1ros\u00edthatj\u00e1k.<\/p>\n<p>Napjainkban a m\u0171t\u00e9tek sor\u00e1n t\u00f6bbf\u00e9le f\u00e9mes anyag ker\u00fclhet a p\u00e1ciens szervezet\u00e9be (prot\u00e9zisek, stentek). A modern elj\u00e1r\u00e1sok sor\u00e1n m\u00e1r olyan f\u00e9mekkel dolgoznak, amelyek nem m\u00e1gnesezhet\u0151ek. Ha valakit MR vizsg\u00e1latra jegyeznek el\u0151, c\u00e9lszer\u0171 a kor\u00e1bbi m\u0171t\u00e9tet v\u00e9gz\u0151 orvost\u00f3l le\u00edr\u00e1st k\u00e9rni a p\u00e1ciens szervezet\u00e9be be\u00fcltetett f\u00e9mes anyag t\u00edpus\u00e1r\u00f3l, hogy annak ismeret\u00e9ben v\u00e9gezhesse el a vizsg\u00e1latot az MR-ben dolgoz\u00f3 szakember.<\/p>\n<p>Az MR vizsg\u00e1lat sor\u00e1n a p\u00e1ciens a vizsg\u00e1l\u00f3asztalon fekszik (\u00e1ltal\u00e1ban hanyatt, n\u00e9h\u00e1ny esetben hason). A m\u00f3dszer h\u00e1tr\u00e1nya, hogy a betegnek egy viszonylag sz\u0171k t\u00e9rben kell fek\u00fcdnie, ami egyesekben bez\u00e1rts\u00e1g \u00e9rzetet kelthet. Az MR vizsg\u00e1lat alatt mozdulatlanul kell fek\u00fcdni. A vizsg\u00e1lat alatt kopog\u00f3 jelleg\u0171, hangos z\u00f6rejek hallhat\u00f3ak, melyek intenzit\u00e1sa f\u00fclv\u00e9d\u0151 haszn\u00e1lat\u00e1val cs\u00f6kkenthet\u0151. Ha sz\u00fcks\u00e9ges \u2013 mikrofonon kereszt\u00fcl lehet a szem\u00e9lyzettel kommunik\u00e1lni, illetve a p\u00e1ciens a k\u00e9zbe adott nyom\u00f3gomb haszn\u00e1lat\u00e1val k\u00e9rhet seg\u00edts\u00e9get. A nyaki l\u00e1gyr\u00e9szek vizsg\u00e1lat\u00e1n\u00e1l a nyel\u00e9st, a mellkasi \u00e9s hasi vizsg\u00e1latokn\u00e1l a l\u00e9gz\u00e9st vissza kell tartani a hangsz\u00f3r\u00f3n kereszt\u00fcl kapott utas\u00edt\u00e1s szerint.<\/p>\n<p>A vizsg\u00e1lathoz intrav\u00e9n\u00e1s kontrasztanyag ad\u00e1sa v\u00e1lhat sz\u00fcks\u00e9gess\u00e9. Ez a kontrasztanyag nem tartalmaz j\u00f3dot, teljesen m\u00e1s, mint a r\u00f6ntgenvizsg\u00e1latokn\u00e1l \u00e9s a CT vizsg\u00e1latn\u00e1l haszn\u00e1lt kontrasztanyagok.\u00a0Kontrasztanyag ad\u00e1s\u00e1nak hozz\u00e1j\u00e1rul\u00e1s\u00e1r\u00f3l a betegnek a vizsg\u00e1lat el\u0151tt \u00edr\u00e1sban nyilatkoznia kell.\u00a0Az esetleges kontrasztanyag ad\u00e1s miatt a vizsg\u00e1lat id\u0151pontja el\u0151tt 4-6 \u00f3r\u00e1val m\u00e1r nem szabad enni. A vizsg\u00e1lat id\u0151tartama a vizsg\u00e1lat t\u00edpus\u00e1t\u00f3l f\u00fcgg\u0151en 20-60 perc k\u00f6z\u00f6tt v\u00e1ltozhat.<\/p>\n<p>MR vizsg\u00e1latra a Semmelweis Egyetem Klinik\u00e1in kereszt\u00fcl \u00e9rkezhetnek betegeink vizsg\u00e1latra, illetve ter\u00fcleti ell\u00e1t\u00e1si k\u00f6telezetts\u00e9g szerint, melyhez az al\u00e1bbi ker\u00fcletek \u00e9s telep\u00fcl\u00e9sek tartoznak: Budapest I. \u00e9s XII. ker\u00fclet, \u00c9rd, Sz\u00e1zhalombatta, T\u00e1rnok, T\u00f6r\u00f6kb\u00e1lint.<\/p>\n<p>Int\u00e9zet\u00fcnkben lehet\u0151s\u00e9g van \u00f6nk\u00f6lts\u00e9ges MR vizsg\u00e1lat elv\u00e9gz\u00e9s\u00e9re. Id\u0151pontfoglal\u00e1s \u00e9s tov\u00e1bbi inform\u00e1ci\u00f3: <a href=\"http:\/\/www.semmelweiskft.hu\">www.semmelweiskft.hu<\/a>, vagy +36 1\u00a0550 7007.<\/p>\n<p style=\"text-align: center\"><img loading=\"lazy\" decoding=\"async\" class=\"alignnone wp-image-2468 size-large\" src=\"https:\/\/semmelweis.hu\/kepalkotas\/files\/2020\/06\/20200618_125441-1024x768.jpg\" alt=\"\" width=\"753\" height=\"565\" \/><\/p>\n<\/div>\n","protected":false},"excerpt":{"rendered":"<p>R\u00e9szlegvezet\u0151: Dr. Kalina Ildik\u00f3, klinikai f\u0151orvos SE \u00c1OK OKK Radiol\u00f3giai Tansz\u00e9k 1,5 T MR laborat\u00f3rium Megk\u00f6zel\u00edthet\u0151s\u00e9g: 1082 Budapest, \u00dcll\u0151i \u00fat 78\/A (Kor\u00e1nyi \u00e9p\u00fclet f\u0151bej\u00e1rat), vizsg\u00e1latra bejelentkez\u00e9s az 1. emelet Radiol\u00f3giai recepci\u00f3j\u00e1n El\u0151jegyz\u00e9s (8-15 \u00f3r\u00e1ig) : +36 1 5533500 MR laborat\u00f3rium telefon: 06-1-459-1500 \/62147 Rendel\u00e9si id\u0151: h\u00e9tk\u00f6znap 7:00-21:00, h\u00e9tv\u00e9g\u00e9n 10:00-21:00 Az MR vizsg\u00e1lathoz szakorvosi beutal\u00f3 sz\u00fcks\u00e9ges! &hellip;<\/p>\n","protected":false},"author":142,"featured_media":0,"parent":42,"menu_order":6,"comment_status":"closed","ping_status":"closed","template":"","meta":{"_acf_changed":false,"footnotes":""},"categories":[34],"tags":[],"class_list":["post-1062","page","type-page","status-publish","hentry","category-reszlegek"],"acf":[],"_links":{"self":[{"href":"https:\/\/semmelweis.hu\/kepalkotas\/wp-json\/wp\/v2\/pages\/1062","targetHints":{"allow":["GET"]}}],"collection":[{"href":"https:\/\/semmelweis.hu\/kepalkotas\/wp-json\/wp\/v2\/pages"}],"about":[{"href":"https:\/\/semmelweis.hu\/kepalkotas\/wp-json\/wp\/v2\/types\/page"}],"author":[{"embeddable":true,"href":"https:\/\/semmelweis.hu\/kepalkotas\/wp-json\/wp\/v2\/users\/142"}],"replies":[{"embeddable":true,"href":"https:\/\/semmelweis.hu\/kepalkotas\/wp-json\/wp\/v2\/comments?post=1062"}],"version-history":[{"count":10,"href":"https:\/\/semmelweis.hu\/kepalkotas\/wp-json\/wp\/v2\/pages\/1062\/revisions"}],"predecessor-version":[{"id":4492,"href":"https:\/\/semmelweis.hu\/kepalkotas\/wp-json\/wp\/v2\/pages\/1062\/revisions\/4492"}],"up":[{"embeddable":true,"href":"https:\/\/semmelweis.hu\/kepalkotas\/wp-json\/wp\/v2\/pages\/42"}],"wp:attachment":[{"href":"https:\/\/semmelweis.hu\/kepalkotas\/wp-json\/wp\/v2\/media?parent=1062"}],"wp:term":[{"taxonomy":"category","embeddable":true,"href":"https:\/\/semmelweis.hu\/kepalkotas\/wp-json\/wp\/v2\/categories?post=1062"},{"taxonomy":"post_tag","embeddable":true,"href":"https:\/\/semmelweis.hu\/kepalkotas\/wp-json\/wp\/v2\/tags?post=1062"}],"curies":[{"name":"wp","href":"https:\/\/api.w.org\/{rel}","templated":true}]}}