{"id":1054,"date":"2016-11-08T14:55:34","date_gmt":"2016-11-08T13:55:34","guid":{"rendered":"http:\/\/semmelweis.hu\/radiologia\/?page_id=1054"},"modified":"2025-01-17T15:01:56","modified_gmt":"2025-01-17T14:01:56","slug":"ct-laboratorium","status":"publish","type":"page","link":"https:\/\/semmelweis.hu\/kepalkotas\/betegeknek\/reszlegek\/ct-laboratorium\/","title":{"rendered":"CT Diagnosztikai R\u00e9szleg"},"content":{"rendered":"<h4><strong>R\u00e9szlegvezet\u0151: Dr. Kiss Gergely Egyetemi Adjunktus<\/strong><\/h4>\n<div class=\"keretes w-100\">\n<p><strong>El\u0151jegyz\u00e9s CT, MR, 1,5T, UH (8-15 \u00f3ra k\u00f6z\u00f6tt):<\/strong> +36 1 5533500<br \/>\n<strong>Telefon:<\/strong> 06-1-459-1500 \/61611 vagy \/61968<br \/>\n<strong>C\u00edm:<\/strong> 1082 Budapest, \u00dcll\u0151i \u00fat 78\/A (Kor\u00e1nyi \u00e9p\u00fclet 1. em.)<\/p>\n<\/div>\n<p>Klinik\u00e1nk CT-laborja az egyetem\u00fcnk hagyom\u00e1nyainak megfelel\u0151en nemcsak nagysz\u00e1m\u00fa rutin vizsg\u00e1latot v\u00e9gez, hanem magas szakmai felk\u00e9sz\u00fclts\u00e9get ig\u00e9nyl\u0151, orsz\u00e1gos centrumoknak biztos\u00edt h\u00e1tteret speci\u00e1lis vizsg\u00e1latok elv\u00e9gz\u00e9s\u00e9hez.<\/p>\n<p>Folyamatos moderniz\u00e1l\u00e1s mellett kett\u0151 CT k\u00e9sz\u00fcl\u00e9kkel v\u00e9gz\u00fcnk hagyom\u00e1nyos koponya, mellkas, hasi \u00e9s kismedencei vizsg\u00e1latokon fel\u00fcl EKG vez\u00e9relt CT-angiogr\u00e1fi\u00e1t, virtu\u00e1lis colonoscopi\u00e1t, CT-enteroclysist, \u00e9s k\u00fcl\u00f6nf\u00e9le alacsony d\u00f3zis\u00fa vagy \u00e9ppen v\u00e9konyszeletes CT-vizsg\u00e1latokat. Folyamatosan fejl\u0151d\u0151 munkacsoportjaink h\u00e1tteret \u00e9s sz\u00e9les diagnosztikai spektrumot biztos\u00edtanak a p\u00e1cienseknek \u00e9s klinikus koll\u00e9g\u00e1knak a megfelel\u0151 ter\u00e1pia\u00a0 megtervez\u00e9s\u00e9hez (pl. onkol\u00f3giai, seb\u00e9szeti, belgy\u00f3gy\u00e1szati, f\u00fcl-orr-g\u00e9g\u00e9szeti, sz\u00e1jseb\u00e9szeti, urol\u00f3giai vagy a mozg\u00e1sszervi diagnosztika ter\u00fclet\u00e9n).<\/p>\n<p>A CT, avagy \u201eComputer Tomogr\u00e1fia\u201d a modern orvosi diagnosztika alapjait fektette le, az elm\u00falt k\u00f6zel 50 \u00e9vben folyamatosan fejl\u0151d\u00f6tt, \u00edgy napjainkban is a radiol\u00f3giai egyik legfontosabb alappill\u00e9re. A k\u00e9sz\u00fcl\u00e9k magas k\u00e9pi felbont\u00e1sa r\u00e9v\u00e9n pontos k\u00e9pet kaphatunk a p\u00e1ciens szervezet\u00e9r\u0151l \u00e9s annak \u00e1llapot\u00e1r\u00f3l, \u00edgy nemcsak a betegs\u00e9gek korai st\u00e1diumban t\u00f6rt\u00e9n\u0151 felismer\u00e9s\u00e9t \u00e9rhetj\u00fck el, hanem a gy\u00f3gyul\u00e1shoz vezet\u0151 \u00fatra terelhetj\u00fck a klinikusokkal szoros egy\u00fcttm\u0171k\u00f6d\u00e9sben. A modern k\u00e9sz\u00fcl\u00e9kekkel a p\u00e1cienst \u00e9r\u0151 sug\u00e1rz\u00e1s mennyis\u00e9ge napjainkra cs\u00f6kkent, de a k\u00e9pmin\u0151s\u00e9g javult, amelyet m\u00e9g seg\u00edt az informatika teljes t\u00e1rh\u00e1za; ak\u00e1r t\u00f6bbir\u00e1ny\u00fa vizsg\u00e1lati s\u00edkokr\u00f3l vagy 3\u00a0 dimenzi\u00f3s k\u00e9palkot\u00e1sr\u00f3l besz\u00e9l\u00fcnk, a folyamatosan fejl\u0151d\u0151 mesters\u00e9ges intelligencia is a leletez\u0151 orvos munk\u00e1j\u00e1t seg\u00edti.<\/p>\n<p>Laborunkban a diagnosztikus vizsg\u00e1latokon fel\u00fcl CT-vez\u00e9relt biopszi\u00e1kat \u00e9s gy\u00f3gy\u00edt\u00f3 c\u00e9lzat\u00fa beavatkoz\u00e1sokat is v\u00e9gz\u00fcnk. Az egyetemi int\u00e9zetekb\u0151l hozz\u00e1nk ker\u00fcl\u0151 betegekn\u00e9l t\u00e1lyogok lebocs\u00e1jt\u00e1sa, m\u00e1j-, t\u00fcd\u0151 daganatok vagy ak\u00e1r orthop\u00e9d szakorvosokkal egy\u00fcttm\u0171k\u00f6dve osteoid osteom\u00e1k radiofrekvenci\u00e1s abl\u00e1ci\u00f3ja is helyet kap.<\/p>\n<p>A vizsg\u00e1lat szakorvosi beutal\u00f3 k\u00f6teles, el\u0151zetes bejelentkez\u00e9s alapj\u00e1n vehet\u0151 ig\u00e9nybe. A CT-vizsg\u00e1latokn\u00e1l gyakran j\u00f3dtartalm\u00fa kontrasztanyag bead\u00e1s\u00e1ra van sz\u00fcks\u00e9g, ez\u00e9rt az al\u00e1bbi k\u00e9rd\u00e9sek tiszt\u00e1z\u00e1sa elengedhetetlen:<\/p>\n<p><strong>J\u00f3k-e a vesefunkci\u00f3s \u00e9rt\u00e9kek?<\/strong><br \/>\nInt\u00e9zet\u00fcnk az Eur\u00f3pai Urogenit\u00e1lis Radiol\u00f3giai T\u00e1rsas\u00e1g ir\u00e1nyelveit k\u00f6veti, \u00edgy p\u00e1cienseink legnagyobb v\u00e9delm\u00e9nek \u00e9rdek\u00e9ben a tervezett vizsg\u00e1latok eset\u00e9n, amennyiben intrav\u00e9n\u00e1s kontrasztanyag bead\u00e1s\u00e1ra van sz\u00fcks\u00e9g, a vesefunkci\u00f3 laborvizsg\u00e1lat sor\u00e1n ellen\u0151rizend\u0151. A kontrasztanyag legnagyobb h\u00e1nyada a ves\u00e9n kereszt\u00fcl v\u00e1laszt\u00f3dik ki, ez\u00e9rt ismert vesebetegs\u00e9g eset\u00e9n friss laboreredm\u00e9nyek (karbamid, kreatinin vagy GFR) sz\u00fcks\u00e9gesek a vizsg\u00e1lathoz.<\/p>\n<p><strong>Van-e pajzsmirigybetegs\u00e9g?<\/strong><br \/>\nA kontrasztanyag j\u00f3dtartalm\u00fa, ez\u00e9rt a pajzsmirigy-t\u00falm\u0171k\u00f6d\u00e9ssel j\u00e1r\u00f3 betegs\u00e9gek roml\u00e1s\u00e1t is el\u0151id\u00e9zheti. Ismert pajzsmirigybetegs\u00e9g eset\u00e9n, k\u00e9rj\u00fck, konzult\u00e1ljon endokrinol\u00f3gus\u00e1val vagy kezel\u0151 belgy\u00f3gy\u00e1sz\u00e1val!<\/p>\n<p><strong>Van-e ismert allergia j\u00f3dtartalm\u00fa kontrasztanyagokra, esetleg k\u00e9sz\u00edtm\u00e9nyekre?<\/strong><br \/>\nAmennyiben ismert a j\u00f3dtartalm\u00fa kontrasztanyagokkal szembeni allergia, a kontrasztanyag bead\u00e1s\u00e1t\u00f3l eltekint\u00fcnk, konzult\u00e1lunk kezel\u0151 orvos\u00e1val, \u00e9s alternat\u00edv diagnosztikus \u00fatvonalat tervezhet\u00fcnk (p\u00e9ld\u00e1ul MR vizsg\u00e1lat).\u00a0Amennyiben ismert j\u00f3d\u00e9rz\u00e9kenys\u00e9g \u00e1ll fenn, ez az esetek legnagyobb sz\u00e1zal\u00e9k\u00e1ban nem jelent kontraindik\u00e1ci\u00f3t, megfelel\u0151 k\u00f6r\u00fcltekint\u00e9ssel \u00e9s tervez\u00e9ssel a vizsg\u00e1lat elv\u00e9gezhet\u0151.<\/p>\n<p>A legt\u00f6bb esetben a gyomor-b\u00e9lhuzam vizsg\u00e1lata el\u0151tt folyad\u00e9kot (vizet vagy sz\u00e1jon \u00e1t bevehet\u0151 kontrasztanyagot)\u00a0itatunk a betegekkel, hogy az<br \/>\nem\u00e9szt\u0151rendszerben norm\u00e1lisan \u00f6sszetapadt strukt\u00far\u00e1k j\u00f3l elk\u00fcl\u00f6n\u00fcljenek egym\u00e1st\u00f3l.<\/p>\n<p>Fontos, hogy a beteg megfelel\u0151en hidr\u00e1lt \u00e1llapotban \u00e9rkezzen, valamint, hogy azon vizsg\u00e1latokn\u00e1l, ahol intrav\u00e9n\u00e1s kontrasztanyag ad\u00e1s\u00e1ra ker\u00fcl<br \/>\nsor, a vizsg\u00e1latot megel\u0151z\u0151en 4 \u00f3r\u00e1val m\u00e1r ne egyen (folyad\u00e9kot, tiszta vizet, b\u0151ven fogyasszon).\u00a0Megfelel\u0151 vesefunkci\u00f3s eredm\u00e9nyek eset\u00e9n<br \/>\nmegszokott gy\u00f3gyszereit nyugodtan vegye be. Amennyiben vesebeteg, k\u00e9rj\u00fck kezel\u0151orvos\u00e1val egyeztessen! Amennyiben k\u00e9rd\u00e9se van, laborunk<br \/>\ndolgoz\u00f3i k\u00e9szs\u00e9ggel \u00e1llnak rendelkez\u00e9s\u00e9re!<\/p>\n\r\n        [slb_exclude]\r\n        <div class=\"row galeria-wrapper mx-0 h-auto\">\r\n            <div class=\"col-9 pl-0 pr-2\">\r\n            <span class=\"gallery-item frame\">\r\n\t\t\t\t<div class=\"galeria-left-img\"><a href=\"https:\/\/semmelweis.hu\/kepalkotas\/files\/RS144590_C19A5529-scr.jpg\"><img src=https:\/\/semmelweis.hu\/kepalkotas\/files\/RS144590_C19A5529-scr.jpg  \r\n                            alt=\"\" \r\n                            class=\"attachment-sote-gallery-big size-sote-gallery-big\" \r\n                            srcset=\"https:\/\/semmelweis.hu\/kepalkotas\/files\/RS144590_C19A5529-scr-400x267.jpg 400w, https:\/\/semmelweis.hu\/kepalkotas\/files\/RS144590_C19A5529-scr-1024x683.jpg 1024w, https:\/\/semmelweis.hu\/kepalkotas\/files\/RS144590_C19A5529-scr-768x512.jpg 768w, https:\/\/semmelweis.hu\/kepalkotas\/files\/RS144590_C19A5529-scr-753x502.jpg 753w, https:\/\/semmelweis.hu\/kepalkotas\/files\/RS144590_C19A5529-scr-203x135.jpg 203w, https:\/\/semmelweis.hu\/kepalkotas\/files\/RS144590_C19A5529-scr.jpg 1200w\" ><\/a><\/div>\r\n            <\/span>\r\n\r\n            <\/div>\r\n\r\n\t\t\t<div class=\"col-3 pl-0 pr-0\">\r\n\t\t\t\t<div class=\"galeria-right-img d-flex justify-content-between flex-column h-100 w-100 px-0 mx-0 \">\r\n                <div class=\"galeria-box\">\r\n\t\t\t\t\t<h3 class=\"galeria-title\">Gal\u00e9ria<\/h3>\r\n\t\t\t\t\t<div class=\"galeria-subtitle\">\r\n\r\n\t\t\t\t\t\t<div class=\"galeria-page-counter\"><span>3<\/span>k\u00e9p<\/div>\r\n                    <\/div> <\/div>\r\n                    <span class=\"gallery-item frame d-none d-md-flex\">\r\n\t\t\t\t\t<div class=\"galeria-small-img mt-0\"><a href=\"https:\/\/semmelweis.hu\/kepalkotas\/files\/20200618_124233-scaled-1.jpg\"><img src=https:\/\/semmelweis.hu\/kepalkotas\/files\/20200618_124233-scaled-1.jpg \r\n                                alt=\"\"  \r\n                                class=\"attachment-sote-gallery-small size-sote-gallery-small\" \r\n                                srcset=\"https:\/\/semmelweis.hu\/kepalkotas\/files\/20200618_124233-scaled-1-400x300.jpg 400w, https:\/\/semmelweis.hu\/kepalkotas\/files\/20200618_124233-scaled-1-1024x768.jpg 1024w, https:\/\/semmelweis.hu\/kepalkotas\/files\/20200618_124233-scaled-1-768x576.jpg 768w, https:\/\/semmelweis.hu\/kepalkotas\/files\/20200618_124233-scaled-1-1536x1152.jpg 1536w, https:\/\/semmelweis.hu\/kepalkotas\/files\/20200618_124233-scaled-1-2048x1536.jpg 2048w, https:\/\/semmelweis.hu\/kepalkotas\/files\/20200618_124233-scaled-1-753x565.jpg 753w\" ><\/a><\/div>\r\n                    <\/span>\r\n                    <span class=\"gallery-item frame d-none d-md-flex\">\r\n\t\t\t\t\t<div class=\"galeria-small-img mt-0\"><a href=\"https:\/\/semmelweis.hu\/kepalkotas\/files\/RS30655_KA-20150422-IMG_8488-pic-scr_slide.png\"><img src=https:\/\/semmelweis.hu\/kepalkotas\/files\/RS30655_KA-20150422-IMG_8488-pic-scr_slide.png \r\n                                alt=\"\" \r\n                                class=\"attachment-sote-gallery-small size-sote-gallery-small\" \r\n                                srcset=\"https:\/\/semmelweis.hu\/kepalkotas\/files\/RS30655_KA-20150422-IMG_8488-pic-scr_slide-400x207.png 400w, https:\/\/semmelweis.hu\/kepalkotas\/files\/RS30655_KA-20150422-IMG_8488-pic-scr_slide.png 580w\" ><\/a><\/div>\r\n                    <\/span>\r\n\r\n                <\/div>\r\n\r\n            <\/div>\r\n\r\n            \r\n            <\/div>\r\n\r\n            [\/slb_exclude]\r\n\t\n<p>&nbsp;<\/p>\n","protected":false},"excerpt":{"rendered":"<p>R\u00e9szlegvezet\u0151: Dr. Kiss Gergely Egyetemi Adjunktus El\u0151jegyz\u00e9s CT, MR, 1,5T, UH (8-15 \u00f3ra k\u00f6z\u00f6tt): +36 1 5533500 Telefon: 06-1-459-1500 \/61611 vagy \/61968 C\u00edm: 1082 Budapest, \u00dcll\u0151i \u00fat 78\/A (Kor\u00e1nyi \u00e9p\u00fclet 1. em.) Klinik\u00e1nk CT-laborja az egyetem\u00fcnk hagyom\u00e1nyainak megfelel\u0151en nemcsak nagysz\u00e1m\u00fa rutin vizsg\u00e1latot v\u00e9gez, hanem magas szakmai felk\u00e9sz\u00fclts\u00e9get ig\u00e9nyl\u0151, orsz\u00e1gos centrumoknak biztos\u00edt h\u00e1tteret speci\u00e1lis vizsg\u00e1latok elv\u00e9gz\u00e9s\u00e9hez. &hellip;<\/p>\n","protected":false},"author":142,"featured_media":0,"parent":42,"menu_order":3,"comment_status":"closed","ping_status":"closed","template":"","meta":{"_acf_changed":false,"footnotes":""},"categories":[34],"tags":[],"class_list":["post-1054","page","type-page","status-publish","hentry","category-reszlegek"],"acf":[],"_links":{"self":[{"href":"https:\/\/semmelweis.hu\/kepalkotas\/wp-json\/wp\/v2\/pages\/1054","targetHints":{"allow":["GET"]}}],"collection":[{"href":"https:\/\/semmelweis.hu\/kepalkotas\/wp-json\/wp\/v2\/pages"}],"about":[{"href":"https:\/\/semmelweis.hu\/kepalkotas\/wp-json\/wp\/v2\/types\/page"}],"author":[{"embeddable":true,"href":"https:\/\/semmelweis.hu\/kepalkotas\/wp-json\/wp\/v2\/users\/142"}],"replies":[{"embeddable":true,"href":"https:\/\/semmelweis.hu\/kepalkotas\/wp-json\/wp\/v2\/comments?post=1054"}],"version-history":[{"count":10,"href":"https:\/\/semmelweis.hu\/kepalkotas\/wp-json\/wp\/v2\/pages\/1054\/revisions"}],"predecessor-version":[{"id":4321,"href":"https:\/\/semmelweis.hu\/kepalkotas\/wp-json\/wp\/v2\/pages\/1054\/revisions\/4321"}],"up":[{"embeddable":true,"href":"https:\/\/semmelweis.hu\/kepalkotas\/wp-json\/wp\/v2\/pages\/42"}],"wp:attachment":[{"href":"https:\/\/semmelweis.hu\/kepalkotas\/wp-json\/wp\/v2\/media?parent=1054"}],"wp:term":[{"taxonomy":"category","embeddable":true,"href":"https:\/\/semmelweis.hu\/kepalkotas\/wp-json\/wp\/v2\/categories?post=1054"},{"taxonomy":"post_tag","embeddable":true,"href":"https:\/\/semmelweis.hu\/kepalkotas\/wp-json\/wp\/v2\/tags?post=1054"}],"curies":[{"name":"wp","href":"https:\/\/api.w.org\/{rel}","templated":true}]}}