{"id":1052,"date":"2016-11-06T14:49:15","date_gmt":"2016-11-06T13:49:15","guid":{"rendered":"http:\/\/semmelweis.hu\/radiologia\/?page_id=1052"},"modified":"2025-01-27T10:40:10","modified_gmt":"2025-01-27T09:40:10","slug":"mammografias-reszleg","status":"publish","type":"page","link":"https:\/\/semmelweis.hu\/kepalkotas\/betegeknek\/reszlegek\/mammografias-reszleg\/","title":{"rendered":"Eml\u0151diagnosztikai R\u00e9szleg"},"content":{"rendered":"<h4><strong>R\u00e9szlegvezet\u0151: Dr. T\u00f3th M\u00f3nika Anna klinikai f\u0151orvos<\/strong><\/h4>\n<div class=\"keretes w-100\">\n<p><strong>Mammogr\u00e1fia, eml\u0151 UH el\u0151jegyz\u00e9s (08-15 \u00f3ra k\u00f6z\u00f6tt):<\/strong> +36 1 55-33-500<br \/>\n<strong>C\u00edm:<\/strong> 1082 Budapest, \u00dcll\u0151i \u00fat 78\/A\u00a0 (114, 115. szoba)<\/p>\n<p><a class=\"btn btn-secondary\" href=\"https:\/\/semmelweis.hu\/kepalkotas\/betegeknek\/idopontkeres\/\" target=\"_self\" rel=\"noopener\">Id\u0151pontk\u00e9r\u00e9s<\/a><\/p>\n<\/div>\n<p style=\"text-align: justify\">Az eml\u0151r\u00e1k megel\u0151z\u00e9sben fontos szerepet j\u00e1tszik az \u00f6nvizsg\u00e1lat, a mammogr\u00e1fia (hagyom\u00e1nyos mammogr\u00e1fia, eml\u0151 tomoszint\u00e9zis) \u00e9s az eml\u0151 ultrahang. 30-35 \u00e9ves kor alatt az eml\u0151k \u00e9s nyirokr\u00e9gi\u00f3k ultrahang vizsg\u00e1lat\u00e1t v\u00e9gezz\u00fck. 30-35 \u00e9ves kort\u00f3l az eml\u0151k mammogr\u00e1fi\u00e1s vizsg\u00e1lat\u00e1t v\u00e9gezz\u00fck r\u00e9szleg\u00fcnk\u00f6n, Hologic Selenia Dimensions k\u00e9sz\u00fcl\u00e9kkel.<\/p>\n<p style=\"text-align: justify\">A vizsg\u00e1lat 4 darab alapfelv\u00e9telb\u0151l \u00e1ll. \u00c1ll\u00f3 helyzetben (ritk\u00e1n \u00fclve, \u00e1llapott\u00f3l f\u00fcgg\u0151en) speci\u00e1lis r\u00f6ntgen berendez\u00e9ssel t\u00f6rt\u00e9nik a felv\u00e9telez\u00e9s, klinik\u00e1nkon 2D, 3D tomoszint\u00e9zissel, azaz r\u00e9tegk\u00e9pek k\u00e9sz\u00edt\u00e9s\u00e9vel.<\/p>\n            <div class=\"qae-faqs-container qae-faqs-toggle-container\">\n\t\t\t\t\t\t\t<ul class=\"qe-faqs-filters-container\">\n\t\t\t\t<li class=\"active\"><a class=\"qe-faqs-filter all-faqs\" href=\"#\" data-filter=\"*\">All<\/a><\/li>\n\t\t\t\t<li><a class=\"qe-faqs-filter\" href=\"#mammografia-betegtajekoztato\" data-filter=\".mammografia-betegtajekoztato\">Mammogr\u00e1fia betegt\u00e1j\u00e9koztat\u00f3<\/a><\/li>\t\t\t<\/ul>\n\t\t\t\t\t<div id=\"qaef-4373\" class=\"qe-faq-toggle mammografia-betegtajekoztato\">\n\t\t\t<div class=\"qe-toggle-title\">\n\t\t\t\t<h4>\n\t\t\t\t\t<i class=\"fa fa-minus-circle\"><\/i> Mammogr\u00e1fia betegt\u00e1j\u00e9koztat\u00f3 dokumentumok\t\t\t\t<\/h4>\n\t\t\t<\/div>\n\t\t\t<div class=\"qe-toggle-content\">\n\t\t\t\t<p><a href=\"https:\/\/semmelweis.hu\/kepalkotas\/files\/MA-BETEGT-EMLO-VAKUUM-CORE-BIOPSZIA-UTANI-TEENDOK-SE-OKK-MA-7.2-1.pdf\">MA BETEGT-EML\u0150 V\u00c1KUUM CORE BIOPSZIA UT\u00c1NI TEEND\u0150K-SE OKK-MA-7.2<\/a><br \/>\n<a href=\"https:\/\/semmelweis.hu\/kepalkotas\/files\/MA-BETEGT-TUDNIVALOK-EMLO-VAKUUM-ASSZISZTALT-CORE-BIOPSZIA-SE_OKK-MA-9.1.pdf\">MA BETEGT-TUDNIVAL\u00d3K EML\u0150 V\u00c1KUUM ASSZISZT\u00c1LT CORE BIOPSZIA SE_OKK-MA 9.1<\/a> <br \/>\n<a href=\"https:\/\/semmelweis.hu\/kepalkotas\/files\/MA-BETEGT-ROLL-JELOLES-SE-OKK-MA-5.1.pdf\">MA BETEGT-ROLL JEL\u00d6L\u00c9S-SE OKK-MA 5.1<\/a> <br \/>\n<a href=\"https:\/\/semmelweis.hu\/kepalkotas\/files\/MA-BETEGT-MAMMOGRAFIAS-VIZSGALAT-SE-OKK-MA-1.1.pdf\">MA BETEGT-MAMMOGR\u00c1FI\u00c1S VIZSG\u00c1LAT-SE OKK-MA 1.1<\/a> <br \/>\n<a href=\"https:\/\/semmelweis.hu\/kepalkotas\/files\/MA-BETEGT-KLIPJELOLESHEZ-SE-OK-MA-8.1.pdf\">MA BETEGT-KLIPJEL\u00d6L\u00c9SHEZ -SE OK-MA 8.1<\/a> <br \/>\n<a href=\"https:\/\/semmelweis.hu\/kepalkotas\/files\/MA-BETEGT-GALAKTOGRAFIAS-SE-OKK-MA-2.1.pdf\">MA BETEGT-GALAKTOGR\u00c1FI\u00c1S-SE OKK MA 2.1<\/a><br \/>\n<a href=\"https:\/\/semmelweis.hu\/kepalkotas\/files\/MA-BETEGT-EMLO-VAKUUM-CORE-BIOPSZIA-SE-OKK-MA-7.1v2-1.pdf\">MA BETEGT-EML\u0150 V\u00c1KUUM CORE BIOPSZIA-SE OKK-MA 7.1<\/a><br \/>\n<a href=\"https:\/\/semmelweis.hu\/kepalkotas\/files\/MA-BETEGT-EMLO-DROTJELOLESHEZ-SE-OKK-MA-6.1.pdf\">MA BETEGT-EML\u0150 DR\u00d3TJEL\u00d6L\u00c9SHEZ-SE OKK-MA 6.1<\/a> <br \/>\n<a href=\"https:\/\/semmelweis.hu\/kepalkotas\/files\/MA-BETEGT-EMLO-CORE-BIOPSZIA-SE-OKK-MA-3.1.pdf\">MA BETEGT-EML\u0150 CORE BIOPSZIA-SE OKK-MA 3.1<\/a> <br \/>\n<a href=\"https:\/\/semmelweis.hu\/kepalkotas\/files\/MA-BETEGT-ASPIRACIOS-BIOPSZIA-SE-OKK-MA-4.1.pdf\">MA BETEGT-ASPIR\u00c1CI\u00d3S BIOPSZIA-SE OKK-MA 4.1<\/a><\/p>\n\t\t\t<\/div>\n\t\t<\/div>\n\t\t            <\/div>\n\t\t\n\r\n        [slb_exclude]\r\n        <div class=\"row galeria-wrapper mx-0 h-auto\">\r\n            <div class=\"col-9 pl-0 pr-2\">\r\n            <span class=\"gallery-item frame\">\r\n\t\t\t\t<div class=\"galeria-left-img\"><a href=\"https:\/\/semmelweis.hu\/kepalkotas\/files\/20200618_122806-scaled-1.jpg\"><img src=https:\/\/semmelweis.hu\/kepalkotas\/files\/20200618_122806-scaled-1.jpg  \r\n                            alt=\"\" \r\n                            class=\"attachment-sote-gallery-big size-sote-gallery-big\" \r\n                            srcset=\"https:\/\/semmelweis.hu\/kepalkotas\/files\/20200618_122806-scaled-1-400x300.jpg 400w, https:\/\/semmelweis.hu\/kepalkotas\/files\/20200618_122806-scaled-1-1024x768.jpg 1024w, https:\/\/semmelweis.hu\/kepalkotas\/files\/20200618_122806-scaled-1-768x576.jpg 768w, https:\/\/semmelweis.hu\/kepalkotas\/files\/20200618_122806-scaled-1-1536x1152.jpg 1536w, https:\/\/semmelweis.hu\/kepalkotas\/files\/20200618_122806-scaled-1-2048x1536.jpg 2048w, https:\/\/semmelweis.hu\/kepalkotas\/files\/20200618_122806-scaled-1-753x565.jpg 753w\" ><\/a><\/div>\r\n            <\/span>\r\n\r\n            <\/div>\r\n\r\n\t\t\t<div class=\"col-3 pl-0 pr-0\">\r\n\t\t\t\t<div class=\"galeria-right-img d-flex justify-content-between flex-column h-100 w-100 px-0 mx-0 \">\r\n                <div class=\"galeria-box\">\r\n\t\t\t\t\t<h3 class=\"galeria-title\">Gal\u00e9ria<\/h3>\r\n\t\t\t\t\t<div class=\"galeria-subtitle\">\r\n\r\n\t\t\t\t\t\t<div class=\"galeria-page-counter\"><span>3<\/span>k\u00e9p<\/div>\r\n                    <\/div> <\/div>\r\n                    <span class=\"gallery-item frame d-none d-md-flex\">\r\n\t\t\t\t\t<div class=\"galeria-small-img mt-0\"><a href=\"https:\/\/semmelweis.hu\/kepalkotas\/files\/20200618_122840-scaled-1.jpg\"><img src=https:\/\/semmelweis.hu\/kepalkotas\/files\/20200618_122840-scaled-1.jpg \r\n                                alt=\"\"  \r\n                                class=\"attachment-sote-gallery-small size-sote-gallery-small\" \r\n                                srcset=\"https:\/\/semmelweis.hu\/kepalkotas\/files\/20200618_122840-scaled-1-400x300.jpg 400w, https:\/\/semmelweis.hu\/kepalkotas\/files\/20200618_122840-scaled-1-1024x768.jpg 1024w, https:\/\/semmelweis.hu\/kepalkotas\/files\/20200618_122840-scaled-1-768x576.jpg 768w, https:\/\/semmelweis.hu\/kepalkotas\/files\/20200618_122840-scaled-1-1536x1152.jpg 1536w, https:\/\/semmelweis.hu\/kepalkotas\/files\/20200618_122840-scaled-1-2048x1536.jpg 2048w, https:\/\/semmelweis.hu\/kepalkotas\/files\/20200618_122840-scaled-1-753x565.jpg 753w\" ><\/a><\/div>\r\n                    <\/span>\r\n                    <span class=\"gallery-item frame d-none d-md-flex\">\r\n\t\t\t\t\t<div class=\"galeria-small-img mt-0\"><a href=\"https:\/\/semmelweis.hu\/kepalkotas\/files\/RS30655_KA-20150422-IMG_8488-pic-scr_slide.png\"><img src=https:\/\/semmelweis.hu\/kepalkotas\/files\/RS30655_KA-20150422-IMG_8488-pic-scr_slide.png \r\n                                alt=\"\" \r\n                                class=\"attachment-sote-gallery-small size-sote-gallery-small\" \r\n                                srcset=\"https:\/\/semmelweis.hu\/kepalkotas\/files\/RS30655_KA-20150422-IMG_8488-pic-scr_slide-400x207.png 400w, https:\/\/semmelweis.hu\/kepalkotas\/files\/RS30655_KA-20150422-IMG_8488-pic-scr_slide.png 580w\" ><\/a><\/div>\r\n                    <\/span>\r\n\r\n                <\/div>\r\n\r\n            <\/div>\r\n\r\n            \r\n            <\/div>\r\n\r\n            [\/slb_exclude]\r\n\t\n<p style=\"text-align: justify\">A tomoszint\u00e9zis jelenleg a legmegb\u00edzhat\u00f3bb \u00e9s legmodernebb diagnosztikai eml\u0151vizsg\u00e1lat. Ugyanazzal a k\u00e9sz\u00fcl\u00e9kkel elv\u00e9gezhet\u0151, amellyel a digit\u00e1lis mammogr\u00e1fi\u00e1s vizsg\u00e1lat t\u00f6rt\u00e9nik. Mindk\u00e9t vizsg\u00e1lathoz ugyanazok a cranio-caudalis \u00e9s medio-lateralis ferde felv\u00e9teleket kell elk\u00e9sz\u00edteni, valamint a p\u00e1ciens be\u00e1ll\u00edt\u00e1sa is megegyez\u0151. A legfontosabb k\u00fcl\u00f6nbs\u00e9g, hogy a tomoszint\u00e9zis sor\u00e1n a r\u00f6ntgen sug\u00e1rforr\u00e1s az eml\u0151 feletti \u00edvet k\u00f6vetve mozog, mik\u00f6zben t\u00f6bb felv\u00e9tel is k\u00e9sz\u00fcl. 50 fokos sz\u00f6gtartom\u00e1nyban gy\u0171jt adatokat, amelyekb\u0151l sz\u00e1m\u00edt\u00f3g\u00e9pes szoftver seg\u00edts\u00e9g\u00e9vel 1 mm szeletvastags\u00e1ggal eml\u0151nk\u00e9nt az eml\u0151 m\u00e9ret\u00e9t\u0151l f\u00fcgg\u0151en \u00e9s ir\u00e1nyonk\u00e9nt maximum 15 k\u00e9pet k\u00e9sz\u00edt\u00fcnk. Ezzel szemben a hagyom\u00e1nyos mammogr\u00e1fia sor\u00e1n eml\u0151nk\u00e9nt k\u00e9t k\u00e9p k\u00e9sz\u00fcl. A tomoszint\u00e9zis adataib\u00f3l a szok\u00e1sos mammogrammokhoz hasonl\u00f3 k\u00e9peket lehet rekonstru\u00e1lni: ezzel az \u00fagynevezett szintetikus mammogrammal a kor\u00e1bbi, szok\u00e1sos mammogram kiv\u00e1lthat\u00f3. El\u0151nyei a hagyom\u00e1nyos mammogr\u00e1fi\u00e1hoz k\u00e9pest:<br \/>\n&#8211; 41.5 %-kal t\u00f6bb invaz\u00edv eml\u0151r\u00e1kot k\u00e9pes kimutatni az \u00f6sszevet\u00fcl\u00e9s cs\u00f6kkent\u00e9s\u00e9vel.<br \/>\n&#8211; Nagy felbont\u00e1s\u00fa k\u00e9pet biztos\u00edt 3 dimenzi\u00f3ban.<br \/>\n&#8211; Enyh\u00e9bb, egy\u00e9nre szabott a mellkompresszi\u00f3, \u00edgy kev\u00e9sb\u00e9 kellemetlen.<\/p>\n<p style=\"text-align: justify\">A felv\u00e9teleket a radiol\u00f3gus orvos \u00e1ttekinti, ezt fizik\u00e1lis vizsg\u00e1lat majd az eml\u0151k \u00e9s nyirokr\u00e9gi\u00f3k (axill\u00e1k, parasternalis, supra- \u00e9s infraclavicularis r\u00e9gi\u00f3k) ultrahang vizsg\u00e1lata k\u00f6veti. Abban az esetben, ha a mammogr\u00e1fi\u00e1s vizsg\u00e1latkor valamilyen elt\u00e9r\u00e9st tal\u00e1lunk, tov\u00e1bbi kieg\u00e9sz\u00edt\u0151 vizsg\u00e1latok v\u00e1lnak sz\u00fcks\u00e9gess\u00e9. T\u00f6bbir\u00e1ny\u00fa nagy\u00edtott felv\u00e9teleket k\u00e9sz\u00edt\u00fcnk.<\/p>\n<p style=\"text-align: justify\">Az implant\u00e1tumos mellr\u0151l speci\u00e1lis, \u00fagynevezett Eklund-felv\u00e9teleket k\u00e9sz\u00edtenek r\u00f6ntgenasszisztenseink. Ezzel a technik\u00e1val az implant\u00e1tumok nem ker\u00fclnek nyom\u00e1s al\u00e1, csak az eml\u0151\u00e1llom\u00e1ny, illetve a h\u00f3nalji r\u00e9gi\u00f3 vizsg\u00e1lat\u00e1t teszik lehet\u0151v\u00e9. A vizsg\u00e1lat nem j\u00e1r nagyobb kellemetlens\u00e9ggel, mint a hagyom\u00e1nyos mammogr\u00e1fia.<\/p>\n<p style=\"text-align: justify\">\u00c9rz\u00e9keny eml\u0151k eset\u00e9n c\u00e9lszer\u0171 a mammogr\u00e1fiai vizsg\u00e1latot a menstru\u00e1ci\u00f3 els\u0151 napj\u00e1t k\u00f6vet\u0151 els\u0151 k\u00e9t h\u00e9tre id\u0151z\u00edteni, de ett\u0151l val\u00f3 elt\u00e9r\u00e9s nem befoly\u00e1solja a vizsg\u00e1lat \u00e9rt\u00e9kelhet\u0151s\u00e9g\u00e9t, min\u0151s\u00e9g\u00e9t, valamint az eredm\u00e9ny pontoss\u00e1g\u00e1t. A menstru\u00e1ci\u00f3hoz val\u00f3 igazod\u00e1s csak a fenti k\u00e9nyelmi szempontok alapj\u00e1n m\u00e9rlegelend\u0151. A vizsg\u00e1lat el\u0151tt c\u00e9lszer\u0171 a b\u0151r\u00f6n l\u00e9v\u0151 kr\u00e9meket, izzad\u00e1sg\u00e1tl\u00f3kat, kozmetikumokat elt\u00e1vol\u00edtani. Sz\u00fcks\u00e9g eset\u00e9n mintav\u00e9telt is v\u00e9gz\u00fcnk, mindig k\u00e9palkot\u00f3 vez\u00e9relve. Ultrahang vez\u00e9relten cysta lesz\u00edv\u00e1s\u00e1ra, FNAB-ra vagy core biopszi\u00e1ra van lehet\u0151s\u00e9g\u00fcnk, m\u00edg a csak mammogr\u00e1fi\u00e1n \u00e1br\u00e1zol\u00f3d\u00f3 elt\u00e9r\u00e9sek eset\u00e9n stereotaxi\u00e1s core biopszi\u00e1t vagy vacuum assziszt\u00e1lt stereotaxi\u00e1s core biopszi\u00e1t v\u00e9gz\u00fcnk.<\/p>\n<p style=\"text-align: justify\">A diagnosztika mellett r\u00e9szt vesz\u00fcnk az eml\u0151tumoros p\u00e1ciensek ter\u00e1pi\u00e1j\u00e1ban: neoadjuv\u00e1ns kezel\u00e9s eset\u00e9n a tumort klippel, a nem tapinthat\u00f3 l\u00e9zi\u00f3kat m\u0171t\u00e9t el\u0151tt izot\u00f3ppal jel\u00f6lj\u00fck, az elt\u00e1vol\u00edtott sz\u00f6vetben (specimen) igazoljuk a daganatot, seg\u00edtj\u00fck a patol\u00f3giai feldolgoz\u00e1st. Ter\u00e1pia ut\u00e1n k\u00f6vetj\u00fck a p\u00e1cienst.<\/p>\n<p style=\"text-align: justify\">R\u00e9szleg\u00fcnk\u00f6n t\u00e9r\u00edt\u00e9ses vizsg\u00e1latokra is lehet\u0151s\u00e9g van, melyet a Semmelweis Eg\u00e9szs\u00e9g\u00fcgyi Kft. (<a href=\"https:\/\/semmelweispremium.hu\/\">https:\/\/semmelweispremium.hu\/<\/a>) kereteiben v\u00e9gz\u00fcnk.<\/p>\n","protected":false},"excerpt":{"rendered":"<p><a href=\"https:\/\/semmelweis.hu\/kepalkotas\/files\/MA-BETEGT-EMLO-VAKUUM-CORE-BIOPSZIA-UTANI-TEENDOK-SE-OKK-MA-7.2-1.pdf\">MA BETEGT-EML\u0150 V\u00c1KUUM CORE BIOPSZIA UT\u00c1NI TEEND\u0150K-SE OKK-MA-7.2<\/a><br \/>\n<a href=\"https:\/\/semmelweis.hu\/kepalkotas\/files\/MA-BETEGT-TUDNIVALOK-EMLO-VAKUUM-ASSZISZTALT-CORE-BIOPSZIA-SE_OKK-MA-9.1.pdf\">MA BETEGT-TUDNIVAL\u00d3K EML\u0150 V\u00c1KUUM ASSZISZT\u00c1LT CORE BIOPSZIA SE_OKK-MA 9.1<\/a><br \/>\n<a href=\"https:\/\/semmelweis.hu\/kepalkotas\/files\/MA-BETEGT-ROLL-JELOLES-SE-OKK-MA-5.1.pdf\">MA BETEGT-ROLL JEL\u00d6L\u00c9S-SE OKK-MA 5.1<\/a><br \/>\n<a href=\"https:\/\/semmelweis.hu\/kepalkotas\/files\/MA-BETEGT-MAMMOGRAFIAS-VIZSGALAT-SE-OKK-MA-1.1.pdf\">MA BETEGT-MAMMOGR\u00c1FI\u00c1S VIZSG\u00c1LAT-SE OKK-MA 1.1<\/a><br \/>\n<a href=\"https:\/\/semmelweis.hu\/kepalkotas\/files\/MA-BETEGT-KLIPJELOLESHEZ-SE-OK-MA-8.1.pdf\">MA BETEGT-KLIPJEL\u00d6L\u00c9SHEZ -SE OK-MA 8.1<\/a><br \/>\n<a href=\"https:\/\/semmelweis.hu\/kepalkotas\/files\/MA-BETEGT-GALAKTOGRAFIAS-SE-OKK-MA-2.1.pdf\">MA BETEGT-GALAKTOGR\u00c1FI\u00c1S-SE OKK MA 2.1<\/a><br \/>\n<a href=\"https:\/\/semmelweis.hu\/kepalkotas\/files\/MA-BETEGT-EMLO-VAKUUM-CORE-BIOPSZIA-SE-OKK-MA-7.1v2-1.pdf\">MA BETEGT-EML\u0150 V\u00c1KUUM CORE BIOPSZIA-SE OKK-MA 7.1<\/a><br \/>\n<a href=\"https:\/\/semmelweis.hu\/kepalkotas\/files\/MA-BETEGT-EMLO-DROTJELOLESHEZ-SE-OKK-MA-6.1.pdf\">MA BETEGT-EML\u0150 DR\u00d3TJEL\u00d6L\u00c9SHEZ-SE OKK-MA 6.1<\/a><br \/>\n<a href=\"https:\/\/semmelweis.hu\/kepalkotas\/files\/MA-BETEGT-EMLO-CORE-BIOPSZIA-SE-OKK-MA-3.1.pdf\">MA BETEGT-EML\u0150 CORE BIOPSZIA-SE OKK-MA 3.1<\/a><br \/>\n<a href=\"https:\/\/semmelweis.hu\/kepalkotas\/files\/MA-BETEGT-ASPIRACIOS-BIOPSZIA-SE-OKK-MA-4.1.pdf\">MA BETEGT-ASPIR\u00c1CI\u00d3S BIOPSZIA-SE OKK-MA 4.1<\/a><\/p>\n","protected":false},"author":142,"featured_media":0,"parent":42,"menu_order":2,"comment_status":"closed","ping_status":"closed","template":"","meta":{"_acf_changed":false,"footnotes":""},"categories":[34],"tags":[],"class_list":["post-1052","page","type-page","status-publish","hentry","category-reszlegek"],"acf":[],"_links":{"self":[{"href":"https:\/\/semmelweis.hu\/kepalkotas\/wp-json\/wp\/v2\/pages\/1052","targetHints":{"allow":["GET"]}}],"collection":[{"href":"https:\/\/semmelweis.hu\/kepalkotas\/wp-json\/wp\/v2\/pages"}],"about":[{"href":"https:\/\/semmelweis.hu\/kepalkotas\/wp-json\/wp\/v2\/types\/page"}],"author":[{"embeddable":true,"href":"https:\/\/semmelweis.hu\/kepalkotas\/wp-json\/wp\/v2\/users\/142"}],"replies":[{"embeddable":true,"href":"https:\/\/semmelweis.hu\/kepalkotas\/wp-json\/wp\/v2\/comments?post=1052"}],"version-history":[{"count":11,"href":"https:\/\/semmelweis.hu\/kepalkotas\/wp-json\/wp\/v2\/pages\/1052\/revisions"}],"predecessor-version":[{"id":4401,"href":"https:\/\/semmelweis.hu\/kepalkotas\/wp-json\/wp\/v2\/pages\/1052\/revisions\/4401"}],"up":[{"embeddable":true,"href":"https:\/\/semmelweis.hu\/kepalkotas\/wp-json\/wp\/v2\/pages\/42"}],"wp:attachment":[{"href":"https:\/\/semmelweis.hu\/kepalkotas\/wp-json\/wp\/v2\/media?parent=1052"}],"wp:term":[{"taxonomy":"category","embeddable":true,"href":"https:\/\/semmelweis.hu\/kepalkotas\/wp-json\/wp\/v2\/categories?post=1052"},{"taxonomy":"post_tag","embeddable":true,"href":"https:\/\/semmelweis.hu\/kepalkotas\/wp-json\/wp\/v2\/tags?post=1052"}],"curies":[{"name":"wp","href":"https:\/\/api.w.org\/{rel}","templated":true}]}}