{"id":15938,"date":"2021-10-11T11:20:47","date_gmt":"2021-10-11T09:20:47","guid":{"rendered":"https:\/\/semmelweis.hu\/kanizsaidorottya\/?page_id=15938"},"modified":"2021-10-11T11:20:47","modified_gmt":"2021-10-11T09:20:47","slug":"jerusalema-tanckihivas-2021-10-05","status":"publish","type":"page","link":"https:\/\/semmelweis.hu\/kanizsaidorottya\/iskolankrol\/galeria\/jerusalema-tanckihivas-2021-10-05\/","title":{"rendered":"Jerusalema t\u00e1nckih\u00edv\u00e1s &#8211; 2021-10-05"},"content":{"rendered":"\n<!-- iframe plugin v.4.9 wordpress.org\/plugins\/iframe\/ -->\n<iframe loading=\"lazy\" width=\"560\" height=\"315\" src=\"https:\/\/www.youtube.com\/embed\/1B19UhmcaCY\" title=\"YouTube video player\" frameborder=\"0\" allow=\"accelerometer; autoplay; clipboard-write; encrypted-media; gyroscope; picture-in-picture\" allowfullscreen=\"allowfulscreen\" scrolling=\"yes\" class=\"iframe-class\"><\/iframe>\n\n","protected":false},"excerpt":{"rendered":"","protected":false},"author":101879,"featured_media":0,"parent":14096,"menu_order":0,"comment_status":"closed","ping_status":"closed","template":"","meta":{"_acf_changed":false,"footnotes":""},"categories":[],"tags":[],"class_list":["post-15938","page","type-page","status-publish","hentry"],"acf":[],"_links":{"self":[{"href":"https:\/\/semmelweis.hu\/kanizsaidorottya\/wp-json\/wp\/v2\/pages\/15938","targetHints":{"allow":["GET"]}}],"collection":[{"href":"https:\/\/semmelweis.hu\/kanizsaidorottya\/wp-json\/wp\/v2\/pages"}],"about":[{"href":"https:\/\/semmelweis.hu\/kanizsaidorottya\/wp-json\/wp\/v2\/types\/page"}],"author":[{"embeddable":true,"href":"https:\/\/semmelweis.hu\/kanizsaidorottya\/wp-json\/wp\/v2\/users\/101879"}],"replies":[{"embeddable":true,"href":"https:\/\/semmelweis.hu\/kanizsaidorottya\/wp-json\/wp\/v2\/comments?post=15938"}],"version-history":[{"count":6,"href":"https:\/\/semmelweis.hu\/kanizsaidorottya\/wp-json\/wp\/v2\/pages\/15938\/revisions"}],"predecessor-version":[{"id":16213,"href":"https:\/\/semmelweis.hu\/kanizsaidorottya\/wp-json\/wp\/v2\/pages\/15938\/revisions\/16213"}],"up":[{"embeddable":true,"href":"https:\/\/semmelweis.hu\/kanizsaidorottya\/wp-json\/wp\/v2\/pages\/14096"}],"wp:attachment":[{"href":"https:\/\/semmelweis.hu\/kanizsaidorottya\/wp-json\/wp\/v2\/media?parent=15938"}],"wp:term":[{"taxonomy":"category","embeddable":true,"href":"https:\/\/semmelweis.hu\/kanizsaidorottya\/wp-json\/wp\/v2\/categories?post=15938"},{"taxonomy":"post_tag","embeddable":true,"href":"https:\/\/semmelweis.hu\/kanizsaidorottya\/wp-json\/wp\/v2\/tags?post=15938"}],"curies":[{"name":"wp","href":"https:\/\/api.w.org\/{rel}","templated":true}]}}