{"id":15816,"date":"2021-03-11T14:25:25","date_gmt":"2021-03-11T13:25:25","guid":{"rendered":"https:\/\/semmelweis.hu\/kanizsaidorottya\/?page_id=15816"},"modified":"2025-09-17T15:37:44","modified_gmt":"2025-09-17T13:37:44","slug":"dolgozoink-2021","status":"publish","type":"page","link":"https:\/\/semmelweis.hu\/kanizsaidorottya\/iskolankrol\/dolgozoink-2021\/","title":{"rendered":"Dolgoz\u00f3ink"},"content":{"rendered":"<table style=\"border-collapse: collapse;width: 97.8102%;height: 1464px\">\n<tbody>\n<tr style=\"height: 39px\">\n<td style=\"width: 97.8943%;height: 39px\" colspan=\"2\"><span style=\"font-size: 18pt\"><strong>Iskolavezet\u00e9s:<\/strong><\/span><\/td>\n<\/tr>\n<tr style=\"height: 33px\">\n<td style=\"width: 40.8331%;height: 19px;vertical-align: top\">\n<div class=\"w-100\"><strong>Radics S\u00e1ndor<\/strong><\/div>\n<\/td>\n<td style=\"width: 57.0612%;height: 19px\"><strong>igazgat\u00f3<\/strong><\/td>\n<\/tr>\n<tr style=\"height: 33px\">\n<td style=\"width: 40.8331%;height: 10px;vertical-align: top\">\n<div class=\"w-100\"><strong>Dork\u00f3 Erzs\u00e9bet<\/strong><\/div>\n<\/td>\n<td style=\"width: 57.0612%;height: 10px\">\n<div class=\"w-100\"><strong>igazgat\u00f3helyettes<\/strong><\/div>\n<\/td>\n<\/tr>\n<tr style=\"height: 33px\">\n<td style=\"width: 40.8331%;height: 10px\">\u00a0<\/td>\n<td style=\"width: 57.0612%;height: 10px\">\u00a0<\/td>\n<\/tr>\n<tr style=\"height: 39px\">\n<td style=\"height: 39px;width: 97.8943%\" colspan=\"2\">\u00a0<\/td>\n<\/tr>\n<tr style=\"height: 39px\">\n<td style=\"width: 97.8943%;height: 39px\" colspan=\"2\"><span style=\"font-size: 18pt\"><strong>Munkak\u00f6z\u00f6ss\u00e9gvezet\u0151k:<\/strong><\/span><\/td>\n<\/tr>\n<tr style=\"height: 33px\">\n<td style=\"width: 40.8331%;height: 33px\">Telek Andr\u00e1s<\/td>\n<td style=\"width: 57.0612%;height: 33px\">szakmai munkak\u00f6z\u00f6ss\u00e9g vezet\u0151je<\/td>\n<\/tr>\n<tr style=\"height: 33px\">\n<td style=\"width: 40.8331%;height: 33px\">Simon Ildik\u00f3<\/td>\n<td style=\"width: 57.0612%;height: 33px\">k\u00f6zismereti munkak\u00f6z\u00f6ss\u00e9g vezet\u0151je<\/td>\n<\/tr>\n<tr style=\"height: 33px\">\n<td style=\"width: 40.8331%;height: 33px\">Par\u00f3czai Judit<\/td>\n<td style=\"width: 57.0612%;height: 33px\">oszt\u00e1lyf\u0151n\u00f6ki munkak\u00f6z\u00f6ss\u00e9g vezet\u0151je<\/td>\n<\/tr>\n<tr style=\"height: 33px\">\n<td style=\"width: 40.8331%;height: 33px\">Gy\u0151ri Ildik\u00f3<\/td>\n<td style=\"width: 57.0612%;height: 33px\">ifj\u00fas\u00e1gv\u00e9delmi munkak\u00f6z\u00f6ss\u00e9g vezet\u0151je<\/td>\n<\/tr>\n<tr style=\"height: 33px\">\n<td style=\"width: 40.8331%;height: 33px\">Par\u00f3czai Judit<\/td>\n<td style=\"width: 57.0612%;height: 33px\">di\u00e1k\u00f6nkorm\u00e1nyzat vezet\u0151 tan\u00e1ra<\/td>\n<\/tr>\n<tr style=\"height: 39px\">\n<td style=\"height: 39px;width: 97.8943%\" colspan=\"2\"><span style=\"font-size: 18pt\"><strong>\u00a0<\/strong><\/span><\/td>\n<\/tr>\n<tr style=\"height: 39px\">\n<td style=\"width: 97.8943%;height: 39px\" colspan=\"2\"><span style=\"font-size: 18pt\"><strong>Tan\u00e1raink:<\/strong><\/span><\/td>\n<\/tr>\n<tr style=\"height: 47px\">\n<td style=\"width: 40.8331%;height: 47px\">Bakos Gy\u00f6rgyi J\u00falianna<\/td>\n<td style=\"width: 57.0612%;height: 47px\">k\u00f6nyvt\u00e1r<\/td>\n<\/tr>\n<tr style=\"height: 33px\">\n<td style=\"width: 40.8331%;height: 33px\">Balla Viktor Endre<\/td>\n<td style=\"width: 57.0612%;height: 33px\">t\u00f6t\u00e9nelem, f\u00f6ldrajz<\/td>\n<\/tr>\n<tr style=\"height: 47px\">\n<td style=\"width: 40.8331%;height: 41px\">Dork\u00f3 Erzs\u00e9bet<\/td>\n<td style=\"width: 57.0612%;height: 41px\">n\u00e9met nyelv<\/td>\n<\/tr>\n<tr style=\"height: 33px\">\n<td style=\"width: 40.8331%;height: 33px\">Gy\u0151ri Ildik\u00f3<\/td>\n<td style=\"width: 57.0612%;height: 33px\">szakmai tant\u00e1rgyak<\/td>\n<\/tr>\n<tr style=\"height: 33px\">\n<td style=\"width: 40.8331%;height: 33px\">Laczk\u00f3 Brigitta<\/td>\n<td style=\"width: 57.0612%;height: 33px\">angol nyelv<\/td>\n<\/tr>\n<tr style=\"height: 33px\">\n<td style=\"width: 40.8331%;height: 33px\">Mecser \u00c1gnes Be\u00e1ta<\/td>\n<td style=\"width: 57.0612%;height: 33px\">testnevel\u00e9s<\/td>\n<\/tr>\n<tr style=\"height: 33px\">\n<td style=\"width: 40.8331%;height: 33px\">Merl\u00e1k Anna Bianka<\/td>\n<td style=\"width: 57.0612%;height: 33px\">testnevel\u00e9s<\/td>\n<\/tr>\n<tr style=\"height: 39px\">\n<td style=\"width: 40.8331%;height: 33px\">N\u00e9meth Georgina<\/td>\n<td style=\"width: 57.0612%;height: 33px\">magyar nyelv \u00e9s irodalom<\/td>\n<\/tr>\n<tr style=\"height: 33px\">\n<td style=\"width: 40.8331%;height: 36px\">Par\u00f3czai Judit<\/td>\n<td style=\"width: 57.0612%;height: 36px\">angol nyelv<\/td>\n<\/tr>\n<tr style=\"height: 47px\">\n<td style=\"width: 40.8331%;height: 38px\">Radics S\u00e1ndor<\/td>\n<td style=\"width: 57.0612%;height: 38px\">gy\u00f3gypedag\u00f3gia, pedag\u00f3gia<\/td>\n<\/tr>\n<tr style=\"height: 33px\">\n<td style=\"width: 40.8331%;height: 33px\">S\u00e1fr\u00e1ny Be\u00e1ta<\/td>\n<td style=\"width: 57.0612%;height: 33px\">szakmai tant\u00e1rgyak<\/td>\n<\/tr>\n<tr style=\"height: 33px\">\n<td style=\"width: 40.8331%;height: 33px\">Simon Ildik\u00f3<\/td>\n<td style=\"width: 57.0612%;height: 33px\">biol\u00f3gia, term\u00e9szettudom\u00e1ny<\/td>\n<\/tr>\n<tr style=\"height: 33px\">\n<td style=\"width: 40.8331%;height: 33px\">So\u00f3s J\u00f3zsef Istv\u00e1n<\/td>\n<td style=\"width: 57.0612%;height: 33px\">matematika, fizika, informatika<\/td>\n<\/tr>\n<tr style=\"height: 33px\">\n<td style=\"width: 40.8331%;height: 33px\">S\u0151regi Krisztina<\/td>\n<td style=\"width: 57.0612%;height: 33px\">szakmai tant\u00e1rgyak<\/td>\n<\/tr>\n<tr style=\"height: 33px\">\n<td style=\"width: 40.8331%;height: 33px\">Telek Andr\u00e1s<\/td>\n<td style=\"width: 57.0612%;height: 33px\">szakmai tant\u00e1rgyak<\/td>\n<\/tr>\n<tr style=\"height: 33px\">\n<td style=\"width: 97.8943%;height: 33px\" colspan=\"2\">\u00a0<\/td>\n<\/tr>\n<tr style=\"height: 39px\">\n<td style=\"width: 97.8943%;height: 39px\" colspan=\"2\"><strong><span style=\"font-size: 18pt\">Oktat\u00f3k:<\/span><\/strong><\/td>\n<\/tr>\n<tr style=\"height: 33px\">\n<td style=\"width: 40.8331%;height: 33px\">Rig\u00f3 Anita<\/td>\n<td style=\"width: 57.0612%;height: 33px\">szakmai tant\u00e1rgyak<\/td>\n<\/tr>\n<tr style=\"height: 33px\">\n<td style=\"width: 40.8331%;height: 33px\">\u00a0<\/td>\n<td style=\"width: 57.0612%;height: 33px\">\u00a0<\/td>\n<\/tr>\n<tr style=\"height: 33px\">\n<td style=\"width: 40.8331%;height: 33px\">\u00a0<\/td>\n<td style=\"width: 57.0612%;height: 33px\">\u00a0<\/td>\n<\/tr>\n<tr style=\"height: 33px\">\n<td style=\"width: 40.8331%;height: 33px\">\u00a0<\/td>\n<td style=\"width: 57.0612%;height: 33px\">\u00a0<\/td>\n<\/tr>\n<tr style=\"height: 33px\">\n<td style=\"width: 40.8331%;height: 33px\">\u00a0<\/td>\n<td style=\"width: 57.0612%;height: 33px\">\u00a0<\/td>\n<\/tr>\n<tr style=\"height: 33px\">\n<td style=\"width: 97.8943%;height: 33px\" colspan=\"2\">\u00a0<\/td>\n<\/tr>\n<tr style=\"height: 39px\">\n<td style=\"width: 97.8943%;height: 39px\" colspan=\"2\"><strong><span style=\"font-size: 18pt\">Technikai \u00e9s seg\u00edt\u0151 munkat\u00e1rsak<\/span><\/strong><\/td>\n<\/tr>\n<tr style=\"height: 33px\">\n<td style=\"width: 40.8331%;height: 33px\">B\u00f3cs\u00f3 Beatrix<\/td>\n<td style=\"width: 57.0612%;height: 33px\">iskolatitk\u00e1r<\/td>\n<\/tr>\n<tr style=\"height: 33px\">\n<td style=\"width: 40.8331%;height: 33px\">Praznovszky Tam\u00e1sn\u00e9<\/td>\n<td style=\"width: 57.0612%;height: 33px\">gazdas\u00e1gi \u00fcgyint\u00e9z\u0151<\/td>\n<\/tr>\n<tr style=\"height: 33px\">\n<td style=\"width: 40.8331%;height: 33px\">Hudoba Mih\u00e1ly<\/td>\n<td style=\"width: 57.0612%;height: 33px\">rendszergazda<\/td>\n<\/tr>\n<tr style=\"height: 33px\">\n<td style=\"width: 40.8331%;height: 33px\">Mik\u00e1va G\u00e1bor<\/td>\n<td style=\"width: 57.0612%;height: 33px\">karbantart\u00f3<\/td>\n<\/tr>\n<tr style=\"height: 33px\">\n<td style=\"width: 40.8331%;height: 33px\">Szab\u00f3 M\u00f3nika<\/td>\n<td style=\"width: 57.0612%;height: 33px\">technikai dolgoz\u00f3<\/td>\n<\/tr>\n<tr style=\"height: 33px\">\n<td style=\"width: 40.8331%;height: 33px\">Putyera Istv\u00e1nn\u00e9<\/td>\n<td style=\"width: 57.0612%;height: 33px\">technikai dolgoz\u00f3<\/td>\n<\/tr>\n<\/tbody>\n<\/table>\n","protected":false},"excerpt":{"rendered":"<p>Iskolavezet\u00e9s: Radics S\u00e1ndor igazgat\u00f3 Dork\u00f3 Erzs\u00e9bet igazgat\u00f3helyettes \u00a0 \u00a0 \u00a0 Munkak\u00f6z\u00f6ss\u00e9gvezet\u0151k: Telek Andr\u00e1s szakmai munkak\u00f6z\u00f6ss\u00e9g vezet\u0151je Simon Ildik\u00f3 k\u00f6zismereti munkak\u00f6z\u00f6ss\u00e9g vezet\u0151je Par\u00f3czai Judit oszt\u00e1lyf\u0151n\u00f6ki munkak\u00f6z\u00f6ss\u00e9g vezet\u0151je Gy\u0151ri Ildik\u00f3 ifj\u00fas\u00e1gv\u00e9delmi munkak\u00f6z\u00f6ss\u00e9g vezet\u0151je Par\u00f3czai Judit di\u00e1k\u00f6nkorm\u00e1nyzat vezet\u0151 tan\u00e1ra \u00a0 Tan\u00e1raink: Bakos Gy\u00f6rgyi J\u00falianna k\u00f6nyvt\u00e1r Balla Viktor Endre t\u00f6t\u00e9nelem, f\u00f6ldrajz Dork\u00f3 Erzs\u00e9bet n\u00e9met nyelv Gy\u0151ri Ildik\u00f3 szakmai tant\u00e1rgyak &hellip;<\/p>\n","protected":false},"author":101879,"featured_media":0,"parent":14536,"menu_order":0,"comment_status":"closed","ping_status":"closed","template":"","meta":{"_acf_changed":false,"footnotes":""},"categories":[],"tags":[],"class_list":["post-15816","page","type-page","status-publish","hentry"],"acf":[],"_links":{"self":[{"href":"https:\/\/semmelweis.hu\/kanizsaidorottya\/wp-json\/wp\/v2\/pages\/15816","targetHints":{"allow":["GET"]}}],"collection":[{"href":"https:\/\/semmelweis.hu\/kanizsaidorottya\/wp-json\/wp\/v2\/pages"}],"about":[{"href":"https:\/\/semmelweis.hu\/kanizsaidorottya\/wp-json\/wp\/v2\/types\/page"}],"author":[{"embeddable":true,"href":"https:\/\/semmelweis.hu\/kanizsaidorottya\/wp-json\/wp\/v2\/users\/101879"}],"replies":[{"embeddable":true,"href":"https:\/\/semmelweis.hu\/kanizsaidorottya\/wp-json\/wp\/v2\/comments?post=15816"}],"version-history":[{"count":10,"href":"https:\/\/semmelweis.hu\/kanizsaidorottya\/wp-json\/wp\/v2\/pages\/15816\/revisions"}],"predecessor-version":[{"id":17512,"href":"https:\/\/semmelweis.hu\/kanizsaidorottya\/wp-json\/wp\/v2\/pages\/15816\/revisions\/17512"}],"up":[{"embeddable":true,"href":"https:\/\/semmelweis.hu\/kanizsaidorottya\/wp-json\/wp\/v2\/pages\/14536"}],"wp:attachment":[{"href":"https:\/\/semmelweis.hu\/kanizsaidorottya\/wp-json\/wp\/v2\/media?parent=15816"}],"wp:term":[{"taxonomy":"category","embeddable":true,"href":"https:\/\/semmelweis.hu\/kanizsaidorottya\/wp-json\/wp\/v2\/categories?post=15816"},{"taxonomy":"post_tag","embeddable":true,"href":"https:\/\/semmelweis.hu\/kanizsaidorottya\/wp-json\/wp\/v2\/tags?post=15816"}],"curies":[{"name":"wp","href":"https:\/\/api.w.org\/{rel}","templated":true}]}}