{"id":15228,"date":"2020-07-15T10:01:18","date_gmt":"2020-07-15T08:01:18","guid":{"rendered":"https:\/\/semmelweis.hu\/kanizsaidorottya\/?page_id=15228"},"modified":"2020-07-18T12:28:21","modified_gmt":"2020-07-18T10:28:21","slug":"hatranyos-helyzet","status":"publish","type":"page","link":"https:\/\/semmelweis.hu\/kanizsaidorottya\/iskolankrol\/hatranyos-helyzet\/","title":{"rendered":"H\u00e1tr\u00e1nyos helyzet"},"content":{"rendered":"<p>T\u00e1j\u00e9koztat\u00f3 a nemzeti k\u00f6znevel\u00e9si t\u00f6rv\u00e9ny v\u00e9grehajt\u00e1s\u00e1r\u00f3l sz\u00f3l\u00f3 229\/2012. (VIII.28.) Korm. Rendeletben (a tov\u00e1bbiakban: Korm\u00e1nyrendelet) a h\u00e1tr\u00e1nyos, illetve halmozottan h\u00e1tr\u00e1nyos helyzet meg\u00e1llap\u00edt\u00e1s\u00e1ra, az al\u00e1bbi linken \u00e9rhet\u0151 el.<\/p>\n<p><a href=\"https:\/\/net.jogtar.hu\/jr\/gen\/hjegy_doc.cgi?docid=a1200229.kor\" target=\"_blank\" rel=\"noopener noreferrer\">https:\/\/net.jogtar.hu\/jr\/gen\/hjegy_doc.cgi?docid=a1200229.kor<\/a><\/p>\n","protected":false},"excerpt":{"rendered":"<p>T\u00e1j\u00e9koztat\u00f3 a nemzeti k\u00f6znevel\u00e9si t\u00f6rv\u00e9ny v\u00e9grehajt\u00e1s\u00e1r\u00f3l sz\u00f3l\u00f3 229\/2012. (VIII.28.) Korm. Rendeletben (a tov\u00e1bbiakban: Korm\u00e1nyrendelet) a h\u00e1tr\u00e1nyos, illetve halmozottan h\u00e1tr\u00e1nyos helyzet meg\u00e1llap\u00edt\u00e1s\u00e1ra, az al\u00e1bbi linken \u00e9rhet\u0151 el.<br \/>\n<a href=\"https:\/\/net.jogtar.hu\/jr\/gen\/hjegy_doc.cgi?docid=a1200229.kor\" target=\"_blank\" rel=\"noopener noreferrer\">https:\/\/net.jogtar.hu\/jr\/gen\/hjegy_doc.cgi?docid=a1200229.kor<\/a><\/p>\n","protected":false},"author":101765,"featured_media":0,"parent":14536,"menu_order":5,"comment_status":"closed","ping_status":"closed","template":"","meta":{"_acf_changed":false,"footnotes":""},"categories":[],"tags":[],"class_list":["post-15228","page","type-page","status-publish","hentry"],"acf":[],"_links":{"self":[{"href":"https:\/\/semmelweis.hu\/kanizsaidorottya\/wp-json\/wp\/v2\/pages\/15228","targetHints":{"allow":["GET"]}}],"collection":[{"href":"https:\/\/semmelweis.hu\/kanizsaidorottya\/wp-json\/wp\/v2\/pages"}],"about":[{"href":"https:\/\/semmelweis.hu\/kanizsaidorottya\/wp-json\/wp\/v2\/types\/page"}],"author":[{"embeddable":true,"href":"https:\/\/semmelweis.hu\/kanizsaidorottya\/wp-json\/wp\/v2\/users\/101765"}],"replies":[{"embeddable":true,"href":"https:\/\/semmelweis.hu\/kanizsaidorottya\/wp-json\/wp\/v2\/comments?post=15228"}],"version-history":[{"count":2,"href":"https:\/\/semmelweis.hu\/kanizsaidorottya\/wp-json\/wp\/v2\/pages\/15228\/revisions"}],"predecessor-version":[{"id":15497,"href":"https:\/\/semmelweis.hu\/kanizsaidorottya\/wp-json\/wp\/v2\/pages\/15228\/revisions\/15497"}],"up":[{"embeddable":true,"href":"https:\/\/semmelweis.hu\/kanizsaidorottya\/wp-json\/wp\/v2\/pages\/14536"}],"wp:attachment":[{"href":"https:\/\/semmelweis.hu\/kanizsaidorottya\/wp-json\/wp\/v2\/media?parent=15228"}],"wp:term":[{"taxonomy":"category","embeddable":true,"href":"https:\/\/semmelweis.hu\/kanizsaidorottya\/wp-json\/wp\/v2\/categories?post=15228"},{"taxonomy":"post_tag","embeddable":true,"href":"https:\/\/semmelweis.hu\/kanizsaidorottya\/wp-json\/wp\/v2\/tags?post=15228"}],"curies":[{"name":"wp","href":"https:\/\/api.w.org\/{rel}","templated":true}]}}