{"id":15209,"date":"2020-07-15T09:31:02","date_gmt":"2020-07-15T07:31:02","guid":{"rendered":"https:\/\/semmelweis.hu\/kanizsaidorottya\/?page_id=15209"},"modified":"2020-07-15T09:31:11","modified_gmt":"2020-07-15T07:31:11","slug":"europass-bizonyitvany-kiegeszito-igenylolap","status":"publish","type":"page","link":"https:\/\/semmelweis.hu\/kanizsaidorottya\/iskolankrol\/europass-bizonyitvany-kiegeszito-igenylolap\/","title":{"rendered":"Europass bizony\u00edtv\u00e1ny kieg\u00e9szit\u0151 ig\u00e9nyl\u0151lap"},"content":{"rendered":"<p>Europass bizony\u00edtv\u00e1ny kieg\u00e9szit\u0151 ig\u00e9nyl\u0151lap <a href=\"https:\/\/semmelweis.hu\/kanizsaidorottya\/files\/2020\/07\/Europass_bizonyitvany_kiegeszito_igenylolap-1.doc\" target=\"_blank\" rel=\"noopener noreferrer\">ITT<\/a><\/p>\n","protected":false},"excerpt":{"rendered":"<p>Europass bizony\u00edtv\u00e1ny kieg\u00e9szit\u0151 ig\u00e9nyl\u0151lap <a href=\"https:\/\/semmelweis.hu\/kanizsaidorottya\/files\/2020\/07\/Europass_bizonyitvany_kiegeszito_igenylolap-1.doc\" target=\"_blank\" rel=\"noopener noreferrer\">ITT<\/a><\/p>\n","protected":false},"author":101765,"featured_media":0,"parent":14536,"menu_order":4,"comment_status":"closed","ping_status":"closed","template":"","meta":{"_acf_changed":false,"footnotes":""},"categories":[],"tags":[],"class_list":["post-15209","page","type-page","status-publish","hentry"],"acf":[],"_links":{"self":[{"href":"https:\/\/semmelweis.hu\/kanizsaidorottya\/wp-json\/wp\/v2\/pages\/15209","targetHints":{"allow":["GET"]}}],"collection":[{"href":"https:\/\/semmelweis.hu\/kanizsaidorottya\/wp-json\/wp\/v2\/pages"}],"about":[{"href":"https:\/\/semmelweis.hu\/kanizsaidorottya\/wp-json\/wp\/v2\/types\/page"}],"author":[{"embeddable":true,"href":"https:\/\/semmelweis.hu\/kanizsaidorottya\/wp-json\/wp\/v2\/users\/101765"}],"replies":[{"embeddable":true,"href":"https:\/\/semmelweis.hu\/kanizsaidorottya\/wp-json\/wp\/v2\/comments?post=15209"}],"version-history":[{"count":1,"href":"https:\/\/semmelweis.hu\/kanizsaidorottya\/wp-json\/wp\/v2\/pages\/15209\/revisions"}],"predecessor-version":[{"id":15211,"href":"https:\/\/semmelweis.hu\/kanizsaidorottya\/wp-json\/wp\/v2\/pages\/15209\/revisions\/15211"}],"up":[{"embeddable":true,"href":"https:\/\/semmelweis.hu\/kanizsaidorottya\/wp-json\/wp\/v2\/pages\/14536"}],"wp:attachment":[{"href":"https:\/\/semmelweis.hu\/kanizsaidorottya\/wp-json\/wp\/v2\/media?parent=15209"}],"wp:term":[{"taxonomy":"category","embeddable":true,"href":"https:\/\/semmelweis.hu\/kanizsaidorottya\/wp-json\/wp\/v2\/categories?post=15209"},{"taxonomy":"post_tag","embeddable":true,"href":"https:\/\/semmelweis.hu\/kanizsaidorottya\/wp-json\/wp\/v2\/tags?post=15209"}],"curies":[{"name":"wp","href":"https:\/\/api.w.org\/{rel}","templated":true}]}}