{"id":15199,"date":"2020-07-15T08:59:43","date_gmt":"2020-07-15T06:59:43","guid":{"rendered":"https:\/\/semmelweis.hu\/kanizsaidorottya\/?page_id=15199"},"modified":"2026-03-18T13:25:54","modified_gmt":"2026-03-18T12:25:54","slug":"felveteli-jegyzek3","status":"publish","type":"page","link":"https:\/\/semmelweis.hu\/kanizsaidorottya\/felveteli\/felveteli-jegyzek3\/","title":{"rendered":"Felv\u00e9teli jegyz\u00e9k"},"content":{"rendered":"<p><strong>Tisztelt Sz\u00fcl\u0151k! Kedves Jelentkez\u0151k!<\/strong><\/p>\n<p><strong>Kedves leend\u0151 Kanizsaisok!<\/strong><\/p>\n<p><strong>Az al\u00e1bbi linkeken tekinthet\u0151 meg az ideiglenes felv\u00e9teli jegyz\u00e9k a 2026\/2027-es tan\u00e9vre<\/strong><\/p>\n<p><a href=\"https:\/\/semmelweis.hu\/kanizsaidorottya\/files\/2026\/03\/3100_2026.pdf\">Technikum,\u00a0 Eg\u00e9szs\u00e9g\u00fcgyi \u00e1gazat,\u00a0 3100 tagozatk\u00f3d &#8211; Csecsem\u0151- \u00e9s gyermek\u00e1pol\u00f3<\/a><\/p>\n<p><a href=\"https:\/\/semmelweis.hu\/kanizsaidorottya\/files\/2026\/03\/3200_2026.pdf\">Technikum,\u00a0 Eg\u00e9szs\u00e9g\u00fcgyi \u00e1gazat,\u00a0 3200 tagozatk\u00f3d &#8211; \u00c1ltal\u00e1nos \u00e1pol\u00f3<\/a><\/p>\n<p><a href=\"https:\/\/semmelweis.hu\/kanizsaidorottya\/files\/2026\/03\/3300_2026.pdf\">Technikum,\u00a0 Szoci\u00e1lis \u00e1gazat,\u00a0 \u00a03300 tagozatk\u00f3d\u00a0 &#8211;\u00a0 Kisgyermekgondoz\u00f3, -nevel\u0151<\/a><\/p>\n<p><a href=\"https:\/\/semmelweis.hu\/kanizsaidorottya\/files\/2026\/03\/3600_2026.pdf\">Szakk\u00e9pz\u0151 iskola, Eg\u00e9szs\u00e9g\u00fcgyi \u00e1gazat, 3600 tagozatk\u00f3d &#8211; Alap\u00e1pol\u00e1si munkat\u00e1rs<\/a><\/p>\n<p>&nbsp;<\/p>\n","protected":false},"excerpt":{"rendered":"<p>Tisztelt Sz\u00fcl\u0151k! Kedves Jelentkez\u0151k!<br \/>\nKedves leend\u0151 Kanizsaisok!<br \/>\nAz al\u00e1bbi linkeken tekinthet\u0151 meg az ideiglenes felv\u00e9teli jegyz\u00e9k a 2026\/2027-es tan\u00e9vre<br \/>\n<a href=\"https:\/\/semmelweis.hu\/kanizsaidorottya\/files\/2026\/03\/3100_2026.pdf\">Technikum,\u00a0 Eg\u00e9szs\u00e9g\u00fcgyi \u00e1gazat,\u00a0 3100 tagozatk\u00f3d &#8211; Csecsem\u0151- \u00e9s gyermek\u00e1pol\u00f3<\/a><br \/>\n<a href=\"https:\/\/semmelweis.hu\/kanizsaidorottya\/files\/2026\/03\/3200_2026.pdf\">Technikum,\u00a0 Eg\u00e9szs\u00e9g\u00fcgyi \u00e1gazat,\u00a0 3200 tagozatk\u00f3d &#8211; \u00c1ltal\u00e1nos \u00e1pol\u00f3<\/a><br \/>\n<a href=\"https:\/\/semmelweis.hu\/kanizsaidorottya\/files\/2026\/03\/3300_2026.pdf\">Technikum,\u00a0 Szoci\u00e1lis \u00e1gazat,\u00a0 \u00a03300 tagozatk\u00f3d\u00a0 &#8211;\u00a0 Kisgyermekgondoz\u00f3, -nevel\u0151<\/a><br \/>\n<a href=\"https:\/\/semmelweis.hu\/kanizsaidorottya\/files\/2026\/03\/3600_2026.pdf\">Szakk\u00e9pz\u0151 iskola, Eg\u00e9szs\u00e9g\u00fcgyi \u00e1gazat, 3600 tagozatk\u00f3d &#8211; Alap\u00e1pol\u00e1si munkat\u00e1rs<\/a><br \/>\n&nbsp;<\/p>\n","protected":false},"author":101765,"featured_media":0,"parent":14574,"menu_order":2,"comment_status":"closed","ping_status":"closed","template":"","meta":{"_acf_changed":false,"footnotes":""},"categories":[],"tags":[],"class_list":["post-15199","page","type-page","status-publish","hentry"],"acf":[],"_links":{"self":[{"href":"https:\/\/semmelweis.hu\/kanizsaidorottya\/wp-json\/wp\/v2\/pages\/15199","targetHints":{"allow":["GET"]}}],"collection":[{"href":"https:\/\/semmelweis.hu\/kanizsaidorottya\/wp-json\/wp\/v2\/pages"}],"about":[{"href":"https:\/\/semmelweis.hu\/kanizsaidorottya\/wp-json\/wp\/v2\/types\/page"}],"author":[{"embeddable":true,"href":"https:\/\/semmelweis.hu\/kanizsaidorottya\/wp-json\/wp\/v2\/users\/101765"}],"replies":[{"embeddable":true,"href":"https:\/\/semmelweis.hu\/kanizsaidorottya\/wp-json\/wp\/v2\/comments?post=15199"}],"version-history":[{"count":10,"href":"https:\/\/semmelweis.hu\/kanizsaidorottya\/wp-json\/wp\/v2\/pages\/15199\/revisions"}],"predecessor-version":[{"id":17871,"href":"https:\/\/semmelweis.hu\/kanizsaidorottya\/wp-json\/wp\/v2\/pages\/15199\/revisions\/17871"}],"up":[{"embeddable":true,"href":"https:\/\/semmelweis.hu\/kanizsaidorottya\/wp-json\/wp\/v2\/pages\/14574"}],"wp:attachment":[{"href":"https:\/\/semmelweis.hu\/kanizsaidorottya\/wp-json\/wp\/v2\/media?parent=15199"}],"wp:term":[{"taxonomy":"category","embeddable":true,"href":"https:\/\/semmelweis.hu\/kanizsaidorottya\/wp-json\/wp\/v2\/categories?post=15199"},{"taxonomy":"post_tag","embeddable":true,"href":"https:\/\/semmelweis.hu\/kanizsaidorottya\/wp-json\/wp\/v2\/tags?post=15199"}],"curies":[{"name":"wp","href":"https:\/\/api.w.org\/{rel}","templated":true}]}}