{"id":14117,"date":"2015-12-07T10:03:18","date_gmt":"2015-12-07T09:03:18","guid":{"rendered":"https:\/\/semmelweis.hu\/kanizsaidorottya\/?page_id=14117"},"modified":"2020-07-18T13:21:18","modified_gmt":"2020-07-18T11:21:18","slug":"palyaalkalmassag","status":"publish","type":"page","link":"https:\/\/semmelweis.hu\/kanizsaidorottya\/felveteli\/palyaalkalmassag\/","title":{"rendered":"P\u00e1lyaalkalmass\u00e1g"},"content":{"rendered":"<p>Szakk\u00e9pz\u00e9seinkhez eg\u00e9szs\u00e9g\u00fcgyi p\u00e1lyaalkalmass\u00e1gi vizsg\u00e1lat, mint el\u0151felt\u00e9tel tartozik.<\/p>\n<p>Ezek a vizsg\u00e1latok \u00e1llap\u00edtj\u00e1k meg, hogy a jelentkez\u0151 k\u00e9pes-e\u00a0 az adott szakm\u00e1hoz tartoz\u00f3 k\u00f6vetelm\u00e9nyeket teljes\u00edteni. <br \/>(Pld. asztm\u00e1val rendelkez\u0151 jelentkez\u0151k ne menjenek l\u00e9gz\u00e9si neh\u00e9zs\u00e9get okoz\u00f3 munkak\u00f6rbe dolgozni.)<\/p>\n<p style=\"text-align: left;\" align=\"center\"><a href=\"https:\/\/semmelweis.hu\/kanizsaidorottya\/files\/2020\/07\/egeszsegugyi_adatlap_palyaalkalmassag_megallapitasahoz_8._osztaly.pdf\" target=\"_blank\" rel=\"noopener noreferrer\">Let\u00f6lthet\u0151 pdf form\u00e1tumban a p\u00e1lyaalkalmass\u00e1g meg\u00e1llap\u00edt\u00e1s\u00e1hoz sz\u00fcks\u00e9ges eg\u00e9szs\u00e9g\u00fcgyi adatlap <strong>8.oszt\u00e1lyosok<\/strong> sz\u00e1m\u00e1ra<\/a><\/p>\n","protected":false},"excerpt":{"rendered":"<p>Szakk\u00e9pz\u00e9seinkhez eg\u00e9szs\u00e9g\u00fcgyi p\u00e1lyaalkalmass\u00e1gi vizsg\u00e1lat, mint el\u0151felt\u00e9tel tartozik.<br \/>\nEzek a vizsg\u00e1latok \u00e1llap\u00edtj\u00e1k meg, hogy a jelentkez\u0151 k\u00e9pes-e\u00a0 az adott szakm\u00e1hoz tartoz\u00f3 k\u00f6vetelm\u00e9nyeket teljes\u00edteni. (Pld. asztm\u00e1val rendelkez\u0151 jelentkez\u0151k ne menjenek l\u00e9gz\u00e9si neh\u00e9zs\u00e9get okoz\u00f3 munkak\u00f6rbe dolgozni.)<br \/>\n<a href=\"https:\/\/semmelweis.hu\/kanizsaidorottya\/files\/2020\/07\/egeszsegugyi_adatlap_palyaalkalmassag_megallapitasahoz_8._osztaly.pdf\" target=\"_blank\" rel=\"noopener noreferrer\">Let\u00f6lthet\u0151 pdf form\u00e1tumban a p\u00e1lyaalkalmass\u00e1g meg\u00e1llap\u00edt\u00e1s\u00e1hoz sz\u00fcks\u00e9ges eg\u00e9szs\u00e9g\u00fcgyi adatlap 8.oszt\u00e1lyosok sz\u00e1m\u00e1ra<\/a><\/p>\n","protected":false},"author":101765,"featured_media":0,"parent":14574,"menu_order":3,"comment_status":"closed","ping_status":"closed","template":"","meta":{"_acf_changed":false,"footnotes":""},"categories":[],"tags":[],"class_list":["post-14117","page","type-page","status-publish","hentry"],"acf":[],"_links":{"self":[{"href":"https:\/\/semmelweis.hu\/kanizsaidorottya\/wp-json\/wp\/v2\/pages\/14117","targetHints":{"allow":["GET"]}}],"collection":[{"href":"https:\/\/semmelweis.hu\/kanizsaidorottya\/wp-json\/wp\/v2\/pages"}],"about":[{"href":"https:\/\/semmelweis.hu\/kanizsaidorottya\/wp-json\/wp\/v2\/types\/page"}],"author":[{"embeddable":true,"href":"https:\/\/semmelweis.hu\/kanizsaidorottya\/wp-json\/wp\/v2\/users\/101765"}],"replies":[{"embeddable":true,"href":"https:\/\/semmelweis.hu\/kanizsaidorottya\/wp-json\/wp\/v2\/comments?post=14117"}],"version-history":[{"count":7,"href":"https:\/\/semmelweis.hu\/kanizsaidorottya\/wp-json\/wp\/v2\/pages\/14117\/revisions"}],"predecessor-version":[{"id":15536,"href":"https:\/\/semmelweis.hu\/kanizsaidorottya\/wp-json\/wp\/v2\/pages\/14117\/revisions\/15536"}],"up":[{"embeddable":true,"href":"https:\/\/semmelweis.hu\/kanizsaidorottya\/wp-json\/wp\/v2\/pages\/14574"}],"wp:attachment":[{"href":"https:\/\/semmelweis.hu\/kanizsaidorottya\/wp-json\/wp\/v2\/media?parent=14117"}],"wp:term":[{"taxonomy":"category","embeddable":true,"href":"https:\/\/semmelweis.hu\/kanizsaidorottya\/wp-json\/wp\/v2\/categories?post=14117"},{"taxonomy":"post_tag","embeddable":true,"href":"https:\/\/semmelweis.hu\/kanizsaidorottya\/wp-json\/wp\/v2\/tags?post=14117"}],"curies":[{"name":"wp","href":"https:\/\/api.w.org\/{rel}","templated":true}]}}