{"id":14113,"date":"2016-01-21T14:40:59","date_gmt":"2016-01-21T13:40:59","guid":{"rendered":"https:\/\/semmelweis.hu\/kanizsaidorottya\/?page_id=14113"},"modified":"2020-07-20T09:48:40","modified_gmt":"2020-07-20T07:48:40","slug":"kozossegi-szolgalat","status":"publish","type":"page","link":"https:\/\/semmelweis.hu\/kanizsaidorottya\/aktualis-tanev\/kozossegi-szolgalat\/","title":{"rendered":"K\u00f6z\u00f6ss\u00e9gi szolg\u00e1lat"},"content":{"rendered":"<p align=\"center\"><strong>Az iskolai k\u00f6z\u00f6ss\u00e9gi szolg\u00e1lat<\/strong><\/p>\n<p>A Nkt.: 2016-t\u00f3l az \u00e9retts\u00e9gi bizony\u00edtv\u00e1ny kiad\u00e1s\u00e1t 50 \u00f3ra k\u00f6z\u00f6ss\u00e9gi szolg\u00e1lat teljes\u00edt\u00e9s\u00e9hez k\u00f6ti \u2013 \u00edgy az \u00e9retts\u00e9gi a tant\u00e1rgyi tud\u00e1s m\u00e9r\u00e9s\u00e9n t\u00fal a szoci\u00e1lis k\u00e9szs\u00e9gek, a t\u00e1rsadalmi \u00e9rz\u00e9kenys\u00e9g kialak\u00edt\u00e1s\u00e1ban is szerepet j\u00e1tszik.<\/p>\n<p>Jogszab\u00e1lyi h\u00e1tt\u00e9r: A nemzeti k\u00f6znevel\u00e9sr\u0151l sz\u00f3l\u00f3 2011. \u00e9vi CXC. t\u00f6rv\u00e9nyen t\u00fal a 110\/2012. (VI.04) Korm. rendelet (NAT), a 20\/2012. (VII.31.) EMMI rendelet, a k\u00f6z\u00e9rdek\u0171 \u00f6nk\u00e9ntess\u00e9gr\u0151l sz\u00f3l\u00f3 2005. \u00e9vi LXXXVIII. t\u00f6rv\u00e9ny, a 1068\/2012. (III.20.) Korm. hat\u00e1rozat (nemzeti \u00f6nk\u00e9ntes strat\u00e9gia 2011-2020), a 2011. \u00e9vi CLXXV. t\u00f6rv\u00e9ny (civil t\u00f6rv\u00e9ny)<\/p>\n<p>A k\u00f6z\u00f6ss\u00e9gi szolg\u00e1lat pedag\u00f3giai c\u00e9lzat\u00fa k\u00f6telezetts\u00e9g, a tev\u00e9kenys\u00e9g kiv\u00e1laszt\u00e1s\u00e1ban azonban megval\u00f3sulhat a szabad d\u00f6nt\u00e9s.<\/p>\n<p><strong>Megval\u00f3s\u00edt\u00e1sa:<\/strong><\/p>\n<p>1. Iskolai koordin\u00e1tort jel\u00f6l ki az int\u00e9zm\u00e9nyvezet\u0151, aki munkak\u00f6ri feladatak\u00e9nt l\u00e1tja el a tev\u00e9kenys\u00e9get \u00e9s felel\u0151s:<\/p>\n<ul>\n<li>a tanul\u00f3k felk\u00e9sz\u00edt\u00e9s\u00e9\u00e9rt, mentor\u00e1l\u00e1s\u00e9rt, pedag\u00f3giai feldolgoz\u00e1s\u00e9rt,<\/li>\n<li>a fogad\u00f3 helyekkel val\u00f3 kapcsolattart\u00e1s\u00e9rt,<\/li>\n<li>adminisztr\u00e1l\u00e1s\u00e9rt, dokument\u00e1l\u00e1s\u00e9rt, igazol\u00e1s\u00e9rt,<\/li>\n<li>a tanul\u00f3k bevon\u00e1s\u00e1\u00e9rt<\/li>\n<li>a tanul\u00f3k tev\u00e9kenys\u00e9g\u00e9nek elismer\u00e9s\u00e9\u00e9rt.<\/li>\n<\/ul>\n<p>Az iskol\u00e1ban tov\u00e1bbi mentor \u2013 aki a tanul\u00f3k lelki fejl\u0151d\u00e9s\u00e9vel foglalkozik, valamint a fogad\u00f3 szervezetn\u00e9l szakmai koordin\u00e1tor \u2013 aki a tanul\u00f3k munk\u00e1j\u00e1t ir\u00e1ny\u00edtja \u2013 vesz r\u00e9szt a folyamatban.<\/p>\n<p>2. A m\u00e1r megl\u00e9v\u0151 j\u00f3 gyakorlatok \u00e9s \u00f6tletek \u00f6sszegy\u0171jt\u00e9se, helyi \u00e9s int\u00e9zm\u00e9nyen bel\u00fcli lehet\u0151s\u00e9gek felt\u00e9rk\u00e9pez\u00e9se a tantest\u00fclet, tanul\u00f3k, sz\u00fcl\u0151k seg\u00edts\u00e9g\u00e9vel.<\/p>\n<p><strong>Lehets\u00e9ges tev\u00e9kenys\u00e9gi k\u00f6r\u00f6k <\/strong><\/p>\n<ul>\n<li>k\u00f6rnyez\u0151 int\u00e9zm\u00e9nyek: r\u00e9szv\u00e9tel \u00f6nkorm\u00e1nyzati feladatok ell\u00e1t\u00e1s\u00e1ban (eg\u00e9szs\u00e9g\u00fcgyi, szoci\u00e1lis, gyermekint\u00e9zm\u00e9nyekben)<\/li>\n<li>egy\u00e9ni gondoz\u00e1si lehet\u0151s\u00e9gek (id\u0151sek, fogyat\u00e9kkal \u00e9l\u0151k)<\/li>\n<li>civil szervezetek tev\u00e9kenys\u00e9g\u00e9ben r\u00e9szt venni<\/li>\n<li>egyh\u00e1zi szervezetek tev\u00e9kenys\u00e9g\u00e9ben szerepet v\u00e1llalni.<\/li>\n<\/ul>\n<p><strong>A k\u00f6z\u00f6ss\u00e9gi szolg\u00e1lat ter\u00fcletei: <\/strong><\/p>\n<ul>\n<li>eg\u00e9szs\u00e9g\u00fcgyi (minden esetben mentort kell biztos\u00edtani)<\/li>\n<li>szoci\u00e1lis \u00e9s j\u00f3t\u00e9konys\u00e1gi (sz\u00fcks\u00e9g eset\u00e9n mentort kell biztos\u00edtani)<\/li>\n<li>oktat\u00e1si<\/li>\n<li>kultur\u00e1lis \u00e9s k\u00f6z\u00f6ss\u00e9gi<\/li>\n<li>k\u00f6rnyezet- \u00e9s term\u00e9szetv\u00e9delmi<\/li>\n<li>katasztr\u00f3fav\u00e9delmi<\/li>\n<li>k\u00f6z\u00f6s sport- \u00e9s szabadid\u0151s tev\u00e9kenys\u00e9g \u00f3vod\u00e1skor\u00fa, saj\u00e1tos nevel\u00e9si ig\u00e9ny\u0171 gyermekekkel, id\u0151s emberekkel<\/li>\n<\/ul>\n<p>3. A fogad\u00f3 szervezetekkel az iskola egy\u00fcttm\u0171k\u00f6d\u00e9si meg\u00e1llapod\u00e1st k\u00f6t. A tanul\u00f3kat \u00e9s sz\u00fcl\u0151ket t\u00e1j\u00e9koztatjuk a v\u00e1laszthat\u00f3 lehet\u0151s\u00e9gekr\u0151l, a tanul\u00f3 \u00f6nk\u00e9nt v\u00e1laszthatja ki azt a helyet, tev\u00e9kenys\u00e9get, amely sz\u00e1m\u00e1ra a legvonz\u00f3bb, leghasznosabb, amelyhez kell\u0151en motiv\u00e1lt.<\/p>\n<p>A sz\u00fcl\u0151k t\u00e1mogat\u00f3 szerep\u00e9re sz\u00e1m\u00edtunk a program sor\u00e1n: \u00f6tletek, lelki k\u00eds\u00e9r\u00e9s, sz\u00e1ll\u00edt\u00e1s\u2026 egy\u00e9b tev\u00e9kenys\u00e9gekben.<\/p>\n<p>4. A 9-11. \u00e9vfolyamos tanul\u00f3k sz\u00e1m\u00e1ra lehet\u0151s\u00e9g szerint h\u00e1rom \u00e9vre ar\u00e1nyosan elosztva szervezz\u00fck meg a legal\u00e1bb 50 \u00f3r\u00e1s k\u00f6z\u00f6ss\u00e9gi szolg\u00e1latot. Ett\u0151l indokolt esetben a sz\u00fcl\u0151 k\u00e9r\u00e9s\u00e9re el lehet t\u00e9rni.<\/p>\n<p>Az \u00f6tven \u00f3r\u00e1n bel\u00fcl 5 \u00f3r\u00e1s felk\u00e9sz\u00edt\u0151 \u00e9s 5 \u00f3r\u00e1s z\u00e1r\u00f3 foglalkoz\u00e1s tarthat\u00f3.<\/p>\n<p>Egy \u00f3r\u00e1n 60 perces k\u00f6z\u00f6ss\u00e9gi szolg\u00e1lati id\u0151 \u00e9rtend\u0151 (az utaz\u00e1s nem sz\u00e1m\u00edthat\u00f3 bele), alkalmank\u00e9nt 1-3 \u00f3r\u00e1s id\u0151keretben v\u00e9gezhet\u0151.<\/p>\n<p><strong>Figyelembe kell venni, hogy<\/strong><\/p>\n<ul>\n<li>18 \u00e9ves kor alatt 14 \u00f3ra pihen\u0151id\u0151t kell k\u00e9t nap k\u00f6z\u00f6tt biztos\u00edtani,<\/li>\n<li>16 \u00e9ves kor alatt naponta 3, hetente 12 \u00f3r\u00e1t tev\u00e9kenykedhet,<\/li>\n<li>16-18 \u00e9ves kor k\u00f6z\u00f6tt napi 4 \u00e9s f\u00e9l, heti 18 \u00f3r\u00e1t tev\u00e9kenykedhet a tanul\u00f3.<\/li>\n<\/ul>\n<p>A tanul\u00f3k egy\u00e9nileg vagy csoportosan v\u00e9gezhetik a v\u00e1lasztott tev\u00e9kenys\u00e9get, c\u00e9lszer\u0171 a p\u00e1rok kialak\u00edt\u00e1sa.<\/p>\n<p><strong>5. A<\/strong><strong> k\u00f6z\u00f6ss\u00e9gi szolg\u00e1lat dokument\u00e1l\u00e1sa<\/strong><\/p>\n<p>A tanul\u00f3k<\/p>\n<ul>\n<li>jelentkez\u00e9si lapot t\u00f6ltenek ki, amely tartalmazza a sz\u00fcl\u0151 beleegyez\u0151 nyilatkozat\u00e1t is,<\/li>\n<li>naprak\u00e9szen k\u00f6telesek k\u00f6z\u00f6ss\u00e9gi szolg\u00e1lati napl\u00f3jukat vezetni: mikor, hol, milyen<\/li>\n<\/ul>\n<p>id\u0151keretben, milyen tev\u00e9kenys\u00e9get folytattak, esetleges reflexi\u00f3k megfogalmaz\u00e1sa,<\/p>\n<p><strong>Az iskola <\/strong><\/p>\n<p>a) koordin\u00e1tora<\/p>\n<ul>\n<li>az iskola dokumentumaiban r\u00f6gz\u00edti a k\u00f6z\u00f6ss\u00e9gi szolg\u00e1latra vonatkoz\u00f3 szab\u00e1lyokat,<\/li>\n<li>az \u00e9ves munkatervben r\u00f6gz\u00edti a felel\u0151s\u00f6ket, feladatokat,<\/li>\n<li>egy\u00fcttm\u0171k\u00f6d\u00e9si meg\u00e1llapod\u00e1st k\u00f6t a fogad\u00f3 szervezetekkel, r\u00f6gz\u00edti az egyes feladatk\u00f6r\u00f6ket<\/li>\n<li>a jelentkez\u00e9si lapok alapj\u00e1n elk\u00e9sz\u00edti a beoszt\u00e1st,<\/li>\n<li>int\u00e9zm\u00e9nyv\u00e1lt\u00e1s eset\u00e9n igazol\u00e1st ad ki a teljes\u00edt\u00e9sr\u0151l,<\/li>\n<li>megszervezi az iskolai szint\u0171 programz\u00e1r\u00e1st.<\/li>\n<\/ul>\n<p>b) oszt\u00e1lyf\u0151n\u00f6k<\/p>\n<ul>\n<li>a di\u00e1k szolg\u00e1lati napl\u00f3ja alapj\u00e1n napl\u00f3ban, t\u00f6rzsk\u00f6nyvben, bizony\u00edtv\u00e1nyban r\u00f6gz\u00edti a teljes\u00edtett \u00f3r\u00e1k sz\u00e1m\u00e1t,<\/li>\n<li>kapcsolatot tart, t\u00e1mogat\u00e1st ny\u00fajt a di\u00e1koknak, feldolgozza vel\u00fck az \u00e9lm\u00e9nyeket (oszt\u00e1lyf\u0151n\u00f6ki \u00f3rai besz\u00e9lget\u00e9s, \u00e9rt\u00e9kel\u0151 lap, poszterek, stb)<\/li>\n<\/ul>\n<p><strong>Akkor adhat\u00f3 a tanul\u00f3nak \u00e9retts\u00e9gi bizony\u00edtv\u00e1ny, ha a bizony\u00edtv\u00e1ny\u00e1ban szerepel az 50 \u00f3ra k\u00f6z\u00f6ss\u00e9gi szolg\u00e1lat igazol\u00e1sa.<\/strong><\/p>\n","protected":false},"excerpt":{"rendered":"<p>Az iskolai k\u00f6z\u00f6ss\u00e9gi szolg\u00e1lat A Nkt.: 2016-t\u00f3l az \u00e9retts\u00e9gi bizony\u00edtv\u00e1ny kiad\u00e1s\u00e1t 50 \u00f3ra k\u00f6z\u00f6ss\u00e9gi szolg\u00e1lat teljes\u00edt\u00e9s\u00e9hez k\u00f6ti \u2013 \u00edgy az \u00e9retts\u00e9gi a tant\u00e1rgyi tud\u00e1s m\u00e9r\u00e9s\u00e9n t\u00fal a szoci\u00e1lis k\u00e9szs\u00e9gek, a t\u00e1rsadalmi \u00e9rz\u00e9kenys\u00e9g kialak\u00edt\u00e1s\u00e1ban is szerepet j\u00e1tszik. Jogszab\u00e1lyi h\u00e1tt\u00e9r: A nemzeti k\u00f6znevel\u00e9sr\u0151l sz\u00f3l\u00f3 2011. \u00e9vi CXC. t\u00f6rv\u00e9nyen t\u00fal a 110\/2012. (VI.04) Korm. rendelet (NAT), a 20\/2012. &hellip;<\/p>\n","protected":false},"author":101765,"featured_media":0,"parent":14538,"menu_order":5,"comment_status":"closed","ping_status":"closed","template":"","meta":{"_acf_changed":false,"footnotes":""},"categories":[],"tags":[],"class_list":["post-14113","page","type-page","status-publish","hentry"],"acf":[],"_links":{"self":[{"href":"https:\/\/semmelweis.hu\/kanizsaidorottya\/wp-json\/wp\/v2\/pages\/14113","targetHints":{"allow":["GET"]}}],"collection":[{"href":"https:\/\/semmelweis.hu\/kanizsaidorottya\/wp-json\/wp\/v2\/pages"}],"about":[{"href":"https:\/\/semmelweis.hu\/kanizsaidorottya\/wp-json\/wp\/v2\/types\/page"}],"author":[{"embeddable":true,"href":"https:\/\/semmelweis.hu\/kanizsaidorottya\/wp-json\/wp\/v2\/users\/101765"}],"replies":[{"embeddable":true,"href":"https:\/\/semmelweis.hu\/kanizsaidorottya\/wp-json\/wp\/v2\/comments?post=14113"}],"version-history":[{"count":4,"href":"https:\/\/semmelweis.hu\/kanizsaidorottya\/wp-json\/wp\/v2\/pages\/14113\/revisions"}],"predecessor-version":[{"id":15519,"href":"https:\/\/semmelweis.hu\/kanizsaidorottya\/wp-json\/wp\/v2\/pages\/14113\/revisions\/15519"}],"up":[{"embeddable":true,"href":"https:\/\/semmelweis.hu\/kanizsaidorottya\/wp-json\/wp\/v2\/pages\/14538"}],"wp:attachment":[{"href":"https:\/\/semmelweis.hu\/kanizsaidorottya\/wp-json\/wp\/v2\/media?parent=14113"}],"wp:term":[{"taxonomy":"category","embeddable":true,"href":"https:\/\/semmelweis.hu\/kanizsaidorottya\/wp-json\/wp\/v2\/categories?post=14113"},{"taxonomy":"post_tag","embeddable":true,"href":"https:\/\/semmelweis.hu\/kanizsaidorottya\/wp-json\/wp\/v2\/tags?post=14113"}],"curies":[{"name":"wp","href":"https:\/\/api.w.org\/{rel}","templated":true}]}}