{"id":14105,"date":"2015-01-08T08:21:26","date_gmt":"2015-01-08T07:21:26","guid":{"rendered":"https:\/\/semmelweis.hu\/kanizsaidorottya\/?page_id=14105"},"modified":"2026-03-18T16:12:10","modified_gmt":"2026-03-18T15:12:10","slug":"kulonos","status":"publish","type":"page","link":"https:\/\/semmelweis.hu\/kanizsaidorottya\/iskolankrol\/kulonos\/","title":{"rendered":"K\u00fcl\u00f6n\u00f6s k\u00f6zz\u00e9t\u00e9teli lista"},"content":{"rendered":"<h2 style=\"text-align: center\">Semmelweis Egyetem<br \/>Kanizsai Dorottya T\u00f6bbc\u00e9l\u00fa Szakk\u00e9pz\u0151 Int\u00e9zm\u00e9nye<br \/>K\u00dcL\u00d6N\u00d6S K\u00d6ZZ\u00c9T\u00c9TELI LISTA<\/h2>\n<p>&nbsp;<\/p>\n<p class=\"lead fontos_div\"><span style=\"font-size: 14pt;color: #000000\"><a href=\"https:\/\/semmelweis.hu\/kanizsaidorottya\/files\/2023\/03\/SE-Kanizsai-Dorottya-SZKI-AO-2021.-08.-01_.pdf\">Alap\u00edt\u00f3 okirat\u00a0\u00a0\u00a0\u00a0<\/a><\/span><\/p>\n<p class=\"fontos_div\"><span style=\"font-size: 18pt\"><span style=\"font-size: 14pt\"><a href=\"https:\/\/semmelweis.hu\/kanizsaidorottya\/files\/2021\/05\/SZMSZ-SE-Kanizsai-Dorottya-T\u00f6bbc\u00e9l\u00fa-Szakk\u00e9pz\u0151-Int\u00e9zm\u00e9nye-2021.05.12..pdf\">SZMSZ\u00a0<\/a>\u00a0<\/span> <\/span><span style=\"font-size: 18pt\">\u00a0 \u00a0<\/span><\/p>\n<div class=\"lead fontos_div\"><a href=\"https:\/\/semmelweis.hu\/kanizsaidorottya\/files\/2023\/05\/Modositott_SZP_Kanizsai_2023_4.pdf\"><span style=\"color: #00ccff\"><span style=\"color: #000000\"><span style=\"color: #99ccff\"><span style=\"color: #3366ff\">Szakmai program<\/span><\/span><\/span><\/span><\/a><\/div>\n<div>\n<div class=\"fontos_div\">\n<p><a href=\"https:\/\/semmelweis.hu\/kanizsaidorottya\/files\/2024\/09\/SE_Kanizsai_Hazirend_2024.09.02.pdf\"><span style=\"color: #3366ff\">H\u00e1zirend\u00a0<\/span>\u00a0<\/a><\/p>\n<\/div>\n<\/div>\n<div class=\"w-100 fontos_div\"><span style=\"color: #3366ff\"><a href=\"https:\/\/semmelweis.hu\/kanizsaidorottya\/files\/2021\/05\/E-Kr\u00e9ta-haszn\u00e1lat-szab\u00e1lyzata-2021.05.12..pdf\">E-kr\u00e9ta haszn\u00e1lat szab\u00e1lyzata<\/a><\/span><\/div>\n<div class=\"lead fontos_div\"><span style=\"color: #33cccc\"><a href=\"https:\/\/semmelweis.hu\/kanizsaidorottya\/files\/2026\/03\/SE-Kanizsai_SzakmaiP-kiegeszites_MI_.pdf\"><span style=\"color: #3366ff\">Szakmai program kieg\u00e9sz\u00edt\u00e9se a Mesters\u00e9ges Intelligencia alapjai tant\u00e1rgy bevezet\u00e9se a 9. \u00e9vfolyamon 12 \u00f3rasz\u00e1mban<\/span><\/a><\/span><\/div>\n<div>\u00a0<\/div>\n<div>\u00a0<\/div>\n<p>&nbsp;<\/p>\n<p>&nbsp;<\/p>\n<p>&nbsp;<\/p>\n<p>&nbsp;<\/p>\n","protected":false},"excerpt":{"rendered":"<p>Semmelweis EgyetemKanizsai Dorottya T\u00f6bbc\u00e9l\u00fa Szakk\u00e9pz\u0151 Int\u00e9zm\u00e9nyeK\u00dcL\u00d6N\u00d6S K\u00d6ZZ\u00c9T\u00c9TELI LISTA<br \/>\n&nbsp;<br \/>\n<a href=\"https:\/\/semmelweis.hu\/kanizsaidorottya\/files\/2023\/03\/SE-Kanizsai-Dorottya-SZKI-AO-2021.-08.-01_.pdf\">Alap\u00edt\u00f3 okirat\u00a0\u00a0\u00a0\u00a0<\/a><br \/>\n<a href=\"https:\/\/semmelweis.hu\/kanizsaidorottya\/files\/2021\/05\/SZMSZ-SE-Kanizsai-Dorottya-T\u00f6bbc\u00e9l\u00fa-Szakk\u00e9pz\u0151-Int\u00e9zm\u00e9nye-2021.05.12..pdf\">SZMSZ\u00a0<\/a>\u00a0 \u00a0 \u00a0<br \/>\n<a href=\"https:\/\/semmelweis.hu\/kanizsaidorottya\/files\/2023\/05\/Modositott_SZP_Kanizsai_2023_4.pdf\">Szakmai program<\/a><\/p>\n<p><a href=\"https:\/\/semmelweis.hu\/kanizsaidorottya\/files\/2024\/09\/SE_Kanizsai_Hazirend_2024.09.02.pdf\">H\u00e1zirend\u00a0\u00a0<\/a><\/p>\n<p><a href=\"https:\/\/semmelweis.hu\/kanizsaidorottya\/files\/2021\/05\/E-Kr\u00e9ta-haszn\u00e1lat-szab\u00e1lyzata-2021.05.12..pdf\">E-kr\u00e9ta haszn\u00e1lat szab\u00e1lyzata<\/a><br \/>\n<a href=\"https:\/\/semmelweis.hu\/kanizsaidorottya\/files\/2026\/03\/SE-Kanizsai_SzakmaiP-kiegeszites_MI_.pdf\">Szakmai program kieg\u00e9sz\u00edt\u00e9se a Mesters\u00e9ges Intelligencia alapjai tant\u00e1rgy bevezet\u00e9se a 9. \u00e9vfolyamon 12 \u00f3rasz\u00e1mban<\/a><br \/>\n\u00a0<br \/>\n\u00a0<br \/>\n&nbsp;<br \/>\n&nbsp;<br \/>\n&nbsp;<br \/>\n&nbsp;<\/p>\n","protected":false},"author":101765,"featured_media":0,"parent":14536,"menu_order":3,"comment_status":"closed","ping_status":"closed","template":"","meta":{"_acf_changed":false,"footnotes":""},"categories":[],"tags":[],"class_list":["post-14105","page","type-page","status-publish","hentry"],"acf":[],"_links":{"self":[{"href":"https:\/\/semmelweis.hu\/kanizsaidorottya\/wp-json\/wp\/v2\/pages\/14105","targetHints":{"allow":["GET"]}}],"collection":[{"href":"https:\/\/semmelweis.hu\/kanizsaidorottya\/wp-json\/wp\/v2\/pages"}],"about":[{"href":"https:\/\/semmelweis.hu\/kanizsaidorottya\/wp-json\/wp\/v2\/types\/page"}],"author":[{"embeddable":true,"href":"https:\/\/semmelweis.hu\/kanizsaidorottya\/wp-json\/wp\/v2\/users\/101765"}],"replies":[{"embeddable":true,"href":"https:\/\/semmelweis.hu\/kanizsaidorottya\/wp-json\/wp\/v2\/comments?post=14105"}],"version-history":[{"count":11,"href":"https:\/\/semmelweis.hu\/kanizsaidorottya\/wp-json\/wp\/v2\/pages\/14105\/revisions"}],"predecessor-version":[{"id":17875,"href":"https:\/\/semmelweis.hu\/kanizsaidorottya\/wp-json\/wp\/v2\/pages\/14105\/revisions\/17875"}],"up":[{"embeddable":true,"href":"https:\/\/semmelweis.hu\/kanizsaidorottya\/wp-json\/wp\/v2\/pages\/14536"}],"wp:attachment":[{"href":"https:\/\/semmelweis.hu\/kanizsaidorottya\/wp-json\/wp\/v2\/media?parent=14105"}],"wp:term":[{"taxonomy":"category","embeddable":true,"href":"https:\/\/semmelweis.hu\/kanizsaidorottya\/wp-json\/wp\/v2\/categories?post=14105"},{"taxonomy":"post_tag","embeddable":true,"href":"https:\/\/semmelweis.hu\/kanizsaidorottya\/wp-json\/wp\/v2\/tags?post=14105"}],"curies":[{"name":"wp","href":"https:\/\/api.w.org\/{rel}","templated":true}]}}