{"id":14101,"date":"2015-01-07T08:43:35","date_gmt":"2015-01-07T07:43:35","guid":{"rendered":"https:\/\/semmelweis.hu\/kanizsaidorottya\/?page_id=14101"},"modified":"2020-07-18T12:45:15","modified_gmt":"2020-07-18T10:45:15","slug":"diakigazolvany","status":"publish","type":"page","link":"https:\/\/semmelweis.hu\/kanizsaidorottya\/aktualis-tanev\/diakigazolvany\/","title":{"rendered":"Di\u00e1kigazolv\u00e1ny"},"content":{"rendered":"<p align=\"center\"><strong>V\u00c1LTOZ\u00c1S A DI\u00c1KIGAZOLV\u00c1NY IG\u00c9NYL\u00c9SBEN!<\/strong><\/p>\n<p align=\"center\"><strong>362\/2011. (XII.30.) KORM\u00c1NYRENDELET<\/strong><\/p>\n<p align=\"center\">HAT\u00c1LYA 2012. JANU\u00c1R 1.<\/p>\n<p>Az igazolv\u00e1ny\u00e9rt nem kell fizetni<\/p>\n<p>\u00a0a\u00a0<strong>DI\u00c1KIGAZOLV\u00c1NYT <\/strong>a\u00a0lakhely szerinti okm\u00e1nyirod\u00e1ban\u00a0kell ig\u00e9nyelni. A f\u00e9nyk\u00e9p k\u00e9sz\u00edt\u00e9se \u00e9s az al\u00e1\u00edr\u00e1s felv\u00e9tele is ott t\u00f6rt\u00e9nik, melyhez sz\u00fcks\u00e9ges iratok:<\/p>\n<ul>\n<li>sz\u00fclet\u00e9si anyak\u00f6nyvi kivonat<\/li>\n<li>lakc\u00edmk\u00e1rtya<\/li>\n<li>szem\u00e9lyi igazolv\u00e1ny (ha van)<\/li>\n<\/ul>\n<p>Az okm\u00e1nyirod\u00e1ban kapott\u00a0igazol\u00e1ssal\u00a0kell jelentkezni az iskol\u00e1ban (titk\u00e1rs\u00e1gon).<\/p>\n<p>Az elk\u00e9sz\u00fclt igazolv\u00e1nyokat az iskol\u00e1ban lehet \u00e1tvenni.<\/p>\n<p align=\"center\">\u00a0<\/p>\n<p align=\"center\"><strong>IDEIGLENES DI\u00c1KIGAZOLV\u00c1NY<\/strong><\/p>\n<p>Ideiglenes k\u00e1rtya \u00e9s szem\u00e9lyi lap helyett egy\u00a0<strong>igazol\u00e1s l\u00e9p hat\u00e1lyba<\/strong>, melyet \u00faj igazolv\u00e1ny ig\u00e9nyl\u00e9se ut\u00e1n nyomtat az int\u00e9zm\u00e9ny.<\/p>\n<p>\u00c9rv\u00e9nyess\u00e9ge 60 nap.<\/p>\n<p align=\"center\">\u00a0<\/p>\n<p align=\"center\"><strong>DI\u00c1KIGAZOLV\u00c1NY \u00c9RV\u00c9NYES\u00cdT\u00c9SI M\u00d3DJA<\/strong><\/p>\n<p>Nem v\u00e1ltozott, \u00e9rv\u00e9nyes\u00edt\u0151 matric\u00e1val kell ell\u00e1tni okt\u00f3ber 31-ig a tank\u00f6teles kort (augusztus 31-ig) bet\u00f6lt\u00f6tt tanul\u00f3knak.<\/p>\n","protected":false},"excerpt":{"rendered":"<p>V\u00c1LTOZ\u00c1S A DI\u00c1KIGAZOLV\u00c1NY IG\u00c9NYL\u00c9SBEN! 362\/2011. (XII.30.) KORM\u00c1NYRENDELET HAT\u00c1LYA 2012. JANU\u00c1R 1. Az igazolv\u00e1ny\u00e9rt nem kell fizetni \u00a0a\u00a0DI\u00c1KIGAZOLV\u00c1NYT a\u00a0lakhely szerinti okm\u00e1nyirod\u00e1ban\u00a0kell ig\u00e9nyelni. A f\u00e9nyk\u00e9p k\u00e9sz\u00edt\u00e9se \u00e9s az al\u00e1\u00edr\u00e1s felv\u00e9tele is ott t\u00f6rt\u00e9nik, melyhez sz\u00fcks\u00e9ges iratok: sz\u00fclet\u00e9si anyak\u00f6nyvi kivonat lakc\u00edmk\u00e1rtya szem\u00e9lyi igazolv\u00e1ny (ha van) Az okm\u00e1nyirod\u00e1ban kapott\u00a0igazol\u00e1ssal\u00a0kell jelentkezni az iskol\u00e1ban (titk\u00e1rs\u00e1gon). Az elk\u00e9sz\u00fclt igazolv\u00e1nyokat az iskol\u00e1ban lehet &hellip;<\/p>\n","protected":false},"author":101765,"featured_media":0,"parent":14538,"menu_order":4,"comment_status":"closed","ping_status":"closed","template":"","meta":{"_acf_changed":false,"footnotes":""},"categories":[],"tags":[],"class_list":["post-14101","page","type-page","status-publish","hentry"],"acf":[],"_links":{"self":[{"href":"https:\/\/semmelweis.hu\/kanizsaidorottya\/wp-json\/wp\/v2\/pages\/14101","targetHints":{"allow":["GET"]}}],"collection":[{"href":"https:\/\/semmelweis.hu\/kanizsaidorottya\/wp-json\/wp\/v2\/pages"}],"about":[{"href":"https:\/\/semmelweis.hu\/kanizsaidorottya\/wp-json\/wp\/v2\/types\/page"}],"author":[{"embeddable":true,"href":"https:\/\/semmelweis.hu\/kanizsaidorottya\/wp-json\/wp\/v2\/users\/101765"}],"replies":[{"embeddable":true,"href":"https:\/\/semmelweis.hu\/kanizsaidorottya\/wp-json\/wp\/v2\/comments?post=14101"}],"version-history":[{"count":4,"href":"https:\/\/semmelweis.hu\/kanizsaidorottya\/wp-json\/wp\/v2\/pages\/14101\/revisions"}],"predecessor-version":[{"id":15185,"href":"https:\/\/semmelweis.hu\/kanizsaidorottya\/wp-json\/wp\/v2\/pages\/14101\/revisions\/15185"}],"up":[{"embeddable":true,"href":"https:\/\/semmelweis.hu\/kanizsaidorottya\/wp-json\/wp\/v2\/pages\/14538"}],"wp:attachment":[{"href":"https:\/\/semmelweis.hu\/kanizsaidorottya\/wp-json\/wp\/v2\/media?parent=14101"}],"wp:term":[{"taxonomy":"category","embeddable":true,"href":"https:\/\/semmelweis.hu\/kanizsaidorottya\/wp-json\/wp\/v2\/categories?post=14101"},{"taxonomy":"post_tag","embeddable":true,"href":"https:\/\/semmelweis.hu\/kanizsaidorottya\/wp-json\/wp\/v2\/tags?post=14101"}],"curies":[{"name":"wp","href":"https:\/\/api.w.org\/{rel}","templated":true}]}}