{"id":14100,"date":"2015-09-07T08:37:44","date_gmt":"2015-09-07T06:37:44","guid":{"rendered":"https:\/\/semmelweis.hu\/kanizsaidorottya\/?page_id=14100"},"modified":"2026-03-19T11:41:09","modified_gmt":"2026-03-19T10:41:09","slug":"aktualitasok","status":"publish","type":"page","link":"https:\/\/semmelweis.hu\/kanizsaidorottya\/aktualis-tanev\/aktualitasok\/","title":{"rendered":"Aktualit\u00e1sok"},"content":{"rendered":"<p><strong><span style=\"font-size: 24pt\">\u00a0 \u00a0 \u00a0 Rendezv\u00e9nyek\u00a0 ( 2025\/2026-os tan\u00e9v )<\/span><\/strong><\/p>\n<table class=\" aligncenter\" style=\"width: 82.8083%;height: 3869px\" width=\"662\">\n<tbody>\n<tr style=\"height: 152px\">\n<td style=\"width: 39.8496%;height: 48px;vertical-align: bottom;text-align: center\" scope=\"row\" width=\"264\">\n<p><span style=\"font-size: 18pt\"><strong>Rendezv\u00e9ny megnevez\u00e9se<\/strong><\/span><\/p>\n<p>&nbsp;<\/p>\n<\/td>\n<td style=\"width: 29.4511%;height: 48px;vertical-align: bottom;text-align: center\" scope=\"row\" width=\"151\">\n<p><span style=\"font-size: 18pt\"><strong>\u00a0<\/strong><\/span><span style=\"font-size: 18pt\"><strong>Id\u0151pont<\/strong><\/span><\/p>\n<p>&nbsp;<\/p>\n<\/td>\n<td style=\"width: 44.2258%;height: 48px;vertical-align: bottom;text-align: center\" scope=\"row\" width=\"246\">\n<p><span style=\"font-size: 18pt\"><strong>\u00a0<\/strong><\/span><span style=\"font-size: 18pt\"><strong>Felel\u0151s(\u00f6k)<\/strong><\/span><\/p>\n<p>&nbsp;<\/p>\n<\/td>\n<\/tr>\n<tr style=\"height: 52px\">\n<td style=\"width: 39.8496%;height: 52px\" width=\"264\">\n<p><strong>\u00dcnnep\u00e9lyes Tan\u00e9vnyit\u00f3<\/strong><\/p>\n<\/td>\n<td style=\"width: 29.4511%;height: 52px\" width=\"151\">\n<p>2025. szeptember 01. 8:00<\/p>\n<\/td>\n<td style=\"width: 44.2258%;height: 52px\" width=\"246\">\n<p>Balla Viktor K-10.A<\/p>\n<\/td>\n<\/tr>\n<tr style=\"height: 132px\">\n<td style=\"width: 39.8496%;height: 118px\">\n<p><strong>3. Kanizsai Napok<\/strong><\/p>\n<p><strong>Alap\u00edtv\u00e1nyi J\u00f3t\u00e9konys\u00e1gi b\u00e1l<\/strong><\/td>\n<td style=\"width: 29.4511%;height: 118px\">\n<p>2026. febru\u00e1r 07.<\/p>\n<\/td>\n<td style=\"width: 44.2258%;height: 118px\">\n<p>Iskolavezet\u00e9s, tantest\u00fclet, D\u00d6K, szervez\u0151bizotts\u00e1g<\/p>\n<\/td>\n<\/tr>\n<tr style=\"height: 112px\">\n<td style=\"width: 39.8496%;height: 112px\" width=\"264\">\n<p><strong>Kommunista diktat\u00fara \u00e1ldozatainak eml\u00e9knapja \u2013 tan\u00f3rai megeml\u00e9kez\u00e9s<\/strong><\/p>\n<\/td>\n<td style=\"width: 29.4511%;height: 112px\" width=\"151\">\n<p>2026. febru\u00e1r 25.<\/p>\n<\/td>\n<td style=\"width: 44.2258%;height: 112px\" width=\"246\">\n<p>Balla Viktor<\/p>\n<\/td>\n<\/tr>\n<tr style=\"height: 82px\">\n<td style=\"width: 39.8496%;height: 82px\" width=\"264\">\n<p><strong>Egy\u00e9b irodalmi versenyek<\/strong><\/p>\n<p><strong>( vers\u00edr\u00f3 p\u00e1ly\u00e1zat )<\/strong><\/p>\n<\/td>\n<td style=\"width: 29.4511%;height: 82px\" width=\"151\">\n<p>2026. m\u00e1rcius<\/p>\n<\/td>\n<td style=\"width: 44.2258%;height: 82px\" width=\"246\">\n<p>N\u00e9meth Georgina<\/p>\n<p>Bakos Gy\u00f6rgyi Julianna<\/p>\n<\/td>\n<\/tr>\n<tr style=\"height: 82px\">\n<td style=\"width: 39.8496%;height: 82px\" width=\"264\">\n<p><strong>\u201eP\u00c9NZ7\u201d p\u00e9nz\u00fcgyi \u00e9s v\u00e1llalkoz\u00f3i t\u00e9mah\u00e9t<\/strong><\/p>\n<\/td>\n<td style=\"width: 29.4511%;height: 82px\" width=\"151\">\n<p>2026. m\u00e1rcius 2-6.<\/p>\n<\/td>\n<td style=\"width: 44.2258%;height: 82px\" width=\"246\">Balla Viktor, Laczk\u00f3 Brigitta<\/td>\n<\/tr>\n<tr style=\"height: 82px\">\n<td style=\"width: 39.8496%;height: 82px\" width=\"264\">\n<p><strong>Iskolai \u00fcnneps\u00e9g az 1848-as polg\u00e1ri forradalom \u00e9vfordul\u00f3j\u00e1ra<\/strong><\/p>\n<\/td>\n<td style=\"width: 29.4511%;height: 82px\" width=\"151\">\n<p>2026. m\u00e1rcius 14.<\/p>\n<\/td>\n<td style=\"width: 44.2258%;height: 82px\" width=\"246\">\n<p>N\u00e9meth Georgina<\/p>\n<\/td>\n<\/tr>\n<tr style=\"height: 52px\">\n<td style=\"width: 39.8496%;height: 52px\" width=\"264\">\n<p><strong>M\u00e1rcius 15-i v\u00e1rosi \u00fcnneps\u00e9g <\/strong><\/p>\n<\/td>\n<td style=\"width: 29.4511%;height: 52px\" width=\"151\">\n<p>2026. m\u00e1rcius 15.<\/p>\n<\/td>\n<td style=\"width: 44.2258%;height: 52px\" width=\"246\">\n<p>Iskolavezet\u00e9s<\/p>\n<\/td>\n<\/tr>\n<tr>\n<td style=\"width: 39.8496%\">\n<p><strong>Kossuth Zsuzsa Orsz\u00e1gos Verseny Budapest &#8211; Lurdy H\u00e1z<\/strong><\/p>\n<\/td>\n<td style=\"width: 29.4511%\">\n<p>2026. 03. 18.<\/p>\n<\/td>\n<td style=\"width: 44.2258%\">\n<p>Felk\u00e9sz\u00edt\u0151 oktat\u00f3 + 2 f\u0151 versenyz\u0151<\/p>\n<\/td>\n<\/tr>\n<tr style=\"height: 52px\">\n<td style=\"width: 39.8496%;height: 52px\" width=\"264\">\n<p><strong>V\u00edz Vil\u00e1gnapja &#8222;K\u00e9k ruha \u00e9s v\u00edziv\u00e1s&#8221;<\/strong><\/p>\n<\/td>\n<td style=\"width: 29.4511%;height: 52px\" width=\"151\">\n<p>2026. m\u00e1rcius 23.<\/p>\n<\/td>\n<td style=\"width: 44.2258%;height: 52px\" width=\"246\">\n<p>Simon Ildik\u00f3<\/p>\n<\/td>\n<\/tr>\n<tr style=\"height: 52px\">\n<td style=\"width: 39.8496%;height: 52px\" width=\"264\">\n<p><strong>Digit\u00e1lis T\u00e9mah\u00e9t<\/strong><\/p>\n<\/td>\n<td style=\"width: 29.4511%;height: 52px\" width=\"151\">\n<p>2026. m\u00e1rcius 23- 27.<\/p>\n<\/td>\n<td style=\"width: 44.2258%;height: 52px\" width=\"246\">\n<p>So\u00f3s J\u00f3zsef, Hudoba Mih\u00e1ly<\/p>\n<\/td>\n<\/tr>\n<tr>\n<td style=\"width: 39.8496%\">\n<p><strong>GINOP kimeneti m\u00e9r\u00e9s 9.A<\/strong><\/p>\n<\/td>\n<td style=\"width: 29.4511%\">\n<p>2026. m\u00e1rcius26\u00a0 8:00<\/p>\n<\/td>\n<td style=\"width: 44.2258%\">\n<p>So\u00f3s J\u00f3zsef, Hudoba Mih\u00e1ly<\/p>\n<\/td>\n<\/tr>\n<tr style=\"height: 82px\">\n<td style=\"width: 39.8496%;height: 82px\" width=\"264\">\n<p><strong>Eg\u00e9szs\u00e9g Vil\u00e1gnapja (stresszkezel\u00e9s) Magyar R\u00e1kellenes Liga:&#8221;Vigy\u00e1zz a j\u00f6v\u0151dre&#8221;\u00a0 &#8211;\u00a0 <\/strong><strong>Sz\u0171r\u00e9sek el\u0151ad\u00e1sok 3 helysz\u00ednen<\/strong><\/p>\n<\/td>\n<td style=\"width: 29.4511%;height: 82px\" width=\"151\">\n<p>2026. \u00e1prilis 01.<\/p>\n<\/td>\n<td style=\"width: 44.2258%;height: 82px\" width=\"246\">\n<p>Szakmai\u00a0 munkak\u00f6z\u00f6ss\u00e9g Magyar R\u00e1kellenes Liga Oszt\u00e1lyf\u0151n\u00f6k\u00f6k<\/p>\n<\/td>\n<\/tr>\n<tr>\n<td style=\"width: 39.8496%\">\n<p><strong>Tavaszi sz\u00fcnet<\/strong><\/p>\n<\/td>\n<td style=\"width: 29.4511%\">\n<p>2026.04.02. &#8211; 04.12.<\/p>\n<\/td>\n<td style=\"width: 44.2258%\">\n<p>&nbsp;<\/p>\n<\/td>\n<\/tr>\n<tr>\n<td style=\"width: 39.8496%\">\n<p><strong>Munka\u00e9rtekezlet- \u00e9v v\u00e9gi oszt\u00e1lyoz\u00f3 vizsg\u00e1ra bocs\u00e1t\u00e1s (12-13-14. \u00e9vfolyam)<\/strong><\/p>\n<\/td>\n<td style=\"width: 29.4511%\">\n<p>2026. \u00e1prilis 13.<\/p>\n<\/td>\n<td style=\"width: 44.2258%\">\n<p>Iskolavezet\u00e9s<\/p>\n<\/td>\n<\/tr>\n<tr style=\"height: 132px\">\n<td style=\"width: 39.8496%;height: 132px\" width=\"264\">\n<p><strong>K\u00f6lt\u00e9szet &#8222;Hete&#8221;<br \/>K\u00f6lt\u00e9szet napi versmond\u00e1s<br \/>J\u00f3zsef Attila: Sz\u00fclet\u00e9snapomra c. vers\u00e9hez illusztr\u00e1ci\u00f3 k\u00e9sz\u00edt\u00e9s &#8211; Ki\u00e1ll\u00edt\u00e1s<br \/>&#8222;Activityzz vel\u00fcnk&#8221; a k\u00f6nyvt\u00e1rban<\/strong><\/p>\n<\/td>\n<td style=\"width: 29.4511%;height: 132px;vertical-align: top\" width=\"151\">\n<p>2026.04.13.<\/p>\n<p>2026.04.14.<\/p>\n<\/td>\n<td style=\"width: 44.2258%;height: 132px\" width=\"246\">\n<p>N\u00e9meth Georgina,\u00a0 Bakos Gy\u00f6rgyi Julianna<\/p>\n<\/td>\n<\/tr>\n<tr>\n<td style=\"width: 39.8496%\">\n<p><strong>Fogad\u00f3nap<\/strong><\/p>\n<\/td>\n<td style=\"width: 29.4511%\">\n<p>2026.04.14. 16:00-17:00<\/p>\n<\/td>\n<td style=\"width: 44.2258%\">\n<p>Oszt\u00e1lyf\u0151n\u00f6ki munkak\u00f6z\u00f6ss\u00e9g<br \/>Tantest\u00fclet<\/p>\n<\/td>\n<\/tr>\n<tr>\n<td style=\"width: 39.8496%\">\n<p><strong>Pann\u00f3nia Program<\/strong><\/p>\n<\/td>\n<td style=\"width: 29.4511%\">\n<p>2026.04.15 &#8211; 22.<\/p>\n<\/td>\n<td style=\"width: 44.2258%\">\n<p>RadicsS\u00e1ndor igazgat\u00f3<br \/>Gy\u0151ri Ildik\u00f3 oktat\u00f3<br \/>Balla Viktor\u00a0 oktat\u00f3<\/p>\n<\/td>\n<\/tr>\n<tr style=\"height: 112px\">\n<td style=\"width: 39.8496%;height: 112px\" width=\"264\">\n<p><strong>Eml\u00e9kez\u00e9s a holokauszt magyarorsz\u00e1gi \u00e1ldozataira \u2013 tan\u00f3rai megeml\u00e9kez\u00e9s<\/strong><\/p>\n<\/td>\n<td style=\"width: 29.4511%;height: 112px\" width=\"151\">\n<p>2026. \u00e1prilis 16.<\/p>\n<\/td>\n<td style=\"width: 44.2258%;height: 112px\" width=\"246\">\n<p>Szaktan\u00e1rok<br \/>Balla Viktor<\/p>\n<\/td>\n<\/tr>\n<tr style=\"height: 52px\">\n<td style=\"width: 39.8496%;height: 52px\">\n<p><strong>Fenntarthat\u00f3s\u00e1gi t\u00e9mah\u00e9t<\/strong><\/p>\n<\/td>\n<td style=\"width: 29.4511%;height: 52px\">\n<p>2026. \u00e1prilis 20-24.<\/p>\n<\/td>\n<td style=\"width: 44.2258%;height: 52px\">\n<p>Simon Ildik\u00f3, Par\u00f3czai Judit<\/p>\n<\/td>\n<\/tr>\n<tr style=\"height: 102px\">\n<td style=\"width: 39.8496%;height: 102px\" width=\"264\">\n<p><strong>F\u00f6ld napja<\/strong><\/p>\n<p><strong>TE SZEDD!<\/strong><\/p>\n<\/td>\n<td style=\"width: 29.4511%;height: 102px\" width=\"151\">\n<p>2026. \u00e1prilis 24.<\/p>\n<\/td>\n<td style=\"width: 44.2258%;height: 102px\" width=\"246\">\n<p>Simon Ildik\u00f3, Par\u00f3czai Judit<\/p>\n<\/td>\n<\/tr>\n<tr>\n<td style=\"width: 39.8496%\">\n<p><strong>Ny\u00e1rsal\u00e1s a Dolink\u00e1ban!<\/strong><\/p>\n<\/td>\n<td style=\"width: 29.4511%\">\n<p>2026. \u00e1prilis 24.<\/p>\n<\/td>\n<td style=\"width: 44.2258%\">\n<p>&nbsp;<\/p>\n<\/td>\n<\/tr>\n<tr>\n<td style=\"width: 39.8496%\">\n<p><strong>Oszt\u00e1lyoz\u00f3 vizsga<\/strong><\/p>\n<\/td>\n<td style=\"width: 29.4511%\">\n<p>2026. \u00e1prilis 27.<\/p>\n<\/td>\n<td style=\"width: 44.2258%\">\n<p>Iskolavezet\u00e9s<\/p>\n<\/td>\n<\/tr>\n<tr>\n<td style=\"width: 39.8496%\">\n<p><strong>\u00a0Munka\u00e9rtekezlet- Oszt\u00e1lyoz\u00f3 \u00e9rtekezlet(12-13-14. \u00e9vfolyam)<\/strong><\/p>\n<\/td>\n<td style=\"width: 29.4511%\">\n<p>2026 \u00e1prilis 29.\u00a0<\/p>\n<\/td>\n<td style=\"width: 44.2258%\">\n<p>Iskolavezet\u00e9s<\/p>\n<\/td>\n<\/tr>\n<tr>\n<td style=\"width: 39.8496%\">\n<p><strong>\u00a0Ballag\u00e1s<\/strong><\/p>\n<\/td>\n<td style=\"width: 29.4511%\">\n<p>2026. \u00e1prilis 30. 10:00<\/p>\n<\/td>\n<td style=\"width: 44.2258%\">\n<p>Gy\u0151ri Ildik\u00f3, S\u0151regi Krisztina<\/p>\n<\/td>\n<\/tr>\n<tr>\n<td style=\"width: 39.8496%\">\n<p><strong>El\u0151rehozott \u00e9retts\u00e9gi vizsga<\/strong><\/p>\n<\/td>\n<td style=\"width: 29.4511%\" width=\"236\">\n<p><strong>Magyar nyelv \u00e9s irodalom<\/strong>:<\/p>\n<p>2026. m\u00e1jus 04. (h\u00e9tf\u0151) 9:00<\/p>\n<p><strong>Matematika:<\/strong><\/p>\n<p>2026. m\u00e1jus 05. (kedd) 9:00<\/p>\n<p><strong>T\u00f6rt\u00e9nelem:<\/strong><\/p>\n<p>2026. m\u00e1jus 06. (szerda) 9:00<\/p>\n<p><strong>Angol nyelv:<\/strong><\/p>\n<p>2026. m\u00e1jus 07. (cs\u00fct\u00f6rt\u00f6k) 9:00<\/p>\n<p><strong>N\u00e9met nyelv:<\/strong><\/p>\n<p>2026. m\u00e1jus 07. (szerda) 9:00<\/p>\n<\/td>\n<td style=\"width: 44.2258%\">\n<p>Iskolavezet\u00e9s<\/p>\n<\/td>\n<\/tr>\n<tr style=\"height: 102px\">\n<td style=\"width: 39.8496%;height: 102px\" width=\"264\">\n<p><strong>\u00c1pol\u00f3k nemzetk\u00f6zi napja<\/strong><\/p>\n<p><strong>r\u00e1di\u00f3s m\u0171sor<\/strong><\/p>\n<\/td>\n<td style=\"width: 29.4511%;height: 102px\" width=\"151\">\n<p>2026. m\u00e1jus 12.<\/p>\n<\/td>\n<td style=\"width: 44.2258%;height: 102px\" width=\"246\">\n<p>Szakmai munkak\u00f6z\u00f6ss\u00e9g<\/p>\n<\/td>\n<\/tr>\n<tr style=\"height: 52px\">\n<td style=\"width: 39.8496%;height: 52px\" width=\"264\">\n<p><strong>Pedag\u00f3gusnap<\/strong><\/p>\n<\/td>\n<td style=\"width: 29.4511%;height: 52px\" width=\"151\">\n<p>2026. j\u00fanius 01.<\/p>\n<\/td>\n<td style=\"width: 44.2258%;height: 52px\" width=\"246\">\n<p>D\u00d6K<\/p>\n<\/td>\n<\/tr>\n<tr style=\"height: 82px\">\n<td style=\"width: 39.8496%;height: 82px\" width=\"264\">\n<p><strong>Megeml\u00e9kez\u00e9s a nemzeti \u00f6sszefog\u00e1s napj\u00e1r\u00f3l \u2013 tan\u00f3rai megeml\u00e9kez\u00e9s<\/strong><\/p>\n<\/td>\n<td style=\"width: 29.4511%;height: 82px\" width=\"151\">\n<p>2026. j\u00fanius 04.<\/p>\n<\/td>\n<td style=\"width: 44.2258%;height: 82px\" width=\"246\">\n<p>Szaktan\u00e1rok<\/p>\n<\/td>\n<\/tr>\n<tr>\n<td style=\"width: 39.8496%\">\n<p><strong>Utols\u00f3 tan\u00edt\u00e1si nap<\/strong><\/p>\n<\/td>\n<td style=\"width: 29.4511%\">\n<p>2026. j\u00fanius 15.<\/p>\n<\/td>\n<td style=\"width: 44.2258%\">\n<p>Iskolavezet\u00e9s, Tantest\u00fclet<\/p>\n<\/td>\n<\/tr>\n<tr style=\"height: 52px\">\n<td style=\"width: 39.8496%;height: 52px\" width=\"264\">\n<p><strong>Tan\u00e9vz\u00e1r\u00f3 \u00fcnneps\u00e9g bizony\u00edtv\u00e1nyoszt\u00e1s<\/strong><\/p>\n<\/td>\n<td style=\"width: 29.4511%;height: 52px\" width=\"151\">\n<p>2026. j\u00fanius 22. 9:00<\/p>\n<\/td>\n<td style=\"width: 44.2258%;height: 52px\" width=\"246\">\n<p>K-9.A, Laczk\u00f3 Brigitta<\/p>\n<\/td>\n<\/tr>\n<tr>\n<td style=\"width: 39.8496%\">\n<p><strong>Sz\u00f3beli \u00e9retts\u00e9gi vizsga<\/strong><\/p>\n<\/td>\n<td style=\"width: 29.4511%\">\n<p>2026. 06. 24-25. 8:00<\/p>\n<\/td>\n<td style=\"width: 44.2258%\">\n<p>Iskolavezet\u00e9s, \u00c9retts\u00e9gi bizotts\u00e1g<\/p>\n<\/td>\n<\/tr>\n<tr style=\"height: 52px\">\n<td style=\"width: 39.8496%;height: 52px\" width=\"264\">\n<p><strong>Beiratkoz\u00e1s a 9. \u00e9vfolyamra<\/strong><\/p>\n<\/td>\n<td style=\"width: 29.4511%;height: 52px\" width=\"151\">\n<p>2026. 06. 24-25. 8:00-15:00<\/p>\n<\/td>\n<td style=\"width: 44.2258%;height: 52px\" width=\"246\">\n<p>Iskolavezet\u00e9s, Iskolatitk\u00e1r Oszt\u00e1lyf\u0151n\u00f6k\u00f6k<\/p>\n<\/td>\n<\/tr>\n<tr style=\"height: 52px\">\n<td style=\"width: 39.8496%;height: 52px\" width=\"264\">\n<p><strong>Tan\u00e9vz\u00e1r\u00f3 \u00e9rtekezlet<\/strong><\/p>\n<\/td>\n<td style=\"width: 29.4511%;height: 52px\" width=\"151\">\n<p>2026. j\u00falius 01. 8:00<\/p>\n<\/td>\n<td style=\"width: 44.2258%;height: 52px\" width=\"246\">\n<p>Igazgat\u00f3<\/p>\n<\/td>\n<\/tr>\n<\/tbody>\n<\/table>\n<p><strong>\u00a0<\/strong><\/p>\n","protected":false},"excerpt":{"rendered":"<p>\u00a0 \u00a0 \u00a0 Rendezv\u00e9nyek\u00a0 ( 2025\/2026-os tan\u00e9v ) Rendezv\u00e9ny megnevez\u00e9se &nbsp; \u00a0Id\u0151pont &nbsp; \u00a0Felel\u0151s(\u00f6k) &nbsp; \u00dcnnep\u00e9lyes Tan\u00e9vnyit\u00f3 2025. szeptember 01. 8:00 Balla Viktor K-10.A 3. Kanizsai Napok Alap\u00edtv\u00e1nyi J\u00f3t\u00e9konys\u00e1gi b\u00e1l 2026. febru\u00e1r 07. Iskolavezet\u00e9s, tantest\u00fclet, D\u00d6K, szervez\u0151bizotts\u00e1g Kommunista diktat\u00fara \u00e1ldozatainak eml\u00e9knapja \u2013 tan\u00f3rai megeml\u00e9kez\u00e9s 2026. febru\u00e1r 25. Balla Viktor Egy\u00e9b irodalmi versenyek ( vers\u00edr\u00f3 p\u00e1ly\u00e1zat &hellip;<\/p>\n","protected":false},"author":101879,"featured_media":0,"parent":14538,"menu_order":3,"comment_status":"closed","ping_status":"closed","template":"","meta":{"_acf_changed":false,"footnotes":""},"categories":[],"tags":[],"class_list":["post-14100","page","type-page","status-publish","hentry"],"acf":[],"_links":{"self":[{"href":"https:\/\/semmelweis.hu\/kanizsaidorottya\/wp-json\/wp\/v2\/pages\/14100","targetHints":{"allow":["GET"]}}],"collection":[{"href":"https:\/\/semmelweis.hu\/kanizsaidorottya\/wp-json\/wp\/v2\/pages"}],"about":[{"href":"https:\/\/semmelweis.hu\/kanizsaidorottya\/wp-json\/wp\/v2\/types\/page"}],"author":[{"embeddable":true,"href":"https:\/\/semmelweis.hu\/kanizsaidorottya\/wp-json\/wp\/v2\/users\/101879"}],"replies":[{"embeddable":true,"href":"https:\/\/semmelweis.hu\/kanizsaidorottya\/wp-json\/wp\/v2\/comments?post=14100"}],"version-history":[{"count":10,"href":"https:\/\/semmelweis.hu\/kanizsaidorottya\/wp-json\/wp\/v2\/pages\/14100\/revisions"}],"predecessor-version":[{"id":17889,"href":"https:\/\/semmelweis.hu\/kanizsaidorottya\/wp-json\/wp\/v2\/pages\/14100\/revisions\/17889"}],"up":[{"embeddable":true,"href":"https:\/\/semmelweis.hu\/kanizsaidorottya\/wp-json\/wp\/v2\/pages\/14538"}],"wp:attachment":[{"href":"https:\/\/semmelweis.hu\/kanizsaidorottya\/wp-json\/wp\/v2\/media?parent=14100"}],"wp:term":[{"taxonomy":"category","embeddable":true,"href":"https:\/\/semmelweis.hu\/kanizsaidorottya\/wp-json\/wp\/v2\/categories?post=14100"},{"taxonomy":"post_tag","embeddable":true,"href":"https:\/\/semmelweis.hu\/kanizsaidorottya\/wp-json\/wp\/v2\/tags?post=14100"}],"curies":[{"name":"wp","href":"https:\/\/api.w.org\/{rel}","templated":true}]}}